{"id":10026,"date":"2014-02-18T08:02:55","date_gmt":"2014-02-18T07:02:55","guid":{"rendered":"https:\/\/padborgpark.dk\/firmaarrangement\/"},"modified":"2026-02-02T05:55:30","modified_gmt":"2026-02-02T04:55:30","slug":"firmenvereinbarung","status":"publish","type":"page","link":"https:\/\/padborgpark.dk\/de\/firmenvereinbarung\/","title":{"rendered":"Firmenvereinbarung"},"content":{"rendered":"<p>Planen Sie eine bevorstehende Firmenveranstaltung? &#8211; Im Padborg Park k\u00f6nnen wir viele verschiedene L\u00f6sungen anbieten, bei denen einzigartige Erlebnisse voller Geschwindigkeit, Adrenalinschub, Spa\u00df und Teambildung geboten werden. Unabh\u00e4ngig davon, ob die Veranstaltung mit Kunden, Partnern, Mitarbeitern oder anderen Personen stattfindet, wird allen Teilnehmern mit unserem Angebot an Firmenveranstaltungen Unterhaltung in einer Klasse f\u00fcr sich garantiert.<\/p>\n<p>Der Padborg Park ist D\u00e4nemarks l\u00e4ngste Autobahn und bietet Herausforderungen, die bedeuten, dass er unter anderem f\u00fcr die d\u00e4nischen Meisterschaften der besten Rennfahrer des Landes genutzt wird. Sie m\u00fcssen jedoch nicht mit Benzin im Blut oder einer Vorliebe daf\u00fcr geboren sein, Ihr Adrenalin frei laufen zu lassen, um ein ereignisreiches Firmenevent im Padborg Park zu genie\u00dfen. Hier sind Erfahrungen f\u00fcr alle, und wir bieten nat\u00fcrlich sowohl Sicherheit als auch gr\u00fcndliche Anweisungen. Lotus Elise, Porsche, KTM X-Bow, Ferrari, Legend-Autos und ein echter Formel-1-Rennfahrer geh\u00f6ren zu den Autos, die Sie im Padborg Park sowohl als Passagier als auch als Fahrer erleben k\u00f6nnen.<\/p>\n<h1>Holen Sie sich eine Firmenveranstaltung, die den Erwartungen entspricht<\/h1>\n<p>Der Padborg Park bietet viele verschiedene Arten von Firmenveranstaltungen. Wir gehen sehr auf die spezifischen W\u00fcnsche unserer G\u00e4ste ein und passen unsere L\u00f6sungen gerne an jedes Unternehmen an. Auf diese Weise k\u00f6nnen Sie und die anderen Teilnehmer die bestm\u00f6glichen Erfahrungen machen.<br \/>\nUnsere Firmenveranstaltungen umfassen:<\/p>\n<p><a href=\"https:\/\/padborgpark.dk\/produkter\/teambuilding\/\"><img decoding=\"async\" class=\"alignnone size-full wp-image-2287\" src=\"https:\/\/padborgpark.dk\/wp-content\/uploads\/2014\/02\/boks-firmadysten.jpg\" alt=\"boks-firmadysten\" width=\"193\" height=\"150\" srcset=\"https:\/\/padborgpark.dk\/wp-content\/uploads\/2014\/02\/boks-firmadysten.jpg 193w, https:\/\/padborgpark.dk\/wp-content\/uploads\/2014\/02\/boks-firmadysten-148x115.jpg 148w, https:\/\/padborgpark.dk\/wp-content\/uploads\/2014\/02\/boks-firmadysten-31x24.jpg 31w, https:\/\/padborgpark.dk\/wp-content\/uploads\/2014\/02\/boks-firmadysten-38x29.jpg 38w\" sizes=\"(max-width: 193px) 100vw, 193px\" \/><\/a><a href=\"https:\/\/padborgpark.dk\/teambuilding-events\/ \">\u00a0\u00a0<\/a><a href=\"https:\/\/padborgpark.dk\/de\/andere-dinge\/firmen-gruppenveranstaltung-mit-spannung\/\"><img decoding=\"async\" class=\"alignnone wp-image-2290 size-full\" src=\"https:\/\/padborgpark.dk\/wp-content\/uploads\/2014\/02\/boks-teambuilding.jpg\" alt=\"boks-teambuilding\" width=\"193\" height=\"150\" srcset=\"https:\/\/padborgpark.dk\/wp-content\/uploads\/2014\/02\/boks-teambuilding.jpg 193w, https:\/\/padborgpark.dk\/wp-content\/uploads\/2014\/02\/boks-teambuilding-148x115.jpg 148w, https:\/\/padborgpark.dk\/wp-content\/uploads\/2014\/02\/boks-teambuilding-31x24.jpg 31w, https:\/\/padborgpark.dk\/wp-content\/uploads\/2014\/02\/boks-teambuilding-38x29.jpg 38w\" sizes=\"(max-width: 193px) 100vw, 193px\" \/><\/a><a href=\"https:\/\/padborgpark.dk\/shop\/simulator-supergt\/simulator-supergt\/\"><img decoding=\"async\" class=\"alignnone wp-image-2288 size-full\" src=\"https:\/\/padborgpark.dk\/wp-content\/uploads\/2014\/02\/boks-formel-1-simulator.jpg\" alt=\"boks-SuperGT-simulator\" width=\"193\" height=\"150\" \/><\/a><a href=\"https:\/\/padborgpark.dk\/shop\/strecke-mieten\/\">\u00a0<img decoding=\"async\" class=\"alignnone size-full wp-image-2310\" src=\"https:\/\/padborgpark.dk\/wp-content\/uploads\/2014\/02\/boks-lej-banen.jpg\" alt=\"boks-lej-banen\" width=\"193\" height=\"150\" srcset=\"https:\/\/padborgpark.dk\/wp-content\/uploads\/2014\/02\/boks-lej-banen.jpg 193w, https:\/\/padborgpark.dk\/wp-content\/uploads\/2014\/02\/boks-lej-banen-148x115.jpg 148w, https:\/\/padborgpark.dk\/wp-content\/uploads\/2014\/02\/boks-lej-banen-31x24.jpg 31w, https:\/\/padborgpark.dk\/wp-content\/uploads\/2014\/02\/boks-lej-banen-38x29.jpg 38w\" sizes=\"(max-width: 193px) 100vw, 193px\" \/>\u00a0<\/a><a href=\"https:\/\/padborgpark.dk\/shop\/koer-selv\/dtm-aften-event\/\"><img decoding=\"async\" class=\"alignnone size-full wp-image-2286\" src=\"https:\/\/padborgpark.dk\/wp-content\/uploads\/2014\/02\/boks-dtm-event.jpg\" alt=\"boks-dtm-event\" width=\"193\" height=\"150\" \/><\/a> <a href=\"https:\/\/padborgpark.dk\/teambuilding-events\/\"><br \/>\n<\/a>und vieles mehr Bei der \u00fcberwiegenden Mehrheit der Veranstaltungen geht es um gute Teamarbeit, bei der Sie unter anderem gemeinsam an einem Fahrerwechsel und verschiedenen Aufgaben im Zusammenhang mit einem Boxenstopp in Ihrem Unternehmen arbeiten m\u00fcssen <span style=\"color: #717171;\"><a title=\"Motorsport-Event - Ein lustiger Tag auf Hochtouren\" href=\"https:\/\/padborgpark.dk\/de\/motorsport-event-ein-lustiger-tag-auf-hochtouren\/\"><span style=\"color: #717171;\">Motorsport-Event<\/span><\/a>.<\/span> Es besteht auch die M\u00f6glichkeit, sowohl zu speisen als auch zu \u00fcbernachten.<\/p>\n<h3>Wir sind immer bereit, auf Ihre spezifischen W\u00fcnsche und Bed\u00fcrfnisse einzugehen und stellen unverbindliche Angebote gerne f\u00fcr Sie zusammen<\/h3>\n<p>Sie k\u00f6nnen uns jederzeit mit Ihren W\u00fcnschen f\u00fcr einen aufregenden und rasanten Tag kontaktieren. Wir tun unser M\u00f6glichstes, um eine L\u00f6sung zu finden, die am besten zu diesen passt.<br \/>\nKlicken Sie auf das Banner unten, schreiben Sie \u00fcber Ihre W\u00fcnsche und lassen Sie uns so schnell wie m\u00f6glich mit einem unverbindlichen Angebot zur\u00fcckkehren.<\/p>\n<p><a href=\"https:\/\/padborgpark.dk\/de\/kontakt\/holen-sie-sich-ein-angebot\/\"><img decoding=\"async\" class=\"alignnone size-full wp-image-2301\" src=\"https:\/\/padborgpark.dk\/wp-content\/uploads\/2014\/02\/firmaarrangement-tilbud.jpg\" alt=\"firmaarrangement\" width=\"985\" height=\"150\" \/><\/a><\/p>\n","protected":false},"excerpt":{"rendered":"<p>Planen Sie eine bevorstehende Firmenveranstaltung? &#8211; Im Padborg Park k\u00f6nnen wir viele verschiedene L\u00f6sungen anbieten, bei denen einzigartige Erlebnisse voller Geschwindigkeit, Adrenalinschub, Spa\u00df und Teambildung geboten werden. Unabh\u00e4ngig davon, ob die Veranstaltung mit Kunden, Partnern, Mitarbeitern oder anderen Personen stattfindet, wird allen Teilnehmern mit unserem Angebot an Firmenveranstaltungen Unterhaltung in einer Klasse f\u00fcr sich garantiert. [&hellip;]<\/p>\n","protected":false},"author":806299,"featured_media":9317009919,"parent":0,"menu_order":2,"comment_status":"closed","ping_status":"closed","template":"template-full_width.php","meta":{"_acf_changed":false,"_monsterinsights_skip_tracking":false,"_monsterinsights_sitenote_active":false,"_monsterinsights_sitenote_note":"","_monsterinsights_sitenote_category":0,"footnotes":""},"class_list":["post-10026","page","type-page","status-publish","has-post-thumbnail","hentry"],"acf":[],"yoast_head":"<!-- This site is optimized with the Yoast SEO plugin v27.3 - https:\/\/yoast.com\/product\/yoast-seo-wordpress\/ -->\n<title>Firmenveranstaltung mit Tempo. Schnelle Autos<\/title>\n<meta name=\"description\" content=\"Firmenveranstaltung mit Tempo. Schnelle Autos. Verbringen Sie einen Tag voller Spa\u00df, Geschwindigkeit und Teambuilding, Firmenwettk\u00e4mpfe, Kundenveranstaltungen.\" \/>\n<meta name=\"robots\" content=\"index, follow, max-snippet:-1, max-image-preview:large, max-video-preview:-1\" \/>\n<link rel=\"canonical\" href=\"https:\/\/padborgpark.dk\/de\/firmenvereinbarung\/\" \/>\n<meta property=\"og:locale\" content=\"de_DE\" \/>\n<meta property=\"og:type\" content=\"article\" \/>\n<meta property=\"og:title\" content=\"Firmenveranstaltung mit Tempo. Schnelle Autos\" \/>\n<meta property=\"og:description\" content=\"Firmenveranstaltung mit Tempo. Schnelle Autos. Verbringen Sie einen Tag voller Spa\u00df, Geschwindigkeit und Teambuilding, Firmenwettk\u00e4mpfe, Kundenveranstaltungen.\" \/>\n<meta property=\"og:url\" content=\"https:\/\/padborgpark.dk\/de\/firmenvereinbarung\/\" \/>\n<meta property=\"og:site_name\" content=\"Padborg Park har bilerne og en motorbane p\u00e5 2150 meter\" \/>\n<meta property=\"article:publisher\" content=\"https:\/\/www.facebook.com\/PadborgPark\/\" \/>\n<meta property=\"article:modified_time\" content=\"2026-02-02T04:55:30+00:00\" \/>\n<meta property=\"og:image\" content=\"https:\/\/padborgpark.dk\/wp-content\/uploads\/2022\/02\/Rene-mitjet-billeder-6.jpg\" \/>\n\t<meta property=\"og:image:width\" content=\"1024\" \/>\n\t<meta property=\"og:image:height\" content=\"678\" \/>\n\t<meta property=\"og:image:type\" content=\"image\/jpeg\" \/>\n<meta name=\"twitter:label1\" content=\"Gesch\u00e4tzte Lesezeit\" \/>\n\t<meta name=\"twitter:data1\" content=\"4\u00a0Minuten\" \/>\n<script type=\"application\/ld+json\" class=\"yoast-schema-graph\">{\"@context\":\"https:\\\/\\\/schema.org\",\"@graph\":[{\"@type\":\"WebPage\",\"@id\":\"https:\\\/\\\/padborgpark.dk\\\/de\\\/firmenvereinbarung\\\/\",\"url\":\"https:\\\/\\\/padborgpark.dk\\\/de\\\/firmenvereinbarung\\\/\",\"name\":\"Firmenveranstaltung mit Tempo. Schnelle Autos\",\"isPartOf\":{\"@id\":\"https:\\\/\\\/padborgpark.dk\\\/#website\"},\"primaryImageOfPage\":{\"@id\":\"https:\\\/\\\/padborgpark.dk\\\/de\\\/firmenvereinbarung\\\/#primaryimage\"},\"image\":{\"@id\":\"https:\\\/\\\/padborgpark.dk\\\/de\\\/firmenvereinbarung\\\/#primaryimage\"},\"thumbnailUrl\":\"https:\\\/\\\/padborgpark.dk\\\/wp-content\\\/uploads\\\/2022\\\/02\\\/Rene-mitjet-billeder-6.jpg\",\"datePublished\":\"2014-02-18T07:02:55+00:00\",\"dateModified\":\"2026-02-02T04:55:30+00:00\",\"description\":\"Firmenveranstaltung mit Tempo. Schnelle Autos. Verbringen Sie einen Tag voller Spa\u00df, Geschwindigkeit und Teambuilding, Firmenwettk\u00e4mpfe, Kundenveranstaltungen.\",\"inLanguage\":\"de\",\"potentialAction\":[{\"@type\":\"ReadAction\",\"target\":[\"https:\\\/\\\/padborgpark.dk\\\/de\\\/firmenvereinbarung\\\/\"]}]},{\"@type\":\"ImageObject\",\"inLanguage\":\"de\",\"@id\":\"https:\\\/\\\/padborgpark.dk\\\/de\\\/firmenvereinbarung\\\/#primaryimage\",\"url\":\"https:\\\/\\\/padborgpark.dk\\\/wp-content\\\/uploads\\\/2022\\\/02\\\/Rene-mitjet-billeder-6.jpg\",\"contentUrl\":\"https:\\\/\\\/padborgpark.dk\\\/wp-content\\\/uploads\\\/2022\\\/02\\\/Rene-mitjet-billeder-6.jpg\",\"width\":1024,\"height\":678,\"caption\":\"4 stk mitjet i fart\"},{\"@type\":\"WebSite\",\"@id\":\"https:\\\/\\\/padborgpark.dk\\\/#website\",\"url\":\"https:\\\/\\\/padborgpark.dk\\\/\",\"name\":\"Padborg Park har bilerne og en motorbane p\u00e5 2150 meter\",\"description\":\"\",\"potentialAction\":[{\"@type\":\"SearchAction\",\"target\":{\"@type\":\"EntryPoint\",\"urlTemplate\":\"https:\\\/\\\/padborgpark.dk\\\/?s={search_term_string}\"},\"query-input\":{\"@type\":\"PropertyValueSpecification\",\"valueRequired\":true,\"valueName\":\"search_term_string\"}}],\"inLanguage\":\"de\"}]}<\/script>\n<!-- \/ Yoast SEO plugin. -->","yoast_head_json":{"title":"Firmenveranstaltung mit Tempo. Schnelle Autos","description":"Firmenveranstaltung mit Tempo. Schnelle Autos. Verbringen Sie einen Tag voller Spa\u00df, Geschwindigkeit und Teambuilding, Firmenwettk\u00e4mpfe, Kundenveranstaltungen.","robots":{"index":"index","follow":"follow","max-snippet":"max-snippet:-1","max-image-preview":"max-image-preview:large","max-video-preview":"max-video-preview:-1"},"canonical":"https:\/\/padborgpark.dk\/de\/firmenvereinbarung\/","og_locale":"de_DE","og_type":"article","og_title":"Firmenveranstaltung mit Tempo. Schnelle Autos","og_description":"Firmenveranstaltung mit Tempo. Schnelle Autos. Verbringen Sie einen Tag voller Spa\u00df, Geschwindigkeit und Teambuilding, Firmenwettk\u00e4mpfe, Kundenveranstaltungen.","og_url":"https:\/\/padborgpark.dk\/de\/firmenvereinbarung\/","og_site_name":"Padborg Park har bilerne og en motorbane p\u00e5 2150 meter","article_publisher":"https:\/\/www.facebook.com\/PadborgPark\/","article_modified_time":"2026-02-02T04:55:30+00:00","og_image":[{"width":1024,"height":678,"url":"https:\/\/padborgpark.dk\/wp-content\/uploads\/2022\/02\/Rene-mitjet-billeder-6.jpg","type":"image\/jpeg"}],"twitter_misc":{"Gesch\u00e4tzte Lesezeit":"4\u00a0Minuten"},"schema":{"@context":"https:\/\/schema.org","@graph":[{"@type":"WebPage","@id":"https:\/\/padborgpark.dk\/de\/firmenvereinbarung\/","url":"https:\/\/padborgpark.dk\/de\/firmenvereinbarung\/","name":"Firmenveranstaltung mit Tempo. Schnelle Autos","isPartOf":{"@id":"https:\/\/padborgpark.dk\/#website"},"primaryImageOfPage":{"@id":"https:\/\/padborgpark.dk\/de\/firmenvereinbarung\/#primaryimage"},"image":{"@id":"https:\/\/padborgpark.dk\/de\/firmenvereinbarung\/#primaryimage"},"thumbnailUrl":"https:\/\/padborgpark.dk\/wp-content\/uploads\/2022\/02\/Rene-mitjet-billeder-6.jpg","datePublished":"2014-02-18T07:02:55+00:00","dateModified":"2026-02-02T04:55:30+00:00","description":"Firmenveranstaltung mit Tempo. Schnelle Autos. Verbringen Sie einen Tag voller Spa\u00df, Geschwindigkeit und Teambuilding, Firmenwettk\u00e4mpfe, Kundenveranstaltungen.","inLanguage":"de","potentialAction":[{"@type":"ReadAction","target":["https:\/\/padborgpark.dk\/de\/firmenvereinbarung\/"]}]},{"@type":"ImageObject","inLanguage":"de","@id":"https:\/\/padborgpark.dk\/de\/firmenvereinbarung\/#primaryimage","url":"https:\/\/padborgpark.dk\/wp-content\/uploads\/2022\/02\/Rene-mitjet-billeder-6.jpg","contentUrl":"https:\/\/padborgpark.dk\/wp-content\/uploads\/2022\/02\/Rene-mitjet-billeder-6.jpg","width":1024,"height":678,"caption":"4 stk mitjet i fart"},{"@type":"WebSite","@id":"https:\/\/padborgpark.dk\/#website","url":"https:\/\/padborgpark.dk\/","name":"Padborg Park har bilerne og en motorbane p\u00e5 2150 meter","description":"","potentialAction":[{"@type":"SearchAction","target":{"@type":"EntryPoint","urlTemplate":"https:\/\/padborgpark.dk\/?s={search_term_string}"},"query-input":{"@type":"PropertyValueSpecification","valueRequired":true,"valueName":"search_term_string"}}],"inLanguage":"de"}]}},"_links":{"self":[{"href":"https:\/\/padborgpark.dk\/de\/wp-json\/wp\/v2\/pages\/10026","targetHints":{"allow":["GET"]}}],"collection":[{"href":"https:\/\/padborgpark.dk\/de\/wp-json\/wp\/v2\/pages"}],"about":[{"href":"https:\/\/padborgpark.dk\/de\/wp-json\/wp\/v2\/types\/page"}],"author":[{"embeddable":true,"href":"https:\/\/padborgpark.dk\/de\/wp-json\/wp\/v2\/users\/806299"}],"replies":[{"embeddable":true,"href":"https:\/\/padborgpark.dk\/de\/wp-json\/wp\/v2\/comments?post=10026"}],"version-history":[{"count":1,"href":"https:\/\/padborgpark.dk\/de\/wp-json\/wp\/v2\/pages\/10026\/revisions"}],"predecessor-version":[{"id":9317017495,"href":"https:\/\/padborgpark.dk\/de\/wp-json\/wp\/v2\/pages\/10026\/revisions\/9317017495"}],"wp:featuredmedia":[{"embeddable":true,"href":"https:\/\/padborgpark.dk\/de\/wp-json\/wp\/v2\/media\/9317009919"}],"wp:attachment":[{"href":"https:\/\/padborgpark.dk\/de\/wp-json\/wp\/v2\/media?parent=10026"}],"curies":[{"name":"wp","href":"https:\/\/api.w.org\/{rel}","templated":true}]}}