{"id":10030,"date":"2014-02-19T09:15:25","date_gmt":"2014-02-19T08:15:25","guid":{"rendered":"https:\/\/padborgpark.dk\/firma-gruppe-event\/"},"modified":"2026-02-02T05:40:44","modified_gmt":"2026-02-02T04:40:44","slug":"firmen-gruppenveranstaltung-schnallen-sie-sich-an-und-begeben-sie-sich-auf-ein-abenteuer","status":"publish","type":"page","link":"https:\/\/padborgpark.dk\/de\/firmen-gruppenveranstaltung-schnallen-sie-sich-an-und-begeben-sie-sich-auf-ein-abenteuer\/","title":{"rendered":"Firmen- \/ Gruppenveranstaltung &#8211; Schnallen Sie sich an und begeben Sie sich auf ein Abenteuer"},"content":{"rendered":"<p>Planen Sie eine Veranstaltung, die alle Teilnehmer begeistern wird? &#8211; Der Padborg Park bietet viele einzigartige Erlebnisse im Zusammenhang mit Veranstaltungen f\u00fcr Unternehmen und Einzelpersonen. Legen Sie Ihren Sicherheitsgurt an, dr\u00fccken Sie das Gaspedal nach unten und bereiten Sie sich auf einen Tag voller Spa\u00df, Geschwindigkeit und Aufregung vor. Unabh\u00e4ngig davon, ob Kunden, Partner, Kollegen oder Freunde w\u00e4hlerisch sein sollen, wird dies zu einer besseren Zweisamkeit f\u00fchren und wir garantieren einen unterhaltsamen und anderen Tag.<\/p>\n<p>Der Padborg Park ist D\u00e4nemarks l\u00e4ngste Autobahn und wird unter anderem f\u00fcr d\u00e4nische Meisterschaften genutzt. Die vier Rechtskurven, f\u00fcnf Linkskurven und eine einfache Bel\u00e4stigung stellen Menschen auf verschiedenen Ebenen vor gute Herausforderungen. Nat\u00fcrlich entspricht die Strecke allen geltenden Sicherheitsbestimmungen, ebenso wie unsere erfahrenen Instruktoren sicherstellen, dass Sie mit den Dingen vertraut sind, bevor Sie das Lenkrad \u00fcbernehmen.<\/p>\n<p>Rennen in einem ordentlichen Lotus Elise, Porsche, KTM X-Bow, Ferrari, Formel-1-Renner, Legend-Autos oder anderen Marken und Modellen. Wir bieten unterhaltsame Fahrerlebnisse in gesunden Autos mit einer Leistung von 120 bis 650 PS.<\/p>\n<h1> Eine Firmen- \/ Gruppenveranstaltung im Padborg Park bietet lehrreiche und unterhaltsame Erlebnisse <\/h1>\n<p>Im Padborg Park arbeiten wir mit dem Wunsch, Erlebnisse zu liefern, die alle W\u00fcnsche aller G\u00e4ste in Bezug auf eine Veranstaltung mit Adrenalin erf\u00fcllen. Wir arbeiten flexibel, um jedem Kunden ma\u00dfgeschneiderte L\u00f6sungen anbieten zu k\u00f6nnen &#8211; unabh\u00e4ngig davon, ob die Teilnehmer mit Benzin im Blut geboren wurden oder nicht.<br \/>\nDie M\u00f6glichkeiten f\u00fcr Ihre Veranstaltung k\u00f6nnen Folgendes umfassen:<\/p>\n<p><a href=\"https:\/\/padborgpark.dk\/produkter\/teambuilding\/\"><img decoding=\"async\" src=\"https:\/\/padborgpark.dk\/wp-content\/uploads\/2014\/02\/boks-firmadysten.jpg\" alt=\"boks-firmadysten\" width=\"193\" height=\"150\" \/><\/a><a href=\"https:\/\/padborgpark.dk\/teambuilding-events\/ \">\u00a0<img decoding=\"async\" src=\"https:\/\/padborgpark.dk\/wp-content\/uploads\/2014\/02\/boks-teambuilding.jpg\" alt=\"boks-teambuilding\" width=\"193\" height=\"150\" \/>\u00a0<\/a><a href=\"https:\/\/padborgpark.dk\/shop\/formel-et\/formel1simulator\/\"><img decoding=\"async\" src=\"https:\/\/padborgpark.dk\/wp-content\/uploads\/2014\/02\/boks-formel-1-simulator.jpg\" alt=\"boks-formel-1-simulator\" width=\"193\" height=\"150\" \/><\/a><a href=\"https:\/\/padborgpark.dk\/shop\/strecke-mieten\/\">\u00a0<img decoding=\"async\" src=\"https:\/\/padborgpark.dk\/wp-content\/uploads\/2014\/02\/boks-lej-banen.jpg\" alt=\"boks-lej-banen\" width=\"193\" height=\"150\" \/>\u00a0<\/a><a href=\"https:\/\/padborgpark.dk\/shop\/koer-selv\/dtm-aften-event\/\"><img decoding=\"async\" src=\"https:\/\/padborgpark.dk\/wp-content\/uploads\/2014\/02\/boks-dtm-event.jpg\" alt=\"boks-dtm-event\" width=\"193\" height=\"150\" \/><\/a><\/p>\n<p>Im Zusammenhang mit Firmenveranstaltungen konzentrieren wir uns h\u00e4ufig auf die Bedeutung einer guten Zusammenarbeit. Aufgaben wie schnelle Fahrerwechsel und selbst durchgef\u00fchrte Boxenstopps sind sowohl lehrreich als auch schaffen eine gute Community und sind daher ideal f\u00fcr <a title = \"Teambuilding - St\u00e4rken Sie die Community mit Geschwindigkeit und Aufregung\" href = \"https:\/\/padborgpark.dk\/de\/teambuilding -strongen-ihnen-die-Community-mit-Geschwindigkeit-und-Spannung \/ \"> <span style =\" color: #717171; \"> Teambuilding <\/span> <\/a>.<\/p>\n<h3> Kontaktieren Sie uns mit Ihren speziellen W\u00fcnschen bez\u00fcglich eines unterhaltsamen, rasanten und ereignisreichen Tages. Wir freuen uns darauf, Ihnen eine Erfahrung Ihres Lebens zu bieten <\/h3>\n<p>Wenn Sie an einem ma\u00dfgeschneiderten Tag voller Geschwindigkeit und Erlebnisse ein unverbindliches Angebot w\u00fcnschen, klicken Sie auf das Banner unten und teilen Sie uns Ihre W\u00fcnsche mit. Dann werden wir so schnell wie m\u00f6glich zur\u00fcckkehren. Willkommen im Padborg Park &#8211; Ihr authentisches Rennerlebnis.<\/p>\n<p><a href=\"https:\/\/padborgpark.dk\/de\/kontakt\/holen-sie-sich-ein-angebot\/\"><img decoding=\"async\" class=\"size-full wp-image-2329\" src=\"https:\/\/padborgpark.dk\/wp-content\/uploads\/2014\/02\/firmaevent-tilbud.jpg\" alt=\"Skr\u00e6ddersy jeres firmaevent, for en ekstra udbytterig dag p\u00e5 Padborg Park\" width=\"985\" height=\"150\" \/><\/a><\/p>\n","protected":false},"excerpt":{"rendered":"<p>Planen Sie eine Veranstaltung, die alle Teilnehmer begeistern wird? &#8211; Der Padborg Park bietet viele einzigartige Erlebnisse im Zusammenhang mit Veranstaltungen f\u00fcr Unternehmen und Einzelpersonen. Legen Sie Ihren Sicherheitsgurt an, dr\u00fccken Sie das Gaspedal nach unten und bereiten Sie sich auf einen Tag voller Spa\u00df, Geschwindigkeit und Aufregung vor. Unabh\u00e4ngig davon, ob Kunden, Partner, Kollegen [&hellip;]<\/p>\n","protected":false},"author":806299,"featured_media":0,"parent":0,"menu_order":2,"comment_status":"closed","ping_status":"closed","template":"template-full_width.php","meta":{"_acf_changed":false,"_monsterinsights_skip_tracking":false,"_monsterinsights_sitenote_active":false,"_monsterinsights_sitenote_note":"","_monsterinsights_sitenote_category":0,"footnotes":""},"class_list":["post-10030","page","type-page","status-publish","hentry"],"acf":[],"yoast_head":"<!-- This site is optimized with the Yoast SEO plugin v27.3 - https:\/\/yoast.com\/product\/yoast-seo-wordpress\/ -->\n<title>Firmen-\/Gruppenevent \u2013 Schnallen Sie sich an und begeben Sie sich auf ein Abenteuer<\/title>\n<meta name=\"description\" content=\"Firmen-\/Gruppenevent \u2013 Schnallen Sie sich an und begeben Sie sich auf ein Abenteuer voller Adrenalin. Verbringen Sie einen spannenden Tag auf unserer Rennstrecke.\" \/>\n<meta name=\"robots\" content=\"index, follow, max-snippet:-1, max-image-preview:large, max-video-preview:-1\" \/>\n<link rel=\"canonical\" href=\"https:\/\/padborgpark.dk\/de\/firmen-gruppenveranstaltung-schnallen-sie-sich-an-und-begeben-sie-sich-auf-ein-abenteuer\/\" \/>\n<meta property=\"og:locale\" content=\"de_DE\" \/>\n<meta property=\"og:type\" content=\"article\" \/>\n<meta property=\"og:title\" content=\"Firmen-\/Gruppenevent \u2013 Schnallen Sie sich an und begeben Sie sich auf ein Abenteuer\" \/>\n<meta property=\"og:description\" content=\"Firmen-\/Gruppenevent \u2013 Schnallen Sie sich an und begeben Sie sich auf ein Abenteuer voller Adrenalin. Verbringen Sie einen spannenden Tag auf unserer Rennstrecke.\" \/>\n<meta property=\"og:url\" content=\"https:\/\/padborgpark.dk\/de\/firmen-gruppenveranstaltung-schnallen-sie-sich-an-und-begeben-sie-sich-auf-ein-abenteuer\/\" \/>\n<meta property=\"og:site_name\" content=\"Padborg Park har bilerne og en motorbane p\u00e5 2150 meter\" \/>\n<meta property=\"article:publisher\" content=\"https:\/\/www.facebook.com\/PadborgPark\/\" \/>\n<meta property=\"article:modified_time\" content=\"2026-02-02T04:40:44+00:00\" \/>\n<meta property=\"og:image\" content=\"https:\/\/padborgpark.dk\/wp-content\/uploads\/2014\/02\/boks-firmadysten.jpg\" \/>\n<meta name=\"twitter:label1\" content=\"Gesch\u00e4tzte Lesezeit\" \/>\n\t<meta name=\"twitter:data1\" content=\"4\u00a0Minuten\" \/>\n<script type=\"application\/ld+json\" class=\"yoast-schema-graph\">{\"@context\":\"https:\\\/\\\/schema.org\",\"@graph\":[{\"@type\":\"WebPage\",\"@id\":\"https:\\\/\\\/padborgpark.dk\\\/de\\\/firmen-gruppenveranstaltung-schnallen-sie-sich-an-und-begeben-sie-sich-auf-ein-abenteuer\\\/\",\"url\":\"https:\\\/\\\/padborgpark.dk\\\/de\\\/firmen-gruppenveranstaltung-schnallen-sie-sich-an-und-begeben-sie-sich-auf-ein-abenteuer\\\/\",\"name\":\"Firmen-\\\/Gruppenevent \u2013 Schnallen Sie sich an und begeben Sie sich auf ein Abenteuer\",\"isPartOf\":{\"@id\":\"https:\\\/\\\/padborgpark.dk\\\/#website\"},\"primaryImageOfPage\":{\"@id\":\"https:\\\/\\\/padborgpark.dk\\\/de\\\/firmen-gruppenveranstaltung-schnallen-sie-sich-an-und-begeben-sie-sich-auf-ein-abenteuer\\\/#primaryimage\"},\"image\":{\"@id\":\"https:\\\/\\\/padborgpark.dk\\\/de\\\/firmen-gruppenveranstaltung-schnallen-sie-sich-an-und-begeben-sie-sich-auf-ein-abenteuer\\\/#primaryimage\"},\"thumbnailUrl\":\"https:\\\/\\\/padborgpark.dk\\\/wp-content\\\/uploads\\\/2014\\\/02\\\/boks-firmadysten.jpg\",\"datePublished\":\"2014-02-19T08:15:25+00:00\",\"dateModified\":\"2026-02-02T04:40:44+00:00\",\"description\":\"Firmen-\\\/Gruppenevent \u2013 Schnallen Sie sich an und begeben Sie sich auf ein Abenteuer voller Adrenalin. Verbringen Sie einen spannenden Tag auf unserer Rennstrecke.\",\"inLanguage\":\"de\",\"potentialAction\":[{\"@type\":\"ReadAction\",\"target\":[\"https:\\\/\\\/padborgpark.dk\\\/de\\\/firmen-gruppenveranstaltung-schnallen-sie-sich-an-und-begeben-sie-sich-auf-ein-abenteuer\\\/\"]}]},{\"@type\":\"ImageObject\",\"inLanguage\":\"de\",\"@id\":\"https:\\\/\\\/padborgpark.dk\\\/de\\\/firmen-gruppenveranstaltung-schnallen-sie-sich-an-und-begeben-sie-sich-auf-ein-abenteuer\\\/#primaryimage\",\"url\":\"https:\\\/\\\/padborgpark.dk\\\/wp-content\\\/uploads\\\/2014\\\/02\\\/boks-firmadysten.jpg\",\"contentUrl\":\"https:\\\/\\\/padborgpark.dk\\\/wp-content\\\/uploads\\\/2014\\\/02\\\/boks-firmadysten.jpg\"},{\"@type\":\"WebSite\",\"@id\":\"https:\\\/\\\/padborgpark.dk\\\/#website\",\"url\":\"https:\\\/\\\/padborgpark.dk\\\/\",\"name\":\"Padborg Park har bilerne og en motorbane p\u00e5 2150 meter\",\"description\":\"\",\"potentialAction\":[{\"@type\":\"SearchAction\",\"target\":{\"@type\":\"EntryPoint\",\"urlTemplate\":\"https:\\\/\\\/padborgpark.dk\\\/?s={search_term_string}\"},\"query-input\":{\"@type\":\"PropertyValueSpecification\",\"valueRequired\":true,\"valueName\":\"search_term_string\"}}],\"inLanguage\":\"de\"}]}<\/script>\n<!-- \/ Yoast SEO plugin. -->","yoast_head_json":{"title":"Firmen-\/Gruppenevent \u2013 Schnallen Sie sich an und begeben Sie sich auf ein Abenteuer","description":"Firmen-\/Gruppenevent \u2013 Schnallen Sie sich an und begeben Sie sich auf ein Abenteuer voller Adrenalin. Verbringen Sie einen spannenden Tag auf unserer Rennstrecke.","robots":{"index":"index","follow":"follow","max-snippet":"max-snippet:-1","max-image-preview":"max-image-preview:large","max-video-preview":"max-video-preview:-1"},"canonical":"https:\/\/padborgpark.dk\/de\/firmen-gruppenveranstaltung-schnallen-sie-sich-an-und-begeben-sie-sich-auf-ein-abenteuer\/","og_locale":"de_DE","og_type":"article","og_title":"Firmen-\/Gruppenevent \u2013 Schnallen Sie sich an und begeben Sie sich auf ein Abenteuer","og_description":"Firmen-\/Gruppenevent \u2013 Schnallen Sie sich an und begeben Sie sich auf ein Abenteuer voller Adrenalin. Verbringen Sie einen spannenden Tag auf unserer Rennstrecke.","og_url":"https:\/\/padborgpark.dk\/de\/firmen-gruppenveranstaltung-schnallen-sie-sich-an-und-begeben-sie-sich-auf-ein-abenteuer\/","og_site_name":"Padborg Park har bilerne og en motorbane p\u00e5 2150 meter","article_publisher":"https:\/\/www.facebook.com\/PadborgPark\/","article_modified_time":"2026-02-02T04:40:44+00:00","og_image":[{"url":"https:\/\/padborgpark.dk\/wp-content\/uploads\/2014\/02\/boks-firmadysten.jpg","type":"","width":"","height":""}],"twitter_misc":{"Gesch\u00e4tzte Lesezeit":"4\u00a0Minuten"},"schema":{"@context":"https:\/\/schema.org","@graph":[{"@type":"WebPage","@id":"https:\/\/padborgpark.dk\/de\/firmen-gruppenveranstaltung-schnallen-sie-sich-an-und-begeben-sie-sich-auf-ein-abenteuer\/","url":"https:\/\/padborgpark.dk\/de\/firmen-gruppenveranstaltung-schnallen-sie-sich-an-und-begeben-sie-sich-auf-ein-abenteuer\/","name":"Firmen-\/Gruppenevent \u2013 Schnallen Sie sich an und begeben Sie sich auf ein Abenteuer","isPartOf":{"@id":"https:\/\/padborgpark.dk\/#website"},"primaryImageOfPage":{"@id":"https:\/\/padborgpark.dk\/de\/firmen-gruppenveranstaltung-schnallen-sie-sich-an-und-begeben-sie-sich-auf-ein-abenteuer\/#primaryimage"},"image":{"@id":"https:\/\/padborgpark.dk\/de\/firmen-gruppenveranstaltung-schnallen-sie-sich-an-und-begeben-sie-sich-auf-ein-abenteuer\/#primaryimage"},"thumbnailUrl":"https:\/\/padborgpark.dk\/wp-content\/uploads\/2014\/02\/boks-firmadysten.jpg","datePublished":"2014-02-19T08:15:25+00:00","dateModified":"2026-02-02T04:40:44+00:00","description":"Firmen-\/Gruppenevent \u2013 Schnallen Sie sich an und begeben Sie sich auf ein Abenteuer voller Adrenalin. Verbringen Sie einen spannenden Tag auf unserer Rennstrecke.","inLanguage":"de","potentialAction":[{"@type":"ReadAction","target":["https:\/\/padborgpark.dk\/de\/firmen-gruppenveranstaltung-schnallen-sie-sich-an-und-begeben-sie-sich-auf-ein-abenteuer\/"]}]},{"@type":"ImageObject","inLanguage":"de","@id":"https:\/\/padborgpark.dk\/de\/firmen-gruppenveranstaltung-schnallen-sie-sich-an-und-begeben-sie-sich-auf-ein-abenteuer\/#primaryimage","url":"https:\/\/padborgpark.dk\/wp-content\/uploads\/2014\/02\/boks-firmadysten.jpg","contentUrl":"https:\/\/padborgpark.dk\/wp-content\/uploads\/2014\/02\/boks-firmadysten.jpg"},{"@type":"WebSite","@id":"https:\/\/padborgpark.dk\/#website","url":"https:\/\/padborgpark.dk\/","name":"Padborg Park har bilerne og en motorbane p\u00e5 2150 meter","description":"","potentialAction":[{"@type":"SearchAction","target":{"@type":"EntryPoint","urlTemplate":"https:\/\/padborgpark.dk\/?s={search_term_string}"},"query-input":{"@type":"PropertyValueSpecification","valueRequired":true,"valueName":"search_term_string"}}],"inLanguage":"de"}]}},"_links":{"self":[{"href":"https:\/\/padborgpark.dk\/de\/wp-json\/wp\/v2\/pages\/10030","targetHints":{"allow":["GET"]}}],"collection":[{"href":"https:\/\/padborgpark.dk\/de\/wp-json\/wp\/v2\/pages"}],"about":[{"href":"https:\/\/padborgpark.dk\/de\/wp-json\/wp\/v2\/types\/page"}],"author":[{"embeddable":true,"href":"https:\/\/padborgpark.dk\/de\/wp-json\/wp\/v2\/users\/806299"}],"replies":[{"embeddable":true,"href":"https:\/\/padborgpark.dk\/de\/wp-json\/wp\/v2\/comments?post=10030"}],"version-history":[{"count":1,"href":"https:\/\/padborgpark.dk\/de\/wp-json\/wp\/v2\/pages\/10030\/revisions"}],"predecessor-version":[{"id":9317017492,"href":"https:\/\/padborgpark.dk\/de\/wp-json\/wp\/v2\/pages\/10030\/revisions\/9317017492"}],"wp:attachment":[{"href":"https:\/\/padborgpark.dk\/de\/wp-json\/wp\/v2\/media?parent=10030"}],"curies":[{"name":"wp","href":"https:\/\/api.w.org\/{rel}","templated":true}]}}