{"id":10058,"date":"2015-02-26T09:15:43","date_gmt":"2015-02-26T08:15:43","guid":{"rendered":"https:\/\/padborgpark.dk\/super-tourisme\/"},"modified":"2021-01-19T12:12:22","modified_gmt":"2021-01-19T11:12:22","slug":"daenischer-supertourismus-turbo","status":"publish","type":"page","link":"https:\/\/padborgpark.dk\/de\/motorsport-rennveranstaltungen\/daenischer-supertourismus-turbo\/","title":{"rendered":"D\u00e4nischer Supertourismus Turbo"},"content":{"rendered":"<p style=\"text-align: left;\">Der d\u00e4nische Supertourisme Turbo hat eine eigene Website, auf der Sie alles \u00fcber die Klasse, die Fahrer und alle Renntermine lesen k\u00f6nnen:<\/p>\n<h3 style=\"text-align: left;\"><a href=\"http:\/\/www.supertourismes.dk\/dk\/\">http:\/\/www.supertourismes.dk\/dk\/<\/a><\/h3>\n<h3 style=\"text-align: left;\"><\/h3>\n<p style=\"text-align: left;\"><a href=\"https:\/\/padborgpark.dk\/wp-content\/uploads\/2015\/03\/Supertourisme-VIP-Pakke-01-12-2014.pdf\"><img decoding=\"async\" class=\"alignnone wp-image-9183\" src=\"https:\/\/padborgpark.dk\/wp-content\/uploads\/2015\/02\/10858560_1036597676366287_1734522423083381105_n-300x225.jpg\" alt=\"10858560_1036597676366287_1734522423083381105_n\" width=\"259\" height=\"194\" srcset=\"https:\/\/padborgpark.dk\/wp-content\/uploads\/2015\/02\/10858560_1036597676366287_1734522423083381105_n-300x225.jpg 300w, https:\/\/padborgpark.dk\/wp-content\/uploads\/2015\/02\/10858560_1036597676366287_1734522423083381105_n-600x450.jpg 600w, https:\/\/padborgpark.dk\/wp-content\/uploads\/2015\/02\/10858560_1036597676366287_1734522423083381105_n-148x111.jpg 148w, https:\/\/padborgpark.dk\/wp-content\/uploads\/2015\/02\/10858560_1036597676366287_1734522423083381105_n-31x23.jpg 31w, https:\/\/padborgpark.dk\/wp-content\/uploads\/2015\/02\/10858560_1036597676366287_1734522423083381105_n-38x29.jpg 38w, https:\/\/padborgpark.dk\/wp-content\/uploads\/2015\/02\/10858560_1036597676366287_1734522423083381105_n-287x215.jpg 287w, https:\/\/padborgpark.dk\/wp-content\/uploads\/2015\/02\/10858560_1036597676366287_1734522423083381105_n.jpg 960w\" sizes=\"(max-width: 259px) 100vw, 259px\" \/><\/a><\/p>\n<h3><a href=\"https:\/\/www.billetsalg.dk\/Event\/Padborg%20Park%20Finale%20l\u00f8b%202018\">Kaufen Sie hier Tickets f\u00fcr die Rennen im Padborg Park&#8230;&#8230;<\/a><\/h3>\n<p>&nbsp;<\/p>\n","protected":false},"excerpt":{"rendered":"<p>Der d\u00e4nische Supertourisme Turbo hat eine eigene Website, auf der Sie alles \u00fcber die Klasse, die Fahrer und alle Renntermine lesen k\u00f6nnen: http:\/\/www.supertourismes.dk\/dk\/ Kaufen Sie hier Tickets f\u00fcr die Rennen im Padborg Park&#8230;&#8230; &nbsp;<\/p>\n","protected":false},"author":806299,"featured_media":0,"parent":8814,"menu_order":2,"comment_status":"closed","ping_status":"closed","template":"","meta":{"_acf_changed":false,"_monsterinsights_skip_tracking":false,"_monsterinsights_sitenote_active":false,"_monsterinsights_sitenote_note":"","_monsterinsights_sitenote_category":0,"footnotes":""},"class_list":["post-10058","page","type-page","status-publish","hentry"],"acf":[],"yoast_head":"<!-- This site is optimized with the Yoast SEO plugin v27.3 - https:\/\/yoast.com\/product\/yoast-seo-wordpress\/ -->\n<title>D\u00e4nischer Supertourismus Turbo - Padborg Park har bilerne og en motorbane p\u00e5 2150 meter<\/title>\n<meta name=\"robots\" content=\"index, follow, max-snippet:-1, max-image-preview:large, max-video-preview:-1\" \/>\n<link rel=\"canonical\" href=\"https:\/\/padborgpark.dk\/de\/motorsport-rennveranstaltungen\/daenischer-supertourismus-turbo\/\" \/>\n<meta property=\"og:locale\" content=\"de_DE\" \/>\n<meta property=\"og:type\" content=\"article\" \/>\n<meta property=\"og:title\" content=\"D\u00e4nischer Supertourismus Turbo - Padborg Park har bilerne og en motorbane p\u00e5 2150 meter\" \/>\n<meta property=\"og:description\" content=\"Der d\u00e4nische Supertourisme Turbo hat eine eigene Website, auf der Sie alles \u00fcber die Klasse, die Fahrer und alle Renntermine lesen k\u00f6nnen: http:\/\/www.supertourismes.dk\/dk\/ Kaufen Sie hier Tickets f\u00fcr die Rennen im Padborg Park&#8230;&#8230; &nbsp;\" \/>\n<meta property=\"og:url\" content=\"https:\/\/padborgpark.dk\/de\/motorsport-rennveranstaltungen\/daenischer-supertourismus-turbo\/\" \/>\n<meta property=\"og:site_name\" content=\"Padborg Park har bilerne og en motorbane p\u00e5 2150 meter\" \/>\n<meta property=\"article:publisher\" content=\"https:\/\/www.facebook.com\/PadborgPark\/\" \/>\n<meta property=\"article:modified_time\" content=\"2021-01-19T11:12:22+00:00\" \/>\n<meta property=\"og:image\" content=\"https:\/\/padborgpark.dk\/wp-content\/uploads\/2015\/02\/10858560_1036597676366287_1734522423083381105_n-300x225.jpg\" \/>\n<script type=\"application\/ld+json\" class=\"yoast-schema-graph\">{\"@context\":\"https:\\\/\\\/schema.org\",\"@graph\":[{\"@type\":\"WebPage\",\"@id\":\"https:\\\/\\\/padborgpark.dk\\\/de\\\/motorsport-rennveranstaltungen\\\/daenischer-supertourismus-turbo\\\/\",\"url\":\"https:\\\/\\\/padborgpark.dk\\\/de\\\/motorsport-rennveranstaltungen\\\/daenischer-supertourismus-turbo\\\/\",\"name\":\"D\u00e4nischer Supertourismus Turbo - Padborg Park har bilerne og en motorbane p\u00e5 2150 meter\",\"isPartOf\":{\"@id\":\"https:\\\/\\\/padborgpark.dk\\\/#website\"},\"primaryImageOfPage\":{\"@id\":\"https:\\\/\\\/padborgpark.dk\\\/de\\\/motorsport-rennveranstaltungen\\\/daenischer-supertourismus-turbo\\\/#primaryimage\"},\"image\":{\"@id\":\"https:\\\/\\\/padborgpark.dk\\\/de\\\/motorsport-rennveranstaltungen\\\/daenischer-supertourismus-turbo\\\/#primaryimage\"},\"thumbnailUrl\":\"https:\\\/\\\/padborgpark.dk\\\/wp-content\\\/uploads\\\/2015\\\/02\\\/10858560_1036597676366287_1734522423083381105_n-300x225.jpg\",\"datePublished\":\"2015-02-26T08:15:43+00:00\",\"dateModified\":\"2021-01-19T11:12:22+00:00\",\"breadcrumb\":{\"@id\":\"https:\\\/\\\/padborgpark.dk\\\/de\\\/motorsport-rennveranstaltungen\\\/daenischer-supertourismus-turbo\\\/#breadcrumb\"},\"inLanguage\":\"de\",\"potentialAction\":[{\"@type\":\"ReadAction\",\"target\":[\"https:\\\/\\\/padborgpark.dk\\\/de\\\/motorsport-rennveranstaltungen\\\/daenischer-supertourismus-turbo\\\/\"]}]},{\"@type\":\"ImageObject\",\"inLanguage\":\"de\",\"@id\":\"https:\\\/\\\/padborgpark.dk\\\/de\\\/motorsport-rennveranstaltungen\\\/daenischer-supertourismus-turbo\\\/#primaryimage\",\"url\":\"https:\\\/\\\/padborgpark.dk\\\/wp-content\\\/uploads\\\/2015\\\/02\\\/10858560_1036597676366287_1734522423083381105_n-300x225.jpg\",\"contentUrl\":\"https:\\\/\\\/padborgpark.dk\\\/wp-content\\\/uploads\\\/2015\\\/02\\\/10858560_1036597676366287_1734522423083381105_n-300x225.jpg\"},{\"@type\":\"BreadcrumbList\",\"@id\":\"https:\\\/\\\/padborgpark.dk\\\/de\\\/motorsport-rennveranstaltungen\\\/daenischer-supertourismus-turbo\\\/#breadcrumb\",\"itemListElement\":[{\"@type\":\"ListItem\",\"position\":1,\"name\":\"Motorsport Rennveranstaltungen\",\"item\":\"https:\\\/\\\/padborgpark.dk\\\/de\\\/motorsport-rennveranstaltungen\\\/\"},{\"@type\":\"ListItem\",\"position\":2,\"name\":\"D\u00e4nischer Supertourismus Turbo\"}]},{\"@type\":\"WebSite\",\"@id\":\"https:\\\/\\\/padborgpark.dk\\\/#website\",\"url\":\"https:\\\/\\\/padborgpark.dk\\\/\",\"name\":\"Padborg Park har bilerne og en motorbane p\u00e5 2150 meter\",\"description\":\"\",\"potentialAction\":[{\"@type\":\"SearchAction\",\"target\":{\"@type\":\"EntryPoint\",\"urlTemplate\":\"https:\\\/\\\/padborgpark.dk\\\/?s={search_term_string}\"},\"query-input\":{\"@type\":\"PropertyValueSpecification\",\"valueRequired\":true,\"valueName\":\"search_term_string\"}}],\"inLanguage\":\"de\"}]}<\/script>\n<!-- \/ Yoast SEO plugin. -->","yoast_head_json":{"title":"D\u00e4nischer Supertourismus Turbo - Padborg Park har bilerne og en motorbane p\u00e5 2150 meter","robots":{"index":"index","follow":"follow","max-snippet":"max-snippet:-1","max-image-preview":"max-image-preview:large","max-video-preview":"max-video-preview:-1"},"canonical":"https:\/\/padborgpark.dk\/de\/motorsport-rennveranstaltungen\/daenischer-supertourismus-turbo\/","og_locale":"de_DE","og_type":"article","og_title":"D\u00e4nischer Supertourismus Turbo - Padborg Park har bilerne og en motorbane p\u00e5 2150 meter","og_description":"Der d\u00e4nische Supertourisme Turbo hat eine eigene Website, auf der Sie alles \u00fcber die Klasse, die Fahrer und alle Renntermine lesen k\u00f6nnen: http:\/\/www.supertourismes.dk\/dk\/ Kaufen Sie hier Tickets f\u00fcr die Rennen im Padborg Park&#8230;&#8230; &nbsp;","og_url":"https:\/\/padborgpark.dk\/de\/motorsport-rennveranstaltungen\/daenischer-supertourismus-turbo\/","og_site_name":"Padborg Park har bilerne og en motorbane p\u00e5 2150 meter","article_publisher":"https:\/\/www.facebook.com\/PadborgPark\/","article_modified_time":"2021-01-19T11:12:22+00:00","og_image":[{"url":"https:\/\/padborgpark.dk\/wp-content\/uploads\/2015\/02\/10858560_1036597676366287_1734522423083381105_n-300x225.jpg","type":"","width":"","height":""}],"schema":{"@context":"https:\/\/schema.org","@graph":[{"@type":"WebPage","@id":"https:\/\/padborgpark.dk\/de\/motorsport-rennveranstaltungen\/daenischer-supertourismus-turbo\/","url":"https:\/\/padborgpark.dk\/de\/motorsport-rennveranstaltungen\/daenischer-supertourismus-turbo\/","name":"D\u00e4nischer Supertourismus Turbo - Padborg Park har bilerne og en motorbane p\u00e5 2150 meter","isPartOf":{"@id":"https:\/\/padborgpark.dk\/#website"},"primaryImageOfPage":{"@id":"https:\/\/padborgpark.dk\/de\/motorsport-rennveranstaltungen\/daenischer-supertourismus-turbo\/#primaryimage"},"image":{"@id":"https:\/\/padborgpark.dk\/de\/motorsport-rennveranstaltungen\/daenischer-supertourismus-turbo\/#primaryimage"},"thumbnailUrl":"https:\/\/padborgpark.dk\/wp-content\/uploads\/2015\/02\/10858560_1036597676366287_1734522423083381105_n-300x225.jpg","datePublished":"2015-02-26T08:15:43+00:00","dateModified":"2021-01-19T11:12:22+00:00","breadcrumb":{"@id":"https:\/\/padborgpark.dk\/de\/motorsport-rennveranstaltungen\/daenischer-supertourismus-turbo\/#breadcrumb"},"inLanguage":"de","potentialAction":[{"@type":"ReadAction","target":["https:\/\/padborgpark.dk\/de\/motorsport-rennveranstaltungen\/daenischer-supertourismus-turbo\/"]}]},{"@type":"ImageObject","inLanguage":"de","@id":"https:\/\/padborgpark.dk\/de\/motorsport-rennveranstaltungen\/daenischer-supertourismus-turbo\/#primaryimage","url":"https:\/\/padborgpark.dk\/wp-content\/uploads\/2015\/02\/10858560_1036597676366287_1734522423083381105_n-300x225.jpg","contentUrl":"https:\/\/padborgpark.dk\/wp-content\/uploads\/2015\/02\/10858560_1036597676366287_1734522423083381105_n-300x225.jpg"},{"@type":"BreadcrumbList","@id":"https:\/\/padborgpark.dk\/de\/motorsport-rennveranstaltungen\/daenischer-supertourismus-turbo\/#breadcrumb","itemListElement":[{"@type":"ListItem","position":1,"name":"Motorsport Rennveranstaltungen","item":"https:\/\/padborgpark.dk\/de\/motorsport-rennveranstaltungen\/"},{"@type":"ListItem","position":2,"name":"D\u00e4nischer Supertourismus Turbo"}]},{"@type":"WebSite","@id":"https:\/\/padborgpark.dk\/#website","url":"https:\/\/padborgpark.dk\/","name":"Padborg Park har bilerne og en motorbane p\u00e5 2150 meter","description":"","potentialAction":[{"@type":"SearchAction","target":{"@type":"EntryPoint","urlTemplate":"https:\/\/padborgpark.dk\/?s={search_term_string}"},"query-input":{"@type":"PropertyValueSpecification","valueRequired":true,"valueName":"search_term_string"}}],"inLanguage":"de"}]}},"_links":{"self":[{"href":"https:\/\/padborgpark.dk\/de\/wp-json\/wp\/v2\/pages\/10058","targetHints":{"allow":["GET"]}}],"collection":[{"href":"https:\/\/padborgpark.dk\/de\/wp-json\/wp\/v2\/pages"}],"about":[{"href":"https:\/\/padborgpark.dk\/de\/wp-json\/wp\/v2\/types\/page"}],"author":[{"embeddable":true,"href":"https:\/\/padborgpark.dk\/de\/wp-json\/wp\/v2\/users\/806299"}],"replies":[{"embeddable":true,"href":"https:\/\/padborgpark.dk\/de\/wp-json\/wp\/v2\/comments?post=10058"}],"version-history":[{"count":0,"href":"https:\/\/padborgpark.dk\/de\/wp-json\/wp\/v2\/pages\/10058\/revisions"}],"up":[{"embeddable":true,"href":"https:\/\/padborgpark.dk\/de\/wp-json\/wp\/v2\/pages\/8814"}],"wp:attachment":[{"href":"https:\/\/padborgpark.dk\/de\/wp-json\/wp\/v2\/media?parent=10058"}],"curies":[{"name":"wp","href":"https:\/\/api.w.org\/{rel}","templated":true}]}}