{"id":8716,"date":"2020-01-20T11:44:06","date_gmt":"2020-01-20T10:44:06","guid":{"rendered":"https:\/\/padborgpark.dk\/tilmeldinger-motorsport\/"},"modified":"2021-01-12T13:21:33","modified_gmt":"2021-01-12T12:21:33","slug":"tilmeldinger-motorsport","status":"publish","type":"page","link":"https:\/\/padborgpark.dk\/de\/tilmeldinger-motorsport\/","title":{"rendered":"Motorsport-Anmeldungen"},"content":{"rendered":"<h3><strong>Hier k\u00f6nnen Sie sich f\u00fcr die Serie im Jahr 2020 anmelden:<\/strong><strong><br \/>\n<\/strong><\/h3>\n<h3><a href=\"https:\/\/padborgpark.dk\/shop\/tilmeldinger\/tilmelding-legend-car-cup\/\">Registrierungslegende Serie<\/a><\/h3>\n<h3><a href=\"https:\/\/padborgpark.dk\/shop\/tilmeldinger\/tilmelding-dec-serien\/\">Registrierung DEC<\/a><\/h3>\n<h3><a href=\"https:\/\/padborgpark.dk\/shop\/tilmeldinger\/tilmelding-supertourisme-serien\">Registrierung Super GT<\/a><\/h3>\n<table style=\"height: 43px;\" width=\"723\">\n<tbody>\n<tr>\n<td style=\"width: 233px;\"><a href=\"https:\/\/padborgpark.dk\/blog\/2016\/05\/14\/kendt-hold-ny-bil-vandt-dec-premiere\/2016-dec-03\/\" rel=\"attachment wp-att-3832\"><img decoding=\"async\" class=\"aligncenter size-thumbnail wp-image-9263\" src=\"https:\/\/padborgpark.dk\/wp-content\/uploads\/2016\/05\/2016-DEC-03-150x150.jpg\" alt=\"\" width=\"150\" height=\"150\" srcset=\"https:\/\/padborgpark.dk\/wp-content\/uploads\/2016\/05\/2016-DEC-03-150x150.jpg 150w, https:\/\/padborgpark.dk\/wp-content\/uploads\/2016\/05\/2016-DEC-03-300x300.jpg 300w, https:\/\/padborgpark.dk\/wp-content\/uploads\/2016\/05\/2016-DEC-03-100x100.jpg 100w\" sizes=\"(max-width: 150px) 100vw, 150px\" \/><\/a><\/td>\n<td style=\"width: 234px;\"><a href=\"https:\/\/padborgpark.dk\/blog\/2015\/10\/06\/fire-mand-frem-for-en-titel\/2015-bane-legend-18\/\" rel=\"attachment wp-att-3387\"><img decoding=\"async\" class=\"aligncenter size-thumbnail wp-image-9234\" src=\"https:\/\/padborgpark.dk\/wp-content\/uploads\/2015\/10\/2015-Bane-Legend-18-150x150.jpg\" alt=\"\" width=\"150\" height=\"150\" srcset=\"https:\/\/padborgpark.dk\/wp-content\/uploads\/2015\/10\/2015-Bane-Legend-18-150x150.jpg 150w, https:\/\/padborgpark.dk\/wp-content\/uploads\/2015\/10\/2015-Bane-Legend-18-300x300.jpg 300w, https:\/\/padborgpark.dk\/wp-content\/uploads\/2015\/10\/2015-Bane-Legend-18-100x100.jpg 100w\" sizes=\"(max-width: 150px) 100vw, 150px\" \/><\/a><\/td>\n<td style=\"width: 234px;\"><a href=\"https:\/\/padborgpark.dk\/park-3\/\"><img decoding=\"async\" class=\"aligncenter size-thumbnail wp-image-8717\" src=\"https:\/\/padborgpark.dk\/wp-content\/uploads\/2015\/04\/Park-3-150x150.jpg\" alt=\"\" width=\"150\" height=\"150\" srcset=\"https:\/\/padborgpark.dk\/wp-content\/uploads\/2015\/04\/Park-3-150x150.jpg 150w, https:\/\/padborgpark.dk\/wp-content\/uploads\/2015\/04\/Park-3-300x300.jpg 300w, https:\/\/padborgpark.dk\/wp-content\/uploads\/2015\/04\/Park-3-100x100.jpg 100w, https:\/\/padborgpark.dk\/wp-content\/uploads\/2015\/04\/Park-3-95x95.jpg 95w, https:\/\/padborgpark.dk\/wp-content\/uploads\/2015\/04\/Park-3-148x148.jpg 148w\" sizes=\"(max-width: 150px) 100vw, 150px\" \/><\/a><\/td>\n<\/tr>\n<\/tbody>\n<\/table>\n","protected":false},"excerpt":{"rendered":"<p>Hier k\u00f6nnen Sie sich f\u00fcr die Serie im Jahr 2020 anmelden: Registrierungslegende Serie Registrierung DEC Registrierung Super GT<\/p>\n","protected":false},"author":806299,"featured_media":8661,"parent":0,"menu_order":2,"comment_status":"closed","ping_status":"closed","template":"","meta":{"_acf_changed":false,"_monsterinsights_skip_tracking":false,"_monsterinsights_sitenote_active":false,"_monsterinsights_sitenote_note":"","_monsterinsights_sitenote_category":0,"footnotes":""},"class_list":["post-8716","page","type-page","status-publish","has-post-thumbnail","hentry"],"acf":[],"yoast_head":"<!-- This site is optimized with the Yoast SEO plugin v27.3 - https:\/\/yoast.com\/product\/yoast-seo-wordpress\/ -->\n<title>Motorsport-Anmeldungen - Padborg Park har bilerne og en motorbane p\u00e5 2150 meter<\/title>\n<meta name=\"robots\" content=\"index, follow, max-snippet:-1, max-image-preview:large, max-video-preview:-1\" \/>\n<link rel=\"canonical\" href=\"https:\/\/padborgpark.dk\/de\/tilmeldinger-motorsport\/\" \/>\n<meta property=\"og:locale\" content=\"de_DE\" \/>\n<meta property=\"og:type\" content=\"article\" \/>\n<meta property=\"og:title\" content=\"Motorsport-Anmeldungen - Padborg Park har bilerne og en motorbane p\u00e5 2150 meter\" \/>\n<meta property=\"og:description\" content=\"Hier k\u00f6nnen Sie sich f\u00fcr die Serie im Jahr 2020 anmelden: Registrierungslegende Serie Registrierung DEC Registrierung Super GT\" \/>\n<meta property=\"og:url\" content=\"https:\/\/padborgpark.dk\/de\/tilmeldinger-motorsport\/\" \/>\n<meta property=\"og:site_name\" content=\"Padborg Park har bilerne og en motorbane p\u00e5 2150 meter\" \/>\n<meta property=\"article:publisher\" content=\"https:\/\/www.facebook.com\/PadborgPark\/\" \/>\n<meta property=\"article:modified_time\" content=\"2021-01-12T12:21:33+00:00\" \/>\n<meta property=\"og:image\" content=\"https:\/\/padborgpark.dk\/wp-content\/uploads\/2018\/11\/dec2018_3.jpg\" \/>\n\t<meta property=\"og:image:width\" content=\"730\" \/>\n\t<meta property=\"og:image:height\" content=\"315\" \/>\n\t<meta property=\"og:image:type\" content=\"image\/jpeg\" \/>\n<script type=\"application\/ld+json\" class=\"yoast-schema-graph\">{\"@context\":\"https:\\\/\\\/schema.org\",\"@graph\":[{\"@type\":\"WebPage\",\"@id\":\"https:\\\/\\\/padborgpark.dk\\\/de\\\/tilmeldinger-motorsport\\\/\",\"url\":\"https:\\\/\\\/padborgpark.dk\\\/de\\\/tilmeldinger-motorsport\\\/\",\"name\":\"Motorsport-Anmeldungen - Padborg Park har bilerne og en motorbane p\u00e5 2150 meter\",\"isPartOf\":{\"@id\":\"https:\\\/\\\/padborgpark.dk\\\/#website\"},\"primaryImageOfPage\":{\"@id\":\"https:\\\/\\\/padborgpark.dk\\\/de\\\/tilmeldinger-motorsport\\\/#primaryimage\"},\"image\":{\"@id\":\"https:\\\/\\\/padborgpark.dk\\\/de\\\/tilmeldinger-motorsport\\\/#primaryimage\"},\"thumbnailUrl\":\"https:\\\/\\\/padborgpark.dk\\\/wp-content\\\/uploads\\\/2018\\\/11\\\/dec2018_3.jpg\",\"datePublished\":\"2020-01-20T10:44:06+00:00\",\"dateModified\":\"2021-01-12T12:21:33+00:00\",\"inLanguage\":\"de\",\"potentialAction\":[{\"@type\":\"ReadAction\",\"target\":[\"https:\\\/\\\/padborgpark.dk\\\/de\\\/tilmeldinger-motorsport\\\/\"]}]},{\"@type\":\"ImageObject\",\"inLanguage\":\"de\",\"@id\":\"https:\\\/\\\/padborgpark.dk\\\/de\\\/tilmeldinger-motorsport\\\/#primaryimage\",\"url\":\"https:\\\/\\\/padborgpark.dk\\\/wp-content\\\/uploads\\\/2018\\\/11\\\/dec2018_3.jpg\",\"contentUrl\":\"https:\\\/\\\/padborgpark.dk\\\/wp-content\\\/uploads\\\/2018\\\/11\\\/dec2018_3.jpg\",\"width\":730,\"height\":315,\"caption\":\"Nightrace - ingen publikum tilladt\"},{\"@type\":\"WebSite\",\"@id\":\"https:\\\/\\\/padborgpark.dk\\\/#website\",\"url\":\"https:\\\/\\\/padborgpark.dk\\\/\",\"name\":\"Padborg Park har bilerne og en motorbane p\u00e5 2150 meter\",\"description\":\"\",\"potentialAction\":[{\"@type\":\"SearchAction\",\"target\":{\"@type\":\"EntryPoint\",\"urlTemplate\":\"https:\\\/\\\/padborgpark.dk\\\/?s={search_term_string}\"},\"query-input\":{\"@type\":\"PropertyValueSpecification\",\"valueRequired\":true,\"valueName\":\"search_term_string\"}}],\"inLanguage\":\"de\"}]}<\/script>\n<!-- \/ Yoast SEO plugin. -->","yoast_head_json":{"title":"Motorsport-Anmeldungen - Padborg Park har bilerne og en motorbane p\u00e5 2150 meter","robots":{"index":"index","follow":"follow","max-snippet":"max-snippet:-1","max-image-preview":"max-image-preview:large","max-video-preview":"max-video-preview:-1"},"canonical":"https:\/\/padborgpark.dk\/de\/tilmeldinger-motorsport\/","og_locale":"de_DE","og_type":"article","og_title":"Motorsport-Anmeldungen - Padborg Park har bilerne og en motorbane p\u00e5 2150 meter","og_description":"Hier k\u00f6nnen Sie sich f\u00fcr die Serie im Jahr 2020 anmelden: Registrierungslegende Serie Registrierung DEC Registrierung Super GT","og_url":"https:\/\/padborgpark.dk\/de\/tilmeldinger-motorsport\/","og_site_name":"Padborg Park har bilerne og en motorbane p\u00e5 2150 meter","article_publisher":"https:\/\/www.facebook.com\/PadborgPark\/","article_modified_time":"2021-01-12T12:21:33+00:00","og_image":[{"width":730,"height":315,"url":"https:\/\/padborgpark.dk\/wp-content\/uploads\/2018\/11\/dec2018_3.jpg","type":"image\/jpeg"}],"schema":{"@context":"https:\/\/schema.org","@graph":[{"@type":"WebPage","@id":"https:\/\/padborgpark.dk\/de\/tilmeldinger-motorsport\/","url":"https:\/\/padborgpark.dk\/de\/tilmeldinger-motorsport\/","name":"Motorsport-Anmeldungen - Padborg Park har bilerne og en motorbane p\u00e5 2150 meter","isPartOf":{"@id":"https:\/\/padborgpark.dk\/#website"},"primaryImageOfPage":{"@id":"https:\/\/padborgpark.dk\/de\/tilmeldinger-motorsport\/#primaryimage"},"image":{"@id":"https:\/\/padborgpark.dk\/de\/tilmeldinger-motorsport\/#primaryimage"},"thumbnailUrl":"https:\/\/padborgpark.dk\/wp-content\/uploads\/2018\/11\/dec2018_3.jpg","datePublished":"2020-01-20T10:44:06+00:00","dateModified":"2021-01-12T12:21:33+00:00","inLanguage":"de","potentialAction":[{"@type":"ReadAction","target":["https:\/\/padborgpark.dk\/de\/tilmeldinger-motorsport\/"]}]},{"@type":"ImageObject","inLanguage":"de","@id":"https:\/\/padborgpark.dk\/de\/tilmeldinger-motorsport\/#primaryimage","url":"https:\/\/padborgpark.dk\/wp-content\/uploads\/2018\/11\/dec2018_3.jpg","contentUrl":"https:\/\/padborgpark.dk\/wp-content\/uploads\/2018\/11\/dec2018_3.jpg","width":730,"height":315,"caption":"Nightrace - ingen publikum tilladt"},{"@type":"WebSite","@id":"https:\/\/padborgpark.dk\/#website","url":"https:\/\/padborgpark.dk\/","name":"Padborg Park har bilerne og en motorbane p\u00e5 2150 meter","description":"","potentialAction":[{"@type":"SearchAction","target":{"@type":"EntryPoint","urlTemplate":"https:\/\/padborgpark.dk\/?s={search_term_string}"},"query-input":{"@type":"PropertyValueSpecification","valueRequired":true,"valueName":"search_term_string"}}],"inLanguage":"de"}]}},"_links":{"self":[{"href":"https:\/\/padborgpark.dk\/de\/wp-json\/wp\/v2\/pages\/8716","targetHints":{"allow":["GET"]}}],"collection":[{"href":"https:\/\/padborgpark.dk\/de\/wp-json\/wp\/v2\/pages"}],"about":[{"href":"https:\/\/padborgpark.dk\/de\/wp-json\/wp\/v2\/types\/page"}],"author":[{"embeddable":true,"href":"https:\/\/padborgpark.dk\/de\/wp-json\/wp\/v2\/users\/806299"}],"replies":[{"embeddable":true,"href":"https:\/\/padborgpark.dk\/de\/wp-json\/wp\/v2\/comments?post=8716"}],"version-history":[{"count":0,"href":"https:\/\/padborgpark.dk\/de\/wp-json\/wp\/v2\/pages\/8716\/revisions"}],"wp:featuredmedia":[{"embeddable":true,"href":"https:\/\/padborgpark.dk\/de\/wp-json\/wp\/v2\/media\/8661"}],"wp:attachment":[{"href":"https:\/\/padborgpark.dk\/de\/wp-json\/wp\/v2\/media?parent=8716"}],"curies":[{"name":"wp","href":"https:\/\/api.w.org\/{rel}","templated":true}]}}