{"id":8723,"date":"2020-02-25T09:00:51","date_gmt":"2020-02-25T08:00:51","guid":{"rendered":"https:\/\/padborgpark.dk\/legends-cup\/"},"modified":"2021-01-25T06:27:14","modified_gmt":"2021-01-25T05:27:14","slug":"legends-cup","status":"publish","type":"page","link":"https:\/\/padborgpark.dk\/de\/motorsport-rennveranstaltungen\/legends-cup\/","title":{"rendered":"OK Mobile 1 Legends Car Cup"},"content":{"rendered":"<table style=\"width: 780px;\" border=\"0\" cellspacing=\"0\" cellpadding=\"0\">\n<tbody>\n<tr>\n<td><a href=\"https:\/\/padborgpark.dk\/motorsport\/legend-cup\/deltagere\/\"><img decoding=\"async\" class=\"aligncenter size-full wp-image-8724\" src=\"https:\/\/padborgpark.dk\/wp-content\/uploads\/2012\/03\/Knap-Legend-Deltagere-01.png\" alt=\"Knap-Legend-Deltagere-01\" width=\"180\" height=\"120\" srcset=\"https:\/\/padborgpark.dk\/wp-content\/uploads\/2012\/03\/Knap-Legend-Deltagere-01.png 180w, https:\/\/padborgpark.dk\/wp-content\/uploads\/2012\/03\/Knap-Legend-Deltagere-01-148x98.png 148w, https:\/\/padborgpark.dk\/wp-content\/uploads\/2012\/03\/Knap-Legend-Deltagere-01-31x20.png 31w, https:\/\/padborgpark.dk\/wp-content\/uploads\/2012\/03\/Knap-Legend-Deltagere-01-38x25.png 38w\" sizes=\"(max-width: 180px) 100vw, 180px\" \/><\/a><\/td>\n<td><\/td>\n<td><a href=\"https:\/\/padborgpark.dk\/motorsport\/legend-cup\/deltagerinformation\/\"><img decoding=\"async\" class=\"aligncenter size-full wp-image-8728\" src=\"https:\/\/padborgpark.dk\/wp-content\/uploads\/2012\/03\/Knap-Legend-Deltagerinformation-01.png\" alt=\"Knap-Legend-Deltagerinformation-01\" width=\"180\" height=\"120\" srcset=\"https:\/\/padborgpark.dk\/wp-content\/uploads\/2012\/03\/Knap-Legend-Deltagerinformation-01.png 180w, https:\/\/padborgpark.dk\/wp-content\/uploads\/2012\/03\/Knap-Legend-Deltagerinformation-01-148x98.png 148w, https:\/\/padborgpark.dk\/wp-content\/uploads\/2012\/03\/Knap-Legend-Deltagerinformation-01-31x20.png 31w, https:\/\/padborgpark.dk\/wp-content\/uploads\/2012\/03\/Knap-Legend-Deltagerinformation-01-38x25.png 38w\" sizes=\"(max-width: 180px) 100vw, 180px\" \/><\/a><\/td>\n<td><\/td>\n<td><a href=\"https:\/\/padborgpark.dk\/motorsport\/legend-cup\/legend-lobskalender\/\"><img decoding=\"async\" class=\"aligncenter size-full wp-image-8729\" src=\"https:\/\/padborgpark.dk\/wp-content\/uploads\/2012\/03\/Knap-Legend-L\u00f8bskalender-01.png\" alt=\"Knap-Legend-L\u00f8bskalender-01\" width=\"180\" height=\"120\" srcset=\"https:\/\/padborgpark.dk\/wp-content\/uploads\/2012\/03\/Knap-Legend-L\u00f8bskalender-01.png 180w, https:\/\/padborgpark.dk\/wp-content\/uploads\/2012\/03\/Knap-Legend-L\u00f8bskalender-01-148x98.png 148w, https:\/\/padborgpark.dk\/wp-content\/uploads\/2012\/03\/Knap-Legend-L\u00f8bskalender-01-31x20.png 31w, https:\/\/padborgpark.dk\/wp-content\/uploads\/2012\/03\/Knap-Legend-L\u00f8bskalender-01-38x25.png 38w\" sizes=\"(max-width: 180px) 100vw, 180px\" \/><\/a><\/td>\n<td><\/td>\n<td><a href=\"https:\/\/padborgpark.dk\/motorsport\/legend-cup\/mesterskabsstilling\/\"><img decoding=\"async\" class=\"aligncenter size-full wp-image-8730\" src=\"https:\/\/padborgpark.dk\/wp-content\/uploads\/2012\/03\/Knap-Legend-Mesterskabsstilling-01.png\" alt=\"Knap-Legend-Mesterskabsstilling-01\" width=\"180\" height=\"120\" srcset=\"https:\/\/padborgpark.dk\/wp-content\/uploads\/2012\/03\/Knap-Legend-Mesterskabsstilling-01.png 180w, https:\/\/padborgpark.dk\/wp-content\/uploads\/2012\/03\/Knap-Legend-Mesterskabsstilling-01-148x98.png 148w, https:\/\/padborgpark.dk\/wp-content\/uploads\/2012\/03\/Knap-Legend-Mesterskabsstilling-01-31x20.png 31w, https:\/\/padborgpark.dk\/wp-content\/uploads\/2012\/03\/Knap-Legend-Mesterskabsstilling-01-38x25.png 38w\" sizes=\"(max-width: 180px) 100vw, 180px\" \/><\/a><\/td>\n<\/tr>\n<\/tbody>\n<\/table>\n<p>Die Autos f\u00fcr den OK Mobil 1 Legends Car Cup sind in sechs verschiedenen Modellen erh\u00e4ltlich:<\/p>\n<p><span style=\"font-size: large;\"><a href=\"https:\/\/padborgpark.dk\/motorsport\/legend-cup\/modeller\/\">Sehen Sie sich die verschiedenen Modelle an, indem Sie hier klicken&#8230;..<\/a><\/span><\/p>\n<p>OK Mobil 1 Legends Car Cup, umgangssprachlich &#8222;Legends&#8220; genannt, ist eine Rennklasse, die Sie seit 2009 auf d\u00e4nischem Boden erleben k\u00f6nnen. Die Fahrzeuge sehen auf den ersten Blick aus wie Pkw aus den USA der drei\u00dfiger Jahre, aber das ist ein bisschen wahr mit Modifikationen. Dies sind Autos, die ausschlie\u00dflich zum Zweck des Rennens mit ihnen gebaut wurden.<\/p>\n<p>Die Rennwagen sind \u00fcber einem Rohrrahmen und einem Sicherheitsk\u00e4fig gebaut, mit einem sehr rotierenden Motorradmotor sowie einer Karosserie ausgestattet, die eine 5\/8-Version eines amerikanischen Automodells ist. Die Autos sind mit einem Hinterradantrieb ausgestattet, wodurch das Fahren Spa\u00df macht\u2026 und das Anschauen Spa\u00df macht.<\/p>\n<p>Der OK Mobil 1 Legends Car Cup ist ohne Zweifel D\u00e4nemarks lustigste Rennklasse &#8211; es gibt Unterhaltung von Anfang bis Ende, wenn der OK Mobil 1 Legends Car Cup f\u00e4hrt.<\/p>\n<p><strong>Was ist der OK Mobil 1 Legends Car Cup?<\/strong><\/p>\n<p>OK Mobil 1 Legends Car Cup ist die neue Klasse im d\u00e4nischen Motorsport. Die Klasse wurde 2009 in D\u00e4nemark gestartet und z\u00e4hlt heute zu den gr\u00f6\u00dften Rennfeldern des Motorsports. Hierbei handelt es sich um speziell angefertigte Rennwagen, die auf einem Rohrrahmen-Chassis gebaut und mit einer Glasfaserkarosserie ausgestattet sind, die in 5\/8-Teile-Gr\u00f6\u00dfe Kopien der amerikanischen Autos der drei\u00dfiger Jahre wie Ford und Chevrolet sind. Charakteristisch f\u00fcr den OK Mobil 1 Legends Car Cup ist, dass es sich um eine erschwingliche Klasse handelt &#8211; die Autos sind sowohl beim Einkaufen als auch beim Betrieb g\u00fcnstig &#8211; ebenso wie es eine unterhaltsame Klasse ist, an der man teilnehmen und zuschauen kann.<\/p>\n<p>Die Autos sind mit einem Yamaha 1.200 cm3 Motor ausgestattet, der ca. 130 PS. Das Auto wiegt ca. 500 kg &#8211; 600 kg mit Fahrer &#8211; und hat Scheibenbremsen vorne und Trommelbremsen hinten.<\/p>\n<p>Die in D\u00e4nemark verwendeten Autos sind mit einer Reihe von Updates ausgestattet. Einige sind Engine-Updates und andere Sicherheitsupdates. Der Motor hat verst\u00e4rkte Buchsen, Ventile, Ventilfedern und einen Spalt in der Nocke. Wenn Sie also den Motor drehen, sollte der Spalt brechen und die Besch\u00e4digung des Motors verringern. Zus\u00e4tzlich gibt es eine st\u00e4rkere Kupplung, Ganganzeige, Drehzahlmesser, normales Licht, Bremslicht, Hauptschalter und Kopfst\u00fctze. Zus\u00e4tzlich zu diesen Dingen kann zus\u00e4tzliches Zubeh\u00f6r erworben werden.<\/p>\n<p>Padborg Park I \/ S ist ein d\u00e4nischer Importeur von Autos f\u00fcr den OK Mobil 1 Legends Car Cup.<\/p>\n<p>Die Geschichte des Autos reicht bis ins Jahr 1992 zur\u00fcck. Eines Tages im April wurde das erste Auto auf dem Lowe Motor Speedway in der N\u00e4he der Stadt Charlotte im US-Bundesstaat North Carolina enth\u00fcllt. Hinter der Idee, eine billige und unterhaltsame Rennklasse zu schaffen, stand H.A. &#8222;Humpy&#8220; Wheeler und Elliott Forbes-Robinson.<\/p>\n<p>HA. &#8222;Humpy&#8220; Wheeler war der Leiter von Lowes Motor Speedway, w\u00e4hrend Elliott Forbes-Robinson einer der erfahrensten Fahrer Amerikas mit Podestpl\u00e4tzen beim 24-Stunden-Rennen in Le Mans und aus mehreren amerikanischen Rennserien ist. Beide waren fasziniert von den klassischen amerikanischen Drei\u00dfigern und stimmten zu, sie neu zu erschaffen, jedoch nur in der Gr\u00f6\u00dfe 5\/8.<\/p>\n<p>Seitdem hat das Unternehmen 600 Racing Inc. in Harrisburg, North Carolina, war verantwortlich f\u00fcr die Produktion der kleinen Rennwagen, die nicht nur im US-Bundesstaat, sondern in den gesamten USA eingesetzt werden. Seitdem hat sich die Klasse nach Kanada und Europa ausgebreitet, wo England Ende der neunziger Jahre als erstes europ\u00e4isches Land die Klasse einf\u00fchrte.<\/p>\n<p>Seit seiner Gr\u00fcndung im Jahr 1992 wurden mehr als 4.000 Autos produziert.<\/p>\n<p>Hier k\u00f6nnen Sie Teile f\u00fcr Ihr Legends Car bestellen <a href=\"http:\/\/legendscupshop.dk\/\">http.\/\/Legendscarsh<\/a><a href=\"http:\/\/legendscupshop.dk\/\">op.dk<\/a><\/p>\n<p>Hier k\u00f6nnen Sie \u00fcber auf dem Laufenden bleiben. <strong>Ok Mobile 1 Legends Car Cup\u00a0<\/strong> \u00a0\u00a0<a href=\"http:\/\/Legendscup.dk\">http:\/\/Legendscup.dk<\/a><\/p>\n","protected":false},"excerpt":{"rendered":"<p>Die Autos f\u00fcr den OK Mobil 1 Legends Car Cup sind in sechs verschiedenen Modellen erh\u00e4ltlich: Sehen Sie sich die verschiedenen Modelle an, indem Sie hier klicken&#8230;.. OK Mobil 1 Legends Car Cup, umgangssprachlich &#8222;Legends&#8220; genannt, ist eine Rennklasse, die Sie seit 2009 auf d\u00e4nischem Boden erleben k\u00f6nnen. Die Fahrzeuge sehen auf den ersten Blick [&hellip;]<\/p>\n","protected":false},"author":806299,"featured_media":9317006977,"parent":8814,"menu_order":5,"comment_status":"open","ping_status":"closed","template":"","meta":{"_acf_changed":false,"_monsterinsights_skip_tracking":false,"_monsterinsights_sitenote_active":false,"_monsterinsights_sitenote_note":"","_monsterinsights_sitenote_category":0,"footnotes":""},"class_list":["post-8723","page","type-page","status-publish","has-post-thumbnail","hentry"],"acf":[],"yoast_head":"<!-- This site is optimized with the Yoast SEO plugin v27.3 - https:\/\/yoast.com\/product\/yoast-seo-wordpress\/ -->\n<title>OK Mobile 1 Legends Car Cup - Padborg Park har bilerne og en motorbane p\u00e5 2150 meter<\/title>\n<meta name=\"robots\" content=\"index, follow, max-snippet:-1, max-image-preview:large, max-video-preview:-1\" \/>\n<link rel=\"canonical\" href=\"https:\/\/padborgpark.dk\/de\/motorsport-rennveranstaltungen\/legends-cup\/\" \/>\n<meta property=\"og:locale\" content=\"de_DE\" \/>\n<meta property=\"og:type\" content=\"article\" \/>\n<meta property=\"og:title\" content=\"OK Mobile 1 Legends Car Cup - Padborg Park har bilerne og en motorbane p\u00e5 2150 meter\" \/>\n<meta property=\"og:description\" content=\"Die Autos f\u00fcr den OK Mobil 1 Legends Car Cup sind in sechs verschiedenen Modellen erh\u00e4ltlich: Sehen Sie sich die verschiedenen Modelle an, indem Sie hier klicken&#8230;.. OK Mobil 1 Legends Car Cup, umgangssprachlich &#8222;Legends&#8220; genannt, ist eine Rennklasse, die Sie seit 2009 auf d\u00e4nischem Boden erleben k\u00f6nnen. Die Fahrzeuge sehen auf den ersten Blick [&hellip;]\" \/>\n<meta property=\"og:url\" content=\"https:\/\/padborgpark.dk\/de\/motorsport-rennveranstaltungen\/legends-cup\/\" \/>\n<meta property=\"og:site_name\" content=\"Padborg Park har bilerne og en motorbane p\u00e5 2150 meter\" \/>\n<meta property=\"article:publisher\" content=\"https:\/\/www.facebook.com\/PadborgPark\/\" \/>\n<meta property=\"article:modified_time\" content=\"2021-01-25T05:27:14+00:00\" \/>\n<meta property=\"og:image\" content=\"https:\/\/padborgpark.dk\/wp-content\/uploads\/2021\/03\/006-1.jpg\" \/>\n\t<meta property=\"og:image:width\" content=\"260\" \/>\n\t<meta property=\"og:image:height\" content=\"150\" \/>\n\t<meta property=\"og:image:type\" content=\"image\/jpeg\" \/>\n<meta name=\"twitter:label1\" content=\"Gesch\u00e4tzte Lesezeit\" \/>\n\t<meta name=\"twitter:data1\" content=\"4\u00a0Minuten\" \/>\n<script type=\"application\/ld+json\" class=\"yoast-schema-graph\">{\"@context\":\"https:\\\/\\\/schema.org\",\"@graph\":[{\"@type\":\"WebPage\",\"@id\":\"https:\\\/\\\/padborgpark.dk\\\/de\\\/motorsport-rennveranstaltungen\\\/legends-cup\\\/\",\"url\":\"https:\\\/\\\/padborgpark.dk\\\/de\\\/motorsport-rennveranstaltungen\\\/legends-cup\\\/\",\"name\":\"OK Mobile 1 Legends Car Cup - Padborg Park har bilerne og en motorbane p\u00e5 2150 meter\",\"isPartOf\":{\"@id\":\"https:\\\/\\\/padborgpark.dk\\\/#website\"},\"primaryImageOfPage\":{\"@id\":\"https:\\\/\\\/padborgpark.dk\\\/de\\\/motorsport-rennveranstaltungen\\\/legends-cup\\\/#primaryimage\"},\"image\":{\"@id\":\"https:\\\/\\\/padborgpark.dk\\\/de\\\/motorsport-rennveranstaltungen\\\/legends-cup\\\/#primaryimage\"},\"thumbnailUrl\":\"https:\\\/\\\/padborgpark.dk\\\/wp-content\\\/uploads\\\/2021\\\/03\\\/Tilmelding-\u2013-Legend-Car-serien.jpg\",\"datePublished\":\"2020-02-25T08:00:51+00:00\",\"dateModified\":\"2021-01-25T05:27:14+00:00\",\"breadcrumb\":{\"@id\":\"https:\\\/\\\/padborgpark.dk\\\/de\\\/motorsport-rennveranstaltungen\\\/legends-cup\\\/#breadcrumb\"},\"inLanguage\":\"de\",\"potentialAction\":[{\"@type\":\"ReadAction\",\"target\":[\"https:\\\/\\\/padborgpark.dk\\\/de\\\/motorsport-rennveranstaltungen\\\/legends-cup\\\/\"]}]},{\"@type\":\"ImageObject\",\"inLanguage\":\"de\",\"@id\":\"https:\\\/\\\/padborgpark.dk\\\/de\\\/motorsport-rennveranstaltungen\\\/legends-cup\\\/#primaryimage\",\"url\":\"https:\\\/\\\/padborgpark.dk\\\/wp-content\\\/uploads\\\/2021\\\/03\\\/Tilmelding-\u2013-Legend-Car-serien.jpg\",\"contentUrl\":\"https:\\\/\\\/padborgpark.dk\\\/wp-content\\\/uploads\\\/2021\\\/03\\\/Tilmelding-\u2013-Legend-Car-serien.jpg\",\"width\":680,\"height\":450},{\"@type\":\"BreadcrumbList\",\"@id\":\"https:\\\/\\\/padborgpark.dk\\\/de\\\/motorsport-rennveranstaltungen\\\/legends-cup\\\/#breadcrumb\",\"itemListElement\":[{\"@type\":\"ListItem\",\"position\":1,\"name\":\"Motorsport Rennveranstaltungen\",\"item\":\"https:\\\/\\\/padborgpark.dk\\\/de\\\/motorsport-rennveranstaltungen\\\/\"},{\"@type\":\"ListItem\",\"position\":2,\"name\":\"OK Mobile 1 Legends Car Cup\"}]},{\"@type\":\"WebSite\",\"@id\":\"https:\\\/\\\/padborgpark.dk\\\/#website\",\"url\":\"https:\\\/\\\/padborgpark.dk\\\/\",\"name\":\"Padborg Park har bilerne og en motorbane p\u00e5 2150 meter\",\"description\":\"\",\"potentialAction\":[{\"@type\":\"SearchAction\",\"target\":{\"@type\":\"EntryPoint\",\"urlTemplate\":\"https:\\\/\\\/padborgpark.dk\\\/?s={search_term_string}\"},\"query-input\":{\"@type\":\"PropertyValueSpecification\",\"valueRequired\":true,\"valueName\":\"search_term_string\"}}],\"inLanguage\":\"de\"}]}<\/script>\n<!-- \/ Yoast SEO plugin. -->","yoast_head_json":{"title":"OK Mobile 1 Legends Car Cup - Padborg Park har bilerne og en motorbane p\u00e5 2150 meter","robots":{"index":"index","follow":"follow","max-snippet":"max-snippet:-1","max-image-preview":"max-image-preview:large","max-video-preview":"max-video-preview:-1"},"canonical":"https:\/\/padborgpark.dk\/de\/motorsport-rennveranstaltungen\/legends-cup\/","og_locale":"de_DE","og_type":"article","og_title":"OK Mobile 1 Legends Car Cup - Padborg Park har bilerne og en motorbane p\u00e5 2150 meter","og_description":"Die Autos f\u00fcr den OK Mobil 1 Legends Car Cup sind in sechs verschiedenen Modellen erh\u00e4ltlich: Sehen Sie sich die verschiedenen Modelle an, indem Sie hier klicken&#8230;.. OK Mobil 1 Legends Car Cup, umgangssprachlich &#8222;Legends&#8220; genannt, ist eine Rennklasse, die Sie seit 2009 auf d\u00e4nischem Boden erleben k\u00f6nnen. Die Fahrzeuge sehen auf den ersten Blick [&hellip;]","og_url":"https:\/\/padborgpark.dk\/de\/motorsport-rennveranstaltungen\/legends-cup\/","og_site_name":"Padborg Park har bilerne og en motorbane p\u00e5 2150 meter","article_publisher":"https:\/\/www.facebook.com\/PadborgPark\/","article_modified_time":"2021-01-25T05:27:14+00:00","og_image":[{"width":260,"height":150,"url":"https:\/\/padborgpark.dk\/wp-content\/uploads\/2021\/03\/006-1.jpg","type":"image\/jpeg"}],"twitter_misc":{"Gesch\u00e4tzte Lesezeit":"4\u00a0Minuten"},"schema":{"@context":"https:\/\/schema.org","@graph":[{"@type":"WebPage","@id":"https:\/\/padborgpark.dk\/de\/motorsport-rennveranstaltungen\/legends-cup\/","url":"https:\/\/padborgpark.dk\/de\/motorsport-rennveranstaltungen\/legends-cup\/","name":"OK Mobile 1 Legends Car Cup - Padborg Park har bilerne og en motorbane p\u00e5 2150 meter","isPartOf":{"@id":"https:\/\/padborgpark.dk\/#website"},"primaryImageOfPage":{"@id":"https:\/\/padborgpark.dk\/de\/motorsport-rennveranstaltungen\/legends-cup\/#primaryimage"},"image":{"@id":"https:\/\/padborgpark.dk\/de\/motorsport-rennveranstaltungen\/legends-cup\/#primaryimage"},"thumbnailUrl":"https:\/\/padborgpark.dk\/wp-content\/uploads\/2021\/03\/Tilmelding-\u2013-Legend-Car-serien.jpg","datePublished":"2020-02-25T08:00:51+00:00","dateModified":"2021-01-25T05:27:14+00:00","breadcrumb":{"@id":"https:\/\/padborgpark.dk\/de\/motorsport-rennveranstaltungen\/legends-cup\/#breadcrumb"},"inLanguage":"de","potentialAction":[{"@type":"ReadAction","target":["https:\/\/padborgpark.dk\/de\/motorsport-rennveranstaltungen\/legends-cup\/"]}]},{"@type":"ImageObject","inLanguage":"de","@id":"https:\/\/padborgpark.dk\/de\/motorsport-rennveranstaltungen\/legends-cup\/#primaryimage","url":"https:\/\/padborgpark.dk\/wp-content\/uploads\/2021\/03\/Tilmelding-\u2013-Legend-Car-serien.jpg","contentUrl":"https:\/\/padborgpark.dk\/wp-content\/uploads\/2021\/03\/Tilmelding-\u2013-Legend-Car-serien.jpg","width":680,"height":450},{"@type":"BreadcrumbList","@id":"https:\/\/padborgpark.dk\/de\/motorsport-rennveranstaltungen\/legends-cup\/#breadcrumb","itemListElement":[{"@type":"ListItem","position":1,"name":"Motorsport Rennveranstaltungen","item":"https:\/\/padborgpark.dk\/de\/motorsport-rennveranstaltungen\/"},{"@type":"ListItem","position":2,"name":"OK Mobile 1 Legends Car Cup"}]},{"@type":"WebSite","@id":"https:\/\/padborgpark.dk\/#website","url":"https:\/\/padborgpark.dk\/","name":"Padborg Park har bilerne og en motorbane p\u00e5 2150 meter","description":"","potentialAction":[{"@type":"SearchAction","target":{"@type":"EntryPoint","urlTemplate":"https:\/\/padborgpark.dk\/?s={search_term_string}"},"query-input":{"@type":"PropertyValueSpecification","valueRequired":true,"valueName":"search_term_string"}}],"inLanguage":"de"}]}},"_links":{"self":[{"href":"https:\/\/padborgpark.dk\/de\/wp-json\/wp\/v2\/pages\/8723","targetHints":{"allow":["GET"]}}],"collection":[{"href":"https:\/\/padborgpark.dk\/de\/wp-json\/wp\/v2\/pages"}],"about":[{"href":"https:\/\/padborgpark.dk\/de\/wp-json\/wp\/v2\/types\/page"}],"author":[{"embeddable":true,"href":"https:\/\/padborgpark.dk\/de\/wp-json\/wp\/v2\/users\/806299"}],"replies":[{"embeddable":true,"href":"https:\/\/padborgpark.dk\/de\/wp-json\/wp\/v2\/comments?post=8723"}],"version-history":[{"count":0,"href":"https:\/\/padborgpark.dk\/de\/wp-json\/wp\/v2\/pages\/8723\/revisions"}],"up":[{"embeddable":true,"href":"https:\/\/padborgpark.dk\/de\/wp-json\/wp\/v2\/pages\/8814"}],"wp:featuredmedia":[{"embeddable":true,"href":"https:\/\/padborgpark.dk\/de\/wp-json\/wp\/v2\/media\/9317006977"}],"wp:attachment":[{"href":"https:\/\/padborgpark.dk\/de\/wp-json\/wp\/v2\/media?parent=8723"}],"curies":[{"name":"wp","href":"https:\/\/api.w.org\/{rel}","templated":true}]}}