{"id":8835,"date":"2014-02-19T10:12:56","date_gmt":"2014-02-19T09:12:56","guid":{"rendered":"https:\/\/padborgpark.dk\/oplevelsesgaver\/"},"modified":"2026-01-30T14:06:16","modified_gmt":"2026-01-30T13:06:16","slug":"oplevelsesgaver","status":"publish","type":"page","link":"https:\/\/padborgpark.dk\/de\/oplevelsesgaver\/","title":{"rendered":"Geschenke erleben &#8211; Begeistern Sie jemanden, den Sie interessieren, mit einer Erfahrung Ihres Lebens"},"content":{"rendered":"<p>Ben\u00f6tigen Sie Inspiration f\u00fcr eine gute Geschenkidee? &#8211; Lesen Sie hier weiter und finden Sie viele Erfahrungsgeschenke mit voller Geschwindigkeit auf dem Feld sowie adrenalinreiche Fahrerlebnisse. Der Padborg Park hei\u00dft Sie in einem Paradies f\u00fcr jeden abenteuerlustigen und geschwindigkeitsliebenden Motorsportler willkommen. Mit Erfahrungsgeschenken von uns verschenken Sie Erinnerungen, die ein Leben lang anhalten.<\/p>\n<p>Auf der l\u00e4ngsten Autobahn D\u00e4nemarks k\u00f6nnen wir sowohl Geschenkkarten als auch arrangierte Veranstaltungen anbieten. Wir stellen oft fest, dass unsere Erfahrungsgeschenke von Frauen bestellt werden, die dem geschwindigkeitsliebenden Freund, Ehemann oder Konfirmanden gefallen wollen. Unsere vielen verschiedenen Angebote k\u00f6nnen jedoch sowohl M\u00e4nner als auch Frauen mit oder ohne Benzin im Blut auf eine schnelle Reise mitnehmen, die zweifellos hoch gesch\u00e4tzt wird. Wir sind daher bereit, unsere Erfahrungsgeschenke an spezielle W\u00fcnsche und Bed\u00fcrfnisse anzupassen und f\u00fcr jeden Geschmack etwas zu bieten.<\/p>\n<p>Der Padborg Park wird unter anderem f\u00fcr die d\u00e4nischen Meisterschaften der besten Rennfahrer des Landes genutzt und bietet daher Spa\u00df, herausfordernde Kurven, lange Strecken und eine einzige Bel\u00e4stigung.<\/p>\n<h1>Erleben Sie Geschenke, die eine lehrreiche, unterhaltsame und unvergessliche Erfahrung bieten<\/h1>\n<p>Egal, ob Sie einem Einzelnen Erfahrungsgeschenke machen oder ein ganzes Team von Freunden, Familie, Kollegen, Partnern oder anderen begeistern m\u00f6chten, wir haben garantiert die perfekte L\u00f6sung f\u00fcr Sie. Alle Veranstaltungen finden unter sicheren, ordnungsgem\u00e4\u00dfen Bedingungen und unter guter Anleitung durch qualifizierte Ausbilder statt.<br \/>\nUnsere Erfahrungsgeschenke k\u00f6nnen zum Beispiel aus einem der folgenden Pakete oder der Geschenkkarte bestehen, die dem Empf\u00e4nger die M\u00f6glichkeit gibt, zu w\u00e4hlen:<\/p>\n<p><a href=\"https:\/\/padborgpark.dk\/shop\/koer-selv\/lotus-elise-high-speed-tur\/\"><img decoding=\"async\" src=\"https:\/\/padborgpark.dk\/wp-content\/uploads\/2014\/02\/boks-hurtig-elise.jpg\" alt=\"boks-hurtig-elise\" width=\"193\" height=\"150\" \/><\/a>\u00a0\u00a0<a href=\"https:\/\/padborgpark.dk\/shop\/billetter-til-lob\/\"><img decoding=\"async\" src=\"https:\/\/padborgpark.dk\/wp-content\/uploads\/2014\/02\/boks-loeb.jpg\" alt=\"boks-loeb\" width=\"193\" height=\"150\" \/><\/a>\u00a0<a href=\"https:\/\/padborgpark.dk\/shop\/formel-et\/\"><img decoding=\"async\" src=\"https:\/\/padborgpark.dk\/wp-content\/uploads\/2014\/02\/boks-f1.jpg\" alt=\"boks-f1\" width=\"193\" height=\"150\" \/>\u00a0<\/a><a href=\"https:\/\/padborgpark.dk\/shop\/ferrari\/gavekort\/\"><img decoding=\"async\" src=\"https:\/\/padborgpark.dk\/wp-content\/uploads\/2014\/02\/boks-gavekort.jpg\" alt=\"boks-gavekort\" width=\"193\" height=\"150\" \/><\/a><\/p>\n<p>Lesen Sie mehr \u00fcber unsere verschiedenen Geschenkkarten <a href=\"\/?product_cat=kor-selv\">her<\/a>.<\/p>\n<p>Unsere Veranstaltungen k\u00f6nnen Sie w\u00e4hrend einer schnellen Fahrt mit einem echten Rennfahrer auf den Beifahrersitz setzen und Ihnen die M\u00f6glichkeit geben, die Kontrolle \u00fcber alles zu \u00fcbernehmen, von Oldtimern \u00fcber Motorr\u00e4der, Lotus, Porsche, KTM X-Bow, Audi R8 bis hin zu einem Formel-1-Rennfahrer. Treten Sie in einem berauschenden Rennen gegen andere an.<\/p>\n<p>Unsere gro\u00dfe Auswahl an schicken Autos umfasst Lotus Elise, Porsche, KTM X-Bow, Formel-1-Renner, Legend-Autos und andere Marken und Modelle.<\/p>\n<h3>Wenn Sie jemandem, den Sie interessieren, eine einzigartige Erfahrung Ihres Lebens bieten m\u00f6chten, k\u00f6nnen Sie sich jederzeit gerne an uns wenden. Wir freuen uns von Ihnen zu h\u00f6ren<\/h3>\n<p>Wenn Sie an einer Geschenkkarte interessiert sind, k\u00f6nnen Sie zwischen bestimmten Veranstaltungen oder einer bestimmten Preisspanne w\u00e4hlen. Weitere Informationen zu unseren vielen verschiedenen, aber aufregenden und atemberaubenden Veranstaltungen und Angeboten finden Sie hier auf der Website. Sind Sie in einer Gruppe, kontaktieren Sie uns bitte f\u00fcr eine besondere Veranstaltung. Wenn Sie nicht an den Tagen teilnehmen k\u00f6nnen, die dem Kalender hinzugef\u00fcgt wurden &#8211; kontaktieren Sie uns, wir helfen Ihnen gerne bei der Suche nach einer L\u00f6sung, die alle gl\u00fccklich macht.<\/p>\n<p>Padborg Park &#8211; Ihr Weg zu Geschwindigkeit und Spannung.<\/p>\n","protected":false},"excerpt":{"rendered":"<p>Ben\u00f6tigen Sie Inspiration f\u00fcr eine gute Geschenkidee? &#8211; Lesen Sie hier weiter und finden Sie viele Erfahrungsgeschenke mit voller Geschwindigkeit auf dem Feld sowie adrenalinreiche Fahrerlebnisse. Der Padborg Park hei\u00dft Sie in einem Paradies f\u00fcr jeden abenteuerlustigen und geschwindigkeitsliebenden Motorsportler willkommen. Mit Erfahrungsgeschenken von uns verschenken Sie Erinnerungen, die ein Leben lang anhalten. Auf der [&hellip;]<\/p>\n","protected":false},"author":806299,"featured_media":0,"parent":0,"menu_order":2,"comment_status":"closed","ping_status":"closed","template":"template-full_width.php","meta":{"_acf_changed":false,"_monsterinsights_skip_tracking":false,"_monsterinsights_sitenote_active":false,"_monsterinsights_sitenote_note":"","_monsterinsights_sitenote_category":0,"footnotes":""},"class_list":["post-8835","page","type-page","status-publish","hentry"],"acf":[],"yoast_head":"<!-- This site is optimized with the Yoast SEO plugin v27.3 - https:\/\/yoast.com\/product\/yoast-seo-wordpress\/ -->\n<title>Erlebnisgeschenke rund um Autorennen und Rennwagen<\/title>\n<meta name=\"description\" content=\"Jeder erinnert sich an seine erste Fahrt in unseren schnellen Autos, deshalb ist es eines der besten Erlebnisgeschenke, die man machen kann.\" \/>\n<meta name=\"robots\" content=\"index, follow, max-snippet:-1, max-image-preview:large, max-video-preview:-1\" \/>\n<link rel=\"canonical\" href=\"https:\/\/padborgpark.dk\/de\/oplevelsesgaver\/\" \/>\n<meta property=\"og:locale\" content=\"de_DE\" \/>\n<meta property=\"og:type\" content=\"article\" \/>\n<meta property=\"og:title\" content=\"Erlebnisgeschenke rund um Autorennen und Rennwagen\" \/>\n<meta property=\"og:description\" content=\"Jeder erinnert sich an seine erste Fahrt in unseren schnellen Autos, deshalb ist es eines der besten Erlebnisgeschenke, die man machen kann.\" \/>\n<meta property=\"og:url\" content=\"https:\/\/padborgpark.dk\/de\/oplevelsesgaver\/\" \/>\n<meta property=\"og:site_name\" content=\"Padborg Park har bilerne og en motorbane p\u00e5 2150 meter\" \/>\n<meta property=\"article:publisher\" content=\"https:\/\/www.facebook.com\/PadborgPark\/\" \/>\n<meta property=\"article:modified_time\" content=\"2026-01-30T13:06:16+00:00\" \/>\n<meta property=\"og:image\" content=\"https:\/\/padborgpark.dk\/wp-content\/uploads\/2014\/02\/boks-hurtig-elise.jpg\" \/>\n<meta name=\"twitter:label1\" content=\"Gesch\u00e4tzte Lesezeit\" \/>\n\t<meta name=\"twitter:data1\" content=\"4\u00a0Minuten\" \/>\n<script type=\"application\/ld+json\" class=\"yoast-schema-graph\">{\"@context\":\"https:\\\/\\\/schema.org\",\"@graph\":[{\"@type\":\"WebPage\",\"@id\":\"https:\\\/\\\/padborgpark.dk\\\/de\\\/oplevelsesgaver\\\/\",\"url\":\"https:\\\/\\\/padborgpark.dk\\\/de\\\/oplevelsesgaver\\\/\",\"name\":\"Erlebnisgeschenke rund um Autorennen und Rennwagen\",\"isPartOf\":{\"@id\":\"https:\\\/\\\/padborgpark.dk\\\/#website\"},\"primaryImageOfPage\":{\"@id\":\"https:\\\/\\\/padborgpark.dk\\\/de\\\/oplevelsesgaver\\\/#primaryimage\"},\"image\":{\"@id\":\"https:\\\/\\\/padborgpark.dk\\\/de\\\/oplevelsesgaver\\\/#primaryimage\"},\"thumbnailUrl\":\"https:\\\/\\\/padborgpark.dk\\\/wp-content\\\/uploads\\\/2014\\\/02\\\/boks-hurtig-elise.jpg\",\"datePublished\":\"2014-02-19T09:12:56+00:00\",\"dateModified\":\"2026-01-30T13:06:16+00:00\",\"description\":\"Jeder erinnert sich an seine erste Fahrt in unseren schnellen Autos, deshalb ist es eines der besten Erlebnisgeschenke, die man machen kann.\",\"inLanguage\":\"de\",\"potentialAction\":[{\"@type\":\"ReadAction\",\"target\":[\"https:\\\/\\\/padborgpark.dk\\\/de\\\/oplevelsesgaver\\\/\"]}]},{\"@type\":\"ImageObject\",\"inLanguage\":\"de\",\"@id\":\"https:\\\/\\\/padborgpark.dk\\\/de\\\/oplevelsesgaver\\\/#primaryimage\",\"url\":\"https:\\\/\\\/padborgpark.dk\\\/wp-content\\\/uploads\\\/2014\\\/02\\\/boks-hurtig-elise.jpg\",\"contentUrl\":\"https:\\\/\\\/padborgpark.dk\\\/wp-content\\\/uploads\\\/2014\\\/02\\\/boks-hurtig-elise.jpg\"},{\"@type\":\"WebSite\",\"@id\":\"https:\\\/\\\/padborgpark.dk\\\/#website\",\"url\":\"https:\\\/\\\/padborgpark.dk\\\/\",\"name\":\"Padborg Park har bilerne og en motorbane p\u00e5 2150 meter\",\"description\":\"\",\"potentialAction\":[{\"@type\":\"SearchAction\",\"target\":{\"@type\":\"EntryPoint\",\"urlTemplate\":\"https:\\\/\\\/padborgpark.dk\\\/?s={search_term_string}\"},\"query-input\":{\"@type\":\"PropertyValueSpecification\",\"valueRequired\":true,\"valueName\":\"search_term_string\"}}],\"inLanguage\":\"de\"}]}<\/script>\n<!-- \/ Yoast SEO plugin. -->","yoast_head_json":{"title":"Erlebnisgeschenke rund um Autorennen und Rennwagen","description":"Jeder erinnert sich an seine erste Fahrt in unseren schnellen Autos, deshalb ist es eines der besten Erlebnisgeschenke, die man machen kann.","robots":{"index":"index","follow":"follow","max-snippet":"max-snippet:-1","max-image-preview":"max-image-preview:large","max-video-preview":"max-video-preview:-1"},"canonical":"https:\/\/padborgpark.dk\/de\/oplevelsesgaver\/","og_locale":"de_DE","og_type":"article","og_title":"Erlebnisgeschenke rund um Autorennen und Rennwagen","og_description":"Jeder erinnert sich an seine erste Fahrt in unseren schnellen Autos, deshalb ist es eines der besten Erlebnisgeschenke, die man machen kann.","og_url":"https:\/\/padborgpark.dk\/de\/oplevelsesgaver\/","og_site_name":"Padborg Park har bilerne og en motorbane p\u00e5 2150 meter","article_publisher":"https:\/\/www.facebook.com\/PadborgPark\/","article_modified_time":"2026-01-30T13:06:16+00:00","og_image":[{"url":"https:\/\/padborgpark.dk\/wp-content\/uploads\/2014\/02\/boks-hurtig-elise.jpg","type":"","width":"","height":""}],"twitter_misc":{"Gesch\u00e4tzte Lesezeit":"4\u00a0Minuten"},"schema":{"@context":"https:\/\/schema.org","@graph":[{"@type":"WebPage","@id":"https:\/\/padborgpark.dk\/de\/oplevelsesgaver\/","url":"https:\/\/padborgpark.dk\/de\/oplevelsesgaver\/","name":"Erlebnisgeschenke rund um Autorennen und Rennwagen","isPartOf":{"@id":"https:\/\/padborgpark.dk\/#website"},"primaryImageOfPage":{"@id":"https:\/\/padborgpark.dk\/de\/oplevelsesgaver\/#primaryimage"},"image":{"@id":"https:\/\/padborgpark.dk\/de\/oplevelsesgaver\/#primaryimage"},"thumbnailUrl":"https:\/\/padborgpark.dk\/wp-content\/uploads\/2014\/02\/boks-hurtig-elise.jpg","datePublished":"2014-02-19T09:12:56+00:00","dateModified":"2026-01-30T13:06:16+00:00","description":"Jeder erinnert sich an seine erste Fahrt in unseren schnellen Autos, deshalb ist es eines der besten Erlebnisgeschenke, die man machen kann.","inLanguage":"de","potentialAction":[{"@type":"ReadAction","target":["https:\/\/padborgpark.dk\/de\/oplevelsesgaver\/"]}]},{"@type":"ImageObject","inLanguage":"de","@id":"https:\/\/padborgpark.dk\/de\/oplevelsesgaver\/#primaryimage","url":"https:\/\/padborgpark.dk\/wp-content\/uploads\/2014\/02\/boks-hurtig-elise.jpg","contentUrl":"https:\/\/padborgpark.dk\/wp-content\/uploads\/2014\/02\/boks-hurtig-elise.jpg"},{"@type":"WebSite","@id":"https:\/\/padborgpark.dk\/#website","url":"https:\/\/padborgpark.dk\/","name":"Padborg Park har bilerne og en motorbane p\u00e5 2150 meter","description":"","potentialAction":[{"@type":"SearchAction","target":{"@type":"EntryPoint","urlTemplate":"https:\/\/padborgpark.dk\/?s={search_term_string}"},"query-input":{"@type":"PropertyValueSpecification","valueRequired":true,"valueName":"search_term_string"}}],"inLanguage":"de"}]}},"_links":{"self":[{"href":"https:\/\/padborgpark.dk\/de\/wp-json\/wp\/v2\/pages\/8835","targetHints":{"allow":["GET"]}}],"collection":[{"href":"https:\/\/padborgpark.dk\/de\/wp-json\/wp\/v2\/pages"}],"about":[{"href":"https:\/\/padborgpark.dk\/de\/wp-json\/wp\/v2\/types\/page"}],"author":[{"embeddable":true,"href":"https:\/\/padborgpark.dk\/de\/wp-json\/wp\/v2\/users\/806299"}],"replies":[{"embeddable":true,"href":"https:\/\/padborgpark.dk\/de\/wp-json\/wp\/v2\/comments?post=8835"}],"version-history":[{"count":1,"href":"https:\/\/padborgpark.dk\/de\/wp-json\/wp\/v2\/pages\/8835\/revisions"}],"predecessor-version":[{"id":9317017489,"href":"https:\/\/padborgpark.dk\/de\/wp-json\/wp\/v2\/pages\/8835\/revisions\/9317017489"}],"wp:attachment":[{"href":"https:\/\/padborgpark.dk\/de\/wp-json\/wp\/v2\/media?parent=8835"}],"curies":[{"name":"wp","href":"https:\/\/api.w.org\/{rel}","templated":true}]}}