{"id":8843,"date":"2026-01-19T16:06:50","date_gmt":"2026-01-19T15:06:50","guid":{"rendered":"https:\/\/padborgpark.dk\/motorsport\/testdage\/"},"modified":"2026-04-14T09:01:44","modified_gmt":"2026-04-14T08:01:44","slug":"testtage-fuer-rennautos-im-padborg-park","status":"publish","type":"page","link":"https:\/\/padborgpark.dk\/de\/motorsport-rennveranstaltungen\/testtage-fuer-rennautos-im-padborg-park\/","title":{"rendered":"Testtage f\u00fcr Rennautos im Padborg Park"},"content":{"rendered":"<p><span style=\"font-size: medium;\"><a href=\"https:\/\/padborgpark.dk\/de\/vare\/testtag-wenig-laerm\/\" target=\"_blank\" rel=\"noopener\">Testtage &#8211; wenig L\u00e4rm &#8211; hier dr\u00fccken<\/a><\/span><\/p>\n<p><a href=\"https:\/\/padborgpark.dk\/de\/vare\/testtag-hohe-laermbelastung\/\" target=\"_blank\" rel=\"noopener\">Testtage &#8211; Hohe L\u00e4rmbelastung &#8211; hier Dr\u00fccken<\/a><\/p>\n<p><!--StartFragment --><\/p>\n<p>Von Mitte M\u00e4rz bis Mitte November ist fast jeder Mittwoch f\u00fcr Testtage im Padborg Park reserviert. An jedem Testtag sind mindestens ein Official und ein R\u00e4umfahrzeug vor Ort.<\/p>\n<p>Der Preis pro Fahrzeug f\u00fcr die Teilnahme am Testtag betr\u00e4gt <strong>5.000 DKK (inkl. MwSt.)<\/strong> f\u00fcr Fahrzeuge mit geringem Ger\u00e4uschpegel.<br \/>F\u00fcr Fahrzeuge, die Schwierigkeiten haben, die Ger\u00e4uschgrenzwerte einzuhalten (z.\u202fB. DTC, SSC, Ferrari usw.), betr\u00e4gt der Preis <strong>6.875 DKK (inkl. MwSt.)<\/strong> pro Fahrzeug.<\/p>\n<p><strong>Die angegebenen Preise gelten f\u00fcr 2026.<\/strong><\/p>\n<p>Bitte denken Sie daran, dass alle Fahrzeuge an Testtagen mit einem Transponder fahren m\u00fcssen.<\/p>\n<p>Alle Test- und Trainingstage im Padborg Park finden gem\u00e4\u00df den geltenden Umweltbestimmungen statt.<br \/>Das Fahren erfolgt auf eigene Verantwortung; Sch\u00e4den an Anlage, Leitplanken, Werbeschildern usw. werden vom Verursacher getragen.<br \/>Bitte beachten Sie au\u00dferdem unsere allgemeinen Mietbedingungen, die im Padborg Park erh\u00e4ltlich sind.<\/p>\n<p>Ein Testtag findet in der Regel von ca. 8.00 bis 16.00 Uhr statt.<\/p>\n<p><strong>Wichtiger Hinweis:<\/strong><br \/>Wenn ein Teilnehmer <strong>mit dem Training beginnt, ohne sich vorher anzumelden<\/strong>, wird eine zus\u00e4tzliche Geb\u00fchr von <strong>300 DKK (inkl. MwSt.)<\/strong> erhoben.<br \/>Es liegt in der Verantwortung des Teilnehmers, sich <strong>vor Beginn des Trainings<\/strong> ordnungsgem\u00e4\u00df anzumelden.<\/p>\n<p>Alle Ger\u00e4uschmessungen erfolgen am offiziellen Messpunkt des Padborg Park. Die Messwerte d\u00fcrfen <strong>99 dB<\/strong> nicht \u00fcberschreiten.<br \/>Eine \u00dcberschreitung f\u00fchrt zu l\u00e4ngeren Unterbrechungen und kann zum Ausschluss sowie zum Verlust der Teilnahmegeb\u00fchr f\u00fchren.<\/p>\n<p>Daher empfehlen wir dringend, die Fahrzeuge bereits zu Hause so leise wie m\u00f6glich vorzubereiten.<!--EndFragment --><\/p>\n","protected":false},"excerpt":{"rendered":"<p>Testtage &#8211; wenig L\u00e4rm &#8211; hier dr\u00fccken Testtage &#8211; Hohe L\u00e4rmbelastung &#8211; hier Dr\u00fccken Von Mitte M\u00e4rz bis Mitte November ist fast jeder Mittwoch f\u00fcr Testtage im Padborg Park reserviert. An jedem Testtag sind mindestens ein Official und ein R\u00e4umfahrzeug vor Ort. Der Preis pro Fahrzeug f\u00fcr die Teilnahme am Testtag betr\u00e4gt 5.000 DKK (inkl. [&hellip;]<\/p>\n","protected":false},"author":806299,"featured_media":9317009937,"parent":8814,"menu_order":7,"comment_status":"open","ping_status":"closed","template":"","meta":{"_acf_changed":false,"_monsterinsights_skip_tracking":false,"_monsterinsights_sitenote_active":false,"_monsterinsights_sitenote_note":"","_monsterinsights_sitenote_category":0,"footnotes":""},"class_list":["post-8843","page","type-page","status-publish","has-post-thumbnail","hentry"],"acf":[],"yoast_head":"<!-- This site is optimized with the Yoast SEO plugin v27.3 - https:\/\/yoast.com\/product\/yoast-seo-wordpress\/ -->\n<title>Testtage f\u00fcr Rennautos im Padborg Park - Padborg Park har bilerne og en motorbane p\u00e5 2150 meter<\/title>\n<meta name=\"description\" content=\"Testtage f\u00fcr Rennautos im Padborg Park In der Zeit vom M\u00e4rz bis mitte November\u00a0 \u00a0 ist fast jeder Mittwoch f\u00fcr Tests im Padborg Park reserviert\" \/>\n<meta name=\"robots\" content=\"index, follow, max-snippet:-1, max-image-preview:large, max-video-preview:-1\" \/>\n<link rel=\"canonical\" href=\"https:\/\/padborgpark.dk\/de\/motorsport-rennveranstaltungen\/testtage-fuer-rennautos-im-padborg-park\/\" \/>\n<meta property=\"og:locale\" content=\"de_DE\" \/>\n<meta property=\"og:type\" content=\"article\" \/>\n<meta property=\"og:title\" content=\"Testtage f\u00fcr Rennautos im Padborg Park - Padborg Park har bilerne og en motorbane p\u00e5 2150 meter\" \/>\n<meta property=\"og:description\" content=\"Testtage f\u00fcr Rennautos im Padborg Park In der Zeit vom M\u00e4rz bis mitte November\u00a0 \u00a0 ist fast jeder Mittwoch f\u00fcr Tests im Padborg Park reserviert\" \/>\n<meta property=\"og:url\" content=\"https:\/\/padborgpark.dk\/de\/motorsport-rennveranstaltungen\/testtage-fuer-rennautos-im-padborg-park\/\" \/>\n<meta property=\"og:site_name\" content=\"Padborg Park har bilerne og en motorbane p\u00e5 2150 meter\" \/>\n<meta property=\"article:publisher\" content=\"https:\/\/www.facebook.com\/PadborgPark\/\" \/>\n<meta property=\"article:modified_time\" content=\"2026-04-14T08:01:44+00:00\" \/>\n<meta property=\"og:image\" content=\"https:\/\/padborgpark.dk\/wp-content\/uploads\/2022\/02\/Rene-mitjet-billeder-15.jpg\" \/>\n\t<meta property=\"og:image:width\" content=\"1024\" \/>\n\t<meta property=\"og:image:height\" content=\"678\" \/>\n\t<meta property=\"og:image:type\" content=\"image\/jpeg\" \/>\n<meta name=\"twitter:label1\" content=\"Gesch\u00e4tzte Lesezeit\" \/>\n\t<meta name=\"twitter:data1\" content=\"2\u00a0Minuten\" \/>\n<script type=\"application\/ld+json\" class=\"yoast-schema-graph\">{\"@context\":\"https:\\\/\\\/schema.org\",\"@graph\":[{\"@type\":\"WebPage\",\"@id\":\"https:\\\/\\\/padborgpark.dk\\\/de\\\/motorsport-rennveranstaltungen\\\/testtage-fuer-rennautos-im-padborg-park\\\/\",\"url\":\"https:\\\/\\\/padborgpark.dk\\\/de\\\/motorsport-rennveranstaltungen\\\/testtage-fuer-rennautos-im-padborg-park\\\/\",\"name\":\"Testtage f\u00fcr Rennautos im Padborg Park - Padborg Park har bilerne og en motorbane p\u00e5 2150 meter\",\"isPartOf\":{\"@id\":\"https:\\\/\\\/padborgpark.dk\\\/#website\"},\"primaryImageOfPage\":{\"@id\":\"https:\\\/\\\/padborgpark.dk\\\/de\\\/motorsport-rennveranstaltungen\\\/testtage-fuer-rennautos-im-padborg-park\\\/#primaryimage\"},\"image\":{\"@id\":\"https:\\\/\\\/padborgpark.dk\\\/de\\\/motorsport-rennveranstaltungen\\\/testtage-fuer-rennautos-im-padborg-park\\\/#primaryimage\"},\"thumbnailUrl\":\"https:\\\/\\\/padborgpark.dk\\\/wp-content\\\/uploads\\\/2022\\\/02\\\/Rene-mitjet-billeder-15.jpg\",\"datePublished\":\"2026-01-19T15:06:50+00:00\",\"dateModified\":\"2026-04-14T08:01:44+00:00\",\"description\":\"Testtage f\u00fcr Rennautos im Padborg Park In der Zeit vom M\u00e4rz bis mitte November\u00a0 \u00a0 ist fast jeder Mittwoch f\u00fcr Tests im Padborg Park reserviert\",\"breadcrumb\":{\"@id\":\"https:\\\/\\\/padborgpark.dk\\\/de\\\/motorsport-rennveranstaltungen\\\/testtage-fuer-rennautos-im-padborg-park\\\/#breadcrumb\"},\"inLanguage\":\"de\",\"potentialAction\":[{\"@type\":\"ReadAction\",\"target\":[\"https:\\\/\\\/padborgpark.dk\\\/de\\\/motorsport-rennveranstaltungen\\\/testtage-fuer-rennautos-im-padborg-park\\\/\"]}]},{\"@type\":\"ImageObject\",\"inLanguage\":\"de\",\"@id\":\"https:\\\/\\\/padborgpark.dk\\\/de\\\/motorsport-rennveranstaltungen\\\/testtage-fuer-rennautos-im-padborg-park\\\/#primaryimage\",\"url\":\"https:\\\/\\\/padborgpark.dk\\\/wp-content\\\/uploads\\\/2022\\\/02\\\/Rene-mitjet-billeder-15.jpg\",\"contentUrl\":\"https:\\\/\\\/padborgpark.dk\\\/wp-content\\\/uploads\\\/2022\\\/02\\\/Rene-mitjet-billeder-15.jpg\",\"width\":1024,\"height\":678,\"caption\":\"Mitjet # 14 + 15\"},{\"@type\":\"BreadcrumbList\",\"@id\":\"https:\\\/\\\/padborgpark.dk\\\/de\\\/motorsport-rennveranstaltungen\\\/testtage-fuer-rennautos-im-padborg-park\\\/#breadcrumb\",\"itemListElement\":[{\"@type\":\"ListItem\",\"position\":1,\"name\":\"Motorsport Rennveranstaltungen\",\"item\":\"https:\\\/\\\/padborgpark.dk\\\/de\\\/motorsport-rennveranstaltungen\\\/\"},{\"@type\":\"ListItem\",\"position\":2,\"name\":\"Testtage f\u00fcr Rennautos im Padborg Park\"}]},{\"@type\":\"WebSite\",\"@id\":\"https:\\\/\\\/padborgpark.dk\\\/#website\",\"url\":\"https:\\\/\\\/padborgpark.dk\\\/\",\"name\":\"Padborg Park har bilerne og en motorbane p\u00e5 2150 meter\",\"description\":\"\",\"potentialAction\":[{\"@type\":\"SearchAction\",\"target\":{\"@type\":\"EntryPoint\",\"urlTemplate\":\"https:\\\/\\\/padborgpark.dk\\\/?s={search_term_string}\"},\"query-input\":{\"@type\":\"PropertyValueSpecification\",\"valueRequired\":true,\"valueName\":\"search_term_string\"}}],\"inLanguage\":\"de\"}]}<\/script>\n<!-- \/ Yoast SEO plugin. -->","yoast_head_json":{"title":"Testtage f\u00fcr Rennautos im Padborg Park - Padborg Park har bilerne og en motorbane p\u00e5 2150 meter","description":"Testtage f\u00fcr Rennautos im Padborg Park In der Zeit vom M\u00e4rz bis mitte November\u00a0 \u00a0 ist fast jeder Mittwoch f\u00fcr Tests im Padborg Park reserviert","robots":{"index":"index","follow":"follow","max-snippet":"max-snippet:-1","max-image-preview":"max-image-preview:large","max-video-preview":"max-video-preview:-1"},"canonical":"https:\/\/padborgpark.dk\/de\/motorsport-rennveranstaltungen\/testtage-fuer-rennautos-im-padborg-park\/","og_locale":"de_DE","og_type":"article","og_title":"Testtage f\u00fcr Rennautos im Padborg Park - Padborg Park har bilerne og en motorbane p\u00e5 2150 meter","og_description":"Testtage f\u00fcr Rennautos im Padborg Park In der Zeit vom M\u00e4rz bis mitte November\u00a0 \u00a0 ist fast jeder Mittwoch f\u00fcr Tests im Padborg Park reserviert","og_url":"https:\/\/padborgpark.dk\/de\/motorsport-rennveranstaltungen\/testtage-fuer-rennautos-im-padborg-park\/","og_site_name":"Padborg Park har bilerne og en motorbane p\u00e5 2150 meter","article_publisher":"https:\/\/www.facebook.com\/PadborgPark\/","article_modified_time":"2026-04-14T08:01:44+00:00","og_image":[{"width":1024,"height":678,"url":"https:\/\/padborgpark.dk\/wp-content\/uploads\/2022\/02\/Rene-mitjet-billeder-15.jpg","type":"image\/jpeg"}],"twitter_misc":{"Gesch\u00e4tzte Lesezeit":"2\u00a0Minuten"},"schema":{"@context":"https:\/\/schema.org","@graph":[{"@type":"WebPage","@id":"https:\/\/padborgpark.dk\/de\/motorsport-rennveranstaltungen\/testtage-fuer-rennautos-im-padborg-park\/","url":"https:\/\/padborgpark.dk\/de\/motorsport-rennveranstaltungen\/testtage-fuer-rennautos-im-padborg-park\/","name":"Testtage f\u00fcr Rennautos im Padborg Park - Padborg Park har bilerne og en motorbane p\u00e5 2150 meter","isPartOf":{"@id":"https:\/\/padborgpark.dk\/#website"},"primaryImageOfPage":{"@id":"https:\/\/padborgpark.dk\/de\/motorsport-rennveranstaltungen\/testtage-fuer-rennautos-im-padborg-park\/#primaryimage"},"image":{"@id":"https:\/\/padborgpark.dk\/de\/motorsport-rennveranstaltungen\/testtage-fuer-rennautos-im-padborg-park\/#primaryimage"},"thumbnailUrl":"https:\/\/padborgpark.dk\/wp-content\/uploads\/2022\/02\/Rene-mitjet-billeder-15.jpg","datePublished":"2026-01-19T15:06:50+00:00","dateModified":"2026-04-14T08:01:44+00:00","description":"Testtage f\u00fcr Rennautos im Padborg Park In der Zeit vom M\u00e4rz bis mitte November\u00a0 \u00a0 ist fast jeder Mittwoch f\u00fcr Tests im Padborg Park reserviert","breadcrumb":{"@id":"https:\/\/padborgpark.dk\/de\/motorsport-rennveranstaltungen\/testtage-fuer-rennautos-im-padborg-park\/#breadcrumb"},"inLanguage":"de","potentialAction":[{"@type":"ReadAction","target":["https:\/\/padborgpark.dk\/de\/motorsport-rennveranstaltungen\/testtage-fuer-rennautos-im-padborg-park\/"]}]},{"@type":"ImageObject","inLanguage":"de","@id":"https:\/\/padborgpark.dk\/de\/motorsport-rennveranstaltungen\/testtage-fuer-rennautos-im-padborg-park\/#primaryimage","url":"https:\/\/padborgpark.dk\/wp-content\/uploads\/2022\/02\/Rene-mitjet-billeder-15.jpg","contentUrl":"https:\/\/padborgpark.dk\/wp-content\/uploads\/2022\/02\/Rene-mitjet-billeder-15.jpg","width":1024,"height":678,"caption":"Mitjet # 14 + 15"},{"@type":"BreadcrumbList","@id":"https:\/\/padborgpark.dk\/de\/motorsport-rennveranstaltungen\/testtage-fuer-rennautos-im-padborg-park\/#breadcrumb","itemListElement":[{"@type":"ListItem","position":1,"name":"Motorsport Rennveranstaltungen","item":"https:\/\/padborgpark.dk\/de\/motorsport-rennveranstaltungen\/"},{"@type":"ListItem","position":2,"name":"Testtage f\u00fcr Rennautos im Padborg Park"}]},{"@type":"WebSite","@id":"https:\/\/padborgpark.dk\/#website","url":"https:\/\/padborgpark.dk\/","name":"Padborg Park har bilerne og en motorbane p\u00e5 2150 meter","description":"","potentialAction":[{"@type":"SearchAction","target":{"@type":"EntryPoint","urlTemplate":"https:\/\/padborgpark.dk\/?s={search_term_string}"},"query-input":{"@type":"PropertyValueSpecification","valueRequired":true,"valueName":"search_term_string"}}],"inLanguage":"de"}]}},"_links":{"self":[{"href":"https:\/\/padborgpark.dk\/de\/wp-json\/wp\/v2\/pages\/8843","targetHints":{"allow":["GET"]}}],"collection":[{"href":"https:\/\/padborgpark.dk\/de\/wp-json\/wp\/v2\/pages"}],"about":[{"href":"https:\/\/padborgpark.dk\/de\/wp-json\/wp\/v2\/types\/page"}],"author":[{"embeddable":true,"href":"https:\/\/padborgpark.dk\/de\/wp-json\/wp\/v2\/users\/806299"}],"replies":[{"embeddable":true,"href":"https:\/\/padborgpark.dk\/de\/wp-json\/wp\/v2\/comments?post=8843"}],"version-history":[{"count":6,"href":"https:\/\/padborgpark.dk\/de\/wp-json\/wp\/v2\/pages\/8843\/revisions"}],"predecessor-version":[{"id":9317024921,"href":"https:\/\/padborgpark.dk\/de\/wp-json\/wp\/v2\/pages\/8843\/revisions\/9317024921"}],"up":[{"embeddable":true,"href":"https:\/\/padborgpark.dk\/de\/wp-json\/wp\/v2\/pages\/8814"}],"wp:featuredmedia":[{"embeddable":true,"href":"https:\/\/padborgpark.dk\/de\/wp-json\/wp\/v2\/media\/9317009937"}],"wp:attachment":[{"href":"https:\/\/padborgpark.dk\/de\/wp-json\/wp\/v2\/media?parent=8843"}],"curies":[{"name":"wp","href":"https:\/\/api.w.org\/{rel}","templated":true}]}}