{"id":9317017366,"date":"2024-12-11T13:23:04","date_gmt":"2024-12-11T12:23:04","guid":{"rendered":"https:\/\/padborgpark.dk\/betingelser-for-nyhedsbrev\/"},"modified":"2026-01-30T09:08:34","modified_gmt":"2026-01-30T08:08:34","slug":"bedingungen-fuer-den-newsletter","status":"publish","type":"page","link":"https:\/\/padborgpark.dk\/de\/bedingungen-fuer-den-newsletter\/","title":{"rendered":"Bedingungen f\u00fcr den Newsletter"},"content":{"rendered":"<h3>Ja, ich m\u00f6chte den Newsletter von Padborg Park erhalten.<\/h3>\n<p>Wenn Sie sich f\u00fcr den Erhalt des Newsletters von Padborg Park entscheiden, erkl\u00e4ren Sie sich damit einverstanden, dass Padborg Park Ihnen Marketingmaterial per E-Mail zusendet, darunter Angebote, Kampagnen, Produktinformationen, Produktneuheiten, Einladungen, Wettbewerbe, Veranstaltungen und Neuigkeiten aus dem Unternehmen.<\/p>\n<p>Um die Werbung f\u00fcr Sie so relevant wie m\u00f6glich zu gestalten, darf Padborg Park, soweit dies f\u00fcr die Ausrichtung der Werbung erforderlich ist, die Angaben verwenden, die Sie in Ihrem Profil zu Ihren Interessen und anderen Schwerpunkten gemacht haben.<\/p>\n<p>Sie erkl\u00e4ren sich damit einverstanden, dass Padborg Park die von Ihnen f\u00fcr die oben genannten Zwecke angegebenen personenbezogenen Daten erhebt, verarbeitet und speichert.<\/p>\n<p>Sie k\u00f6nnen Padborg Park unter folgender Adresse kontaktieren <a href=\"mailto:info@padborgpark.dk\" target=\"_blank\" rel=\"noopener\">info@padborgpark.dk<\/a> wenn Sie Fragen haben.\u00a0<\/p>\n<p>Die Einwilligung kann jederzeit widerrufen werden \u00fcber <a href=\"mailto:info@padborgpark.dk\" target=\"_blank\" rel=\"noopener\">info@padborgpark.dk<\/a> in jeder einzelnen E-Mail von Padborg Park.<\/p>\n","protected":false},"excerpt":{"rendered":"<p>Ja, ich m\u00f6chte den Newsletter von Padborg Park erhalten. Wenn Sie sich f\u00fcr den Erhalt des Newsletters von Padborg Park entscheiden, erkl\u00e4ren Sie sich damit einverstanden, dass Padborg Park Ihnen Marketingmaterial per E-Mail zusendet, darunter Angebote, Kampagnen, Produktinformationen, Produktneuheiten, Einladungen, Wettbewerbe, Veranstaltungen und Neuigkeiten aus dem Unternehmen. Um die Werbung f\u00fcr Sie so relevant wie [&hellip;]<\/p>\n","protected":false},"author":806305,"featured_media":0,"parent":0,"menu_order":0,"comment_status":"closed","ping_status":"closed","template":"","meta":{"_acf_changed":false,"_monsterinsights_skip_tracking":false,"_monsterinsights_sitenote_active":false,"_monsterinsights_sitenote_note":"","_monsterinsights_sitenote_category":0,"footnotes":""},"class_list":["post-9317017366","page","type-page","status-publish","hentry"],"acf":[],"yoast_head":"<!-- This site is optimized with the Yoast SEO plugin v27.3 - https:\/\/yoast.com\/product\/yoast-seo-wordpress\/ -->\n<title>Bedingungen f\u00fcr die Anmeldung zum Newsletter<\/title>\n<meta name=\"description\" content=\"Hier kannst du die Bedingungen von Padborg Park lesen, die gelten, wenn du dich f\u00fcr unseren Newsletter anmeldest.\" \/>\n<meta name=\"robots\" content=\"index, follow, max-snippet:-1, max-image-preview:large, max-video-preview:-1\" \/>\n<link rel=\"canonical\" href=\"https:\/\/padborgpark.dk\/de\/bedingungen-fuer-den-newsletter\/\" \/>\n<meta property=\"og:locale\" content=\"de_DE\" \/>\n<meta property=\"og:type\" content=\"article\" \/>\n<meta property=\"og:title\" content=\"Bedingungen f\u00fcr die Anmeldung zum Newsletter\" \/>\n<meta property=\"og:description\" content=\"Hier kannst du die Bedingungen von Padborg Park lesen, die gelten, wenn du dich f\u00fcr unseren Newsletter anmeldest.\" \/>\n<meta property=\"og:url\" content=\"https:\/\/padborgpark.dk\/de\/bedingungen-fuer-den-newsletter\/\" \/>\n<meta property=\"og:site_name\" content=\"Padborg Park har bilerne og en motorbane p\u00e5 2150 meter\" \/>\n<meta property=\"article:publisher\" content=\"https:\/\/www.facebook.com\/PadborgPark\/\" \/>\n<meta property=\"article:modified_time\" content=\"2026-01-30T08:08:34+00:00\" \/>\n<meta name=\"twitter:label1\" content=\"Gesch\u00e4tzte Lesezeit\" \/>\n\t<meta name=\"twitter:data1\" content=\"1\u00a0Minute\" \/>\n<script type=\"application\/ld+json\" class=\"yoast-schema-graph\">{\"@context\":\"https:\\\/\\\/schema.org\",\"@graph\":[{\"@type\":\"WebPage\",\"@id\":\"https:\\\/\\\/padborgpark.dk\\\/de\\\/bedingungen-fuer-den-newsletter\\\/\",\"url\":\"https:\\\/\\\/padborgpark.dk\\\/de\\\/bedingungen-fuer-den-newsletter\\\/\",\"name\":\"Bedingungen f\u00fcr die Anmeldung zum Newsletter\",\"isPartOf\":{\"@id\":\"https:\\\/\\\/padborgpark.dk\\\/#website\"},\"datePublished\":\"2024-12-11T12:23:04+00:00\",\"dateModified\":\"2026-01-30T08:08:34+00:00\",\"description\":\"Hier kannst du die Bedingungen von Padborg Park lesen, die gelten, wenn du dich f\u00fcr unseren Newsletter anmeldest.\",\"inLanguage\":\"de\",\"potentialAction\":[{\"@type\":\"ReadAction\",\"target\":[\"https:\\\/\\\/padborgpark.dk\\\/de\\\/bedingungen-fuer-den-newsletter\\\/\"]}]},{\"@type\":\"WebSite\",\"@id\":\"https:\\\/\\\/padborgpark.dk\\\/#website\",\"url\":\"https:\\\/\\\/padborgpark.dk\\\/\",\"name\":\"Padborg Park har bilerne og en motorbane p\u00e5 2150 meter\",\"description\":\"\",\"potentialAction\":[{\"@type\":\"SearchAction\",\"target\":{\"@type\":\"EntryPoint\",\"urlTemplate\":\"https:\\\/\\\/padborgpark.dk\\\/?s={search_term_string}\"},\"query-input\":{\"@type\":\"PropertyValueSpecification\",\"valueRequired\":true,\"valueName\":\"search_term_string\"}}],\"inLanguage\":\"de\"}]}<\/script>\n<!-- \/ Yoast SEO plugin. -->","yoast_head_json":{"title":"Bedingungen f\u00fcr die Anmeldung zum Newsletter","description":"Hier kannst du die Bedingungen von Padborg Park lesen, die gelten, wenn du dich f\u00fcr unseren Newsletter anmeldest.","robots":{"index":"index","follow":"follow","max-snippet":"max-snippet:-1","max-image-preview":"max-image-preview:large","max-video-preview":"max-video-preview:-1"},"canonical":"https:\/\/padborgpark.dk\/de\/bedingungen-fuer-den-newsletter\/","og_locale":"de_DE","og_type":"article","og_title":"Bedingungen f\u00fcr die Anmeldung zum Newsletter","og_description":"Hier kannst du die Bedingungen von Padborg Park lesen, die gelten, wenn du dich f\u00fcr unseren Newsletter anmeldest.","og_url":"https:\/\/padborgpark.dk\/de\/bedingungen-fuer-den-newsletter\/","og_site_name":"Padborg Park har bilerne og en motorbane p\u00e5 2150 meter","article_publisher":"https:\/\/www.facebook.com\/PadborgPark\/","article_modified_time":"2026-01-30T08:08:34+00:00","twitter_misc":{"Gesch\u00e4tzte Lesezeit":"1\u00a0Minute"},"schema":{"@context":"https:\/\/schema.org","@graph":[{"@type":"WebPage","@id":"https:\/\/padborgpark.dk\/de\/bedingungen-fuer-den-newsletter\/","url":"https:\/\/padborgpark.dk\/de\/bedingungen-fuer-den-newsletter\/","name":"Bedingungen f\u00fcr die Anmeldung zum Newsletter","isPartOf":{"@id":"https:\/\/padborgpark.dk\/#website"},"datePublished":"2024-12-11T12:23:04+00:00","dateModified":"2026-01-30T08:08:34+00:00","description":"Hier kannst du die Bedingungen von Padborg Park lesen, die gelten, wenn du dich f\u00fcr unseren Newsletter anmeldest.","inLanguage":"de","potentialAction":[{"@type":"ReadAction","target":["https:\/\/padborgpark.dk\/de\/bedingungen-fuer-den-newsletter\/"]}]},{"@type":"WebSite","@id":"https:\/\/padborgpark.dk\/#website","url":"https:\/\/padborgpark.dk\/","name":"Padborg Park har bilerne og en motorbane p\u00e5 2150 meter","description":"","potentialAction":[{"@type":"SearchAction","target":{"@type":"EntryPoint","urlTemplate":"https:\/\/padborgpark.dk\/?s={search_term_string}"},"query-input":{"@type":"PropertyValueSpecification","valueRequired":true,"valueName":"search_term_string"}}],"inLanguage":"de"}]}},"_links":{"self":[{"href":"https:\/\/padborgpark.dk\/de\/wp-json\/wp\/v2\/pages\/9317017366","targetHints":{"allow":["GET"]}}],"collection":[{"href":"https:\/\/padborgpark.dk\/de\/wp-json\/wp\/v2\/pages"}],"about":[{"href":"https:\/\/padborgpark.dk\/de\/wp-json\/wp\/v2\/types\/page"}],"author":[{"embeddable":true,"href":"https:\/\/padborgpark.dk\/de\/wp-json\/wp\/v2\/users\/806305"}],"replies":[{"embeddable":true,"href":"https:\/\/padborgpark.dk\/de\/wp-json\/wp\/v2\/comments?post=9317017366"}],"version-history":[{"count":2,"href":"https:\/\/padborgpark.dk\/de\/wp-json\/wp\/v2\/pages\/9317017366\/revisions"}],"predecessor-version":[{"id":9317017370,"href":"https:\/\/padborgpark.dk\/de\/wp-json\/wp\/v2\/pages\/9317017366\/revisions\/9317017370"}],"wp:attachment":[{"href":"https:\/\/padborgpark.dk\/de\/wp-json\/wp\/v2\/media?parent=9317017366"}],"curies":[{"name":"wp","href":"https:\/\/api.w.org\/{rel}","templated":true}]}}