{"id":9597,"date":"2012-03-19T09:55:59","date_gmt":"2012-03-19T09:55:59","guid":{"rendered":"https:\/\/padborgpark.dk\/reklamer\/"},"modified":"2021-01-16T08:00:13","modified_gmt":"2021-01-16T07:00:13","slug":"werbung","status":"publish","type":"page","link":"https:\/\/padborgpark.dk\/de\/werbung\/","title":{"rendered":"Werbung"},"content":{"rendered":"<p>Der Padborg Park bietet viele M\u00f6glichkeiten, Ihre Marke und Ihre Botschaft in ganz D\u00e4nemark sichtbar zu machen. An f\u00fcnf Wochenenden im Jahr werden \u00f6ffentliche Rennen u.a. TV-Berichterstattung, ebenso wie mehr als 250 Tage im Jahr, finden Veranstaltungen mit vielen Teilnehmern statt.<\/p>\n<p>Jedes Jahr finden auf der Strecke f\u00fcnf sehr gro\u00dfe Publikumsrennen statt:<\/p>\n<ul>\n<li style=\"list-style-type: none;\">\n<ul>\n<li>Tausende Zuschauer verfolgen jedes Wochenende die Rennen auf der Strecke.<\/li>\n<li>Kan\u00e4le wie TV2 Sport, TV3 Sport und ausgew\u00e4hlte regionale Fernsehsender werden von den Rennwochenenden ausgestrahlt.<\/li>\n<li>Verschiedene Medien bringen Nachrichten in ihre Sportprogramme, darunter Filmmaterial aus dem Padborg Park.<\/li>\n<\/ul>\n<\/li>\n<\/ul>\n<p>Der Padborg Park hat viele t\u00e4gliche G\u00e4ste, die die Atmosph\u00e4re einer Rennstrecke erleben:<\/p>\n<div>\n<ul>\n<li style=\"list-style-type: none;\">\n<ul>\n<li>An mehr als 250 Tagen im Jahr finden Kurse, Veranstaltungen, Kundenveranstaltungen und Produktpr\u00e4sentationen statt.<\/li>\n<li>Eine gro\u00dfe Anzahl von G\u00e4sten, die jedes Jahr auf dem Kurs aktiv sind und zwischen den vielen Werbetafeln des Kurses herumfahren.<\/li>\n<\/ul>\n<\/li>\n<\/ul>\n<p>Der Padborg Park bietet folgende Optionen f\u00fcr permanente Werbefl\u00e4chen:<\/p>\n<ul>\n<li style=\"list-style-type: none;\">\n<ul>\n<li>Zwei Schiedsrichtert\u00fcrme auf dem Platz.<\/li>\n<li>Kursverwaltungsgeb\u00e4ude und VIP-Terrasse.<\/li>\n<li>Track Guard.<\/li>\n<li>Auf unseren Mercedes DTM Event Cars<\/li>\n<li>Link zu unserer Website f\u00fcr Werbetreibende<\/li>\n<\/ul>\n<\/li>\n<\/ul>\n<p>Dar\u00fcber hinaus stehen folgende mobile Werbefl\u00e4chen zur Verf\u00fcgung:<\/p>\n<ul>\n<li style=\"list-style-type: none;\">\n<ul>\n<li>A-fache Zeichen.<\/li>\n<li>Mobile Banner.<\/li>\n<\/ul>\n<\/li>\n<\/ul>\n<\/div>\n<p><a title=\"Kontakt\" href=\"https:\/\/padborgpark.dk\/de\/kontakt\/\">\u00a0KONTAKTIEREN SIE UNS F\u00dcR WEITERE INFORMATIONEN HIER<\/a><\/p>\n","protected":false},"excerpt":{"rendered":"<p>Der Padborg Park bietet viele M\u00f6glichkeiten, Ihre Marke und Ihre Botschaft in ganz D\u00e4nemark sichtbar zu machen. An f\u00fcnf Wochenenden im Jahr werden \u00f6ffentliche Rennen u.a. TV-Berichterstattung, ebenso wie mehr als 250 Tage im Jahr, finden Veranstaltungen mit vielen Teilnehmern statt. Jedes Jahr finden auf der Strecke f\u00fcnf sehr gro\u00dfe Publikumsrennen statt: Tausende Zuschauer verfolgen [&hellip;]<\/p>\n","protected":false},"author":806299,"featured_media":8844,"parent":0,"menu_order":2,"comment_status":"open","ping_status":"closed","template":"","meta":{"_acf_changed":false,"_monsterinsights_skip_tracking":false,"_monsterinsights_sitenote_active":false,"_monsterinsights_sitenote_note":"","_monsterinsights_sitenote_category":0,"footnotes":""},"class_list":["post-9597","page","type-page","status-publish","has-post-thumbnail","hentry"],"acf":[],"yoast_head":"<!-- This site is optimized with the Yoast SEO plugin v27.3 - https:\/\/yoast.com\/product\/yoast-seo-wordpress\/ -->\n<title>Werbung - Padborg Park har bilerne og en motorbane p\u00e5 2150 meter<\/title>\n<meta name=\"robots\" content=\"index, follow, max-snippet:-1, max-image-preview:large, max-video-preview:-1\" \/>\n<link rel=\"canonical\" href=\"https:\/\/padborgpark.dk\/de\/werbung\/\" \/>\n<meta property=\"og:locale\" content=\"de_DE\" \/>\n<meta property=\"og:type\" content=\"article\" \/>\n<meta property=\"og:title\" content=\"Werbung - Padborg Park har bilerne og en motorbane p\u00e5 2150 meter\" \/>\n<meta property=\"og:description\" content=\"Der Padborg Park bietet viele M\u00f6glichkeiten, Ihre Marke und Ihre Botschaft in ganz D\u00e4nemark sichtbar zu machen. An f\u00fcnf Wochenenden im Jahr werden \u00f6ffentliche Rennen u.a. TV-Berichterstattung, ebenso wie mehr als 250 Tage im Jahr, finden Veranstaltungen mit vielen Teilnehmern statt. Jedes Jahr finden auf der Strecke f\u00fcnf sehr gro\u00dfe Publikumsrennen statt: Tausende Zuschauer verfolgen [&hellip;]\" \/>\n<meta property=\"og:url\" content=\"https:\/\/padborgpark.dk\/de\/werbung\/\" \/>\n<meta property=\"og:site_name\" content=\"Padborg Park har bilerne og en motorbane p\u00e5 2150 meter\" \/>\n<meta property=\"article:publisher\" content=\"https:\/\/www.facebook.com\/PadborgPark\/\" \/>\n<meta property=\"article:modified_time\" content=\"2021-01-16T07:00:13+00:00\" \/>\n<meta property=\"og:image\" content=\"https:\/\/padborgpark.dk\/wp-content\/uploads\/2021\/01\/Motorcykel-kursus-\u2013-pro.jpg\" \/>\n\t<meta property=\"og:image:width\" content=\"730\" \/>\n\t<meta property=\"og:image:height\" content=\"487\" \/>\n\t<meta property=\"og:image:type\" content=\"image\/jpeg\" \/>\n<meta name=\"twitter:label1\" content=\"Gesch\u00e4tzte Lesezeit\" \/>\n\t<meta name=\"twitter:data1\" content=\"1\u00a0Minute\" \/>\n<script type=\"application\/ld+json\" class=\"yoast-schema-graph\">{\"@context\":\"https:\\\/\\\/schema.org\",\"@graph\":[{\"@type\":\"WebPage\",\"@id\":\"https:\\\/\\\/padborgpark.dk\\\/de\\\/werbung\\\/\",\"url\":\"https:\\\/\\\/padborgpark.dk\\\/de\\\/werbung\\\/\",\"name\":\"Werbung - Padborg Park har bilerne og en motorbane p\u00e5 2150 meter\",\"isPartOf\":{\"@id\":\"https:\\\/\\\/padborgpark.dk\\\/#website\"},\"primaryImageOfPage\":{\"@id\":\"https:\\\/\\\/padborgpark.dk\\\/de\\\/werbung\\\/#primaryimage\"},\"image\":{\"@id\":\"https:\\\/\\\/padborgpark.dk\\\/de\\\/werbung\\\/#primaryimage\"},\"thumbnailUrl\":\"https:\\\/\\\/padborgpark.dk\\\/wp-content\\\/uploads\\\/2021\\\/01\\\/Motorcykel-kursus-\u2013-pro.jpg\",\"datePublished\":\"2012-03-19T09:55:59+00:00\",\"dateModified\":\"2021-01-16T07:00:13+00:00\",\"inLanguage\":\"de\",\"potentialAction\":[{\"@type\":\"ReadAction\",\"target\":[\"https:\\\/\\\/padborgpark.dk\\\/de\\\/werbung\\\/\"]}]},{\"@type\":\"ImageObject\",\"inLanguage\":\"de\",\"@id\":\"https:\\\/\\\/padborgpark.dk\\\/de\\\/werbung\\\/#primaryimage\",\"url\":\"https:\\\/\\\/padborgpark.dk\\\/wp-content\\\/uploads\\\/2021\\\/01\\\/Motorcykel-kursus-\u2013-pro.jpg\",\"contentUrl\":\"https:\\\/\\\/padborgpark.dk\\\/wp-content\\\/uploads\\\/2021\\\/01\\\/Motorcykel-kursus-\u2013-pro.jpg\",\"width\":730,\"height\":487,\"caption\":\"Motorcykel kursus - pro\"},{\"@type\":\"WebSite\",\"@id\":\"https:\\\/\\\/padborgpark.dk\\\/#website\",\"url\":\"https:\\\/\\\/padborgpark.dk\\\/\",\"name\":\"Padborg Park har bilerne og en motorbane p\u00e5 2150 meter\",\"description\":\"\",\"potentialAction\":[{\"@type\":\"SearchAction\",\"target\":{\"@type\":\"EntryPoint\",\"urlTemplate\":\"https:\\\/\\\/padborgpark.dk\\\/?s={search_term_string}\"},\"query-input\":{\"@type\":\"PropertyValueSpecification\",\"valueRequired\":true,\"valueName\":\"search_term_string\"}}],\"inLanguage\":\"de\"}]}<\/script>\n<!-- \/ Yoast SEO plugin. -->","yoast_head_json":{"title":"Werbung - Padborg Park har bilerne og en motorbane p\u00e5 2150 meter","robots":{"index":"index","follow":"follow","max-snippet":"max-snippet:-1","max-image-preview":"max-image-preview:large","max-video-preview":"max-video-preview:-1"},"canonical":"https:\/\/padborgpark.dk\/de\/werbung\/","og_locale":"de_DE","og_type":"article","og_title":"Werbung - Padborg Park har bilerne og en motorbane p\u00e5 2150 meter","og_description":"Der Padborg Park bietet viele M\u00f6glichkeiten, Ihre Marke und Ihre Botschaft in ganz D\u00e4nemark sichtbar zu machen. An f\u00fcnf Wochenenden im Jahr werden \u00f6ffentliche Rennen u.a. TV-Berichterstattung, ebenso wie mehr als 250 Tage im Jahr, finden Veranstaltungen mit vielen Teilnehmern statt. Jedes Jahr finden auf der Strecke f\u00fcnf sehr gro\u00dfe Publikumsrennen statt: Tausende Zuschauer verfolgen [&hellip;]","og_url":"https:\/\/padborgpark.dk\/de\/werbung\/","og_site_name":"Padborg Park har bilerne og en motorbane p\u00e5 2150 meter","article_publisher":"https:\/\/www.facebook.com\/PadborgPark\/","article_modified_time":"2021-01-16T07:00:13+00:00","og_image":[{"width":730,"height":487,"url":"https:\/\/padborgpark.dk\/wp-content\/uploads\/2021\/01\/Motorcykel-kursus-\u2013-pro.jpg","type":"image\/jpeg"}],"twitter_misc":{"Gesch\u00e4tzte Lesezeit":"1\u00a0Minute"},"schema":{"@context":"https:\/\/schema.org","@graph":[{"@type":"WebPage","@id":"https:\/\/padborgpark.dk\/de\/werbung\/","url":"https:\/\/padborgpark.dk\/de\/werbung\/","name":"Werbung - Padborg Park har bilerne og en motorbane p\u00e5 2150 meter","isPartOf":{"@id":"https:\/\/padborgpark.dk\/#website"},"primaryImageOfPage":{"@id":"https:\/\/padborgpark.dk\/de\/werbung\/#primaryimage"},"image":{"@id":"https:\/\/padborgpark.dk\/de\/werbung\/#primaryimage"},"thumbnailUrl":"https:\/\/padborgpark.dk\/wp-content\/uploads\/2021\/01\/Motorcykel-kursus-\u2013-pro.jpg","datePublished":"2012-03-19T09:55:59+00:00","dateModified":"2021-01-16T07:00:13+00:00","inLanguage":"de","potentialAction":[{"@type":"ReadAction","target":["https:\/\/padborgpark.dk\/de\/werbung\/"]}]},{"@type":"ImageObject","inLanguage":"de","@id":"https:\/\/padborgpark.dk\/de\/werbung\/#primaryimage","url":"https:\/\/padborgpark.dk\/wp-content\/uploads\/2021\/01\/Motorcykel-kursus-\u2013-pro.jpg","contentUrl":"https:\/\/padborgpark.dk\/wp-content\/uploads\/2021\/01\/Motorcykel-kursus-\u2013-pro.jpg","width":730,"height":487,"caption":"Motorcykel kursus - pro"},{"@type":"WebSite","@id":"https:\/\/padborgpark.dk\/#website","url":"https:\/\/padborgpark.dk\/","name":"Padborg Park har bilerne og en motorbane p\u00e5 2150 meter","description":"","potentialAction":[{"@type":"SearchAction","target":{"@type":"EntryPoint","urlTemplate":"https:\/\/padborgpark.dk\/?s={search_term_string}"},"query-input":{"@type":"PropertyValueSpecification","valueRequired":true,"valueName":"search_term_string"}}],"inLanguage":"de"}]}},"_links":{"self":[{"href":"https:\/\/padborgpark.dk\/de\/wp-json\/wp\/v2\/pages\/9597","targetHints":{"allow":["GET"]}}],"collection":[{"href":"https:\/\/padborgpark.dk\/de\/wp-json\/wp\/v2\/pages"}],"about":[{"href":"https:\/\/padborgpark.dk\/de\/wp-json\/wp\/v2\/types\/page"}],"author":[{"embeddable":true,"href":"https:\/\/padborgpark.dk\/de\/wp-json\/wp\/v2\/users\/806299"}],"replies":[{"embeddable":true,"href":"https:\/\/padborgpark.dk\/de\/wp-json\/wp\/v2\/comments?post=9597"}],"version-history":[{"count":0,"href":"https:\/\/padborgpark.dk\/de\/wp-json\/wp\/v2\/pages\/9597\/revisions"}],"wp:featuredmedia":[{"embeddable":true,"href":"https:\/\/padborgpark.dk\/de\/wp-json\/wp\/v2\/media\/8844"}],"wp:attachment":[{"href":"https:\/\/padborgpark.dk\/de\/wp-json\/wp\/v2\/media?parent=9597"}],"curies":[{"name":"wp","href":"https:\/\/api.w.org\/{rel}","templated":true}]}}