{"id":9611,"date":"2012-04-25T14:20:30","date_gmt":"2012-04-25T12:20:30","guid":{"rendered":"https:\/\/padborgpark.dk\/motorsport\/countdown-fuer-den-rennkalender\/deltagerinformation\/"},"modified":"2021-01-16T08:30:59","modified_gmt":"2021-01-16T07:30:59","slug":"teilnehmerinformationen","status":"publish","type":"page","link":"https:\/\/padborgpark.dk\/de\/motorsport-rennveranstaltungen\/rennkalender-padborg-park-2024\/teilnehmerinformationen\/","title":{"rendered":"Teilnehmerinformationen"},"content":{"rendered":"<p>Auf diesem Teil der Website k\u00f6nnen die Teilnehmer verschiedene Dokumente herunterladen.<\/p>\n<p>Dokumente zum Final Race 10.-11. Oktober 2020<\/p>\n<p><a href=\"https:\/\/padborgpark.dk\/wp-content\/uploads\/2020\/09\/20201011-Padborg-Park-Invitation-20200922.pdf\" target=\"_blank\" rel=\"noopener noreferrer\">L\u00f8bsinformation<\/a><\/p>\n<p>Einladung<\/p>\n<p><a href=\"https:\/\/padborgpark.dk\/wp-content\/uploads\/2020\/10\/20201011-Padborg-Park-Tidsplan-v5-20201001.pdf\" target=\"_blank\" rel=\"noopener noreferrer\">Schedule v5<\/a><\/p>\n<p>Richtlinien rev. 1<\/p>\n<p>&nbsp;<\/p>\n","protected":false},"excerpt":{"rendered":"<p>Auf diesem Teil der Website k\u00f6nnen die Teilnehmer verschiedene Dokumente herunterladen. Dokumente zum Final Race 10.-11. Oktober 2020 L\u00f8bsinformation Einladung Schedule v5 Richtlinien rev. 1 &nbsp;<\/p>\n","protected":false},"author":806299,"featured_media":9558,"parent":9606,"menu_order":9,"comment_status":"open","ping_status":"closed","template":"","meta":{"_acf_changed":false,"_monsterinsights_skip_tracking":false,"_monsterinsights_sitenote_active":false,"_monsterinsights_sitenote_note":"","_monsterinsights_sitenote_category":0,"footnotes":""},"class_list":["post-9611","page","type-page","status-publish","has-post-thumbnail","hentry"],"acf":[],"yoast_head":"<!-- This site is optimized with the Yoast SEO plugin v27.3 - https:\/\/yoast.com\/product\/yoast-seo-wordpress\/ -->\n<title>Teilnehmerinformationen - Padborg Park har bilerne og en motorbane p\u00e5 2150 meter<\/title>\n<meta name=\"robots\" content=\"index, follow, max-snippet:-1, max-image-preview:large, max-video-preview:-1\" \/>\n<link rel=\"canonical\" href=\"https:\/\/padborgpark.dk\/de\/motorsport-rennveranstaltungen\/rennkalender-padborg-park-2024\/teilnehmerinformationen\/\" \/>\n<meta property=\"og:locale\" content=\"de_DE\" \/>\n<meta property=\"og:type\" content=\"article\" \/>\n<meta property=\"og:title\" content=\"Teilnehmerinformationen - Padborg Park har bilerne og en motorbane p\u00e5 2150 meter\" \/>\n<meta property=\"og:description\" content=\"Auf diesem Teil der Website k\u00f6nnen die Teilnehmer verschiedene Dokumente herunterladen. Dokumente zum Final Race 10.-11. Oktober 2020 L\u00f8bsinformation Einladung Schedule v5 Richtlinien rev. 1 &nbsp;\" \/>\n<meta property=\"og:url\" content=\"https:\/\/padborgpark.dk\/de\/motorsport-rennveranstaltungen\/rennkalender-padborg-park-2024\/teilnehmerinformationen\/\" \/>\n<meta property=\"og:site_name\" content=\"Padborg Park har bilerne og en motorbane p\u00e5 2150 meter\" \/>\n<meta property=\"article:publisher\" content=\"https:\/\/www.facebook.com\/PadborgPark\/\" \/>\n<meta property=\"article:modified_time\" content=\"2021-01-16T07:30:59+00:00\" \/>\n<meta property=\"og:image\" content=\"https:\/\/padborgpark.dk\/wp-content\/uploads\/2021\/01\/2010-Event-Lotus-Groen-01.jpg\" \/>\n\t<meta property=\"og:image:width\" content=\"300\" \/>\n\t<meta property=\"og:image:height\" content=\"200\" \/>\n\t<meta property=\"og:image:type\" content=\"image\/jpeg\" \/>\n<script type=\"application\/ld+json\" class=\"yoast-schema-graph\">{\"@context\":\"https:\\\/\\\/schema.org\",\"@graph\":[{\"@type\":\"WebPage\",\"@id\":\"https:\\\/\\\/padborgpark.dk\\\/de\\\/motorsport-rennveranstaltungen\\\/rennkalender-padborg-park-2024\\\/teilnehmerinformationen\\\/\",\"url\":\"https:\\\/\\\/padborgpark.dk\\\/de\\\/motorsport-rennveranstaltungen\\\/rennkalender-padborg-park-2024\\\/teilnehmerinformationen\\\/\",\"name\":\"Teilnehmerinformationen - Padborg Park har bilerne og en motorbane p\u00e5 2150 meter\",\"isPartOf\":{\"@id\":\"https:\\\/\\\/padborgpark.dk\\\/#website\"},\"primaryImageOfPage\":{\"@id\":\"https:\\\/\\\/padborgpark.dk\\\/de\\\/motorsport-rennveranstaltungen\\\/rennkalender-padborg-park-2024\\\/teilnehmerinformationen\\\/#primaryimage\"},\"image\":{\"@id\":\"https:\\\/\\\/padborgpark.dk\\\/de\\\/motorsport-rennveranstaltungen\\\/rennkalender-padborg-park-2024\\\/teilnehmerinformationen\\\/#primaryimage\"},\"thumbnailUrl\":\"https:\\\/\\\/padborgpark.dk\\\/wp-content\\\/uploads\\\/2021\\\/01\\\/2010-Event-Lotus-Groen-01.jpg\",\"datePublished\":\"2012-04-25T12:20:30+00:00\",\"dateModified\":\"2021-01-16T07:30:59+00:00\",\"breadcrumb\":{\"@id\":\"https:\\\/\\\/padborgpark.dk\\\/de\\\/motorsport-rennveranstaltungen\\\/rennkalender-padborg-park-2024\\\/teilnehmerinformationen\\\/#breadcrumb\"},\"inLanguage\":\"de\",\"potentialAction\":[{\"@type\":\"ReadAction\",\"target\":[\"https:\\\/\\\/padborgpark.dk\\\/de\\\/motorsport-rennveranstaltungen\\\/rennkalender-padborg-park-2024\\\/teilnehmerinformationen\\\/\"]}]},{\"@type\":\"ImageObject\",\"inLanguage\":\"de\",\"@id\":\"https:\\\/\\\/padborgpark.dk\\\/de\\\/motorsport-rennveranstaltungen\\\/rennkalender-padborg-park-2024\\\/teilnehmerinformationen\\\/#primaryimage\",\"url\":\"https:\\\/\\\/padborgpark.dk\\\/wp-content\\\/uploads\\\/2021\\\/01\\\/2010-Event-Lotus-Groen-01.jpg\",\"contentUrl\":\"https:\\\/\\\/padborgpark.dk\\\/wp-content\\\/uploads\\\/2021\\\/01\\\/2010-Event-Lotus-Groen-01.jpg\",\"width\":300,\"height\":200},{\"@type\":\"BreadcrumbList\",\"@id\":\"https:\\\/\\\/padborgpark.dk\\\/de\\\/motorsport-rennveranstaltungen\\\/rennkalender-padborg-park-2024\\\/teilnehmerinformationen\\\/#breadcrumb\",\"itemListElement\":[{\"@type\":\"ListItem\",\"position\":1,\"name\":\"Motorsport Rennveranstaltungen\",\"item\":\"https:\\\/\\\/padborgpark.dk\\\/de\\\/motorsport-rennveranstaltungen\\\/\"},{\"@type\":\"ListItem\",\"position\":2,\"name\":\"Rennkalender Padborg Park 2024\",\"item\":\"https:\\\/\\\/padborgpark.dk\\\/de\\\/motorsport-rennveranstaltungen\\\/rennkalender-padborg-park-2024\\\/\"},{\"@type\":\"ListItem\",\"position\":3,\"name\":\"Teilnehmerinformationen\"}]},{\"@type\":\"WebSite\",\"@id\":\"https:\\\/\\\/padborgpark.dk\\\/#website\",\"url\":\"https:\\\/\\\/padborgpark.dk\\\/\",\"name\":\"Padborg Park har bilerne og en motorbane p\u00e5 2150 meter\",\"description\":\"\",\"potentialAction\":[{\"@type\":\"SearchAction\",\"target\":{\"@type\":\"EntryPoint\",\"urlTemplate\":\"https:\\\/\\\/padborgpark.dk\\\/?s={search_term_string}\"},\"query-input\":{\"@type\":\"PropertyValueSpecification\",\"valueRequired\":true,\"valueName\":\"search_term_string\"}}],\"inLanguage\":\"de\"}]}<\/script>\n<!-- \/ Yoast SEO plugin. -->","yoast_head_json":{"title":"Teilnehmerinformationen - Padborg Park har bilerne og en motorbane p\u00e5 2150 meter","robots":{"index":"index","follow":"follow","max-snippet":"max-snippet:-1","max-image-preview":"max-image-preview:large","max-video-preview":"max-video-preview:-1"},"canonical":"https:\/\/padborgpark.dk\/de\/motorsport-rennveranstaltungen\/rennkalender-padborg-park-2024\/teilnehmerinformationen\/","og_locale":"de_DE","og_type":"article","og_title":"Teilnehmerinformationen - Padborg Park har bilerne og en motorbane p\u00e5 2150 meter","og_description":"Auf diesem Teil der Website k\u00f6nnen die Teilnehmer verschiedene Dokumente herunterladen. Dokumente zum Final Race 10.-11. Oktober 2020 L\u00f8bsinformation Einladung Schedule v5 Richtlinien rev. 1 &nbsp;","og_url":"https:\/\/padborgpark.dk\/de\/motorsport-rennveranstaltungen\/rennkalender-padborg-park-2024\/teilnehmerinformationen\/","og_site_name":"Padborg Park har bilerne og en motorbane p\u00e5 2150 meter","article_publisher":"https:\/\/www.facebook.com\/PadborgPark\/","article_modified_time":"2021-01-16T07:30:59+00:00","og_image":[{"width":300,"height":200,"url":"https:\/\/padborgpark.dk\/wp-content\/uploads\/2021\/01\/2010-Event-Lotus-Groen-01.jpg","type":"image\/jpeg"}],"schema":{"@context":"https:\/\/schema.org","@graph":[{"@type":"WebPage","@id":"https:\/\/padborgpark.dk\/de\/motorsport-rennveranstaltungen\/rennkalender-padborg-park-2024\/teilnehmerinformationen\/","url":"https:\/\/padborgpark.dk\/de\/motorsport-rennveranstaltungen\/rennkalender-padborg-park-2024\/teilnehmerinformationen\/","name":"Teilnehmerinformationen - Padborg Park har bilerne og en motorbane p\u00e5 2150 meter","isPartOf":{"@id":"https:\/\/padborgpark.dk\/#website"},"primaryImageOfPage":{"@id":"https:\/\/padborgpark.dk\/de\/motorsport-rennveranstaltungen\/rennkalender-padborg-park-2024\/teilnehmerinformationen\/#primaryimage"},"image":{"@id":"https:\/\/padborgpark.dk\/de\/motorsport-rennveranstaltungen\/rennkalender-padborg-park-2024\/teilnehmerinformationen\/#primaryimage"},"thumbnailUrl":"https:\/\/padborgpark.dk\/wp-content\/uploads\/2021\/01\/2010-Event-Lotus-Groen-01.jpg","datePublished":"2012-04-25T12:20:30+00:00","dateModified":"2021-01-16T07:30:59+00:00","breadcrumb":{"@id":"https:\/\/padborgpark.dk\/de\/motorsport-rennveranstaltungen\/rennkalender-padborg-park-2024\/teilnehmerinformationen\/#breadcrumb"},"inLanguage":"de","potentialAction":[{"@type":"ReadAction","target":["https:\/\/padborgpark.dk\/de\/motorsport-rennveranstaltungen\/rennkalender-padborg-park-2024\/teilnehmerinformationen\/"]}]},{"@type":"ImageObject","inLanguage":"de","@id":"https:\/\/padborgpark.dk\/de\/motorsport-rennveranstaltungen\/rennkalender-padborg-park-2024\/teilnehmerinformationen\/#primaryimage","url":"https:\/\/padborgpark.dk\/wp-content\/uploads\/2021\/01\/2010-Event-Lotus-Groen-01.jpg","contentUrl":"https:\/\/padborgpark.dk\/wp-content\/uploads\/2021\/01\/2010-Event-Lotus-Groen-01.jpg","width":300,"height":200},{"@type":"BreadcrumbList","@id":"https:\/\/padborgpark.dk\/de\/motorsport-rennveranstaltungen\/rennkalender-padborg-park-2024\/teilnehmerinformationen\/#breadcrumb","itemListElement":[{"@type":"ListItem","position":1,"name":"Motorsport Rennveranstaltungen","item":"https:\/\/padborgpark.dk\/de\/motorsport-rennveranstaltungen\/"},{"@type":"ListItem","position":2,"name":"Rennkalender Padborg Park 2024","item":"https:\/\/padborgpark.dk\/de\/motorsport-rennveranstaltungen\/rennkalender-padborg-park-2024\/"},{"@type":"ListItem","position":3,"name":"Teilnehmerinformationen"}]},{"@type":"WebSite","@id":"https:\/\/padborgpark.dk\/#website","url":"https:\/\/padborgpark.dk\/","name":"Padborg Park har bilerne og en motorbane p\u00e5 2150 meter","description":"","potentialAction":[{"@type":"SearchAction","target":{"@type":"EntryPoint","urlTemplate":"https:\/\/padborgpark.dk\/?s={search_term_string}"},"query-input":{"@type":"PropertyValueSpecification","valueRequired":true,"valueName":"search_term_string"}}],"inLanguage":"de"}]}},"_links":{"self":[{"href":"https:\/\/padborgpark.dk\/de\/wp-json\/wp\/v2\/pages\/9611","targetHints":{"allow":["GET"]}}],"collection":[{"href":"https:\/\/padborgpark.dk\/de\/wp-json\/wp\/v2\/pages"}],"about":[{"href":"https:\/\/padborgpark.dk\/de\/wp-json\/wp\/v2\/types\/page"}],"author":[{"embeddable":true,"href":"https:\/\/padborgpark.dk\/de\/wp-json\/wp\/v2\/users\/806299"}],"replies":[{"embeddable":true,"href":"https:\/\/padborgpark.dk\/de\/wp-json\/wp\/v2\/comments?post=9611"}],"version-history":[{"count":0,"href":"https:\/\/padborgpark.dk\/de\/wp-json\/wp\/v2\/pages\/9611\/revisions"}],"up":[{"embeddable":true,"href":"https:\/\/padborgpark.dk\/de\/wp-json\/wp\/v2\/pages\/9606"}],"wp:featuredmedia":[{"embeddable":true,"href":"https:\/\/padborgpark.dk\/de\/wp-json\/wp\/v2\/media\/9558"}],"wp:attachment":[{"href":"https:\/\/padborgpark.dk\/de\/wp-json\/wp\/v2\/media?parent=9611"}],"curies":[{"name":"wp","href":"https:\/\/api.w.org\/{rel}","templated":true}]}}