{"id":9669,"date":"2013-06-20T12:24:50","date_gmt":"2013-06-20T11:24:50","guid":{"rendered":"https:\/\/padborgpark.dk\/andet\/firma-gruppe-event-med-spaending\/"},"modified":"2026-02-02T05:46:55","modified_gmt":"2026-02-02T04:46:55","slug":"firmen-gruppenveranstaltung-mit-spannung","status":"publish","type":"page","link":"https:\/\/padborgpark.dk\/de\/firmen-gruppenveranstaltung-mit-spannung\/","title":{"rendered":"Firmen- \/ Gruppenveranstaltung mit Spannung"},"content":{"rendered":"<p>Wenn Sie Ihre Mitarbeiter, Kunden oder Freunde mit Spannung zu einer Veranstaltung einladen m\u00f6chten, ist der Padborg Park der perfekte Ort. Hier k\u00f6nnen Sie einen Tag aus dem Kalender rei\u00dfen und ein Auto um die Kurve ziehen. Der Padborg Park ist die l\u00e4ngste Autobahn des Landes. Es gibt also vier Rechtskurven, f\u00fcnf Linkskurven und eine Bel\u00e4stigung.<\/p>\n<p>Wenn die Strecke f\u00fcr Motorsportveranstaltungen wie die d\u00e4nische Langstreckenmeisterschaft nicht zur Verf\u00fcgung steht, wird sie f\u00fcr technische Fahrkurse, Autotests, Motorradtests, Konferenzen, Partys usw. verwendet.<\/p>\n<p>Eine Veranstaltung, die geistige und k\u00f6rperliche Herausforderungen mit gutem Essen und guter Atmosph\u00e4re verbindet, ist perfekt f\u00fcr z. Teambildung. In einem harten Wettbewerb mit Kollegen \/ Freunden wird Ihr Team schnell und aufregend. Beim Rennen geht es um viel mehr als nur um Benzin: Eine gute Zusammenarbeit beim Reifenwechsel, Tanken und Fahrerwechsel f\u00fchrt auch zum Sieg. Ihre Teilnehmer erhalten so ein einzigartiges Erlebnis, bei dem sich jeder unabh\u00e4ngig von Gr\u00f6\u00dfe und Latenz bewerben kann.<\/p>\n<p>Fahren Sie Lotus Elise, BMW oder Mercedes C280<\/p>\n<p>Unsere Firmenveranstaltung Lotus Elise ist voller Aufregung. Wir bieten Fahranz\u00fcge, Rennschuhe, Handschuhe und Sturzhelme. Dann k\u00f6nnen Sie sich an einem der lustigsten Sportwagen versuchen, n\u00e4mlich dem Elise-Modell von Lotus. Der zweisitzige Elise wurde 1996 von English Lotus Cars auf den Markt gebracht &#8211; das Aluminium-Chassis des Autos macht ihn ultraleicht mit der Option einer Geschwindigkeit von 240 km \/ h.<\/p>\n<p>Unsere DTM-Firmenveranstaltung bietet die Gelegenheit, einen Mercedes C280-Rennwagen zu fahren, so wie es Kurt Thiim und Jan Magnussen damals in den 90er Jahren getan haben. Unsere Mercedes C280 Rennfahrer sind als Nachbauten der alten DTM-Wagen gebaut, bei denen die Autos f\u00fcr alles \u00dcberfl\u00fcssige gerippt und mit Sicherheitsk\u00e4figen und schnellen Slick-Reifen ausgestattet sind.<\/p>\n<p>Super Erfahrung f\u00fcr alle, die Geschwindigkeit lieben<\/p>\n<p>In der Regel wird eine Veranstaltung mit Spannung zusammengestellt, sodass die Teilnehmer mit dem Fr\u00fchst\u00fcck und einer Einf\u00fchrung in den Kurs beginnen. Dann haben Sie reichlich Gelegenheit, die Rennwagen zu fahren. Die Veranstaltung endet mit einer Super Pole-Fahrt (fliegende Runde) &#8211; ein super Erlebnis f\u00fcr alle, die Geschwindigkeit lieben.<\/p>\n<p>Wir k\u00f6nnen auch eine Veranstaltung mit Spannung speziell f\u00fcr Sie zusammenstellen. Es kann sein, dass Sie ein individuelles Programm in Verbindung mit einer Produktpr\u00e4sentation oder einer Firmenfeier w\u00fcnschen. Der Padborg Park organisiert j\u00e4hrlich \u00fcber 70 Veranstaltungen f\u00fcr Gesch\u00e4ftskunden und Privatpersonen mit eigenen Autos. Dar\u00fcber hinaus haben Sie m\u00f6glicherweise die M\u00f6glichkeit, Ihre eigenen Autos auf der Autobahn zu testen. am rutschigen Hang.<\/p>\n<p>Kontaktieren Sie uns f\u00fcr ein unverbindliches Angebot f\u00fcr eine Firmenveranstaltung mit Geschwindigkeit. Schreiben Sie alles, was Sie gerade \u00fcber die Anzahl der Teilnehmer, das Datum usw. wissen, und wir werden uns so schnell wie m\u00f6glich mit Ihnen in Verbindung setzen. https:\/\/padborgpark.dk\/kontakt\/fa-et-tilbud\/<\/p>\n","protected":false},"excerpt":{"rendered":"<p>Wenn Sie Ihre Mitarbeiter, Kunden oder Freunde mit Spannung zu einer Veranstaltung einladen m\u00f6chten, ist der Padborg Park der perfekte Ort. Hier k\u00f6nnen Sie einen Tag aus dem Kalender rei\u00dfen und ein Auto um die Kurve ziehen. Der Padborg Park ist die l\u00e4ngste Autobahn des Landes. Es gibt also vier Rechtskurven, f\u00fcnf Linkskurven und eine [&hellip;]<\/p>\n","protected":false},"author":806299,"featured_media":9571,"parent":0,"menu_order":2,"comment_status":"closed","ping_status":"closed","template":"","meta":{"_acf_changed":false,"_monsterinsights_skip_tracking":false,"_monsterinsights_sitenote_active":false,"_monsterinsights_sitenote_note":"","_monsterinsights_sitenote_category":0,"footnotes":""},"class_list":["post-9669","page","type-page","status-publish","has-post-thumbnail","hentry"],"acf":[],"yoast_head":"<!-- This site is optimized with the Yoast SEO plugin v27.3 - https:\/\/yoast.com\/product\/yoast-seo-wordpress\/ -->\n<title>Firmen-\/Gruppenevent mit Spannung<\/title>\n<meta name=\"description\" content=\"Erleben Sie gemeinsam etwas Neues und Aufregendes. Wenn Sie Ihren Mitarbeitern oder Freunden ein spannendes Firmen- oder Gruppenevent bieten m\u00f6chten, ist Padborg Park genau der richtige Ort daf\u00fcr.\" \/>\n<meta name=\"robots\" content=\"index, follow, max-snippet:-1, max-image-preview:large, max-video-preview:-1\" \/>\n<link rel=\"canonical\" href=\"https:\/\/padborgpark.dk\/de\/firmen-gruppenveranstaltung-mit-spannung\/\" \/>\n<meta property=\"og:locale\" content=\"de_DE\" \/>\n<meta property=\"og:type\" content=\"article\" \/>\n<meta property=\"og:title\" content=\"Firmen-\/Gruppenevent mit Spannung\" \/>\n<meta property=\"og:description\" content=\"Erleben Sie gemeinsam etwas Neues und Aufregendes. Wenn Sie Ihren Mitarbeitern oder Freunden ein spannendes Firmen- oder Gruppenevent bieten m\u00f6chten, ist Padborg Park genau der richtige Ort daf\u00fcr.\" \/>\n<meta property=\"og:url\" content=\"https:\/\/padborgpark.dk\/de\/firmen-gruppenveranstaltung-mit-spannung\/\" \/>\n<meta property=\"og:site_name\" content=\"Padborg Park har bilerne og en motorbane p\u00e5 2150 meter\" \/>\n<meta property=\"article:publisher\" content=\"https:\/\/www.facebook.com\/PadborgPark\/\" \/>\n<meta property=\"article:modified_time\" content=\"2026-02-02T04:46:55+00:00\" \/>\n<meta property=\"og:image\" content=\"https:\/\/padborgpark.dk\/wp-content\/uploads\/2021\/01\/Tilmelding-\u2013-Super-GT-Danmark-2021-e1641365202628.jpg\" \/>\n\t<meta property=\"og:image:width\" content=\"285\" \/>\n\t<meta property=\"og:image:height\" content=\"326\" \/>\n\t<meta property=\"og:image:type\" content=\"image\/jpeg\" \/>\n<meta name=\"twitter:label1\" content=\"Gesch\u00e4tzte Lesezeit\" \/>\n\t<meta name=\"twitter:data1\" content=\"3\u00a0Minuten\" \/>\n<script type=\"application\/ld+json\" class=\"yoast-schema-graph\">{\"@context\":\"https:\\\/\\\/schema.org\",\"@graph\":[{\"@type\":\"WebPage\",\"@id\":\"https:\\\/\\\/padborgpark.dk\\\/de\\\/firmen-gruppenveranstaltung-mit-spannung\\\/\",\"url\":\"https:\\\/\\\/padborgpark.dk\\\/de\\\/firmen-gruppenveranstaltung-mit-spannung\\\/\",\"name\":\"Firmen-\\\/Gruppenevent mit Spannung\",\"isPartOf\":{\"@id\":\"https:\\\/\\\/padborgpark.dk\\\/#website\"},\"primaryImageOfPage\":{\"@id\":\"https:\\\/\\\/padborgpark.dk\\\/de\\\/firmen-gruppenveranstaltung-mit-spannung\\\/#primaryimage\"},\"image\":{\"@id\":\"https:\\\/\\\/padborgpark.dk\\\/de\\\/firmen-gruppenveranstaltung-mit-spannung\\\/#primaryimage\"},\"thumbnailUrl\":\"https:\\\/\\\/padborgpark.dk\\\/wp-content\\\/uploads\\\/2021\\\/01\\\/Tilmelding-\u2013-Super-GT-Danmark-2021-e1641365202628.jpg\",\"datePublished\":\"2013-06-20T11:24:50+00:00\",\"dateModified\":\"2026-02-02T04:46:55+00:00\",\"description\":\"Erleben Sie gemeinsam etwas Neues und Aufregendes. Wenn Sie Ihren Mitarbeitern oder Freunden ein spannendes Firmen- oder Gruppenevent bieten m\u00f6chten, ist Padborg Park genau der richtige Ort daf\u00fcr.\",\"inLanguage\":\"de\",\"potentialAction\":[{\"@type\":\"ReadAction\",\"target\":[\"https:\\\/\\\/padborgpark.dk\\\/de\\\/firmen-gruppenveranstaltung-mit-spannung\\\/\"]}]},{\"@type\":\"ImageObject\",\"inLanguage\":\"de\",\"@id\":\"https:\\\/\\\/padborgpark.dk\\\/de\\\/firmen-gruppenveranstaltung-mit-spannung\\\/#primaryimage\",\"url\":\"https:\\\/\\\/padborgpark.dk\\\/wp-content\\\/uploads\\\/2021\\\/01\\\/Tilmelding-\u2013-Super-GT-Danmark-2021-e1641365202628.jpg\",\"contentUrl\":\"https:\\\/\\\/padborgpark.dk\\\/wp-content\\\/uploads\\\/2021\\\/01\\\/Tilmelding-\u2013-Super-GT-Danmark-2021-e1641365202628.jpg\",\"width\":285,\"height\":326,\"caption\":\"F\u00f8lgende tilmeldingsblanket SKAL udfyldes og returneres til os: https:\\\/\\\/padborgpark.dk\\\/wp-content\\\/uploads\\\/2020\\\/12\\\/Skablon-Tilmelding-til-Super-GT-2021.docx\"},{\"@type\":\"WebSite\",\"@id\":\"https:\\\/\\\/padborgpark.dk\\\/#website\",\"url\":\"https:\\\/\\\/padborgpark.dk\\\/\",\"name\":\"Padborg Park har bilerne og en motorbane p\u00e5 2150 meter\",\"description\":\"\",\"potentialAction\":[{\"@type\":\"SearchAction\",\"target\":{\"@type\":\"EntryPoint\",\"urlTemplate\":\"https:\\\/\\\/padborgpark.dk\\\/?s={search_term_string}\"},\"query-input\":{\"@type\":\"PropertyValueSpecification\",\"valueRequired\":true,\"valueName\":\"search_term_string\"}}],\"inLanguage\":\"de\"}]}<\/script>\n<!-- \/ Yoast SEO plugin. -->","yoast_head_json":{"title":"Firmen-\/Gruppenevent mit Spannung","description":"Erleben Sie gemeinsam etwas Neues und Aufregendes. Wenn Sie Ihren Mitarbeitern oder Freunden ein spannendes Firmen- oder Gruppenevent bieten m\u00f6chten, ist Padborg Park genau der richtige Ort daf\u00fcr.","robots":{"index":"index","follow":"follow","max-snippet":"max-snippet:-1","max-image-preview":"max-image-preview:large","max-video-preview":"max-video-preview:-1"},"canonical":"https:\/\/padborgpark.dk\/de\/firmen-gruppenveranstaltung-mit-spannung\/","og_locale":"de_DE","og_type":"article","og_title":"Firmen-\/Gruppenevent mit Spannung","og_description":"Erleben Sie gemeinsam etwas Neues und Aufregendes. Wenn Sie Ihren Mitarbeitern oder Freunden ein spannendes Firmen- oder Gruppenevent bieten m\u00f6chten, ist Padborg Park genau der richtige Ort daf\u00fcr.","og_url":"https:\/\/padborgpark.dk\/de\/firmen-gruppenveranstaltung-mit-spannung\/","og_site_name":"Padborg Park har bilerne og en motorbane p\u00e5 2150 meter","article_publisher":"https:\/\/www.facebook.com\/PadborgPark\/","article_modified_time":"2026-02-02T04:46:55+00:00","og_image":[{"width":285,"height":326,"url":"https:\/\/padborgpark.dk\/wp-content\/uploads\/2021\/01\/Tilmelding-\u2013-Super-GT-Danmark-2021-e1641365202628.jpg","type":"image\/jpeg"}],"twitter_misc":{"Gesch\u00e4tzte Lesezeit":"3\u00a0Minuten"},"schema":{"@context":"https:\/\/schema.org","@graph":[{"@type":"WebPage","@id":"https:\/\/padborgpark.dk\/de\/firmen-gruppenveranstaltung-mit-spannung\/","url":"https:\/\/padborgpark.dk\/de\/firmen-gruppenveranstaltung-mit-spannung\/","name":"Firmen-\/Gruppenevent mit Spannung","isPartOf":{"@id":"https:\/\/padborgpark.dk\/#website"},"primaryImageOfPage":{"@id":"https:\/\/padborgpark.dk\/de\/firmen-gruppenveranstaltung-mit-spannung\/#primaryimage"},"image":{"@id":"https:\/\/padborgpark.dk\/de\/firmen-gruppenveranstaltung-mit-spannung\/#primaryimage"},"thumbnailUrl":"https:\/\/padborgpark.dk\/wp-content\/uploads\/2021\/01\/Tilmelding-\u2013-Super-GT-Danmark-2021-e1641365202628.jpg","datePublished":"2013-06-20T11:24:50+00:00","dateModified":"2026-02-02T04:46:55+00:00","description":"Erleben Sie gemeinsam etwas Neues und Aufregendes. Wenn Sie Ihren Mitarbeitern oder Freunden ein spannendes Firmen- oder Gruppenevent bieten m\u00f6chten, ist Padborg Park genau der richtige Ort daf\u00fcr.","inLanguage":"de","potentialAction":[{"@type":"ReadAction","target":["https:\/\/padborgpark.dk\/de\/firmen-gruppenveranstaltung-mit-spannung\/"]}]},{"@type":"ImageObject","inLanguage":"de","@id":"https:\/\/padborgpark.dk\/de\/firmen-gruppenveranstaltung-mit-spannung\/#primaryimage","url":"https:\/\/padborgpark.dk\/wp-content\/uploads\/2021\/01\/Tilmelding-\u2013-Super-GT-Danmark-2021-e1641365202628.jpg","contentUrl":"https:\/\/padborgpark.dk\/wp-content\/uploads\/2021\/01\/Tilmelding-\u2013-Super-GT-Danmark-2021-e1641365202628.jpg","width":285,"height":326,"caption":"F\u00f8lgende tilmeldingsblanket SKAL udfyldes og returneres til os: https:\/\/padborgpark.dk\/wp-content\/uploads\/2020\/12\/Skablon-Tilmelding-til-Super-GT-2021.docx"},{"@type":"WebSite","@id":"https:\/\/padborgpark.dk\/#website","url":"https:\/\/padborgpark.dk\/","name":"Padborg Park har bilerne og en motorbane p\u00e5 2150 meter","description":"","potentialAction":[{"@type":"SearchAction","target":{"@type":"EntryPoint","urlTemplate":"https:\/\/padborgpark.dk\/?s={search_term_string}"},"query-input":{"@type":"PropertyValueSpecification","valueRequired":true,"valueName":"search_term_string"}}],"inLanguage":"de"}]}},"_links":{"self":[{"href":"https:\/\/padborgpark.dk\/de\/wp-json\/wp\/v2\/pages\/9669","targetHints":{"allow":["GET"]}}],"collection":[{"href":"https:\/\/padborgpark.dk\/de\/wp-json\/wp\/v2\/pages"}],"about":[{"href":"https:\/\/padborgpark.dk\/de\/wp-json\/wp\/v2\/types\/page"}],"author":[{"embeddable":true,"href":"https:\/\/padborgpark.dk\/de\/wp-json\/wp\/v2\/users\/806299"}],"replies":[{"embeddable":true,"href":"https:\/\/padborgpark.dk\/de\/wp-json\/wp\/v2\/comments?post=9669"}],"version-history":[{"count":1,"href":"https:\/\/padborgpark.dk\/de\/wp-json\/wp\/v2\/pages\/9669\/revisions"}],"predecessor-version":[{"id":9317017493,"href":"https:\/\/padborgpark.dk\/de\/wp-json\/wp\/v2\/pages\/9669\/revisions\/9317017493"}],"wp:featuredmedia":[{"embeddable":true,"href":"https:\/\/padborgpark.dk\/de\/wp-json\/wp\/v2\/media\/9571"}],"wp:attachment":[{"href":"https:\/\/padborgpark.dk\/de\/wp-json\/wp\/v2\/media?parent=9669"}],"curies":[{"name":"wp","href":"https:\/\/api.w.org\/{rel}","templated":true}]}}