{"id":9673,"date":"2013-06-20T12:21:46","date_gmt":"2013-06-20T11:21:46","guid":{"rendered":"https:\/\/padborgpark.dk\/andet\/firma-events\/"},"modified":"2026-02-02T07:17:04","modified_gmt":"2026-02-02T06:17:04","slug":"rennstrecke-firmenveranstaltungen","status":"publish","type":"page","link":"https:\/\/padborgpark.dk\/de\/rennstrecke-firmenveranstaltungen\/","title":{"rendered":"Rennstrecke Firmenveranstaltungen"},"content":{"rendered":"<p>Verschiedene Firmenveranstaltungen<\/p>\n<p>Der Padborg Park ist D\u00e4nemarks neueste kombinierte technische Anlage und Rennstrecke. Sie k\u00f6nnen den Kurs Tag oder Abend f\u00fcr Firmenveranstaltungen mieten, z. Teambuilding, Produktpr\u00e4sentationen und Kundenveranstaltungen. Der Padborg Park verf\u00fcgt \u00fcber umfangreiche Erfahrung in der Organisation ma\u00dfgeschneiderter Firmenveranstaltungen. Jedes Jahr f\u00fchren wir \u00fcber 70 Firmenveranstaltungen mit eigenen Rennwagen durch.<\/p>\n<p>Sie m\u00fcssen kein Unternehmen sein, um an unseren Veranstaltungen teilnehmen zu k\u00f6nnen. Wir veranstalten Veranstaltungen f\u00fcr alle Gruppen, z. Vereine, Familienfeiern und Junggesellenabschiede. Der Padborg Park bietet auch den idealen Rahmen f\u00fcr einen anderen Streckentag f\u00fcr Ihren Club. Hier k\u00f6nnen Sie auf der Rennstrecke fahren, auf der die besten d\u00e4nischen Rennfahrer um die d\u00e4nischen Meisterschaften k\u00e4mpfen.<\/p>\n<p>Senden Sie uns Ihre W\u00fcnsche (Datum und Teilnehmer) und wir werden Sie so schnell wie m\u00f6glich mit einem unverbindlichen Angebot kontaktieren. https:\/\/padborgpark.dk\/kontakt\/fa-et-tilbud\/<\/p>\n<p>Benzin im Blut<\/p>\n<p>Der Padborg Park wird seit 2009 von Tom Pedersen geleitet, der zuvor Kursleiter war. Der Job des Regisseurs ist kein Schreibtischjob &#8211; es ist Tom Pedersen, der hinter dem Lenkrad sitzt, wenn es darum geht, Hochgeschwindigkeitsfahrten in einem der vielen Rennwagen der Strecke zu fahren. Der 1981 geborene Tom Pedersen wurde bereits als 15-J\u00e4hriger J\u00fctland \/ F\u00fcnen-Kartmeister. Seitdem folgten noch mehr Siege, d.h. Skandinavischer Formel Renault Cup. Von 2006 bis 2010 war Tom Pedersen in der d\u00e4nischen Tourenwagen-Meisterschaft aktiv, wo er nicht weniger als neun Rennen gewonnen hat.<\/p>\n<p>Padborg Park hat 2.150 Metern rennstrecke. Die Anlage wird t\u00e4glich f\u00fcr technische Fahrkurse, Autotests, Motorradtests, Firmenveranstaltungen usw. genutzt. Dienstags, mittwochs und samstags steht der Padborg Park f\u00fcr alle Motorsportveranstaltungen wie die d\u00e4nische Langstreckenmeisterschaft zur Verf\u00fcgung.<\/p>\n<p>W\u00e4hrend des Sommers betreibt die Firma racerskoler.dk eine Reihe von Rennschulen im Padborg Park, in denen Sie alles Notwendige lernen, um an einem Asphaltrennen teilnehmen zu k\u00f6nnen.<\/p>\n<p>Der 12 Meter breite Kurs hat vier Rechtskurven, f\u00fcnf Linkskurven und eine Bel\u00e4stigung. Das System enth\u00e4lt rutschige Stra\u00dfen sowie Kurven, mit denen Bremsen und Ausweichman\u00f6ver trainiert werden. Wir haben auch eine Fl\u00e4che von 4.000 m2, die z.B. Ausstellung und Tagung sowie ein Wohnzimmer f\u00fcr 40 Personen. Von unserem Restaurant oben im Verwaltungsgeb\u00e4ude aus haben Sie und Ihre G\u00e4ste einen freien Blick auf den Platz.<\/p>\n<p>Sehen Sie sich Videos von Firmenveranstaltungen an- https:\/\/padborgpark.dk\/media\/events\/<\/p>\n","protected":false},"excerpt":{"rendered":"<p>Verschiedene Firmenveranstaltungen Der Padborg Park ist D\u00e4nemarks neueste kombinierte technische Anlage und Rennstrecke. Sie k\u00f6nnen den Kurs Tag oder Abend f\u00fcr Firmenveranstaltungen mieten, z. Teambuilding, Produktpr\u00e4sentationen und Kundenveranstaltungen. Der Padborg Park verf\u00fcgt \u00fcber umfangreiche Erfahrung in der Organisation ma\u00dfgeschneiderter Firmenveranstaltungen. Jedes Jahr f\u00fchren wir \u00fcber 70 Firmenveranstaltungen mit eigenen Rennwagen durch. Sie m\u00fcssen kein Unternehmen [&hellip;]<\/p>\n","protected":false},"author":806299,"featured_media":9577,"parent":0,"menu_order":2,"comment_status":"closed","ping_status":"closed","template":"","meta":{"_acf_changed":false,"_monsterinsights_skip_tracking":false,"_monsterinsights_sitenote_active":false,"_monsterinsights_sitenote_note":"","_monsterinsights_sitenote_category":0,"footnotes":""},"class_list":["post-9673","page","type-page","status-publish","has-post-thumbnail","hentry"],"acf":[],"yoast_head":"<!-- This site is optimized with the Yoast SEO plugin v27.3 - https:\/\/yoast.com\/product\/yoast-seo-wordpress\/ -->\n<title>Firmenveranstaltungen auf D\u00e4nemarks neuester Rennstrecke<\/title>\n<meta name=\"description\" content=\"Rennstrecke Firmenveranstaltungen Sie m\u00fcssen kein Unternehmen sein, um an unseren Veranstaltungen teilnehmen zu k\u00f6nnen.\" \/>\n<meta name=\"robots\" content=\"index, follow, max-snippet:-1, max-image-preview:large, max-video-preview:-1\" \/>\n<link rel=\"canonical\" href=\"https:\/\/padborgpark.dk\/de\/rennstrecke-firmenveranstaltungen\/\" \/>\n<meta property=\"og:locale\" content=\"de_DE\" \/>\n<meta property=\"og:type\" content=\"article\" \/>\n<meta property=\"og:title\" content=\"Firmenveranstaltungen auf D\u00e4nemarks neuester Rennstrecke\" \/>\n<meta property=\"og:description\" content=\"Rennstrecke Firmenveranstaltungen Sie m\u00fcssen kein Unternehmen sein, um an unseren Veranstaltungen teilnehmen zu k\u00f6nnen.\" \/>\n<meta property=\"og:url\" content=\"https:\/\/padborgpark.dk\/de\/rennstrecke-firmenveranstaltungen\/\" \/>\n<meta property=\"og:site_name\" content=\"Padborg Park har bilerne og en motorbane p\u00e5 2150 meter\" \/>\n<meta property=\"article:publisher\" content=\"https:\/\/www.facebook.com\/PadborgPark\/\" \/>\n<meta property=\"article:modified_time\" content=\"2026-02-02T06:17:04+00:00\" \/>\n<meta property=\"og:image\" content=\"https:\/\/padborgpark.dk\/wp-content\/uploads\/2021\/01\/VIP-Exclusive-billet.jpg\" \/>\n\t<meta property=\"og:image:width\" content=\"1500\" \/>\n\t<meta property=\"og:image:height\" content=\"1000\" \/>\n\t<meta property=\"og:image:type\" content=\"image\/jpeg\" \/>\n<meta name=\"twitter:label1\" content=\"Gesch\u00e4tzte Lesezeit\" \/>\n\t<meta name=\"twitter:data1\" content=\"3\u00a0Minuten\" \/>\n<script type=\"application\/ld+json\" class=\"yoast-schema-graph\">{\"@context\":\"https:\\\/\\\/schema.org\",\"@graph\":[{\"@type\":\"WebPage\",\"@id\":\"https:\\\/\\\/padborgpark.dk\\\/de\\\/rennstrecke-firmenveranstaltungen\\\/\",\"url\":\"https:\\\/\\\/padborgpark.dk\\\/de\\\/rennstrecke-firmenveranstaltungen\\\/\",\"name\":\"Firmenveranstaltungen auf D\u00e4nemarks neuester Rennstrecke\",\"isPartOf\":{\"@id\":\"https:\\\/\\\/padborgpark.dk\\\/#website\"},\"primaryImageOfPage\":{\"@id\":\"https:\\\/\\\/padborgpark.dk\\\/de\\\/rennstrecke-firmenveranstaltungen\\\/#primaryimage\"},\"image\":{\"@id\":\"https:\\\/\\\/padborgpark.dk\\\/de\\\/rennstrecke-firmenveranstaltungen\\\/#primaryimage\"},\"thumbnailUrl\":\"https:\\\/\\\/padborgpark.dk\\\/wp-content\\\/uploads\\\/2021\\\/01\\\/VIP-Exclusive-billet.jpg\",\"datePublished\":\"2013-06-20T11:21:46+00:00\",\"dateModified\":\"2026-02-02T06:17:04+00:00\",\"description\":\"Rennstrecke Firmenveranstaltungen Sie m\u00fcssen kein Unternehmen sein, um an unseren Veranstaltungen teilnehmen zu k\u00f6nnen.\",\"inLanguage\":\"de\",\"potentialAction\":[{\"@type\":\"ReadAction\",\"target\":[\"https:\\\/\\\/padborgpark.dk\\\/de\\\/rennstrecke-firmenveranstaltungen\\\/\"]}]},{\"@type\":\"ImageObject\",\"inLanguage\":\"de\",\"@id\":\"https:\\\/\\\/padborgpark.dk\\\/de\\\/rennstrecke-firmenveranstaltungen\\\/#primaryimage\",\"url\":\"https:\\\/\\\/padborgpark.dk\\\/wp-content\\\/uploads\\\/2021\\\/01\\\/VIP-Exclusive-billet.jpg\",\"contentUrl\":\"https:\\\/\\\/padborgpark.dk\\\/wp-content\\\/uploads\\\/2021\\\/01\\\/VIP-Exclusive-billet.jpg\",\"width\":1500,\"height\":1000},{\"@type\":\"WebSite\",\"@id\":\"https:\\\/\\\/padborgpark.dk\\\/#website\",\"url\":\"https:\\\/\\\/padborgpark.dk\\\/\",\"name\":\"Padborg Park har bilerne og en motorbane p\u00e5 2150 meter\",\"description\":\"\",\"potentialAction\":[{\"@type\":\"SearchAction\",\"target\":{\"@type\":\"EntryPoint\",\"urlTemplate\":\"https:\\\/\\\/padborgpark.dk\\\/?s={search_term_string}\"},\"query-input\":{\"@type\":\"PropertyValueSpecification\",\"valueRequired\":true,\"valueName\":\"search_term_string\"}}],\"inLanguage\":\"de\"}]}<\/script>\n<!-- \/ Yoast SEO plugin. -->","yoast_head_json":{"title":"Firmenveranstaltungen auf D\u00e4nemarks neuester Rennstrecke","description":"Rennstrecke Firmenveranstaltungen Sie m\u00fcssen kein Unternehmen sein, um an unseren Veranstaltungen teilnehmen zu k\u00f6nnen.","robots":{"index":"index","follow":"follow","max-snippet":"max-snippet:-1","max-image-preview":"max-image-preview:large","max-video-preview":"max-video-preview:-1"},"canonical":"https:\/\/padborgpark.dk\/de\/rennstrecke-firmenveranstaltungen\/","og_locale":"de_DE","og_type":"article","og_title":"Firmenveranstaltungen auf D\u00e4nemarks neuester Rennstrecke","og_description":"Rennstrecke Firmenveranstaltungen Sie m\u00fcssen kein Unternehmen sein, um an unseren Veranstaltungen teilnehmen zu k\u00f6nnen.","og_url":"https:\/\/padborgpark.dk\/de\/rennstrecke-firmenveranstaltungen\/","og_site_name":"Padborg Park har bilerne og en motorbane p\u00e5 2150 meter","article_publisher":"https:\/\/www.facebook.com\/PadborgPark\/","article_modified_time":"2026-02-02T06:17:04+00:00","og_image":[{"width":1500,"height":1000,"url":"https:\/\/padborgpark.dk\/wp-content\/uploads\/2021\/01\/VIP-Exclusive-billet.jpg","type":"image\/jpeg"}],"twitter_misc":{"Gesch\u00e4tzte Lesezeit":"3\u00a0Minuten"},"schema":{"@context":"https:\/\/schema.org","@graph":[{"@type":"WebPage","@id":"https:\/\/padborgpark.dk\/de\/rennstrecke-firmenveranstaltungen\/","url":"https:\/\/padborgpark.dk\/de\/rennstrecke-firmenveranstaltungen\/","name":"Firmenveranstaltungen auf D\u00e4nemarks neuester Rennstrecke","isPartOf":{"@id":"https:\/\/padborgpark.dk\/#website"},"primaryImageOfPage":{"@id":"https:\/\/padborgpark.dk\/de\/rennstrecke-firmenveranstaltungen\/#primaryimage"},"image":{"@id":"https:\/\/padborgpark.dk\/de\/rennstrecke-firmenveranstaltungen\/#primaryimage"},"thumbnailUrl":"https:\/\/padborgpark.dk\/wp-content\/uploads\/2021\/01\/VIP-Exclusive-billet.jpg","datePublished":"2013-06-20T11:21:46+00:00","dateModified":"2026-02-02T06:17:04+00:00","description":"Rennstrecke Firmenveranstaltungen Sie m\u00fcssen kein Unternehmen sein, um an unseren Veranstaltungen teilnehmen zu k\u00f6nnen.","inLanguage":"de","potentialAction":[{"@type":"ReadAction","target":["https:\/\/padborgpark.dk\/de\/rennstrecke-firmenveranstaltungen\/"]}]},{"@type":"ImageObject","inLanguage":"de","@id":"https:\/\/padborgpark.dk\/de\/rennstrecke-firmenveranstaltungen\/#primaryimage","url":"https:\/\/padborgpark.dk\/wp-content\/uploads\/2021\/01\/VIP-Exclusive-billet.jpg","contentUrl":"https:\/\/padborgpark.dk\/wp-content\/uploads\/2021\/01\/VIP-Exclusive-billet.jpg","width":1500,"height":1000},{"@type":"WebSite","@id":"https:\/\/padborgpark.dk\/#website","url":"https:\/\/padborgpark.dk\/","name":"Padborg Park har bilerne og en motorbane p\u00e5 2150 meter","description":"","potentialAction":[{"@type":"SearchAction","target":{"@type":"EntryPoint","urlTemplate":"https:\/\/padborgpark.dk\/?s={search_term_string}"},"query-input":{"@type":"PropertyValueSpecification","valueRequired":true,"valueName":"search_term_string"}}],"inLanguage":"de"}]}},"_links":{"self":[{"href":"https:\/\/padborgpark.dk\/de\/wp-json\/wp\/v2\/pages\/9673","targetHints":{"allow":["GET"]}}],"collection":[{"href":"https:\/\/padborgpark.dk\/de\/wp-json\/wp\/v2\/pages"}],"about":[{"href":"https:\/\/padborgpark.dk\/de\/wp-json\/wp\/v2\/types\/page"}],"author":[{"embeddable":true,"href":"https:\/\/padborgpark.dk\/de\/wp-json\/wp\/v2\/users\/806299"}],"replies":[{"embeddable":true,"href":"https:\/\/padborgpark.dk\/de\/wp-json\/wp\/v2\/comments?post=9673"}],"version-history":[{"count":1,"href":"https:\/\/padborgpark.dk\/de\/wp-json\/wp\/v2\/pages\/9673\/revisions"}],"predecessor-version":[{"id":9317017505,"href":"https:\/\/padborgpark.dk\/de\/wp-json\/wp\/v2\/pages\/9673\/revisions\/9317017505"}],"wp:featuredmedia":[{"embeddable":true,"href":"https:\/\/padborgpark.dk\/de\/wp-json\/wp\/v2\/media\/9577"}],"wp:attachment":[{"href":"https:\/\/padborgpark.dk\/de\/wp-json\/wp\/v2\/media?parent=9673"}],"curies":[{"name":"wp","href":"https:\/\/api.w.org\/{rel}","templated":true}]}}