{"id":9691,"date":"2013-06-20T12:23:15","date_gmt":"2013-06-20T11:23:15","guid":{"rendered":"https:\/\/padborgpark.dk\/andet\/gaven-til-ham\/"},"modified":"2026-01-30T10:21:06","modified_gmt":"2026-01-30T09:21:06","slug":"das-geschenk-an-ihn","status":"publish","type":"page","link":"https:\/\/padborgpark.dk\/de\/das-geschenk-an-ihn\/","title":{"rendered":"Das Geschenk an ihn"},"content":{"rendered":"<p>Was geben Sie dem Mann, der alles hat?<\/p>\n<p>Das perfekte Geschenk f\u00fcr den Mann zu finden, kann manchmal eine Herausforderung sein. Kleidung, Haushaltsgegenst\u00e4nde, Blumen, Pralinen usw. stehen selten ganz oben auf der Wunschliste des Mannes. Erleben Sie Geschenke, die oft in guten Boden fallen &#8211; wenn Sie richtig treffen.<\/p>\n<p>Der Padborg Park bietet das Geschenk, das garantiert allen geschwindigkeitsliebenden Jungen Freude bereitet. Wir sind D\u00e4nemarks neuestes kombiniertes technisches Fahrsystem und Rennstrecke. Wir sind auch die l\u00e4ngste Autobahn des Landes, die von professionellen Rennfahrern z. Die d\u00e4nischen Meisterschaften.<\/p>\n<p>Sollte der Freund, Konfirmand oder Vater verw\u00f6hnt werden, ist der Padborg Park ein Paradies f\u00fcr M\u00e4nner mit Benzin im Blut. Nat\u00fcrlich k\u00f6nnen sich auch M\u00e4dchen an unseren schnellen Autos versuchen.<\/p>\n<p>Fahren Sie Formel-1-Rennfahrer, KTM Xbow, Lotus, Mercedes, BMW, Audi und bald Corvette<\/p>\n<p>Das Geschenk f\u00fcr ihn kann zum Beispiel eine Fahrt mit einem KTM Xbow sein. Sie k\u00f6nnen selbst am Steuer sitzen und mit einem Ausbilder am Steuer durch die vier Rechts- und f\u00fcnf Linkskurven des Kurses bis zum Rand gelangen.<\/p>\n<p>Oder wie w\u00e4re es mit einer Fahrt mit einem echten Formel-1-Rennfahrer? Der Padborg Park bietet Geschenkkarten f\u00fcr das eigene Fahren oder das Fahren mit einem echten Rennfahrer. Kontaktieren Sie uns f\u00fcr die Gestaltung des Geschenks f\u00fcr ihn. Die Geschenkkarte kann entweder an Sie oder direkt an ihn gesendet werden. Auf dieser Seite k\u00f6nnen Sie die Gr\u00f6\u00dfe der Geschenkkarte entsprechend Ihrem Budget ausw\u00e4hlen. https:\/\/padborgpark.dk\/produkter\/formel-1\/<\/p>\n<p>Im Webshop k\u00f6nnen Sie auch Tickets f\u00fcr Rennen und Trib\u00fcnen bestellen<\/p>\n<p>Fahrtechnik \u00fcben<\/p>\n<p>Es ist m\u00f6glich, den Padborg Park in Ihrem eigenen Auto zu nutzen &#8211; wir haben rutschige Stra\u00dfen und Kurven, auf denen Sie Brems- und Ausweichman\u00f6ver trainieren k\u00f6nnen.<\/p>\n<p>Wenn Sie ein Unternehmen oder ein Verband sind, der nach Teambuilding-Aktivit\u00e4ten sucht, bietet Padborg Park actionreiche Veranstaltungen, bei denen Sie um schnelle Fahrerwechsel, Reifenwechsel und Auftanken miteinander konkurrieren k\u00f6nnen.<\/p>\n<p>Pro hinter dem Lenkrad<\/p>\n<p>Der Padborg Park wird von Tom Pedersen betrieben und bereits im Alter von 15 Jahren wurde der 1981 geborene Tom Pedersen J\u00fctland \/ F\u00fcnen-Kart-Champion. Seitdem folgten noch mehr Siege, d.h. Skandinavischer Formel Renault Cup. Von 2006 bis 2010 war Tom Pedersen in der d\u00e4nischen Tourenwagen-Meisterschaft aktiv, wo er nicht weniger als neun Rennen gewonnen hat.<\/p>\n<p>Sehen Sie unsere gro\u00dfe Auswahl an Geschenken und Optionen f\u00fcr Erlebnisse unter GESCHENKKARTEN<\/p>\n<p><a href=\"https:\/\/padborgpark.dk\/shop\/koer-selv\/gavekort\/\">https:\/\/padborgpark.dk\/shop\/koer-selv\/gavekort\/<\/a><\/p>\n","protected":false},"excerpt":{"rendered":"<p>Was geben Sie dem Mann, der alles hat? Das perfekte Geschenk f\u00fcr den Mann zu finden, kann manchmal eine Herausforderung sein. Kleidung, Haushaltsgegenst\u00e4nde, Blumen, Pralinen usw. stehen selten ganz oben auf der Wunschliste des Mannes. Erleben Sie Geschenke, die oft in guten Boden fallen &#8211; wenn Sie richtig treffen. Der Padborg Park bietet das Geschenk, [&hellip;]<\/p>\n","protected":false},"author":806299,"featured_media":9573,"parent":0,"menu_order":2,"comment_status":"closed","ping_status":"closed","template":"","meta":{"_acf_changed":false,"_monsterinsights_skip_tracking":false,"_monsterinsights_sitenote_active":false,"_monsterinsights_sitenote_note":"","_monsterinsights_sitenote_category":0,"footnotes":""},"class_list":["post-9691","page","type-page","status-publish","has-post-thumbnail","hentry"],"acf":[],"yoast_head":"<!-- This site is optimized with the Yoast SEO plugin v27.3 - https:\/\/yoast.com\/product\/yoast-seo-wordpress\/ -->\n<title>Ein Erlebnisgeschenk f\u00fcr diejenigen, die schon alles haben<\/title>\n<meta name=\"description\" content=\"Ein Erlebnisgeschenk f\u00fcr diejenigen, die schon alles haben Wir haben die l\u00e4ngste Motorrennbahn D\u00e4nemarks, und hier finden Sie das beste Erlebnisgeschenk f\u00fcr ihn.\" \/>\n<meta name=\"robots\" content=\"index, follow, max-snippet:-1, max-image-preview:large, max-video-preview:-1\" \/>\n<link rel=\"canonical\" href=\"https:\/\/padborgpark.dk\/de\/das-geschenk-an-ihn\/\" \/>\n<meta property=\"og:locale\" content=\"de_DE\" \/>\n<meta property=\"og:type\" content=\"article\" \/>\n<meta property=\"og:title\" content=\"Ein Erlebnisgeschenk f\u00fcr diejenigen, die schon alles haben\" \/>\n<meta property=\"og:description\" content=\"Ein Erlebnisgeschenk f\u00fcr diejenigen, die schon alles haben Wir haben die l\u00e4ngste Motorrennbahn D\u00e4nemarks, und hier finden Sie das beste Erlebnisgeschenk f\u00fcr ihn.\" \/>\n<meta property=\"og:url\" content=\"https:\/\/padborgpark.dk\/de\/das-geschenk-an-ihn\/\" \/>\n<meta property=\"og:site_name\" content=\"Padborg Park har bilerne og en motorbane p\u00e5 2150 meter\" \/>\n<meta property=\"article:publisher\" content=\"https:\/\/www.facebook.com\/PadborgPark\/\" \/>\n<meta property=\"article:modified_time\" content=\"2026-01-30T09:21:06+00:00\" \/>\n<meta property=\"og:image\" content=\"https:\/\/padborgpark.dk\/wp-content\/uploads\/2021\/01\/Trackday-heldags-8-16.jpg\" \/>\n\t<meta property=\"og:image:width\" content=\"900\" \/>\n\t<meta property=\"og:image:height\" content=\"600\" \/>\n\t<meta property=\"og:image:type\" content=\"image\/jpeg\" \/>\n<meta name=\"twitter:label1\" content=\"Gesch\u00e4tzte Lesezeit\" \/>\n\t<meta name=\"twitter:data1\" content=\"3\u00a0Minuten\" \/>\n<script type=\"application\/ld+json\" class=\"yoast-schema-graph\">{\"@context\":\"https:\\\/\\\/schema.org\",\"@graph\":[{\"@type\":\"WebPage\",\"@id\":\"https:\\\/\\\/padborgpark.dk\\\/de\\\/das-geschenk-an-ihn\\\/\",\"url\":\"https:\\\/\\\/padborgpark.dk\\\/de\\\/das-geschenk-an-ihn\\\/\",\"name\":\"Ein Erlebnisgeschenk f\u00fcr diejenigen, die schon alles haben\",\"isPartOf\":{\"@id\":\"https:\\\/\\\/padborgpark.dk\\\/#website\"},\"primaryImageOfPage\":{\"@id\":\"https:\\\/\\\/padborgpark.dk\\\/de\\\/das-geschenk-an-ihn\\\/#primaryimage\"},\"image\":{\"@id\":\"https:\\\/\\\/padborgpark.dk\\\/de\\\/das-geschenk-an-ihn\\\/#primaryimage\"},\"thumbnailUrl\":\"https:\\\/\\\/padborgpark.dk\\\/wp-content\\\/uploads\\\/2021\\\/01\\\/Trackday-heldags-8-16.jpg\",\"datePublished\":\"2013-06-20T11:23:15+00:00\",\"dateModified\":\"2026-01-30T09:21:06+00:00\",\"description\":\"Ein Erlebnisgeschenk f\u00fcr diejenigen, die schon alles haben Wir haben die l\u00e4ngste Motorrennbahn D\u00e4nemarks, und hier finden Sie das beste Erlebnisgeschenk f\u00fcr ihn.\",\"inLanguage\":\"de\",\"potentialAction\":[{\"@type\":\"ReadAction\",\"target\":[\"https:\\\/\\\/padborgpark.dk\\\/de\\\/das-geschenk-an-ihn\\\/\"]}]},{\"@type\":\"ImageObject\",\"inLanguage\":\"de\",\"@id\":\"https:\\\/\\\/padborgpark.dk\\\/de\\\/das-geschenk-an-ihn\\\/#primaryimage\",\"url\":\"https:\\\/\\\/padborgpark.dk\\\/wp-content\\\/uploads\\\/2021\\\/01\\\/Trackday-heldags-8-16.jpg\",\"contentUrl\":\"https:\\\/\\\/padborgpark.dk\\\/wp-content\\\/uploads\\\/2021\\\/01\\\/Trackday-heldags-8-16.jpg\",\"width\":900,\"height\":600},{\"@type\":\"WebSite\",\"@id\":\"https:\\\/\\\/padborgpark.dk\\\/#website\",\"url\":\"https:\\\/\\\/padborgpark.dk\\\/\",\"name\":\"Padborg Park har bilerne og en motorbane p\u00e5 2150 meter\",\"description\":\"\",\"potentialAction\":[{\"@type\":\"SearchAction\",\"target\":{\"@type\":\"EntryPoint\",\"urlTemplate\":\"https:\\\/\\\/padborgpark.dk\\\/?s={search_term_string}\"},\"query-input\":{\"@type\":\"PropertyValueSpecification\",\"valueRequired\":true,\"valueName\":\"search_term_string\"}}],\"inLanguage\":\"de\"}]}<\/script>\n<!-- \/ Yoast SEO plugin. -->","yoast_head_json":{"title":"Ein Erlebnisgeschenk f\u00fcr diejenigen, die schon alles haben","description":"Ein Erlebnisgeschenk f\u00fcr diejenigen, die schon alles haben Wir haben die l\u00e4ngste Motorrennbahn D\u00e4nemarks, und hier finden Sie das beste Erlebnisgeschenk f\u00fcr ihn.","robots":{"index":"index","follow":"follow","max-snippet":"max-snippet:-1","max-image-preview":"max-image-preview:large","max-video-preview":"max-video-preview:-1"},"canonical":"https:\/\/padborgpark.dk\/de\/das-geschenk-an-ihn\/","og_locale":"de_DE","og_type":"article","og_title":"Ein Erlebnisgeschenk f\u00fcr diejenigen, die schon alles haben","og_description":"Ein Erlebnisgeschenk f\u00fcr diejenigen, die schon alles haben Wir haben die l\u00e4ngste Motorrennbahn D\u00e4nemarks, und hier finden Sie das beste Erlebnisgeschenk f\u00fcr ihn.","og_url":"https:\/\/padborgpark.dk\/de\/das-geschenk-an-ihn\/","og_site_name":"Padborg Park har bilerne og en motorbane p\u00e5 2150 meter","article_publisher":"https:\/\/www.facebook.com\/PadborgPark\/","article_modified_time":"2026-01-30T09:21:06+00:00","og_image":[{"width":900,"height":600,"url":"https:\/\/padborgpark.dk\/wp-content\/uploads\/2021\/01\/Trackday-heldags-8-16.jpg","type":"image\/jpeg"}],"twitter_misc":{"Gesch\u00e4tzte Lesezeit":"3\u00a0Minuten"},"schema":{"@context":"https:\/\/schema.org","@graph":[{"@type":"WebPage","@id":"https:\/\/padborgpark.dk\/de\/das-geschenk-an-ihn\/","url":"https:\/\/padborgpark.dk\/de\/das-geschenk-an-ihn\/","name":"Ein Erlebnisgeschenk f\u00fcr diejenigen, die schon alles haben","isPartOf":{"@id":"https:\/\/padborgpark.dk\/#website"},"primaryImageOfPage":{"@id":"https:\/\/padborgpark.dk\/de\/das-geschenk-an-ihn\/#primaryimage"},"image":{"@id":"https:\/\/padborgpark.dk\/de\/das-geschenk-an-ihn\/#primaryimage"},"thumbnailUrl":"https:\/\/padborgpark.dk\/wp-content\/uploads\/2021\/01\/Trackday-heldags-8-16.jpg","datePublished":"2013-06-20T11:23:15+00:00","dateModified":"2026-01-30T09:21:06+00:00","description":"Ein Erlebnisgeschenk f\u00fcr diejenigen, die schon alles haben Wir haben die l\u00e4ngste Motorrennbahn D\u00e4nemarks, und hier finden Sie das beste Erlebnisgeschenk f\u00fcr ihn.","inLanguage":"de","potentialAction":[{"@type":"ReadAction","target":["https:\/\/padborgpark.dk\/de\/das-geschenk-an-ihn\/"]}]},{"@type":"ImageObject","inLanguage":"de","@id":"https:\/\/padborgpark.dk\/de\/das-geschenk-an-ihn\/#primaryimage","url":"https:\/\/padborgpark.dk\/wp-content\/uploads\/2021\/01\/Trackday-heldags-8-16.jpg","contentUrl":"https:\/\/padborgpark.dk\/wp-content\/uploads\/2021\/01\/Trackday-heldags-8-16.jpg","width":900,"height":600},{"@type":"WebSite","@id":"https:\/\/padborgpark.dk\/#website","url":"https:\/\/padborgpark.dk\/","name":"Padborg Park har bilerne og en motorbane p\u00e5 2150 meter","description":"","potentialAction":[{"@type":"SearchAction","target":{"@type":"EntryPoint","urlTemplate":"https:\/\/padborgpark.dk\/?s={search_term_string}"},"query-input":{"@type":"PropertyValueSpecification","valueRequired":true,"valueName":"search_term_string"}}],"inLanguage":"de"}]}},"_links":{"self":[{"href":"https:\/\/padborgpark.dk\/de\/wp-json\/wp\/v2\/pages\/9691","targetHints":{"allow":["GET"]}}],"collection":[{"href":"https:\/\/padborgpark.dk\/de\/wp-json\/wp\/v2\/pages"}],"about":[{"href":"https:\/\/padborgpark.dk\/de\/wp-json\/wp\/v2\/types\/page"}],"author":[{"embeddable":true,"href":"https:\/\/padborgpark.dk\/de\/wp-json\/wp\/v2\/users\/806299"}],"replies":[{"embeddable":true,"href":"https:\/\/padborgpark.dk\/de\/wp-json\/wp\/v2\/comments?post=9691"}],"version-history":[{"count":1,"href":"https:\/\/padborgpark.dk\/de\/wp-json\/wp\/v2\/pages\/9691\/revisions"}],"predecessor-version":[{"id":9317017481,"href":"https:\/\/padborgpark.dk\/de\/wp-json\/wp\/v2\/pages\/9691\/revisions\/9317017481"}],"wp:featuredmedia":[{"embeddable":true,"href":"https:\/\/padborgpark.dk\/de\/wp-json\/wp\/v2\/media\/9573"}],"wp:attachment":[{"href":"https:\/\/padborgpark.dk\/de\/wp-json\/wp\/v2\/media?parent=9691"}],"curies":[{"name":"wp","href":"https:\/\/api.w.org\/{rel}","templated":true}]}}