{"id":9699,"date":"2013-06-20T12:29:07","date_gmt":"2013-06-20T11:29:07","guid":{"rendered":"https:\/\/padborgpark.dk\/andet\/motorlob\/"},"modified":"2026-01-30T10:05:12","modified_gmt":"2026-01-30T09:05:12","slug":"autorennen","status":"publish","type":"page","link":"https:\/\/padborgpark.dk\/de\/autorennen\/","title":{"rendered":"Autorennen"},"content":{"rendered":"<p>Motorsport &#8211; vom Dampfwagen bis zur Formel 1<\/p>\n<p>Das erste Autorennen der Welt fand 1894 statt, als die Zeitung Le Petit Journal ein Rennen von Paris nach Rouen (ca. 100 km) veranstaltete. 25 Autos erreichten den Start. Der inoffizielle Sieger fuhr in fast sieben Stunden mit einem Dampfwagen bis zur Ziellinie, wurde jedoch disqualifiziert und der erste Preis an das zweitschnellste Auto vergeben.<\/p>\n<p>Die h\u00f6chste Klasse des Motorsports, die Formel 1, hat ihren Ursprung in den 1920er Jahren, aber erst nach dem Zweiten Weltkrieg wurden die Regeln formalisiert. Die erste Weltmeisterschaft fand 1950 in England statt und wurde vom Italiener Giuseppe Farina in einem Alfa Romeo gewonnen. Neben Alfa Romeo haben insbesondere Ferrari, Mercedes-Benz und Maserati das ber\u00fchmte Autorennen gepr\u00e4gt.<\/p>\n<p>Fahren Sie selbst.<\/p>\n<p>Im Padborg Park, D\u00e4nemarks l\u00e4ngster Rennstrecke, hat jeder die M\u00f6glichkeit, sich z. und KTM X-Bow. Sie k\u00f6nnen eine Hochgeschwindigkeitsfahrt mit einem professionellen Rennfahrer am Steuer machen und sogar am Steuer sitzen.<\/p>\n<p>Ebenso haben wir Kurse im Formel-1-Rennsport, auf denen Sie eines unserer Autos auf der 2.150 Meter langen Strecke fahren k\u00f6nnen. Mit \u00fcber 600 PS ist eine gr\u00fcndliche Einf\u00fchrung in die Strecke erforderlich, zuerst in unserem lebhaften Simulator und dann in einem KTM X-Bow.<\/p>\n<p>Der Padborg Park bietet Asphalt f\u00fcr eine Vielzahl von Autorennen, einschlie\u00dflich der d\u00e4nischen Meisterschaften in Legend Cars und der d\u00e4nischen Langstreckenmeisterschaft. So erhalten Sie ein authentisches Erlebnis, wenn Sie eine Zeit in der Anlage buchen.<\/p>\n<p>Legend Cars<\/p>\n<p>Legend Cars ist eine neue Klasse im Motorsport. Die kleinen Exemplare von amerikanischen Autos aus den drei\u00dfiger Jahren wie Ford und Chevrolet wurden 1992 in North Carolina als Angebot f\u00fcr eine billige und unterhaltsame Rennklasse auf den Markt gebracht. Seitdem ist es \u00fcber Stock und Stein gegangen, und zum Zeitpunkt des Schreibens wurden \u00fcber 4.000 Legend Cars produziert.<\/p>\n<p>Ausdauer, Taktik und Teamwork<\/p>\n<p>Die d\u00e4nische Langstreckenmeisterschaft ist ein anderes Autorennen. Bei den meisten Autorennen geht es &#8222;nur&#8220; darum, von Anfang bis Ende Vollgas zu geben, aber im Dezember treten Sie auch in Bezug auf Ausdauer, Taktik und Teamwork an. Zwei oder drei Fahrer teilen sich ein Auto, das zwischen den vielen Rennen den Fahrer wechseln und tanken muss. Ein DEC-Rennen kann eine anstrengende Angelegenheit von sechs Stunden sein.<\/p>\n<p>Im Padborg Park organisieren wir, inspiriert von DEC, Teambuilding-Events f\u00fcr Unternehmen und andere, die die Zusammenarbeit verbessern m\u00f6chten. Die Teilnehmer m\u00fcssen um Auftanken, Reifenwechsel, Passagierwechsel und Zur\u00fcckhaltung k\u00e4mpfen, bevor sie Hochgeschwindigkeitsfahrten auf der Strecke beginnen.<\/p>\n","protected":false},"excerpt":{"rendered":"<p>Motorsport &#8211; vom Dampfwagen bis zur Formel 1 Das erste Autorennen der Welt fand 1894 statt, als die Zeitung Le Petit Journal ein Rennen von Paris nach Rouen (ca. 100 km) veranstaltete. 25 Autos erreichten den Start. Der inoffizielle Sieger fuhr in fast sieben Stunden mit einem Dampfwagen bis zur Ziellinie, wurde jedoch disqualifiziert und [&hellip;]<\/p>\n","protected":false},"author":806299,"featured_media":9579,"parent":0,"menu_order":2,"comment_status":"closed","ping_status":"closed","template":"","meta":{"_acf_changed":false,"_monsterinsights_skip_tracking":false,"_monsterinsights_sitenote_active":false,"_monsterinsights_sitenote_note":"","_monsterinsights_sitenote_category":0,"footnotes":""},"class_list":["post-9699","page","type-page","status-publish","has-post-thumbnail","hentry"],"acf":[],"yoast_head":"<!-- This site is optimized with the Yoast SEO plugin v27.3 - https:\/\/yoast.com\/product\/yoast-seo-wordpress\/ -->\n<title>Motorsport-Event \u2013 Buchen Sie ein Motorsport-Event f\u00fcr Unternehmen und Gruppen<\/title>\n<meta name=\"description\" content=\"Motorsport \u2013 von Dampfautos bis zur Formel 1 Lesen Sie mehr und bestellen Sie hier. Fahren Sie selbst und versuchen Sie sich im Motorsport im Padborg Park.\" \/>\n<meta name=\"robots\" content=\"index, follow, max-snippet:-1, max-image-preview:large, max-video-preview:-1\" \/>\n<link rel=\"canonical\" href=\"https:\/\/padborgpark.dk\/de\/autorennen\/\" \/>\n<meta property=\"og:locale\" content=\"de_DE\" \/>\n<meta property=\"og:type\" content=\"article\" \/>\n<meta property=\"og:title\" content=\"Motorsport-Event \u2013 Buchen Sie ein Motorsport-Event f\u00fcr Unternehmen und Gruppen\" \/>\n<meta property=\"og:description\" content=\"Motorsport \u2013 von Dampfautos bis zur Formel 1 Lesen Sie mehr und bestellen Sie hier. Fahren Sie selbst und versuchen Sie sich im Motorsport im Padborg Park.\" \/>\n<meta property=\"og:url\" content=\"https:\/\/padborgpark.dk\/de\/autorennen\/\" \/>\n<meta property=\"og:site_name\" content=\"Padborg Park har bilerne og en motorbane p\u00e5 2150 meter\" \/>\n<meta property=\"article:publisher\" content=\"https:\/\/www.facebook.com\/PadborgPark\/\" \/>\n<meta property=\"article:modified_time\" content=\"2026-01-30T09:05:12+00:00\" \/>\n<meta property=\"og:image\" content=\"https:\/\/padborgpark.dk\/wp-content\/uploads\/2021\/01\/Fart-med-Fornuft-\u2013-kursus-for-de-17-\u2013-24-aarige-1.jpg\" \/>\n\t<meta property=\"og:image:width\" content=\"724\" \/>\n\t<meta property=\"og:image:height\" content=\"1024\" \/>\n\t<meta property=\"og:image:type\" content=\"image\/jpeg\" \/>\n<meta name=\"twitter:label1\" content=\"Gesch\u00e4tzte Lesezeit\" \/>\n\t<meta name=\"twitter:data1\" content=\"3\u00a0Minuten\" \/>\n<script type=\"application\/ld+json\" class=\"yoast-schema-graph\">{\"@context\":\"https:\\\/\\\/schema.org\",\"@graph\":[{\"@type\":\"WebPage\",\"@id\":\"https:\\\/\\\/padborgpark.dk\\\/de\\\/autorennen\\\/\",\"url\":\"https:\\\/\\\/padborgpark.dk\\\/de\\\/autorennen\\\/\",\"name\":\"Motorsport-Event \u2013 Buchen Sie ein Motorsport-Event f\u00fcr Unternehmen und Gruppen\",\"isPartOf\":{\"@id\":\"https:\\\/\\\/padborgpark.dk\\\/#website\"},\"primaryImageOfPage\":{\"@id\":\"https:\\\/\\\/padborgpark.dk\\\/de\\\/autorennen\\\/#primaryimage\"},\"image\":{\"@id\":\"https:\\\/\\\/padborgpark.dk\\\/de\\\/autorennen\\\/#primaryimage\"},\"thumbnailUrl\":\"https:\\\/\\\/padborgpark.dk\\\/wp-content\\\/uploads\\\/2021\\\/01\\\/Fart-med-Fornuft-\u2013-kursus-for-de-17-\u2013-24-aarige-1.jpg\",\"datePublished\":\"2013-06-20T11:29:07+00:00\",\"dateModified\":\"2026-01-30T09:05:12+00:00\",\"description\":\"Motorsport \u2013 von Dampfautos bis zur Formel 1 Lesen Sie mehr und bestellen Sie hier. Fahren Sie selbst und versuchen Sie sich im Motorsport im Padborg Park.\",\"inLanguage\":\"de\",\"potentialAction\":[{\"@type\":\"ReadAction\",\"target\":[\"https:\\\/\\\/padborgpark.dk\\\/de\\\/autorennen\\\/\"]}]},{\"@type\":\"ImageObject\",\"inLanguage\":\"de\",\"@id\":\"https:\\\/\\\/padborgpark.dk\\\/de\\\/autorennen\\\/#primaryimage\",\"url\":\"https:\\\/\\\/padborgpark.dk\\\/wp-content\\\/uploads\\\/2021\\\/01\\\/Fart-med-Fornuft-\u2013-kursus-for-de-17-\u2013-24-aarige-1.jpg\",\"contentUrl\":\"https:\\\/\\\/padborgpark.dk\\\/wp-content\\\/uploads\\\/2021\\\/01\\\/Fart-med-Fornuft-\u2013-kursus-for-de-17-\u2013-24-aarige-1.jpg\",\"width\":724,\"height\":1024},{\"@type\":\"WebSite\",\"@id\":\"https:\\\/\\\/padborgpark.dk\\\/#website\",\"url\":\"https:\\\/\\\/padborgpark.dk\\\/\",\"name\":\"Padborg Park har bilerne og en motorbane p\u00e5 2150 meter\",\"description\":\"\",\"potentialAction\":[{\"@type\":\"SearchAction\",\"target\":{\"@type\":\"EntryPoint\",\"urlTemplate\":\"https:\\\/\\\/padborgpark.dk\\\/?s={search_term_string}\"},\"query-input\":{\"@type\":\"PropertyValueSpecification\",\"valueRequired\":true,\"valueName\":\"search_term_string\"}}],\"inLanguage\":\"de\"}]}<\/script>\n<!-- \/ Yoast SEO plugin. -->","yoast_head_json":{"title":"Motorsport-Event \u2013 Buchen Sie ein Motorsport-Event f\u00fcr Unternehmen und Gruppen","description":"Motorsport \u2013 von Dampfautos bis zur Formel 1 Lesen Sie mehr und bestellen Sie hier. Fahren Sie selbst und versuchen Sie sich im Motorsport im Padborg Park.","robots":{"index":"index","follow":"follow","max-snippet":"max-snippet:-1","max-image-preview":"max-image-preview:large","max-video-preview":"max-video-preview:-1"},"canonical":"https:\/\/padborgpark.dk\/de\/autorennen\/","og_locale":"de_DE","og_type":"article","og_title":"Motorsport-Event \u2013 Buchen Sie ein Motorsport-Event f\u00fcr Unternehmen und Gruppen","og_description":"Motorsport \u2013 von Dampfautos bis zur Formel 1 Lesen Sie mehr und bestellen Sie hier. Fahren Sie selbst und versuchen Sie sich im Motorsport im Padborg Park.","og_url":"https:\/\/padborgpark.dk\/de\/autorennen\/","og_site_name":"Padborg Park har bilerne og en motorbane p\u00e5 2150 meter","article_publisher":"https:\/\/www.facebook.com\/PadborgPark\/","article_modified_time":"2026-01-30T09:05:12+00:00","og_image":[{"width":724,"height":1024,"url":"https:\/\/padborgpark.dk\/wp-content\/uploads\/2021\/01\/Fart-med-Fornuft-\u2013-kursus-for-de-17-\u2013-24-aarige-1.jpg","type":"image\/jpeg"}],"twitter_misc":{"Gesch\u00e4tzte Lesezeit":"3\u00a0Minuten"},"schema":{"@context":"https:\/\/schema.org","@graph":[{"@type":"WebPage","@id":"https:\/\/padborgpark.dk\/de\/autorennen\/","url":"https:\/\/padborgpark.dk\/de\/autorennen\/","name":"Motorsport-Event \u2013 Buchen Sie ein Motorsport-Event f\u00fcr Unternehmen und Gruppen","isPartOf":{"@id":"https:\/\/padborgpark.dk\/#website"},"primaryImageOfPage":{"@id":"https:\/\/padborgpark.dk\/de\/autorennen\/#primaryimage"},"image":{"@id":"https:\/\/padborgpark.dk\/de\/autorennen\/#primaryimage"},"thumbnailUrl":"https:\/\/padborgpark.dk\/wp-content\/uploads\/2021\/01\/Fart-med-Fornuft-\u2013-kursus-for-de-17-\u2013-24-aarige-1.jpg","datePublished":"2013-06-20T11:29:07+00:00","dateModified":"2026-01-30T09:05:12+00:00","description":"Motorsport \u2013 von Dampfautos bis zur Formel 1 Lesen Sie mehr und bestellen Sie hier. Fahren Sie selbst und versuchen Sie sich im Motorsport im Padborg Park.","inLanguage":"de","potentialAction":[{"@type":"ReadAction","target":["https:\/\/padborgpark.dk\/de\/autorennen\/"]}]},{"@type":"ImageObject","inLanguage":"de","@id":"https:\/\/padborgpark.dk\/de\/autorennen\/#primaryimage","url":"https:\/\/padborgpark.dk\/wp-content\/uploads\/2021\/01\/Fart-med-Fornuft-\u2013-kursus-for-de-17-\u2013-24-aarige-1.jpg","contentUrl":"https:\/\/padborgpark.dk\/wp-content\/uploads\/2021\/01\/Fart-med-Fornuft-\u2013-kursus-for-de-17-\u2013-24-aarige-1.jpg","width":724,"height":1024},{"@type":"WebSite","@id":"https:\/\/padborgpark.dk\/#website","url":"https:\/\/padborgpark.dk\/","name":"Padborg Park har bilerne og en motorbane p\u00e5 2150 meter","description":"","potentialAction":[{"@type":"SearchAction","target":{"@type":"EntryPoint","urlTemplate":"https:\/\/padborgpark.dk\/?s={search_term_string}"},"query-input":{"@type":"PropertyValueSpecification","valueRequired":true,"valueName":"search_term_string"}}],"inLanguage":"de"}]}},"_links":{"self":[{"href":"https:\/\/padborgpark.dk\/de\/wp-json\/wp\/v2\/pages\/9699","targetHints":{"allow":["GET"]}}],"collection":[{"href":"https:\/\/padborgpark.dk\/de\/wp-json\/wp\/v2\/pages"}],"about":[{"href":"https:\/\/padborgpark.dk\/de\/wp-json\/wp\/v2\/types\/page"}],"author":[{"embeddable":true,"href":"https:\/\/padborgpark.dk\/de\/wp-json\/wp\/v2\/users\/806299"}],"replies":[{"embeddable":true,"href":"https:\/\/padborgpark.dk\/de\/wp-json\/wp\/v2\/comments?post=9699"}],"version-history":[{"count":1,"href":"https:\/\/padborgpark.dk\/de\/wp-json\/wp\/v2\/pages\/9699\/revisions"}],"predecessor-version":[{"id":9317017479,"href":"https:\/\/padborgpark.dk\/de\/wp-json\/wp\/v2\/pages\/9699\/revisions\/9317017479"}],"wp:featuredmedia":[{"embeddable":true,"href":"https:\/\/padborgpark.dk\/de\/wp-json\/wp\/v2\/media\/9579"}],"wp:attachment":[{"href":"https:\/\/padborgpark.dk\/de\/wp-json\/wp\/v2\/media?parent=9699"}],"curies":[{"name":"wp","href":"https:\/\/api.w.org\/{rel}","templated":true}]}}