{"id":9702,"date":"2013-06-20T12:28:42","date_gmt":"2013-06-20T11:28:42","guid":{"rendered":"https:\/\/padborgpark.dk\/andet\/racerlob\/"},"modified":"2026-02-02T07:14:03","modified_gmt":"2026-02-02T06:14:03","slug":"rennen","status":"publish","type":"page","link":"https:\/\/padborgpark.dk\/de\/rennen\/","title":{"rendered":"Rennen"},"content":{"rendered":"<p>Wettbewerb um pferdelose Kutschen<\/p>\n<p>Beim Rennen geht es in seiner ganzen Einfachheit darum, so schnell wie m\u00f6glich von einem Punkt zum anderen zu gelangen. Der Sport kann bis ins antike Griechenland zur\u00fcckverfolgt werden, wo M\u00e4nner Panzer durch eine Strecke rasten oder steuerten. Heute wurden die Pferde durch Pferdest\u00e4rken ersetzt, wenn wir \u00fcber Rennen sprechen. Es wird angenommen, dass das erste Rennen mit Autos im Jahr 1894 stattgefunden hat und sehr wohl als &#8222;Wettbewerb f\u00fcr pferdelose Kutschen&#8220; bezeichnet wurde &#8211; ein Rennen von etwa 100 km zwischen Paris und Rouen.<\/p>\n<p>Formel 1<\/p>\n<p>Die Formel 1 ist die h\u00f6chste Rennklasse. W\u00e4hrend der Saison werden Rennen &#8211; auch Grand Prix genannt &#8211; auf Strecken auf der ganzen Welt ausgetragen. Sowohl Autodesigner als auch Fahrer k\u00e4mpfen um die Weltmeisterschaft. Formel-1-Autos geh\u00f6ren ebenfalls zu den schnellsten Rennwagen der Welt, da sie aufgrund ihrer Konstruktion in Kurven schnell sind &#8211; die H\u00f6chstgeschwindigkeit betr\u00e4gt 350 km \/ h.<\/p>\n<p>D\u00e4nemarks l\u00e4ngste Rennstrecke<\/p>\n<p>Der Padborg Park, D\u00e4nemarks l\u00e4ngste Rennstrecke, umfasst: Asphalt f\u00fcr den Legend Cup und die d\u00e4nische Langstreckenmeisterschaft. Wir sind ein d\u00e4nischer Importeur der neuen Legend Cars, bei denen es sich um kleine Sonderanfertigungen der amerikanischen Autos der drei\u00dfiger Jahre wie Ford und Chevrolet handelt &#8211; ohne Zweifel D\u00e4nemarks lustigste Rennklasse. In diesem Rennen gibt es Unterhaltung von Anfang bis Ende. Dar\u00fcber hinaus hat Legend den Vorteil, dass die Autos sowohl im Kauf als auch im Betrieb g\u00fcnstig sind.<\/p>\n<p>Die d\u00e4nische Langstreckenmeisterschaft ist eine atypische Form des Motorsports. Die meisten Rennen sind schnelle Sprints, aber DEC ist, wie der Name schon sagt, ein Langstreckenrennen, bei dem man hartn\u00e4ckig, taktisch und mit gut entwickelten Teamf\u00e4higkeiten umgehen muss, um zu gewinnen. Zwei oder drei Fahrer teilen sich ein Auto und m\u00fcssen w\u00e4hrend des mehr als vierst\u00fcndigen Rennens um einen Fahrerwechsel und das Auftanken k\u00e4mpfen, um zuerst zum Start zu gelangen.<\/p>\n<p>Den Rennkalender finden Sie hier. https:\/\/padborgpark.dk\/motorsport\/lobskalender\/<\/p>\n<p>Firmaevents med fart<\/p>\n<p>Udover at l\u00e6gge bane til nogle af Danmarks bedste racerk\u00f8rere, arrangerer Padborg Park en lang r\u00e6kke events, hvor virksomheder, foreninger og privatpersoner kan k\u00f8re banen rundt i vores biler. Du kan f.eks. give den gas i en Ferrari, Formel 1-racer, Lotus Elise eller Mercedes C280. Med en professionel racerk\u00f8rer bag rattet styres bilen i h\u00f8j hastighed gennem banens mange sving.<\/p>\n<p>Du kan ogs\u00e5 pr\u00f8ve vores Formel 1 simulator, hvor du kan medvirke i virtuelle racerl\u00f8b p\u00e5 nogle af verdens mest ber\u00f8mte baner.<\/p>\n","protected":false},"excerpt":{"rendered":"<p>Wettbewerb um pferdelose Kutschen Beim Rennen geht es in seiner ganzen Einfachheit darum, so schnell wie m\u00f6glich von einem Punkt zum anderen zu gelangen. Der Sport kann bis ins antike Griechenland zur\u00fcckverfolgt werden, wo M\u00e4nner Panzer durch eine Strecke rasten oder steuerten. Heute wurden die Pferde durch Pferdest\u00e4rken ersetzt, wenn wir \u00fcber Rennen sprechen. Es [&hellip;]<\/p>\n","protected":false},"author":806299,"featured_media":9556,"parent":0,"menu_order":2,"comment_status":"closed","ping_status":"closed","template":"","meta":{"_acf_changed":false,"_monsterinsights_skip_tracking":false,"_monsterinsights_sitenote_active":false,"_monsterinsights_sitenote_note":"","_monsterinsights_sitenote_category":0,"footnotes":""},"class_list":["post-9702","page","type-page","status-publish","has-post-thumbnail","hentry"],"acf":[],"yoast_head":"<!-- This site is optimized with the Yoast SEO plugin v27.3 - https:\/\/yoast.com\/product\/yoast-seo-wordpress\/ -->\n<title>Rennsport in Padborg Park \u2013 Buchen Sie hier Ihr Firmenevent mit Rennsport<\/title>\n<meta name=\"description\" content=\"Erleben Sie ein echtes Autorennen hier im Padborg Park. Sie k\u00f6nnen einzigartige Firmenveranstaltungen mit Autorennen direkt hier online buchen. Lesen Sie hier mehr dar\u00fcber und kontaktieren Sie uns gerne, wenn Sie Fragen haben.\" \/>\n<meta name=\"robots\" content=\"index, follow, max-snippet:-1, max-image-preview:large, max-video-preview:-1\" \/>\n<link rel=\"canonical\" href=\"https:\/\/padborgpark.dk\/de\/rennen\/\" \/>\n<meta property=\"og:locale\" content=\"de_DE\" \/>\n<meta property=\"og:type\" content=\"article\" \/>\n<meta property=\"og:title\" content=\"Rennsport in Padborg Park \u2013 Buchen Sie hier Ihr Firmenevent mit Rennsport\" \/>\n<meta property=\"og:description\" content=\"Erleben Sie ein echtes Autorennen hier im Padborg Park. Sie k\u00f6nnen einzigartige Firmenveranstaltungen mit Autorennen direkt hier online buchen. Lesen Sie hier mehr dar\u00fcber und kontaktieren Sie uns gerne, wenn Sie Fragen haben.\" \/>\n<meta property=\"og:url\" content=\"https:\/\/padborgpark.dk\/de\/rennen\/\" \/>\n<meta property=\"og:site_name\" content=\"Padborg Park har bilerne og en motorbane p\u00e5 2150 meter\" \/>\n<meta property=\"article:publisher\" content=\"https:\/\/www.facebook.com\/PadborgPark\/\" \/>\n<meta property=\"article:modified_time\" content=\"2026-02-02T06:14:03+00:00\" \/>\n<meta property=\"og:image\" content=\"https:\/\/padborgpark.dk\/wp-content\/uploads\/2021\/01\/KTM-X-BOW.jpg\" \/>\n\t<meta property=\"og:image:width\" content=\"583\" \/>\n\t<meta property=\"og:image:height\" content=\"438\" \/>\n\t<meta property=\"og:image:type\" content=\"image\/jpeg\" \/>\n<meta name=\"twitter:label1\" content=\"Gesch\u00e4tzte Lesezeit\" \/>\n\t<meta name=\"twitter:data1\" content=\"3\u00a0Minuten\" \/>\n<script type=\"application\/ld+json\" class=\"yoast-schema-graph\">{\"@context\":\"https:\\\/\\\/schema.org\",\"@graph\":[{\"@type\":\"WebPage\",\"@id\":\"https:\\\/\\\/padborgpark.dk\\\/de\\\/rennen\\\/\",\"url\":\"https:\\\/\\\/padborgpark.dk\\\/de\\\/rennen\\\/\",\"name\":\"Rennsport in Padborg Park \u2013 Buchen Sie hier Ihr Firmenevent mit Rennsport\",\"isPartOf\":{\"@id\":\"https:\\\/\\\/padborgpark.dk\\\/#website\"},\"primaryImageOfPage\":{\"@id\":\"https:\\\/\\\/padborgpark.dk\\\/de\\\/rennen\\\/#primaryimage\"},\"image\":{\"@id\":\"https:\\\/\\\/padborgpark.dk\\\/de\\\/rennen\\\/#primaryimage\"},\"thumbnailUrl\":\"https:\\\/\\\/padborgpark.dk\\\/wp-content\\\/uploads\\\/2021\\\/01\\\/KTM-X-BOW.jpg\",\"datePublished\":\"2013-06-20T11:28:42+00:00\",\"dateModified\":\"2026-02-02T06:14:03+00:00\",\"description\":\"Erleben Sie ein echtes Autorennen hier im Padborg Park. Sie k\u00f6nnen einzigartige Firmenveranstaltungen mit Autorennen direkt hier online buchen. Lesen Sie hier mehr dar\u00fcber und kontaktieren Sie uns gerne, wenn Sie Fragen haben.\",\"inLanguage\":\"de\",\"potentialAction\":[{\"@type\":\"ReadAction\",\"target\":[\"https:\\\/\\\/padborgpark.dk\\\/de\\\/rennen\\\/\"]}]},{\"@type\":\"ImageObject\",\"inLanguage\":\"de\",\"@id\":\"https:\\\/\\\/padborgpark.dk\\\/de\\\/rennen\\\/#primaryimage\",\"url\":\"https:\\\/\\\/padborgpark.dk\\\/wp-content\\\/uploads\\\/2021\\\/01\\\/KTM-X-BOW.jpg\",\"contentUrl\":\"https:\\\/\\\/padborgpark.dk\\\/wp-content\\\/uploads\\\/2021\\\/01\\\/KTM-X-BOW.jpg\",\"width\":583,\"height\":438},{\"@type\":\"WebSite\",\"@id\":\"https:\\\/\\\/padborgpark.dk\\\/#website\",\"url\":\"https:\\\/\\\/padborgpark.dk\\\/\",\"name\":\"Padborg Park har bilerne og en motorbane p\u00e5 2150 meter\",\"description\":\"\",\"potentialAction\":[{\"@type\":\"SearchAction\",\"target\":{\"@type\":\"EntryPoint\",\"urlTemplate\":\"https:\\\/\\\/padborgpark.dk\\\/?s={search_term_string}\"},\"query-input\":{\"@type\":\"PropertyValueSpecification\",\"valueRequired\":true,\"valueName\":\"search_term_string\"}}],\"inLanguage\":\"de\"}]}<\/script>\n<!-- \/ Yoast SEO plugin. -->","yoast_head_json":{"title":"Rennsport in Padborg Park \u2013 Buchen Sie hier Ihr Firmenevent mit Rennsport","description":"Erleben Sie ein echtes Autorennen hier im Padborg Park. Sie k\u00f6nnen einzigartige Firmenveranstaltungen mit Autorennen direkt hier online buchen. Lesen Sie hier mehr dar\u00fcber und kontaktieren Sie uns gerne, wenn Sie Fragen haben.","robots":{"index":"index","follow":"follow","max-snippet":"max-snippet:-1","max-image-preview":"max-image-preview:large","max-video-preview":"max-video-preview:-1"},"canonical":"https:\/\/padborgpark.dk\/de\/rennen\/","og_locale":"de_DE","og_type":"article","og_title":"Rennsport in Padborg Park \u2013 Buchen Sie hier Ihr Firmenevent mit Rennsport","og_description":"Erleben Sie ein echtes Autorennen hier im Padborg Park. Sie k\u00f6nnen einzigartige Firmenveranstaltungen mit Autorennen direkt hier online buchen. Lesen Sie hier mehr dar\u00fcber und kontaktieren Sie uns gerne, wenn Sie Fragen haben.","og_url":"https:\/\/padborgpark.dk\/de\/rennen\/","og_site_name":"Padborg Park har bilerne og en motorbane p\u00e5 2150 meter","article_publisher":"https:\/\/www.facebook.com\/PadborgPark\/","article_modified_time":"2026-02-02T06:14:03+00:00","og_image":[{"width":583,"height":438,"url":"https:\/\/padborgpark.dk\/wp-content\/uploads\/2021\/01\/KTM-X-BOW.jpg","type":"image\/jpeg"}],"twitter_misc":{"Gesch\u00e4tzte Lesezeit":"3\u00a0Minuten"},"schema":{"@context":"https:\/\/schema.org","@graph":[{"@type":"WebPage","@id":"https:\/\/padborgpark.dk\/de\/rennen\/","url":"https:\/\/padborgpark.dk\/de\/rennen\/","name":"Rennsport in Padborg Park \u2013 Buchen Sie hier Ihr Firmenevent mit Rennsport","isPartOf":{"@id":"https:\/\/padborgpark.dk\/#website"},"primaryImageOfPage":{"@id":"https:\/\/padborgpark.dk\/de\/rennen\/#primaryimage"},"image":{"@id":"https:\/\/padborgpark.dk\/de\/rennen\/#primaryimage"},"thumbnailUrl":"https:\/\/padborgpark.dk\/wp-content\/uploads\/2021\/01\/KTM-X-BOW.jpg","datePublished":"2013-06-20T11:28:42+00:00","dateModified":"2026-02-02T06:14:03+00:00","description":"Erleben Sie ein echtes Autorennen hier im Padborg Park. Sie k\u00f6nnen einzigartige Firmenveranstaltungen mit Autorennen direkt hier online buchen. Lesen Sie hier mehr dar\u00fcber und kontaktieren Sie uns gerne, wenn Sie Fragen haben.","inLanguage":"de","potentialAction":[{"@type":"ReadAction","target":["https:\/\/padborgpark.dk\/de\/rennen\/"]}]},{"@type":"ImageObject","inLanguage":"de","@id":"https:\/\/padborgpark.dk\/de\/rennen\/#primaryimage","url":"https:\/\/padborgpark.dk\/wp-content\/uploads\/2021\/01\/KTM-X-BOW.jpg","contentUrl":"https:\/\/padborgpark.dk\/wp-content\/uploads\/2021\/01\/KTM-X-BOW.jpg","width":583,"height":438},{"@type":"WebSite","@id":"https:\/\/padborgpark.dk\/#website","url":"https:\/\/padborgpark.dk\/","name":"Padborg Park har bilerne og en motorbane p\u00e5 2150 meter","description":"","potentialAction":[{"@type":"SearchAction","target":{"@type":"EntryPoint","urlTemplate":"https:\/\/padborgpark.dk\/?s={search_term_string}"},"query-input":{"@type":"PropertyValueSpecification","valueRequired":true,"valueName":"search_term_string"}}],"inLanguage":"de"}]}},"_links":{"self":[{"href":"https:\/\/padborgpark.dk\/de\/wp-json\/wp\/v2\/pages\/9702","targetHints":{"allow":["GET"]}}],"collection":[{"href":"https:\/\/padborgpark.dk\/de\/wp-json\/wp\/v2\/pages"}],"about":[{"href":"https:\/\/padborgpark.dk\/de\/wp-json\/wp\/v2\/types\/page"}],"author":[{"embeddable":true,"href":"https:\/\/padborgpark.dk\/de\/wp-json\/wp\/v2\/users\/806299"}],"replies":[{"embeddable":true,"href":"https:\/\/padborgpark.dk\/de\/wp-json\/wp\/v2\/comments?post=9702"}],"version-history":[{"count":1,"href":"https:\/\/padborgpark.dk\/de\/wp-json\/wp\/v2\/pages\/9702\/revisions"}],"predecessor-version":[{"id":9317017504,"href":"https:\/\/padborgpark.dk\/de\/wp-json\/wp\/v2\/pages\/9702\/revisions\/9317017504"}],"wp:featuredmedia":[{"embeddable":true,"href":"https:\/\/padborgpark.dk\/de\/wp-json\/wp\/v2\/media\/9556"}],"wp:attachment":[{"href":"https:\/\/padborgpark.dk\/de\/wp-json\/wp\/v2\/media?parent=9702"}],"curies":[{"name":"wp","href":"https:\/\/api.w.org\/{rel}","templated":true}]}}