{"id":9721,"date":"2012-03-20T09:16:01","date_gmt":"2012-03-20T09:16:01","guid":{"rendered":"https:\/\/padborgpark.dk\/banen\/lej-padborg-park\/"},"modified":"2026-04-14T08:57:45","modified_gmt":"2026-04-14T07:57:45","slug":"mieten-sie-padborg-park","status":"publish","type":"page","link":"https:\/\/padborgpark.dk\/de\/banen\/mieten-sie-padborg-park\/","title":{"rendered":"Mieten Sie den Padborg Park"},"content":{"rendered":"<p>Der Padborg Park ist D\u00e4nemarks modernste kombinierte Fahrtechnik\u2011 und Rennstrecke und bietet den idealen Rahmen f\u00fcr Veranstaltungen, bei denen Autos, Motorr\u00e4der und Fahrspa\u00df im Mittelpunkt stehen. Die Anlage kann tags\u00fcber und abends f\u00fcr Kundenevents, Produktpr\u00e4sentationen, Clubtage, Treffen oder Testfahrten gemietet werden \u2013 oder einfach nur zum Vergn\u00fcgen.<\/p>\n<figure class=\"wp-block-image size-full\"><a href=\"https:\/\/padborgpark.dk\/wp-content\/uploads\/2021\/05\/BanenPadborgParkLuftfoto1.jpg\"><img decoding=\"async\" width=\"715\" height=\"328\" src=\"https:\/\/padborgpark.dk\/wp-content\/uploads\/2021\/05\/BanenPadborgParkLuftfoto1.jpg\" alt=\"\" class=\"wp-image-9317007624\" srcset=\"https:\/\/padborgpark.dk\/wp-content\/uploads\/2021\/05\/BanenPadborgParkLuftfoto1.jpg 715w, https:\/\/padborgpark.dk\/wp-content\/uploads\/2021\/05\/BanenPadborgParkLuftfoto1-300x138.jpg 300w, https:\/\/padborgpark.dk\/wp-content\/uploads\/2021\/05\/BanenPadborgParkLuftfoto1-600x275.jpg 600w\" sizes=\"(max-width: 715px) 100vw, 715px\" \/><\/a><\/figure>\n<p><!--StartFragment --><\/p>\n<h2>Perfekt f\u00fcr Clubs und Vereine<\/h2>\n<p>Der Padborg Park bietet optimale Bedingungen f\u00fcr einen abwechslungsreichen Streckentag Ihres Clubs. Die Strecke kann f\u00fcr Auto\u2011 und Motorradtreffen, Clubtage oder andere Veranstaltungen gemietet werden, bei denen das Fahren auf der Rennstrecke im Vordergrund steht.<\/p>\n<p>Das Herzst\u00fcck eines Streckentages ist dieselbe Rennstrecke, auf der auch die besten d\u00e4nischen Fahrer um Meisterschaften k\u00e4mpfen. Hinter dem Steuer ihres eigenen Fahrzeugs k\u00f6nnen Ihre Mitglieder die Herausforderungen erleben, denen Rennfahrer auf dieser Strecke begegnen.<\/p>\n<p>Im Depot der Strecke steht eine 4.000 m\u00b2 gro\u00dfe Fl\u00e4che zur Verf\u00fcgung, die sich ideal f\u00fcr Ausstellungen, Sammlertreffen oder Clubaktivit\u00e4ten eignet.<\/p>\n<h2>Einrichtungen des Padborg Park<\/h2>\n<ul>\n<li>2.150 Meter lange Rennstrecke<\/li>\n<li>Automatische Gleitfl\u00e4che mit Gerade<\/li>\n<li>Automatische Gleitfl\u00e4che mit Kurvenfahrt<\/li>\n<li>Pitlane mit 26 Stellpl\u00e4tzen<\/li>\n<li>4.000 m\u00b2 Depotfl\u00e4che<\/li>\n<li>Theorieraum nach Vereinbarung nutzbar<\/li>\n<li>Separater VIP\u2011Raum zur Miete<\/li>\n<li>K\u00fcche, WC und Duschen<\/li>\n<li>Rennleitungsturm<\/li>\n<li>Siegerpodest<\/li>\n<li>Pylonen und Markierungsmaterial<\/li>\n<\/ul>\n<h2>Umwelt- und Ger\u00e4uschregeln<\/h2>\n<p>Bei der Nutzung des Padborg Park m\u00fcssen die geltenden Umwelt\u2011 und Ger\u00e4uschvorschriften eingehalten werden.<br \/>Die maximal zul\u00e4ssige Lautst\u00e4rke beim Vorbeifahren betr\u00e4gt:<\/p>\n<ul>\n<li><strong>bis zu 99 dB<\/strong> (abh\u00e4ngig von der Anzahl der Fahrzeuge auf der Strecke)<\/li>\n<li><strong>bis zu 89 dB am Samstag ab 14.00 Uhr<\/strong><\/li>\n<\/ul>\n<p><!--StartFragment --><\/p>\n<h2>Mietpreise<\/h2>\n<p>Die Preise werden regelm\u00e4\u00dfig angepasst. Die <a href=\"https:\/\/padborgpark.dk\/de\/produkter\/vermietung-vom-padborg-park\/\">aktuellen Mietpreise finden Sie hier<\/a>.<\/p>\n<p>Bitte beachten:<br \/>Die Miete beinhaltet keine zwei Officials, sondern lediglich die Besetzung des Rennleitungsturms.<!--EndFragment --><\/p>\n<p><a title=\"Kontakt\" href=\"https:\/\/padborgpark.dk\/de\/kontakt\/\">Kontakt Padborg Park<\/a> um mehr zu h\u00f6ren.<\/p>\n","protected":false},"excerpt":{"rendered":"<p>Der Padborg Park ist D\u00e4nemarks modernste kombinierte Fahrtechnik\u2011 und Rennstrecke und bietet den idealen Rahmen f\u00fcr Veranstaltungen, bei denen Autos, Motorr\u00e4der und Fahrspa\u00df im Mittelpunkt stehen. Die Anlage kann tags\u00fcber und abends f\u00fcr Kundenevents, Produktpr\u00e4sentationen, Clubtage, Treffen oder Testfahrten gemietet werden \u2013 oder einfach nur zum Vergn\u00fcgen. Perfekt f\u00fcr Clubs und Vereine Der Padborg Park [&hellip;]<\/p>\n","protected":false},"author":806299,"featured_media":9582,"parent":8681,"menu_order":0,"comment_status":"open","ping_status":"closed","template":"","meta":{"_acf_changed":false,"_monsterinsights_skip_tracking":false,"_monsterinsights_sitenote_active":false,"_monsterinsights_sitenote_note":"","_monsterinsights_sitenote_category":0,"footnotes":""},"class_list":["post-9721","page","type-page","status-publish","has-post-thumbnail","hentry"],"acf":[],"yoast_head":"<!-- This site is optimized with the Yoast SEO plugin v27.3 - https:\/\/yoast.com\/product\/yoast-seo-wordpress\/ -->\n<title>Mieten Sie den Padborg Park - Padborg Park har bilerne og en motorbane p\u00e5 2150 meter<\/title>\n<meta name=\"description\" content=\"Mieten Sie Padborg Park Die Strecke kann Tag und Abend f\u00fcr Clubtage, Auto- und Motorradtreffen oder andere Veranstaltungen gemietet werden\" \/>\n<meta name=\"robots\" content=\"index, follow, max-snippet:-1, max-image-preview:large, max-video-preview:-1\" \/>\n<link rel=\"canonical\" href=\"https:\/\/padborgpark.dk\/de\/banen\/mieten-sie-padborg-park\/\" \/>\n<meta property=\"og:locale\" content=\"de_DE\" \/>\n<meta property=\"og:type\" content=\"article\" \/>\n<meta property=\"og:title\" content=\"Mieten Sie den Padborg Park - Padborg Park har bilerne og en motorbane p\u00e5 2150 meter\" \/>\n<meta property=\"og:description\" content=\"Mieten Sie Padborg Park Die Strecke kann Tag und Abend f\u00fcr Clubtage, Auto- und Motorradtreffen oder andere Veranstaltungen gemietet werden\" \/>\n<meta property=\"og:url\" content=\"https:\/\/padborgpark.dk\/de\/banen\/mieten-sie-padborg-park\/\" \/>\n<meta property=\"og:site_name\" content=\"Padborg Park har bilerne og en motorbane p\u00e5 2150 meter\" \/>\n<meta property=\"article:publisher\" content=\"https:\/\/www.facebook.com\/PadborgPark\/\" \/>\n<meta property=\"article:modified_time\" content=\"2026-04-14T07:57:45+00:00\" \/>\n<meta property=\"og:image\" content=\"https:\/\/padborgpark.dk\/wp-content\/uploads\/2021\/01\/Ekstra-chauffoer-\u2013-Trackday-1.jpg\" \/>\n\t<meta property=\"og:image:width\" content=\"900\" \/>\n\t<meta property=\"og:image:height\" content=\"600\" \/>\n\t<meta property=\"og:image:type\" content=\"image\/jpeg\" \/>\n<meta name=\"twitter:label1\" content=\"Gesch\u00e4tzte Lesezeit\" \/>\n\t<meta name=\"twitter:data1\" content=\"2\u00a0Minuten\" \/>\n<script type=\"application\/ld+json\" class=\"yoast-schema-graph\">{\"@context\":\"https:\\\/\\\/schema.org\",\"@graph\":[{\"@type\":\"WebPage\",\"@id\":\"https:\\\/\\\/padborgpark.dk\\\/de\\\/banen\\\/mieten-sie-padborg-park\\\/\",\"url\":\"https:\\\/\\\/padborgpark.dk\\\/de\\\/banen\\\/mieten-sie-padborg-park\\\/\",\"name\":\"Mieten Sie den Padborg Park - Padborg Park har bilerne og en motorbane p\u00e5 2150 meter\",\"isPartOf\":{\"@id\":\"https:\\\/\\\/padborgpark.dk\\\/#website\"},\"primaryImageOfPage\":{\"@id\":\"https:\\\/\\\/padborgpark.dk\\\/de\\\/banen\\\/mieten-sie-padborg-park\\\/#primaryimage\"},\"image\":{\"@id\":\"https:\\\/\\\/padborgpark.dk\\\/de\\\/banen\\\/mieten-sie-padborg-park\\\/#primaryimage\"},\"thumbnailUrl\":\"https:\\\/\\\/padborgpark.dk\\\/wp-content\\\/uploads\\\/2021\\\/01\\\/Ekstra-chauffoer-\u2013-Trackday-1.jpg\",\"datePublished\":\"2012-03-20T09:16:01+00:00\",\"dateModified\":\"2026-04-14T07:57:45+00:00\",\"description\":\"Mieten Sie Padborg Park Die Strecke kann Tag und Abend f\u00fcr Clubtage, Auto- und Motorradtreffen oder andere Veranstaltungen gemietet werden\",\"breadcrumb\":{\"@id\":\"https:\\\/\\\/padborgpark.dk\\\/de\\\/banen\\\/mieten-sie-padborg-park\\\/#breadcrumb\"},\"inLanguage\":\"de\",\"potentialAction\":[{\"@type\":\"ReadAction\",\"target\":[\"https:\\\/\\\/padborgpark.dk\\\/de\\\/banen\\\/mieten-sie-padborg-park\\\/\"]}]},{\"@type\":\"ImageObject\",\"inLanguage\":\"de\",\"@id\":\"https:\\\/\\\/padborgpark.dk\\\/de\\\/banen\\\/mieten-sie-padborg-park\\\/#primaryimage\",\"url\":\"https:\\\/\\\/padborgpark.dk\\\/wp-content\\\/uploads\\\/2021\\\/01\\\/Ekstra-chauffoer-\u2013-Trackday-1.jpg\",\"contentUrl\":\"https:\\\/\\\/padborgpark.dk\\\/wp-content\\\/uploads\\\/2021\\\/01\\\/Ekstra-chauffoer-\u2013-Trackday-1.jpg\",\"width\":900,\"height\":600},{\"@type\":\"BreadcrumbList\",\"@id\":\"https:\\\/\\\/padborgpark.dk\\\/de\\\/banen\\\/mieten-sie-padborg-park\\\/#breadcrumb\",\"itemListElement\":[{\"@type\":\"ListItem\",\"position\":1,\"name\":\"Banen\",\"item\":\"https:\\\/\\\/padborgpark.dk\\\/de\\\/banen\\\/\"},{\"@type\":\"ListItem\",\"position\":2,\"name\":\"Mieten Sie den Padborg Park\"}]},{\"@type\":\"WebSite\",\"@id\":\"https:\\\/\\\/padborgpark.dk\\\/#website\",\"url\":\"https:\\\/\\\/padborgpark.dk\\\/\",\"name\":\"Padborg Park har bilerne og en motorbane p\u00e5 2150 meter\",\"description\":\"\",\"potentialAction\":[{\"@type\":\"SearchAction\",\"target\":{\"@type\":\"EntryPoint\",\"urlTemplate\":\"https:\\\/\\\/padborgpark.dk\\\/?s={search_term_string}\"},\"query-input\":{\"@type\":\"PropertyValueSpecification\",\"valueRequired\":true,\"valueName\":\"search_term_string\"}}],\"inLanguage\":\"de\"}]}<\/script>\n<!-- \/ Yoast SEO plugin. -->","yoast_head_json":{"title":"Mieten Sie den Padborg Park - Padborg Park har bilerne og en motorbane p\u00e5 2150 meter","description":"Mieten Sie Padborg Park Die Strecke kann Tag und Abend f\u00fcr Clubtage, Auto- und Motorradtreffen oder andere Veranstaltungen gemietet werden","robots":{"index":"index","follow":"follow","max-snippet":"max-snippet:-1","max-image-preview":"max-image-preview:large","max-video-preview":"max-video-preview:-1"},"canonical":"https:\/\/padborgpark.dk\/de\/banen\/mieten-sie-padborg-park\/","og_locale":"de_DE","og_type":"article","og_title":"Mieten Sie den Padborg Park - Padborg Park har bilerne og en motorbane p\u00e5 2150 meter","og_description":"Mieten Sie Padborg Park Die Strecke kann Tag und Abend f\u00fcr Clubtage, Auto- und Motorradtreffen oder andere Veranstaltungen gemietet werden","og_url":"https:\/\/padborgpark.dk\/de\/banen\/mieten-sie-padborg-park\/","og_site_name":"Padborg Park har bilerne og en motorbane p\u00e5 2150 meter","article_publisher":"https:\/\/www.facebook.com\/PadborgPark\/","article_modified_time":"2026-04-14T07:57:45+00:00","og_image":[{"width":900,"height":600,"url":"https:\/\/padborgpark.dk\/wp-content\/uploads\/2021\/01\/Ekstra-chauffoer-\u2013-Trackday-1.jpg","type":"image\/jpeg"}],"twitter_misc":{"Gesch\u00e4tzte Lesezeit":"2\u00a0Minuten"},"schema":{"@context":"https:\/\/schema.org","@graph":[{"@type":"WebPage","@id":"https:\/\/padborgpark.dk\/de\/banen\/mieten-sie-padborg-park\/","url":"https:\/\/padborgpark.dk\/de\/banen\/mieten-sie-padborg-park\/","name":"Mieten Sie den Padborg Park - Padborg Park har bilerne og en motorbane p\u00e5 2150 meter","isPartOf":{"@id":"https:\/\/padborgpark.dk\/#website"},"primaryImageOfPage":{"@id":"https:\/\/padborgpark.dk\/de\/banen\/mieten-sie-padborg-park\/#primaryimage"},"image":{"@id":"https:\/\/padborgpark.dk\/de\/banen\/mieten-sie-padborg-park\/#primaryimage"},"thumbnailUrl":"https:\/\/padborgpark.dk\/wp-content\/uploads\/2021\/01\/Ekstra-chauffoer-\u2013-Trackday-1.jpg","datePublished":"2012-03-20T09:16:01+00:00","dateModified":"2026-04-14T07:57:45+00:00","description":"Mieten Sie Padborg Park Die Strecke kann Tag und Abend f\u00fcr Clubtage, Auto- und Motorradtreffen oder andere Veranstaltungen gemietet werden","breadcrumb":{"@id":"https:\/\/padborgpark.dk\/de\/banen\/mieten-sie-padborg-park\/#breadcrumb"},"inLanguage":"de","potentialAction":[{"@type":"ReadAction","target":["https:\/\/padborgpark.dk\/de\/banen\/mieten-sie-padborg-park\/"]}]},{"@type":"ImageObject","inLanguage":"de","@id":"https:\/\/padborgpark.dk\/de\/banen\/mieten-sie-padborg-park\/#primaryimage","url":"https:\/\/padborgpark.dk\/wp-content\/uploads\/2021\/01\/Ekstra-chauffoer-\u2013-Trackday-1.jpg","contentUrl":"https:\/\/padborgpark.dk\/wp-content\/uploads\/2021\/01\/Ekstra-chauffoer-\u2013-Trackday-1.jpg","width":900,"height":600},{"@type":"BreadcrumbList","@id":"https:\/\/padborgpark.dk\/de\/banen\/mieten-sie-padborg-park\/#breadcrumb","itemListElement":[{"@type":"ListItem","position":1,"name":"Banen","item":"https:\/\/padborgpark.dk\/de\/banen\/"},{"@type":"ListItem","position":2,"name":"Mieten Sie den Padborg Park"}]},{"@type":"WebSite","@id":"https:\/\/padborgpark.dk\/#website","url":"https:\/\/padborgpark.dk\/","name":"Padborg Park har bilerne og en motorbane p\u00e5 2150 meter","description":"","potentialAction":[{"@type":"SearchAction","target":{"@type":"EntryPoint","urlTemplate":"https:\/\/padborgpark.dk\/?s={search_term_string}"},"query-input":{"@type":"PropertyValueSpecification","valueRequired":true,"valueName":"search_term_string"}}],"inLanguage":"de"}]}},"_links":{"self":[{"href":"https:\/\/padborgpark.dk\/de\/wp-json\/wp\/v2\/pages\/9721","targetHints":{"allow":["GET"]}}],"collection":[{"href":"https:\/\/padborgpark.dk\/de\/wp-json\/wp\/v2\/pages"}],"about":[{"href":"https:\/\/padborgpark.dk\/de\/wp-json\/wp\/v2\/types\/page"}],"author":[{"embeddable":true,"href":"https:\/\/padborgpark.dk\/de\/wp-json\/wp\/v2\/users\/806299"}],"replies":[{"embeddable":true,"href":"https:\/\/padborgpark.dk\/de\/wp-json\/wp\/v2\/comments?post=9721"}],"version-history":[{"count":3,"href":"https:\/\/padborgpark.dk\/de\/wp-json\/wp\/v2\/pages\/9721\/revisions"}],"predecessor-version":[{"id":9317024919,"href":"https:\/\/padborgpark.dk\/de\/wp-json\/wp\/v2\/pages\/9721\/revisions\/9317024919"}],"up":[{"embeddable":true,"href":"https:\/\/padborgpark.dk\/de\/wp-json\/wp\/v2\/pages\/8681"}],"wp:featuredmedia":[{"embeddable":true,"href":"https:\/\/padborgpark.dk\/de\/wp-json\/wp\/v2\/media\/9582"}],"wp:attachment":[{"href":"https:\/\/padborgpark.dk\/de\/wp-json\/wp\/v2\/media?parent=9721"}],"curies":[{"name":"wp","href":"https:\/\/api.w.org\/{rel}","templated":true}]}}