{"id":9737,"date":"2026-01-12T18:41:13","date_gmt":"2026-01-12T17:41:13","guid":{"rendered":"https:\/\/padborgpark.dk\/trackday-kurser-race-i-egen-bil\/"},"modified":"2026-04-14T08:02:59","modified_gmt":"2026-04-14T07:02:59","slug":"trackday-fahren-sie-ihr-eigenes-auto","status":"publish","type":"page","link":"https:\/\/padborgpark.dk\/de\/trackday-fahren-sie-ihr-eigenes-auto\/","title":{"rendered":"Trackday \u2013 Fahren Sie mit Ihrem eigenen Auto"},"content":{"rendered":"<h1>Trackday \u2013 Fahren Sie mit Ihrem eigenen Auto<\/h1>\n<h1><!--StartFragment --><\/h1>\n<p>Ein Trackday im Padborg Park ist f\u00fcr alle, die ihre eigenen F\u00e4higkeiten und die Grenzen ihres Autos besser kennenlernen m\u00f6chten.<\/p>\n<p><strong>Wer kann mitmachen?<\/strong><br \/>Jeder, der ein besserer Fahrer werden und die M\u00f6glichkeiten seines eigenen Autos auf unterhaltsame und sichere Weise erkunden m\u00f6chte. Voraussetzung ist, dass Sie ein stra\u00dfenzugelassenes Auto in gutem und funktionsf\u00e4higem Zustand haben, das bisher nicht f\u00fcr Rennen eingesetzt wurde.<\/p>\n<p>Die Anmeldung erfolgt hier: <!--EndFragment --><a href=\"https:\/\/padborgpark.dk\/de\/vare\/padborg-park-trackday-den-ganzen-tag-8-16\/\">https:\/\/padborgpark.dk\/de\/vare\/padborg-park-trackday-den-ganzen-tag-8-16\/<\/a><\/p>\n","protected":false},"excerpt":{"rendered":"<p>Trackday \u2013 Fahren Sie mit Ihrem eigenen Auto Ein Trackday im Padborg Park ist f\u00fcr alle, die ihre eigenen F\u00e4higkeiten und die Grenzen ihres Autos besser kennenlernen m\u00f6chten. Wer kann mitmachen?Jeder, der ein besserer Fahrer werden und die M\u00f6glichkeiten seines eigenen Autos auf unterhaltsame und sichere Weise erkunden m\u00f6chte. Voraussetzung ist, dass Sie ein stra\u00dfenzugelassenes [&hellip;]<\/p>\n","protected":false},"author":806299,"featured_media":9089,"parent":0,"menu_order":2,"comment_status":"open","ping_status":"closed","template":"template-produkter.php","meta":{"_acf_changed":false,"_monsterinsights_skip_tracking":false,"_monsterinsights_sitenote_active":false,"_monsterinsights_sitenote_note":"","_monsterinsights_sitenote_category":0,"footnotes":""},"class_list":["post-9737","page","type-page","status-publish","has-post-thumbnail","hentry"],"acf":[],"yoast_head":"<!-- This site is optimized with the Yoast SEO plugin v27.3 - https:\/\/yoast.com\/product\/yoast-seo-wordpress\/ -->\n<title>Trackday \u2013 Fahren Sie mit Ihrem eigenen Auto<\/title>\n<meta name=\"description\" content=\"Trackday - fahren Sie Ihr eigenes Auto\" \/>\n<meta name=\"robots\" content=\"index, follow, max-snippet:-1, max-image-preview:large, max-video-preview:-1\" \/>\n<link rel=\"canonical\" href=\"https:\/\/padborgpark.dk\/de\/trackday-fahren-sie-ihr-eigenes-auto\/\" \/>\n<meta property=\"og:locale\" content=\"de_DE\" \/>\n<meta property=\"og:type\" content=\"article\" \/>\n<meta property=\"og:title\" content=\"Trackday \u2013 Fahren Sie mit Ihrem eigenen Auto\" \/>\n<meta property=\"og:description\" content=\"Trackday - fahren Sie Ihr eigenes Auto\" \/>\n<meta property=\"og:url\" content=\"https:\/\/padborgpark.dk\/de\/trackday-fahren-sie-ihr-eigenes-auto\/\" \/>\n<meta property=\"og:site_name\" content=\"Padborg Park har bilerne og en motorbane p\u00e5 2150 meter\" \/>\n<meta property=\"article:publisher\" content=\"https:\/\/www.facebook.com\/PadborgPark\/\" \/>\n<meta property=\"article:modified_time\" content=\"2026-04-14T07:02:59+00:00\" \/>\n<meta property=\"og:image\" content=\"https:\/\/padborgpark.dk\/wp-content\/uploads\/2012\/03\/cta11.jpg\" \/>\n\t<meta property=\"og:image:width\" content=\"164\" \/>\n\t<meta property=\"og:image:height\" content=\"69\" \/>\n\t<meta property=\"og:image:type\" content=\"image\/jpeg\" \/>\n<meta name=\"twitter:label1\" content=\"Gesch\u00e4tzte Lesezeit\" \/>\n\t<meta name=\"twitter:data1\" content=\"1\u00a0Minute\" \/>\n<script type=\"application\/ld+json\" class=\"yoast-schema-graph\">{\"@context\":\"https:\\\/\\\/schema.org\",\"@graph\":[{\"@type\":\"WebPage\",\"@id\":\"https:\\\/\\\/padborgpark.dk\\\/de\\\/trackday-fahren-sie-ihr-eigenes-auto\\\/\",\"url\":\"https:\\\/\\\/padborgpark.dk\\\/de\\\/trackday-fahren-sie-ihr-eigenes-auto\\\/\",\"name\":\"Trackday \u2013 Fahren Sie mit Ihrem eigenen Auto\",\"isPartOf\":{\"@id\":\"https:\\\/\\\/padborgpark.dk\\\/#website\"},\"primaryImageOfPage\":{\"@id\":\"https:\\\/\\\/padborgpark.dk\\\/de\\\/trackday-fahren-sie-ihr-eigenes-auto\\\/#primaryimage\"},\"image\":{\"@id\":\"https:\\\/\\\/padborgpark.dk\\\/de\\\/trackday-fahren-sie-ihr-eigenes-auto\\\/#primaryimage\"},\"thumbnailUrl\":\"https:\\\/\\\/padborgpark.dk\\\/wp-content\\\/uploads\\\/2012\\\/03\\\/cta11.jpg\",\"datePublished\":\"2026-01-12T17:41:13+00:00\",\"dateModified\":\"2026-04-14T07:02:59+00:00\",\"description\":\"Trackday - fahren Sie Ihr eigenes Auto\",\"inLanguage\":\"de\",\"potentialAction\":[{\"@type\":\"ReadAction\",\"target\":[\"https:\\\/\\\/padborgpark.dk\\\/de\\\/trackday-fahren-sie-ihr-eigenes-auto\\\/\"]}]},{\"@type\":\"ImageObject\",\"inLanguage\":\"de\",\"@id\":\"https:\\\/\\\/padborgpark.dk\\\/de\\\/trackday-fahren-sie-ihr-eigenes-auto\\\/#primaryimage\",\"url\":\"https:\\\/\\\/padborgpark.dk\\\/wp-content\\\/uploads\\\/2012\\\/03\\\/cta11.jpg\",\"contentUrl\":\"https:\\\/\\\/padborgpark.dk\\\/wp-content\\\/uploads\\\/2012\\\/03\\\/cta11.jpg\",\"width\":164,\"height\":69},{\"@type\":\"WebSite\",\"@id\":\"https:\\\/\\\/padborgpark.dk\\\/#website\",\"url\":\"https:\\\/\\\/padborgpark.dk\\\/\",\"name\":\"Padborg Park har bilerne og en motorbane p\u00e5 2150 meter\",\"description\":\"\",\"potentialAction\":[{\"@type\":\"SearchAction\",\"target\":{\"@type\":\"EntryPoint\",\"urlTemplate\":\"https:\\\/\\\/padborgpark.dk\\\/?s={search_term_string}\"},\"query-input\":{\"@type\":\"PropertyValueSpecification\",\"valueRequired\":true,\"valueName\":\"search_term_string\"}}],\"inLanguage\":\"de\"}]}<\/script>\n<!-- \/ Yoast SEO plugin. -->","yoast_head_json":{"title":"Trackday \u2013 Fahren Sie mit Ihrem eigenen Auto","description":"Trackday - fahren Sie Ihr eigenes Auto","robots":{"index":"index","follow":"follow","max-snippet":"max-snippet:-1","max-image-preview":"max-image-preview:large","max-video-preview":"max-video-preview:-1"},"canonical":"https:\/\/padborgpark.dk\/de\/trackday-fahren-sie-ihr-eigenes-auto\/","og_locale":"de_DE","og_type":"article","og_title":"Trackday \u2013 Fahren Sie mit Ihrem eigenen Auto","og_description":"Trackday - fahren Sie Ihr eigenes Auto","og_url":"https:\/\/padborgpark.dk\/de\/trackday-fahren-sie-ihr-eigenes-auto\/","og_site_name":"Padborg Park har bilerne og en motorbane p\u00e5 2150 meter","article_publisher":"https:\/\/www.facebook.com\/PadborgPark\/","article_modified_time":"2026-04-14T07:02:59+00:00","og_image":[{"width":164,"height":69,"url":"https:\/\/padborgpark.dk\/wp-content\/uploads\/2012\/03\/cta11.jpg","type":"image\/jpeg"}],"twitter_misc":{"Gesch\u00e4tzte Lesezeit":"1\u00a0Minute"},"schema":{"@context":"https:\/\/schema.org","@graph":[{"@type":"WebPage","@id":"https:\/\/padborgpark.dk\/de\/trackday-fahren-sie-ihr-eigenes-auto\/","url":"https:\/\/padborgpark.dk\/de\/trackday-fahren-sie-ihr-eigenes-auto\/","name":"Trackday \u2013 Fahren Sie mit Ihrem eigenen Auto","isPartOf":{"@id":"https:\/\/padborgpark.dk\/#website"},"primaryImageOfPage":{"@id":"https:\/\/padborgpark.dk\/de\/trackday-fahren-sie-ihr-eigenes-auto\/#primaryimage"},"image":{"@id":"https:\/\/padborgpark.dk\/de\/trackday-fahren-sie-ihr-eigenes-auto\/#primaryimage"},"thumbnailUrl":"https:\/\/padborgpark.dk\/wp-content\/uploads\/2012\/03\/cta11.jpg","datePublished":"2026-01-12T17:41:13+00:00","dateModified":"2026-04-14T07:02:59+00:00","description":"Trackday - fahren Sie Ihr eigenes Auto","inLanguage":"de","potentialAction":[{"@type":"ReadAction","target":["https:\/\/padborgpark.dk\/de\/trackday-fahren-sie-ihr-eigenes-auto\/"]}]},{"@type":"ImageObject","inLanguage":"de","@id":"https:\/\/padborgpark.dk\/de\/trackday-fahren-sie-ihr-eigenes-auto\/#primaryimage","url":"https:\/\/padborgpark.dk\/wp-content\/uploads\/2012\/03\/cta11.jpg","contentUrl":"https:\/\/padborgpark.dk\/wp-content\/uploads\/2012\/03\/cta11.jpg","width":164,"height":69},{"@type":"WebSite","@id":"https:\/\/padborgpark.dk\/#website","url":"https:\/\/padborgpark.dk\/","name":"Padborg Park har bilerne og en motorbane p\u00e5 2150 meter","description":"","potentialAction":[{"@type":"SearchAction","target":{"@type":"EntryPoint","urlTemplate":"https:\/\/padborgpark.dk\/?s={search_term_string}"},"query-input":{"@type":"PropertyValueSpecification","valueRequired":true,"valueName":"search_term_string"}}],"inLanguage":"de"}]}},"_links":{"self":[{"href":"https:\/\/padborgpark.dk\/de\/wp-json\/wp\/v2\/pages\/9737","targetHints":{"allow":["GET"]}}],"collection":[{"href":"https:\/\/padborgpark.dk\/de\/wp-json\/wp\/v2\/pages"}],"about":[{"href":"https:\/\/padborgpark.dk\/de\/wp-json\/wp\/v2\/types\/page"}],"author":[{"embeddable":true,"href":"https:\/\/padborgpark.dk\/de\/wp-json\/wp\/v2\/users\/806299"}],"replies":[{"embeddable":true,"href":"https:\/\/padborgpark.dk\/de\/wp-json\/wp\/v2\/comments?post=9737"}],"version-history":[{"count":7,"href":"https:\/\/padborgpark.dk\/de\/wp-json\/wp\/v2\/pages\/9737\/revisions"}],"predecessor-version":[{"id":9317024913,"href":"https:\/\/padborgpark.dk\/de\/wp-json\/wp\/v2\/pages\/9737\/revisions\/9317024913"}],"wp:featuredmedia":[{"embeddable":true,"href":"https:\/\/padborgpark.dk\/de\/wp-json\/wp\/v2\/media\/9089"}],"wp:attachment":[{"href":"https:\/\/padborgpark.dk\/de\/wp-json\/wp\/v2\/media?parent=9737"}],"curies":[{"name":"wp","href":"https:\/\/api.w.org\/{rel}","templated":true}]}}