{"id":9785,"date":"2014-02-19T09:46:52","date_gmt":"2014-02-19T08:46:52","guid":{"rendered":"https:\/\/padborgpark.dk\/teambuilding\/"},"modified":"2026-02-02T07:23:33","modified_gmt":"2026-02-02T06:23:33","slug":"teambuilding-staerken-sie-die-community-mit-geschwindigkeit-und-spannung","status":"publish","type":"page","link":"https:\/\/padborgpark.dk\/de\/teambuilding-staerken-sie-die-community-mit-geschwindigkeit-und-spannung\/","title":{"rendered":"Teambuilding &#8211; St\u00e4rken Sie die Community mit Geschwindigkeit und Spannung"},"content":{"rendered":"<p>Sind Sie f\u00fcr die Organisation einer Veranstaltung zur Teambildung verantwortlich? &#8211; Im Padborg Park haben wir gute Erfahrungen mit Erfahrungen gemacht, die voller Spa\u00df, Lernen, Geschwindigkeit und Teamwork sind. Wir haben D\u00e4nemarks l\u00e4ngste Autobahn, weshalb wir viele unterhaltsame Herausforderungen bieten k\u00f6nnen.<\/p>\n<p>F\u00fcr Ihr Teambuilding-Event haben wir ein spezielles Paket zusammengestellt, das f\u00fcr diesen Zweck fantastisch ist. Hier muss das Rennen als Team durchgef\u00fchrt werden, bei dem nur das schnellste und am besten kooperierende Team den Pokal nach Hause bringt.<\/p>\n<p>Wir teilen die Teilnehmer in Teams von normalerweise 5 Personen auf und weisen jedem von ihnen einen schnellen Rennwagen und einen sachkundigen Ausbilder zu. Bei jedem Fahrerwechsel muss nat\u00fcrlich der Mann hinter dem Lenkrad ausgetauscht werden, w\u00e4hrend das Auto betankt und mit neuen Reifen versehen werden muss. Es ist Kooperation im Kampf gegen die Uhr!<\/p>\n<p>Ein Tag damit ist voller Adrenalin-Erlebnisse und voller Geschwindigkeit \u00fcber das Feld. Das Paket funktioniert ideal nach dem Morgengrauen oder als Besprechungsende.<\/p>\n<p>Wenn Sie spezielle W\u00fcnsche f\u00fcr Ihren Teambuilding-Tag haben, k\u00f6nnen wir diese in vielen F\u00e4llen ber\u00fccksichtigen und eine L\u00f6sung ma\u00dfschneidern, die allen Teilnehmern die bestm\u00f6glichen Erfahrungen bietet.<\/p>\n<h1> Teambuilding ist nicht auf eine Veranstaltung im Padborg Park beschr\u00e4nkt <\/h1>\n<p>Zus\u00e4tzlich zu der oben beschriebenen Veranstaltung bieten wir auch eine breite Palette anderer heiserer Veranstaltungen an <span style=\"color: #717171;\"> <a title=\"Firmaarrangement\" href=\"https:\/\/padborgpark.dk\/de\/firmenvereinbarung\/\"><span style=\"color: #717171;\">Firmenveranstaltungen<\/span><\/a>.<\/span> Alle kommen mit guter Anleitung, Service und Spa\u00df f\u00fcr das ganze Geld.<br \/>\nUnter anderem k\u00f6nnen wir Folgendes anbieten:<\/p>\n<p><a href=\"https:\/\/padborgpark.dk\/produkter\/teambuilding\/\"><img decoding=\"async\" alt=\"boks-firmadysten\" src=\"https:\/\/padborgpark.dk\/wp-content\/uploads\/2014\/02\/boks-firmadysten.jpg\" width=\"193\" height=\"150\" \/><\/a><a href=\"https:\/\/padborgpark.dk\/teambuilding-events\/ \">\u00a0<img decoding=\"async\" alt=\"boks-teambuilding\" src=\"https:\/\/padborgpark.dk\/wp-content\/uploads\/2014\/02\/boks-teambuilding.jpg\" width=\"193\" height=\"150\" \/>\u00a0<\/a><a href=\"https:\/\/padborgpark.dk\/shop\/formel-et\/formel1simulator\/\"><img decoding=\"async\" alt=\"boks-formel-1-simulator\" src=\"https:\/\/padborgpark.dk\/wp-content\/uploads\/2014\/02\/boks-formel-1-simulator.jpg\" width=\"193\" height=\"150\" \/><\/a><a href=\"https:\/\/padborgpark.dk\/shop\/strecke-mieten\/\">\u00a0<img decoding=\"async\" alt=\"boks-lej-banen\" src=\"https:\/\/padborgpark.dk\/wp-content\/uploads\/2014\/02\/boks-lej-banen.jpg\" width=\"193\" height=\"150\" \/>\u00a0<\/a><a href=\"https:\/\/padborgpark.dk\/shop\/koer-selv\/dtm-aften-event\/\"><img decoding=\"async\" alt=\"boks-dtm-event\" src=\"https:\/\/padborgpark.dk\/wp-content\/uploads\/2014\/02\/boks-dtm-event.jpg\" width=\"193\" height=\"150\" \/><\/a><\/p>\n<p>Unsere Auswahl an Autos sorgt f\u00fcr einen guten Grip um die Kurven und volle Geschwindigkeit auf langen Strecken. W\u00e4hlen Sie aus einem ordentlichen Lotus Elise, Porsche, KTM X-Bow, Ferrari, Formel-1-Renner, Legend-Autos oder anderen Marken und Modellen.<\/p>\n<h3> Wenn Sie mehr \u00fcber unsere Angebote und Dienstleistungen erfahren m\u00f6chten, k\u00f6nnen Sie sich jederzeit an uns wenden. Wir freuen uns darauf, Ihnen ein schnelles Erlebnis zu bieten <\/h3>\n<p>Machen Sie Teambuilding zu einer unterhaltsamen, lehrreichen und Community-st\u00e4rkenden Erfahrung.<\/p>\n<p>Wir sehen uns im Padborg Park.<\/p>\n<p><a href=\"https:\/\/padborgpark.dk\/de\/kontakt\/holen-sie-sich-ein-angebot\/\"><img decoding=\"async\" class=\"alignnone size-full wp-image-9147\" alt=\"skr\u00e6ddersy jeres teambuilding med Padborg Park\" src=\"https:\/\/padborgpark.dk\/wp-content\/uploads\/2014\/02\/teambuilding-tilbud.jpg\" width=\"985\" height=\"150\" srcset=\"https:\/\/padborgpark.dk\/wp-content\/uploads\/2014\/02\/teambuilding-tilbud.jpg 985w, https:\/\/padborgpark.dk\/wp-content\/uploads\/2014\/02\/teambuilding-tilbud-600x91.jpg 600w, https:\/\/padborgpark.dk\/wp-content\/uploads\/2014\/02\/teambuilding-tilbud-300x45.jpg 300w, https:\/\/padborgpark.dk\/wp-content\/uploads\/2014\/02\/teambuilding-tilbud-148x22.jpg 148w, https:\/\/padborgpark.dk\/wp-content\/uploads\/2014\/02\/teambuilding-tilbud-31x4.jpg 31w, https:\/\/padborgpark.dk\/wp-content\/uploads\/2014\/02\/teambuilding-tilbud-38x5.jpg 38w, https:\/\/padborgpark.dk\/wp-content\/uploads\/2014\/02\/teambuilding-tilbud-425x64.jpg 425w\" sizes=\"(max-width: 985px) 100vw, 985px\" \/><\/a><\/p>\n","protected":false},"excerpt":{"rendered":"<p>Sind Sie f\u00fcr die Organisation einer Veranstaltung zur Teambildung verantwortlich? &#8211; Im Padborg Park haben wir gute Erfahrungen mit Erfahrungen gemacht, die voller Spa\u00df, Lernen, Geschwindigkeit und Teamwork sind. Wir haben D\u00e4nemarks l\u00e4ngste Autobahn, weshalb wir viele unterhaltsame Herausforderungen bieten k\u00f6nnen. F\u00fcr Ihr Teambuilding-Event haben wir ein spezielles Paket zusammengestellt, das f\u00fcr diesen Zweck fantastisch [&hellip;]<\/p>\n","protected":false},"author":806299,"featured_media":0,"parent":0,"menu_order":2,"comment_status":"closed","ping_status":"closed","template":"template-full_width.php","meta":{"_acf_changed":false,"_monsterinsights_skip_tracking":false,"_monsterinsights_sitenote_active":false,"_monsterinsights_sitenote_note":"","_monsterinsights_sitenote_category":0,"footnotes":""},"class_list":["post-9785","page","type-page","status-publish","hentry"],"acf":[],"yoast_head":"<!-- This site is optimized with the Yoast SEO plugin v27.3 - https:\/\/yoast.com\/product\/yoast-seo-wordpress\/ -->\n<title>Teambuilding-Event mit Tempo und Spannung<\/title>\n<meta name=\"description\" content=\"Teambuilding-Event mit Tempo und Spannung. St\u00e4rken Sie den Zusammenhalt und die Zusammenarbeit mit einem unterhaltsamen, spannenden Tag im Padborg Park.\" \/>\n<meta name=\"robots\" content=\"index, follow, max-snippet:-1, max-image-preview:large, max-video-preview:-1\" \/>\n<link rel=\"canonical\" href=\"https:\/\/padborgpark.dk\/de\/teambuilding-staerken-sie-die-community-mit-geschwindigkeit-und-spannung\/\" \/>\n<meta property=\"og:locale\" content=\"de_DE\" \/>\n<meta property=\"og:type\" content=\"article\" \/>\n<meta property=\"og:title\" content=\"Teambuilding-Event mit Tempo und Spannung\" \/>\n<meta property=\"og:description\" content=\"Teambuilding-Event mit Tempo und Spannung. St\u00e4rken Sie den Zusammenhalt und die Zusammenarbeit mit einem unterhaltsamen, spannenden Tag im Padborg Park.\" \/>\n<meta property=\"og:url\" content=\"https:\/\/padborgpark.dk\/de\/teambuilding-staerken-sie-die-community-mit-geschwindigkeit-und-spannung\/\" \/>\n<meta property=\"og:site_name\" content=\"Padborg Park har bilerne og en motorbane p\u00e5 2150 meter\" \/>\n<meta property=\"article:publisher\" content=\"https:\/\/www.facebook.com\/PadborgPark\/\" \/>\n<meta property=\"article:modified_time\" content=\"2026-02-02T06:23:33+00:00\" \/>\n<meta property=\"og:image\" content=\"https:\/\/padborgpark.dk\/wp-content\/uploads\/2014\/02\/boks-firmadysten.jpg\" \/>\n<meta name=\"twitter:label1\" content=\"Gesch\u00e4tzte Lesezeit\" \/>\n\t<meta name=\"twitter:data1\" content=\"3\u00a0Minuten\" \/>\n<script type=\"application\/ld+json\" class=\"yoast-schema-graph\">{\"@context\":\"https:\\\/\\\/schema.org\",\"@graph\":[{\"@type\":\"WebPage\",\"@id\":\"https:\\\/\\\/padborgpark.dk\\\/de\\\/teambuilding-staerken-sie-die-community-mit-geschwindigkeit-und-spannung\\\/\",\"url\":\"https:\\\/\\\/padborgpark.dk\\\/de\\\/teambuilding-staerken-sie-die-community-mit-geschwindigkeit-und-spannung\\\/\",\"name\":\"Teambuilding-Event mit Tempo und Spannung\",\"isPartOf\":{\"@id\":\"https:\\\/\\\/padborgpark.dk\\\/#website\"},\"primaryImageOfPage\":{\"@id\":\"https:\\\/\\\/padborgpark.dk\\\/de\\\/teambuilding-staerken-sie-die-community-mit-geschwindigkeit-und-spannung\\\/#primaryimage\"},\"image\":{\"@id\":\"https:\\\/\\\/padborgpark.dk\\\/de\\\/teambuilding-staerken-sie-die-community-mit-geschwindigkeit-und-spannung\\\/#primaryimage\"},\"thumbnailUrl\":\"https:\\\/\\\/padborgpark.dk\\\/wp-content\\\/uploads\\\/2014\\\/02\\\/boks-firmadysten.jpg\",\"datePublished\":\"2014-02-19T08:46:52+00:00\",\"dateModified\":\"2026-02-02T06:23:33+00:00\",\"description\":\"Teambuilding-Event mit Tempo und Spannung. St\u00e4rken Sie den Zusammenhalt und die Zusammenarbeit mit einem unterhaltsamen, spannenden Tag im Padborg Park.\",\"inLanguage\":\"de\",\"potentialAction\":[{\"@type\":\"ReadAction\",\"target\":[\"https:\\\/\\\/padborgpark.dk\\\/de\\\/teambuilding-staerken-sie-die-community-mit-geschwindigkeit-und-spannung\\\/\"]}]},{\"@type\":\"ImageObject\",\"inLanguage\":\"de\",\"@id\":\"https:\\\/\\\/padborgpark.dk\\\/de\\\/teambuilding-staerken-sie-die-community-mit-geschwindigkeit-und-spannung\\\/#primaryimage\",\"url\":\"https:\\\/\\\/padborgpark.dk\\\/wp-content\\\/uploads\\\/2014\\\/02\\\/boks-firmadysten.jpg\",\"contentUrl\":\"https:\\\/\\\/padborgpark.dk\\\/wp-content\\\/uploads\\\/2014\\\/02\\\/boks-firmadysten.jpg\"},{\"@type\":\"WebSite\",\"@id\":\"https:\\\/\\\/padborgpark.dk\\\/#website\",\"url\":\"https:\\\/\\\/padborgpark.dk\\\/\",\"name\":\"Padborg Park har bilerne og en motorbane p\u00e5 2150 meter\",\"description\":\"\",\"potentialAction\":[{\"@type\":\"SearchAction\",\"target\":{\"@type\":\"EntryPoint\",\"urlTemplate\":\"https:\\\/\\\/padborgpark.dk\\\/?s={search_term_string}\"},\"query-input\":{\"@type\":\"PropertyValueSpecification\",\"valueRequired\":true,\"valueName\":\"search_term_string\"}}],\"inLanguage\":\"de\"}]}<\/script>\n<!-- \/ Yoast SEO plugin. -->","yoast_head_json":{"title":"Teambuilding-Event mit Tempo und Spannung","description":"Teambuilding-Event mit Tempo und Spannung. St\u00e4rken Sie den Zusammenhalt und die Zusammenarbeit mit einem unterhaltsamen, spannenden Tag im Padborg Park.","robots":{"index":"index","follow":"follow","max-snippet":"max-snippet:-1","max-image-preview":"max-image-preview:large","max-video-preview":"max-video-preview:-1"},"canonical":"https:\/\/padborgpark.dk\/de\/teambuilding-staerken-sie-die-community-mit-geschwindigkeit-und-spannung\/","og_locale":"de_DE","og_type":"article","og_title":"Teambuilding-Event mit Tempo und Spannung","og_description":"Teambuilding-Event mit Tempo und Spannung. St\u00e4rken Sie den Zusammenhalt und die Zusammenarbeit mit einem unterhaltsamen, spannenden Tag im Padborg Park.","og_url":"https:\/\/padborgpark.dk\/de\/teambuilding-staerken-sie-die-community-mit-geschwindigkeit-und-spannung\/","og_site_name":"Padborg Park har bilerne og en motorbane p\u00e5 2150 meter","article_publisher":"https:\/\/www.facebook.com\/PadborgPark\/","article_modified_time":"2026-02-02T06:23:33+00:00","og_image":[{"url":"https:\/\/padborgpark.dk\/wp-content\/uploads\/2014\/02\/boks-firmadysten.jpg","type":"","width":"","height":""}],"twitter_misc":{"Gesch\u00e4tzte Lesezeit":"3\u00a0Minuten"},"schema":{"@context":"https:\/\/schema.org","@graph":[{"@type":"WebPage","@id":"https:\/\/padborgpark.dk\/de\/teambuilding-staerken-sie-die-community-mit-geschwindigkeit-und-spannung\/","url":"https:\/\/padborgpark.dk\/de\/teambuilding-staerken-sie-die-community-mit-geschwindigkeit-und-spannung\/","name":"Teambuilding-Event mit Tempo und Spannung","isPartOf":{"@id":"https:\/\/padborgpark.dk\/#website"},"primaryImageOfPage":{"@id":"https:\/\/padborgpark.dk\/de\/teambuilding-staerken-sie-die-community-mit-geschwindigkeit-und-spannung\/#primaryimage"},"image":{"@id":"https:\/\/padborgpark.dk\/de\/teambuilding-staerken-sie-die-community-mit-geschwindigkeit-und-spannung\/#primaryimage"},"thumbnailUrl":"https:\/\/padborgpark.dk\/wp-content\/uploads\/2014\/02\/boks-firmadysten.jpg","datePublished":"2014-02-19T08:46:52+00:00","dateModified":"2026-02-02T06:23:33+00:00","description":"Teambuilding-Event mit Tempo und Spannung. St\u00e4rken Sie den Zusammenhalt und die Zusammenarbeit mit einem unterhaltsamen, spannenden Tag im Padborg Park.","inLanguage":"de","potentialAction":[{"@type":"ReadAction","target":["https:\/\/padborgpark.dk\/de\/teambuilding-staerken-sie-die-community-mit-geschwindigkeit-und-spannung\/"]}]},{"@type":"ImageObject","inLanguage":"de","@id":"https:\/\/padborgpark.dk\/de\/teambuilding-staerken-sie-die-community-mit-geschwindigkeit-und-spannung\/#primaryimage","url":"https:\/\/padborgpark.dk\/wp-content\/uploads\/2014\/02\/boks-firmadysten.jpg","contentUrl":"https:\/\/padborgpark.dk\/wp-content\/uploads\/2014\/02\/boks-firmadysten.jpg"},{"@type":"WebSite","@id":"https:\/\/padborgpark.dk\/#website","url":"https:\/\/padborgpark.dk\/","name":"Padborg Park har bilerne og en motorbane p\u00e5 2150 meter","description":"","potentialAction":[{"@type":"SearchAction","target":{"@type":"EntryPoint","urlTemplate":"https:\/\/padborgpark.dk\/?s={search_term_string}"},"query-input":{"@type":"PropertyValueSpecification","valueRequired":true,"valueName":"search_term_string"}}],"inLanguage":"de"}]}},"_links":{"self":[{"href":"https:\/\/padborgpark.dk\/de\/wp-json\/wp\/v2\/pages\/9785","targetHints":{"allow":["GET"]}}],"collection":[{"href":"https:\/\/padborgpark.dk\/de\/wp-json\/wp\/v2\/pages"}],"about":[{"href":"https:\/\/padborgpark.dk\/de\/wp-json\/wp\/v2\/types\/page"}],"author":[{"embeddable":true,"href":"https:\/\/padborgpark.dk\/de\/wp-json\/wp\/v2\/users\/806299"}],"replies":[{"embeddable":true,"href":"https:\/\/padborgpark.dk\/de\/wp-json\/wp\/v2\/comments?post=9785"}],"version-history":[{"count":1,"href":"https:\/\/padborgpark.dk\/de\/wp-json\/wp\/v2\/pages\/9785\/revisions"}],"predecessor-version":[{"id":9317017506,"href":"https:\/\/padborgpark.dk\/de\/wp-json\/wp\/v2\/pages\/9785\/revisions\/9317017506"}],"wp:attachment":[{"href":"https:\/\/padborgpark.dk\/de\/wp-json\/wp\/v2\/media?parent=9785"}],"curies":[{"name":"wp","href":"https:\/\/api.w.org\/{rel}","templated":true}]}}