{"id":9822,"date":"2018-11-15T11:46:45","date_gmt":"2018-11-15T10:46:45","guid":{"rendered":"https:\/\/padborgpark.dk\/presseakkreditering-dhb\/"},"modified":"2021-01-18T09:06:43","modified_gmt":"2021-01-18T08:06:43","slug":"presseakkreditering-dhb","status":"publish","type":"page","link":"https:\/\/padborgpark.dk\/de\/presseakkreditering-dhb\/","title":{"rendered":"Presseakkreditering DHB"},"content":{"rendered":"<p><span style=\"color: #000000;\">D\u00e4nemarks schnellstes Auto steckt voller guter Geschichten \u00fcber Siegtr\u00e4ume und die damit verbundenen zerbrochenen Hoffnungen. Der Ort ist mit den wildesten Autos aus D\u00e4nemark und dem Rest Europas gef\u00fcllt, und dann gibt es Leben und gl\u00fcckliche Tage. Willkommen zur Reaktion der Automobilwelt auf das Roskilde Festival.<\/span><\/p>\n<p><span style=\"color: #000000;\">Wenn Sie nach einer guten Idee f\u00fcr eine Geschichte \u00fcber DHB, einen der Teilnehmer oder etwas ganz anderes suchen, k\u00f6nnen Sie sich unter an Pressesprecher Morten Alstrup wenden <a style=\"color: #000000;\" href=\"mailto:morten@alstrup.nu\">morten@alstrup.nu<\/a>.<\/span><\/p>\n<p><span style=\"color: #000000;\">Anfragen zur Akkreditierung d\u00fcrfen jedoch nur \u00fcber den unten stehenden Link gestellt werden (\u00f6ffnet in einem neuen Fenster).<\/span><\/p>\n<h2><a href=\"http:\/\/www.presseakkreditering.dk\/dhb\/\" target=\"_blank\" rel=\"noopener\"><span style=\"color: #000000;\"><strong>Presseakkreditierung &#8211; hier bewerben<\/strong><\/span><\/a><\/h2>\n<h3><\/h3>\n","protected":false},"excerpt":{"rendered":"<p>D\u00e4nemarks schnellstes Auto steckt voller guter Geschichten \u00fcber Siegtr\u00e4ume und die damit verbundenen zerbrochenen Hoffnungen. Der Ort ist mit den wildesten Autos aus D\u00e4nemark und dem Rest Europas gef\u00fcllt, und dann gibt es Leben und gl\u00fcckliche Tage. Willkommen zur Reaktion der Automobilwelt auf das Roskilde Festival. Wenn Sie nach einer guten Idee f\u00fcr eine Geschichte [&hellip;]<\/p>\n","protected":false},"author":806299,"featured_media":0,"parent":0,"menu_order":2,"comment_status":"closed","ping_status":"closed","template":"","meta":{"_acf_changed":false,"_monsterinsights_skip_tracking":false,"_monsterinsights_sitenote_active":false,"_monsterinsights_sitenote_note":"","_monsterinsights_sitenote_category":0,"footnotes":""},"class_list":["post-9822","page","type-page","status-publish","hentry"],"acf":[],"yoast_head":"<!-- This site is optimized with the Yoast SEO plugin v27.3 - https:\/\/yoast.com\/product\/yoast-seo-wordpress\/ -->\n<title>Presseakkreditering DHB - Padborg Park har bilerne og en motorbane p\u00e5 2150 meter<\/title>\n<meta name=\"robots\" content=\"index, follow, max-snippet:-1, max-image-preview:large, max-video-preview:-1\" \/>\n<link rel=\"canonical\" href=\"https:\/\/padborgpark.dk\/de\/presseakkreditering-dhb\/\" \/>\n<meta property=\"og:locale\" content=\"de_DE\" \/>\n<meta property=\"og:type\" content=\"article\" \/>\n<meta property=\"og:title\" content=\"Presseakkreditering DHB - Padborg Park har bilerne og en motorbane p\u00e5 2150 meter\" \/>\n<meta property=\"og:description\" content=\"D\u00e4nemarks schnellstes Auto steckt voller guter Geschichten \u00fcber Siegtr\u00e4ume und die damit verbundenen zerbrochenen Hoffnungen. Der Ort ist mit den wildesten Autos aus D\u00e4nemark und dem Rest Europas gef\u00fcllt, und dann gibt es Leben und gl\u00fcckliche Tage. Willkommen zur Reaktion der Automobilwelt auf das Roskilde Festival. Wenn Sie nach einer guten Idee f\u00fcr eine Geschichte [&hellip;]\" \/>\n<meta property=\"og:url\" content=\"https:\/\/padborgpark.dk\/de\/presseakkreditering-dhb\/\" \/>\n<meta property=\"og:site_name\" content=\"Padborg Park har bilerne og en motorbane p\u00e5 2150 meter\" \/>\n<meta property=\"article:publisher\" content=\"https:\/\/www.facebook.com\/PadborgPark\/\" \/>\n<meta property=\"article:modified_time\" content=\"2021-01-18T08:06:43+00:00\" \/>\n<meta name=\"twitter:label1\" content=\"Gesch\u00e4tzte Lesezeit\" \/>\n\t<meta name=\"twitter:data1\" content=\"1\u00a0Minute\" \/>\n<script type=\"application\/ld+json\" class=\"yoast-schema-graph\">{\"@context\":\"https:\\\/\\\/schema.org\",\"@graph\":[{\"@type\":\"WebPage\",\"@id\":\"https:\\\/\\\/padborgpark.dk\\\/de\\\/presseakkreditering-dhb\\\/\",\"url\":\"https:\\\/\\\/padborgpark.dk\\\/de\\\/presseakkreditering-dhb\\\/\",\"name\":\"Presseakkreditering DHB - Padborg Park har bilerne og en motorbane p\u00e5 2150 meter\",\"isPartOf\":{\"@id\":\"https:\\\/\\\/padborgpark.dk\\\/#website\"},\"datePublished\":\"2018-11-15T10:46:45+00:00\",\"dateModified\":\"2021-01-18T08:06:43+00:00\",\"inLanguage\":\"de\",\"potentialAction\":[{\"@type\":\"ReadAction\",\"target\":[\"https:\\\/\\\/padborgpark.dk\\\/de\\\/presseakkreditering-dhb\\\/\"]}]},{\"@type\":\"WebSite\",\"@id\":\"https:\\\/\\\/padborgpark.dk\\\/#website\",\"url\":\"https:\\\/\\\/padborgpark.dk\\\/\",\"name\":\"Padborg Park har bilerne og en motorbane p\u00e5 2150 meter\",\"description\":\"\",\"potentialAction\":[{\"@type\":\"SearchAction\",\"target\":{\"@type\":\"EntryPoint\",\"urlTemplate\":\"https:\\\/\\\/padborgpark.dk\\\/?s={search_term_string}\"},\"query-input\":{\"@type\":\"PropertyValueSpecification\",\"valueRequired\":true,\"valueName\":\"search_term_string\"}}],\"inLanguage\":\"de\"}]}<\/script>\n<!-- \/ Yoast SEO plugin. -->","yoast_head_json":{"title":"Presseakkreditering DHB - Padborg Park har bilerne og en motorbane p\u00e5 2150 meter","robots":{"index":"index","follow":"follow","max-snippet":"max-snippet:-1","max-image-preview":"max-image-preview:large","max-video-preview":"max-video-preview:-1"},"canonical":"https:\/\/padborgpark.dk\/de\/presseakkreditering-dhb\/","og_locale":"de_DE","og_type":"article","og_title":"Presseakkreditering DHB - Padborg Park har bilerne og en motorbane p\u00e5 2150 meter","og_description":"D\u00e4nemarks schnellstes Auto steckt voller guter Geschichten \u00fcber Siegtr\u00e4ume und die damit verbundenen zerbrochenen Hoffnungen. Der Ort ist mit den wildesten Autos aus D\u00e4nemark und dem Rest Europas gef\u00fcllt, und dann gibt es Leben und gl\u00fcckliche Tage. Willkommen zur Reaktion der Automobilwelt auf das Roskilde Festival. Wenn Sie nach einer guten Idee f\u00fcr eine Geschichte [&hellip;]","og_url":"https:\/\/padborgpark.dk\/de\/presseakkreditering-dhb\/","og_site_name":"Padborg Park har bilerne og en motorbane p\u00e5 2150 meter","article_publisher":"https:\/\/www.facebook.com\/PadborgPark\/","article_modified_time":"2021-01-18T08:06:43+00:00","twitter_misc":{"Gesch\u00e4tzte Lesezeit":"1\u00a0Minute"},"schema":{"@context":"https:\/\/schema.org","@graph":[{"@type":"WebPage","@id":"https:\/\/padborgpark.dk\/de\/presseakkreditering-dhb\/","url":"https:\/\/padborgpark.dk\/de\/presseakkreditering-dhb\/","name":"Presseakkreditering DHB - Padborg Park har bilerne og en motorbane p\u00e5 2150 meter","isPartOf":{"@id":"https:\/\/padborgpark.dk\/#website"},"datePublished":"2018-11-15T10:46:45+00:00","dateModified":"2021-01-18T08:06:43+00:00","inLanguage":"de","potentialAction":[{"@type":"ReadAction","target":["https:\/\/padborgpark.dk\/de\/presseakkreditering-dhb\/"]}]},{"@type":"WebSite","@id":"https:\/\/padborgpark.dk\/#website","url":"https:\/\/padborgpark.dk\/","name":"Padborg Park har bilerne og en motorbane p\u00e5 2150 meter","description":"","potentialAction":[{"@type":"SearchAction","target":{"@type":"EntryPoint","urlTemplate":"https:\/\/padborgpark.dk\/?s={search_term_string}"},"query-input":{"@type":"PropertyValueSpecification","valueRequired":true,"valueName":"search_term_string"}}],"inLanguage":"de"}]}},"_links":{"self":[{"href":"https:\/\/padborgpark.dk\/de\/wp-json\/wp\/v2\/pages\/9822","targetHints":{"allow":["GET"]}}],"collection":[{"href":"https:\/\/padborgpark.dk\/de\/wp-json\/wp\/v2\/pages"}],"about":[{"href":"https:\/\/padborgpark.dk\/de\/wp-json\/wp\/v2\/types\/page"}],"author":[{"embeddable":true,"href":"https:\/\/padborgpark.dk\/de\/wp-json\/wp\/v2\/users\/806299"}],"replies":[{"embeddable":true,"href":"https:\/\/padborgpark.dk\/de\/wp-json\/wp\/v2\/comments?post=9822"}],"version-history":[{"count":0,"href":"https:\/\/padborgpark.dk\/de\/wp-json\/wp\/v2\/pages\/9822\/revisions"}],"wp:attachment":[{"href":"https:\/\/padborgpark.dk\/de\/wp-json\/wp\/v2\/media?parent=9822"}],"curies":[{"name":"wp","href":"https:\/\/api.w.org\/{rel}","templated":true}]}}