{"id":9871,"date":"2014-02-19T10:03:31","date_gmt":"2014-02-19T09:03:31","guid":{"rendered":"https:\/\/padborgpark.dk\/oplevelser\/"},"modified":"2021-01-18T15:08:36","modified_gmt":"2021-01-18T14:08:36","slug":"erfahrungen-in-einer-klasse-fuer-geschwindigkeitsliebende-daenen","status":"publish","type":"page","link":"https:\/\/padborgpark.dk\/de\/erfahrungen-in-einer-klasse-fuer-geschwindigkeitsliebende-daenen\/","title":{"rendered":"Erfahrungen in einer Klasse f\u00fcr geschwindigkeitsliebende D\u00e4nen"},"content":{"rendered":"<p>M\u00f6chten Sie sich oder anderen eine Erfahrung Ihres Lebens geben? &#8211; Im Padborg Park haben Sie reichlich Gelegenheit, genau das auf aufregende, adrenalingeladene und rasante Weise zu tun.<\/p>\n<p>In Oldtimern bis hin zu Formel-1-Rennfahrern rasen Sie um atemberaubende Strecken. Erleben Sie die Drohne eines KTM X-Bow entweder mit sich selbst oder einem echten Rennfahrer am Steuer. Lerne in gut ausgebildeten Rennschulen, einen starken Rennfahrer zu kontrollieren. Arbeiten Sie als Rennteam in unserem Teambuilding-Rennen zusammen. Die M\u00f6glichkeiten sind vielf\u00e4ltig und voller erstaunlicher Erfahrungen. Besuchen Sie uns als Teil einer Gruppe oder geben Sie eine <span style=\"color: #717171;\"><a title=\"Geschenke erleben - Begeistern Sie jemanden, den Sie interessieren, mit einer Erfahrung Ihres Lebens\" href=\"https:\/\/padborgpark.dk\/de\/oplevelsesgaver\/\"><span style=\"color: #717171;\">Geschenk erleben<\/span><\/a><\/span> an jemanden, den Sie interessieren.<\/p>\n<p>Der Padborg Park ist D\u00e4nemarks l\u00e4ngster Motorplatz und bietet als Meisterschaftsplatz einzigartige Herausforderungen. Egal, ob Sie ein rasanter Adrenalin-Junkie mit Benzin im Blut sind oder nicht, wir garantieren Ihnen Erlebnisse, die Sie nie vergessen werden. Wir haben qualifizierte Instruktoren, die sowohl Spa\u00df als auch Spannung und Sicherheit bieten.<\/p>\n<p>Unsere Auswahl an Fahrzeugen umfasst feste Marken und Modelle wie Lotus Elise, Porsche, KTM X-Bow, BMW, Audi, Merce3des, Formel-1-Rennfahrer, Legend-Fahrzeuge usw. Die Leistung reicht von 120 bis zu beeindruckenden 650 dieser Art.<\/p>\n<h1>Erlebende, unterhaltsame, rasante und lehrreiche Lebenserfahrungen <\/h1>\n<p>Wir haben gute Erfahrung in der Betreuung von Einzelpersonen, kleinen Gruppen von Freunden und gro\u00dfen Firmenveranstaltungen. Wir sind sehr flexibel und k\u00f6nnen die verschiedenen Erfahrungen auf spezifische W\u00fcnsche und Bed\u00fcrfnisse zuschneiden.<\/p>\n<p>Unter anderem k\u00f6nnen wir Sie auf eine schnelle Reise in Form von Folgendem mitnehmen:<\/p>\n<p><a href=\"https:\/\/padborgpark.dk\/shop\/koer-selv\/lotus-elise-high-speed-tur\/\"><img decoding=\"async\" src=\"https:\/\/padborgpark.dk\/wp-content\/uploads\/2014\/02\/boks-hurtig-elise.jpg\" alt=\"boks-hurtig-elise\" width=\"193\" height=\"150\" \/><\/a>\u00a0\u00a0<a href=\"https:\/\/padborgpark.dk\/shop\/billetter-til-lob\/\"><img decoding=\"async\" src=\"https:\/\/padborgpark.dk\/wp-content\/uploads\/2014\/02\/boks-loeb.jpg\" alt=\"boks-loeb\" width=\"193\" height=\"150\" \/><\/a>\u00a0<a href=\"https:\/\/padborgpark.dk\/shop\/formel-et\/\"><img decoding=\"async\" src=\"https:\/\/padborgpark.dk\/wp-content\/uploads\/2014\/02\/boks-f1.jpg\" alt=\"boks-f1\" width=\"193\" height=\"150\" \/>\u00a0<\/a><a href=\"https:\/\/padborgpark.dk\/shop\/ferrari\/gavekort\/\"><img decoding=\"async\" src=\"https:\/\/padborgpark.dk\/wp-content\/uploads\/2014\/02\/boks-gavekort.jpg\" alt=\"boks-gavekort\" width=\"193\" height=\"150\" \/><\/a><\/p>\n<p>Klicken Sie auf das Feld, um mehr \u00fcber jedes Angebot zu erfahren.<\/p>\n<h3> Sie k\u00f6nnen uns jederzeit kontaktieren, wenn Sie weitere Informationen sowie ein unverbindliches Angebot w\u00fcnschen. Wir freuen uns, Sie im Padborg Park <\/h3>\n<p> begr\u00fc\u00dfen zu d\u00fcrfen<br \/>\nWenn Sie ein ma\u00dfgeschneidertes Angebot w\u00fcnschen, teilen Sie uns einfach die Teilnehmerzahl, das Datum und die W\u00fcnsche genauer mit <a href=\"https:\/\/padborgpark.dk\/de\/kontakt\/holen-sie-sich-ein-angebot\/\">hier <\/a> f\u00fcr ein gutes und unverbindliches Angebot.<\/p>\n<p>Padborg Park &#8211; eine rasante Erfahrung f\u00fcrs Leben<\/p>\n","protected":false},"excerpt":{"rendered":"<p>M\u00f6chten Sie sich oder anderen eine Erfahrung Ihres Lebens geben? &#8211; Im Padborg Park haben Sie reichlich Gelegenheit, genau das auf aufregende, adrenalingeladene und rasante Weise zu tun. In Oldtimern bis hin zu Formel-1-Rennfahrern rasen Sie um atemberaubende Strecken. Erleben Sie die Drohne eines KTM X-Bow entweder mit sich selbst oder einem echten Rennfahrer am [&hellip;]<\/p>\n","protected":false},"author":806299,"featured_media":0,"parent":0,"menu_order":2,"comment_status":"closed","ping_status":"closed","template":"template-full_width.php","meta":{"_acf_changed":false,"_monsterinsights_skip_tracking":false,"_monsterinsights_sitenote_active":false,"_monsterinsights_sitenote_note":"","_monsterinsights_sitenote_category":0,"footnotes":""},"class_list":["post-9871","page","type-page","status-publish","hentry"],"acf":[],"yoast_head":"<!-- This site is optimized with the Yoast SEO plugin v27.3 - https:\/\/yoast.com\/product\/yoast-seo-wordpress\/ -->\n<title>Oplevelser | F\u00e5 en dag fuld af sjov, fart og sp\u00e6nding<\/title>\n<meta name=\"description\" content=\"Oplevelser for livet med sjov, fart og adrenalinsusende sp\u00e6nding. Padborg Park har Danmarks l\u00e6ngste motorbane og derfor massevis af fartfulde oplevelser.\" \/>\n<meta name=\"robots\" content=\"index, follow, max-snippet:-1, max-image-preview:large, max-video-preview:-1\" \/>\n<link rel=\"canonical\" href=\"https:\/\/padborgpark.dk\/de\/erfahrungen-in-einer-klasse-fuer-geschwindigkeitsliebende-daenen\/\" \/>\n<meta property=\"og:locale\" content=\"de_DE\" \/>\n<meta property=\"og:type\" content=\"article\" \/>\n<meta property=\"og:title\" content=\"Oplevelser | F\u00e5 en dag fuld af sjov, fart og sp\u00e6nding\" \/>\n<meta property=\"og:description\" content=\"Oplevelser for livet med sjov, fart og adrenalinsusende sp\u00e6nding. Padborg Park har Danmarks l\u00e6ngste motorbane og derfor massevis af fartfulde oplevelser.\" \/>\n<meta property=\"og:url\" content=\"https:\/\/padborgpark.dk\/de\/erfahrungen-in-einer-klasse-fuer-geschwindigkeitsliebende-daenen\/\" \/>\n<meta property=\"og:site_name\" content=\"Padborg Park har bilerne og en motorbane p\u00e5 2150 meter\" \/>\n<meta property=\"article:publisher\" content=\"https:\/\/www.facebook.com\/PadborgPark\/\" \/>\n<meta property=\"article:modified_time\" content=\"2021-01-18T14:08:36+00:00\" \/>\n<meta property=\"og:image\" content=\"https:\/\/padborgpark.dk\/wp-content\/uploads\/2014\/02\/boks-hurtig-elise.jpg\" \/>\n<meta name=\"twitter:label1\" content=\"Gesch\u00e4tzte Lesezeit\" \/>\n\t<meta name=\"twitter:data1\" content=\"2\u00a0Minuten\" \/>\n<script type=\"application\/ld+json\" class=\"yoast-schema-graph\">{\"@context\":\"https:\\\/\\\/schema.org\",\"@graph\":[{\"@type\":\"WebPage\",\"@id\":\"https:\\\/\\\/padborgpark.dk\\\/de\\\/erfahrungen-in-einer-klasse-fuer-geschwindigkeitsliebende-daenen\\\/\",\"url\":\"https:\\\/\\\/padborgpark.dk\\\/de\\\/erfahrungen-in-einer-klasse-fuer-geschwindigkeitsliebende-daenen\\\/\",\"name\":\"Oplevelser | F\u00e5 en dag fuld af sjov, fart og sp\u00e6nding\",\"isPartOf\":{\"@id\":\"https:\\\/\\\/padborgpark.dk\\\/#website\"},\"primaryImageOfPage\":{\"@id\":\"https:\\\/\\\/padborgpark.dk\\\/de\\\/erfahrungen-in-einer-klasse-fuer-geschwindigkeitsliebende-daenen\\\/#primaryimage\"},\"image\":{\"@id\":\"https:\\\/\\\/padborgpark.dk\\\/de\\\/erfahrungen-in-einer-klasse-fuer-geschwindigkeitsliebende-daenen\\\/#primaryimage\"},\"thumbnailUrl\":\"https:\\\/\\\/padborgpark.dk\\\/wp-content\\\/uploads\\\/2014\\\/02\\\/boks-hurtig-elise.jpg\",\"datePublished\":\"2014-02-19T09:03:31+00:00\",\"dateModified\":\"2021-01-18T14:08:36+00:00\",\"description\":\"Oplevelser for livet med sjov, fart og adrenalinsusende sp\u00e6nding. Padborg Park har Danmarks l\u00e6ngste motorbane og derfor massevis af fartfulde oplevelser.\",\"inLanguage\":\"de\",\"potentialAction\":[{\"@type\":\"ReadAction\",\"target\":[\"https:\\\/\\\/padborgpark.dk\\\/de\\\/erfahrungen-in-einer-klasse-fuer-geschwindigkeitsliebende-daenen\\\/\"]}]},{\"@type\":\"ImageObject\",\"inLanguage\":\"de\",\"@id\":\"https:\\\/\\\/padborgpark.dk\\\/de\\\/erfahrungen-in-einer-klasse-fuer-geschwindigkeitsliebende-daenen\\\/#primaryimage\",\"url\":\"https:\\\/\\\/padborgpark.dk\\\/wp-content\\\/uploads\\\/2014\\\/02\\\/boks-hurtig-elise.jpg\",\"contentUrl\":\"https:\\\/\\\/padborgpark.dk\\\/wp-content\\\/uploads\\\/2014\\\/02\\\/boks-hurtig-elise.jpg\"},{\"@type\":\"WebSite\",\"@id\":\"https:\\\/\\\/padborgpark.dk\\\/#website\",\"url\":\"https:\\\/\\\/padborgpark.dk\\\/\",\"name\":\"Padborg Park har bilerne og en motorbane p\u00e5 2150 meter\",\"description\":\"\",\"potentialAction\":[{\"@type\":\"SearchAction\",\"target\":{\"@type\":\"EntryPoint\",\"urlTemplate\":\"https:\\\/\\\/padborgpark.dk\\\/?s={search_term_string}\"},\"query-input\":{\"@type\":\"PropertyValueSpecification\",\"valueRequired\":true,\"valueName\":\"search_term_string\"}}],\"inLanguage\":\"de\"}]}<\/script>\n<!-- \/ Yoast SEO plugin. -->","yoast_head_json":{"title":"Oplevelser | F\u00e5 en dag fuld af sjov, fart og sp\u00e6nding","description":"Oplevelser for livet med sjov, fart og adrenalinsusende sp\u00e6nding. Padborg Park har Danmarks l\u00e6ngste motorbane og derfor massevis af fartfulde oplevelser.","robots":{"index":"index","follow":"follow","max-snippet":"max-snippet:-1","max-image-preview":"max-image-preview:large","max-video-preview":"max-video-preview:-1"},"canonical":"https:\/\/padborgpark.dk\/de\/erfahrungen-in-einer-klasse-fuer-geschwindigkeitsliebende-daenen\/","og_locale":"de_DE","og_type":"article","og_title":"Oplevelser | F\u00e5 en dag fuld af sjov, fart og sp\u00e6nding","og_description":"Oplevelser for livet med sjov, fart og adrenalinsusende sp\u00e6nding. Padborg Park har Danmarks l\u00e6ngste motorbane og derfor massevis af fartfulde oplevelser.","og_url":"https:\/\/padborgpark.dk\/de\/erfahrungen-in-einer-klasse-fuer-geschwindigkeitsliebende-daenen\/","og_site_name":"Padborg Park har bilerne og en motorbane p\u00e5 2150 meter","article_publisher":"https:\/\/www.facebook.com\/PadborgPark\/","article_modified_time":"2021-01-18T14:08:36+00:00","og_image":[{"url":"https:\/\/padborgpark.dk\/wp-content\/uploads\/2014\/02\/boks-hurtig-elise.jpg","type":"","width":"","height":""}],"twitter_misc":{"Gesch\u00e4tzte Lesezeit":"2\u00a0Minuten"},"schema":{"@context":"https:\/\/schema.org","@graph":[{"@type":"WebPage","@id":"https:\/\/padborgpark.dk\/de\/erfahrungen-in-einer-klasse-fuer-geschwindigkeitsliebende-daenen\/","url":"https:\/\/padborgpark.dk\/de\/erfahrungen-in-einer-klasse-fuer-geschwindigkeitsliebende-daenen\/","name":"Oplevelser | F\u00e5 en dag fuld af sjov, fart og sp\u00e6nding","isPartOf":{"@id":"https:\/\/padborgpark.dk\/#website"},"primaryImageOfPage":{"@id":"https:\/\/padborgpark.dk\/de\/erfahrungen-in-einer-klasse-fuer-geschwindigkeitsliebende-daenen\/#primaryimage"},"image":{"@id":"https:\/\/padborgpark.dk\/de\/erfahrungen-in-einer-klasse-fuer-geschwindigkeitsliebende-daenen\/#primaryimage"},"thumbnailUrl":"https:\/\/padborgpark.dk\/wp-content\/uploads\/2014\/02\/boks-hurtig-elise.jpg","datePublished":"2014-02-19T09:03:31+00:00","dateModified":"2021-01-18T14:08:36+00:00","description":"Oplevelser for livet med sjov, fart og adrenalinsusende sp\u00e6nding. Padborg Park har Danmarks l\u00e6ngste motorbane og derfor massevis af fartfulde oplevelser.","inLanguage":"de","potentialAction":[{"@type":"ReadAction","target":["https:\/\/padborgpark.dk\/de\/erfahrungen-in-einer-klasse-fuer-geschwindigkeitsliebende-daenen\/"]}]},{"@type":"ImageObject","inLanguage":"de","@id":"https:\/\/padborgpark.dk\/de\/erfahrungen-in-einer-klasse-fuer-geschwindigkeitsliebende-daenen\/#primaryimage","url":"https:\/\/padborgpark.dk\/wp-content\/uploads\/2014\/02\/boks-hurtig-elise.jpg","contentUrl":"https:\/\/padborgpark.dk\/wp-content\/uploads\/2014\/02\/boks-hurtig-elise.jpg"},{"@type":"WebSite","@id":"https:\/\/padborgpark.dk\/#website","url":"https:\/\/padborgpark.dk\/","name":"Padborg Park har bilerne og en motorbane p\u00e5 2150 meter","description":"","potentialAction":[{"@type":"SearchAction","target":{"@type":"EntryPoint","urlTemplate":"https:\/\/padborgpark.dk\/?s={search_term_string}"},"query-input":{"@type":"PropertyValueSpecification","valueRequired":true,"valueName":"search_term_string"}}],"inLanguage":"de"}]}},"_links":{"self":[{"href":"https:\/\/padborgpark.dk\/de\/wp-json\/wp\/v2\/pages\/9871","targetHints":{"allow":["GET"]}}],"collection":[{"href":"https:\/\/padborgpark.dk\/de\/wp-json\/wp\/v2\/pages"}],"about":[{"href":"https:\/\/padborgpark.dk\/de\/wp-json\/wp\/v2\/types\/page"}],"author":[{"embeddable":true,"href":"https:\/\/padborgpark.dk\/de\/wp-json\/wp\/v2\/users\/806299"}],"replies":[{"embeddable":true,"href":"https:\/\/padborgpark.dk\/de\/wp-json\/wp\/v2\/comments?post=9871"}],"version-history":[{"count":0,"href":"https:\/\/padborgpark.dk\/de\/wp-json\/wp\/v2\/pages\/9871\/revisions"}],"wp:attachment":[{"href":"https:\/\/padborgpark.dk\/de\/wp-json\/wp\/v2\/media?parent=9871"}],"curies":[{"name":"wp","href":"https:\/\/api.w.org\/{rel}","templated":true}]}}