{"id":9888,"date":"2014-02-19T11:09:36","date_gmt":"2014-02-19T10:09:36","guid":{"rendered":"https:\/\/padborgpark.dk\/motorsport-event\/"},"modified":"2024-02-09T10:42:56","modified_gmt":"2024-02-09T09:42:56","slug":"motorsport-event-ein-lustiger-tag-auf-hochtouren","status":"publish","type":"page","link":"https:\/\/padborgpark.dk\/de\/motorsport-event-ein-lustiger-tag-auf-hochtouren\/","title":{"rendered":"Motorsport-Event &#8211; Ein lustiger Tag auf Hochtouren"},"content":{"rendered":"<p>Der Padborg Park ist Ihre Garantie f\u00fcr Spa\u00df, Geschwindigkeit und Spannung im Zusammenhang mit einem Motorsport-Event der einen oder anderen Art. Seit einigen Jahren begeistern wir unsere vielen Besucher mit atemberaubender Action und schnellen Autos bei verschiedenen Veranstaltungen.<\/p>\n<p>Egal, ob Sie an unseren Fahrschulen teilnehmen, einen Formel-1-Rennfahrer fahren, an Meisterschaftsrennen teilnehmen, gegen andere antreten oder etwas anderes, wir sind \u00fcberzeugt, dass wir Ihnen eine Erfahrung bieten k\u00f6nnen, die Sie bald vergessen werden. Wir organisieren Motorsportveranstaltungen f\u00fcr jeden Geschmack und immer auf Hochtouren. Legen Sie den Sicherheitsgurt an, dr\u00fccken Sie das Gaspedal nach unten und machen Sie gute Erfahrungen mit Ihrem Gep\u00e4ck.<\/p>\n<p>Der Padborg Park ist D\u00e4nemarks l\u00e4ngste Autobahn und bietet viele spannende Herausforderungen. Zum beispiel werden d\u00e4nische Meisterschaften auf der Strecke ausgetragen, auf der die besten Rennfahrer des Landes um die Pl\u00e4tze in den vielen Kurven und auf den langen Strecken k\u00e4mpfen, wo es besonders schnell geht.<\/p>\n<p>Zu den Fahrzeugen, die sicherstellen, dass Sie und m\u00f6glicherweise andere Teilnehmer das bestm\u00f6gliche Fahrerlebnis haben, geh\u00f6ren Lotus Elise, Mitjet und\u00a0 KTM X-Bow.<\/p>\n<h1>W\u00e4hlen Sie das Motorsport-Event, das Ihrem Zweck entspricht<\/h1>\n<p>Im Padborg Park bem\u00fchen wir uns sehr, die spezifischen W\u00fcnsche jedes Besuchers f\u00fcr eine bevorstehende Motorsportveranstaltung zu erf\u00fcllen. Wir sind sehr flexibel und k\u00f6nnen unsere L\u00f6sungen in vielen F\u00e4llen nach Bedarf anpassen.<\/p>\n<p>Wir veranstalten eine breite Palette von Veranstaltungen, die sowohl f\u00fcr Einzelpersonen als auch f\u00fcr gr\u00f6\u00dfere und kleinere Gruppen geeignet sind. Unsere Auswahl an Motorsportveranstaltungen umfasst Folgendes:<\/p>\n<p><a href=\"https:\/\/padborgpark.dk\/shop\/koer-selv\/lotus-elise-heldags\/\"><img decoding=\"async\" class=\"alignnone size-full wp-image-2289\" src=\"https:\/\/padborgpark.dk\/wp-content\/uploads\/2014\/02\/boks-lotus-elise-event.jpg\" alt=\"boks-lotus-elise-event\" width=\"193\" height=\"150\" srcset=\"https:\/\/padborgpark.dk\/wp-content\/uploads\/2014\/02\/boks-lotus-elise-event.jpg 193w, https:\/\/padborgpark.dk\/wp-content\/uploads\/2014\/02\/boks-lotus-elise-event-148x115.jpg 148w, https:\/\/padborgpark.dk\/wp-content\/uploads\/2014\/02\/boks-lotus-elise-event-31x24.jpg 31w, https:\/\/padborgpark.dk\/wp-content\/uploads\/2014\/02\/boks-lotus-elise-event-38x29.jpg 38w\" sizes=\"(max-width: 193px) 100vw, 193px\" \/><\/a> <a href=\"https:\/\/padborgpark.dk\/produkter\/teambuilding\/\"><img decoding=\"async\" class=\"alignnone size-full wp-image-2287\" src=\"https:\/\/padborgpark.dk\/wp-content\/uploads\/2014\/02\/boks-firmadysten.jpg\" alt=\"boks-firmadysten\" width=\"193\" height=\"150\" srcset=\"https:\/\/padborgpark.dk\/wp-content\/uploads\/2014\/02\/boks-firmadysten.jpg 193w, https:\/\/padborgpark.dk\/wp-content\/uploads\/2014\/02\/boks-firmadysten-148x115.jpg 148w, https:\/\/padborgpark.dk\/wp-content\/uploads\/2014\/02\/boks-firmadysten-31x24.jpg 31w, https:\/\/padborgpark.dk\/wp-content\/uploads\/2014\/02\/boks-firmadysten-38x29.jpg 38w\" sizes=\"(max-width: 193px) 100vw, 193px\" \/><\/a> <a href=\"https:\/\/padborgpark.dk\/shop\/strecke-mieten\/\"><img decoding=\"async\" class=\"alignnone size-full wp-image-2310\" src=\"https:\/\/padborgpark.dk\/wp-content\/uploads\/2014\/02\/boks-lej-banen.jpg\" alt=\"boks-lej-banen\" width=\"193\" height=\"150\" srcset=\"https:\/\/padborgpark.dk\/wp-content\/uploads\/2014\/02\/boks-lej-banen.jpg 193w, https:\/\/padborgpark.dk\/wp-content\/uploads\/2014\/02\/boks-lej-banen-148x115.jpg 148w, https:\/\/padborgpark.dk\/wp-content\/uploads\/2014\/02\/boks-lej-banen-31x24.jpg 31w, https:\/\/padborgpark.dk\/wp-content\/uploads\/2014\/02\/boks-lej-banen-38x29.jpg 38w\" sizes=\"(max-width: 193px) 100vw, 193px\" \/><\/a> <a href=\"https:\/\/padborgpark.dk\/shop\/koer-selv\/legend-car\/\"><img decoding=\"async\" class=\"alignnone size-full wp-image-2369\" src=\"https:\/\/padborgpark.dk\/wp-content\/uploads\/2014\/02\/boks-legend-car.jpg\" alt=\"boks-legend-car\" width=\"193\" height=\"150\" srcset=\"https:\/\/padborgpark.dk\/wp-content\/uploads\/2014\/02\/boks-legend-car.jpg 193w, https:\/\/padborgpark.dk\/wp-content\/uploads\/2014\/02\/boks-legend-car-148x115.jpg 148w, https:\/\/padborgpark.dk\/wp-content\/uploads\/2014\/02\/boks-legend-car-31x24.jpg 31w, https:\/\/padborgpark.dk\/wp-content\/uploads\/2014\/02\/boks-legend-car-38x29.jpg 38w\" sizes=\"(max-width: 193px) 100vw, 193px\" \/><\/a><\/p>\n<p>Lesen Sie hier auf der Website viel mehr \u00fcber die verschiedenen Optionen. Wenn Sie sich f\u00fcr eine Motorsportveranstaltung entscheiden, bei der Sie sich selbst ans Steuer setzen m\u00fcssen, sorgen qualifizierte Instruktoren nat\u00fcrlich sowohl f\u00fcr die Sicherheit als auch f\u00fcr gr\u00fcndliche Anweisungen.<\/p>\n<h3>Kaufen Sie Geschenkkarten hier auf der Website oder teilen Sie uns die Details Ihrer gew\u00fcnschten Veranstaltung mit. Wir freuen uns darauf, Ihnen adrenalinreiche Rennerlebnisse zu bieten<\/h3>\n<p>Hier auf der Website finden Sie Geschenkkarten mit verschiedenen Arten von Fahrerlebnissen. M\u00f6chten Sie eine arrangieren <span style=\"color: #717171;\"><a title=\"Firmenevent - Schnallen Sie sich an und begeben Sie sich auf ein Abenteuer\" href=\"https:\/\/padborgpark.dk\/firmaevent\/\"><span style=\"color: #717171;\">Firmenveranstaltung<\/span><\/a>,<\/span> Bitte schreiben Sie Details bez\u00fcglich Teilnehmerzahl, Datum usw. <a href=\"https:\/\/padborgpark.dk\/de\/kontakt\/holen-sie-sich-ein-angebot\/\">ihr<\/a> f\u00fcr ein unverbindliches Angebot.<\/p>\n<p>Padborg Park &#8211; ein Tag auf Hochtouren.<\/p>\n","protected":false},"excerpt":{"rendered":"<p>Der Padborg Park ist Ihre Garantie f\u00fcr Spa\u00df, Geschwindigkeit und Spannung im Zusammenhang mit einem Motorsport-Event der einen oder anderen Art. Seit einigen Jahren begeistern wir unsere vielen Besucher mit atemberaubender Action und schnellen Autos bei verschiedenen Veranstaltungen. Egal, ob Sie an unseren Fahrschulen teilnehmen, einen Formel-1-Rennfahrer fahren, an Meisterschaftsrennen teilnehmen, gegen andere antreten oder [&hellip;]<\/p>\n","protected":false},"author":806299,"featured_media":0,"parent":0,"menu_order":2,"comment_status":"closed","ping_status":"closed","template":"template-full_width.php","meta":{"_acf_changed":false,"_monsterinsights_skip_tracking":false,"_monsterinsights_sitenote_active":false,"_monsterinsights_sitenote_note":"","_monsterinsights_sitenote_category":0,"footnotes":""},"class_list":["post-9888","page","type-page","status-publish","hentry"],"acf":[],"yoast_head":"<!-- This site is optimized with the Yoast SEO plugin v27.3 - https:\/\/yoast.com\/product\/yoast-seo-wordpress\/ -->\n<title>Motorsport-Event - Ein lustiger Tag auf Hochtouren<\/title>\n<meta name=\"description\" content=\"Motorsport-Event - Ein lustiger Tag auf Hochtouren ist Ihre Garantie f\u00fcr Spa\u00df ud Geschwindigkeit im Zusammenhang mit einem Motorsport-Event\" \/>\n<meta name=\"robots\" content=\"index, follow, max-snippet:-1, max-image-preview:large, max-video-preview:-1\" \/>\n<link rel=\"canonical\" href=\"https:\/\/padborgpark.dk\/de\/motorsport-event-ein-lustiger-tag-auf-hochtouren\/\" \/>\n<meta property=\"og:locale\" content=\"de_DE\" \/>\n<meta property=\"og:type\" content=\"article\" \/>\n<meta property=\"og:title\" content=\"Motorsport-Event - Ein lustiger Tag auf Hochtouren\" \/>\n<meta property=\"og:description\" content=\"Motorsport-Event - Ein lustiger Tag auf Hochtouren ist Ihre Garantie f\u00fcr Spa\u00df ud Geschwindigkeit im Zusammenhang mit einem Motorsport-Event\" \/>\n<meta property=\"og:url\" content=\"https:\/\/padborgpark.dk\/de\/motorsport-event-ein-lustiger-tag-auf-hochtouren\/\" \/>\n<meta property=\"og:site_name\" content=\"Padborg Park har bilerne og en motorbane p\u00e5 2150 meter\" \/>\n<meta property=\"article:publisher\" content=\"https:\/\/www.facebook.com\/PadborgPark\/\" \/>\n<meta property=\"article:modified_time\" content=\"2024-02-09T09:42:56+00:00\" \/>\n<meta property=\"og:image\" content=\"https:\/\/padborgpark.dk\/wp-content\/uploads\/2014\/02\/boks-lotus-elise-event.jpg\" \/>\n<meta name=\"twitter:label1\" content=\"Gesch\u00e4tzte Lesezeit\" \/>\n\t<meta name=\"twitter:data1\" content=\"3\u00a0Minuten\" \/>\n<script type=\"application\/ld+json\" class=\"yoast-schema-graph\">{\"@context\":\"https:\\\/\\\/schema.org\",\"@graph\":[{\"@type\":\"WebPage\",\"@id\":\"https:\\\/\\\/padborgpark.dk\\\/de\\\/motorsport-event-ein-lustiger-tag-auf-hochtouren\\\/\",\"url\":\"https:\\\/\\\/padborgpark.dk\\\/de\\\/motorsport-event-ein-lustiger-tag-auf-hochtouren\\\/\",\"name\":\"Motorsport-Event - Ein lustiger Tag auf Hochtouren\",\"isPartOf\":{\"@id\":\"https:\\\/\\\/padborgpark.dk\\\/#website\"},\"primaryImageOfPage\":{\"@id\":\"https:\\\/\\\/padborgpark.dk\\\/de\\\/motorsport-event-ein-lustiger-tag-auf-hochtouren\\\/#primaryimage\"},\"image\":{\"@id\":\"https:\\\/\\\/padborgpark.dk\\\/de\\\/motorsport-event-ein-lustiger-tag-auf-hochtouren\\\/#primaryimage\"},\"thumbnailUrl\":\"https:\\\/\\\/padborgpark.dk\\\/wp-content\\\/uploads\\\/2014\\\/02\\\/boks-lotus-elise-event.jpg\",\"datePublished\":\"2014-02-19T10:09:36+00:00\",\"dateModified\":\"2024-02-09T09:42:56+00:00\",\"description\":\"Motorsport-Event - Ein lustiger Tag auf Hochtouren ist Ihre Garantie f\u00fcr Spa\u00df ud Geschwindigkeit im Zusammenhang mit einem Motorsport-Event\",\"inLanguage\":\"de\",\"potentialAction\":[{\"@type\":\"ReadAction\",\"target\":[\"https:\\\/\\\/padborgpark.dk\\\/de\\\/motorsport-event-ein-lustiger-tag-auf-hochtouren\\\/\"]}]},{\"@type\":\"ImageObject\",\"inLanguage\":\"de\",\"@id\":\"https:\\\/\\\/padborgpark.dk\\\/de\\\/motorsport-event-ein-lustiger-tag-auf-hochtouren\\\/#primaryimage\",\"url\":\"https:\\\/\\\/padborgpark.dk\\\/wp-content\\\/uploads\\\/2014\\\/02\\\/boks-lotus-elise-event.jpg\",\"contentUrl\":\"https:\\\/\\\/padborgpark.dk\\\/wp-content\\\/uploads\\\/2014\\\/02\\\/boks-lotus-elise-event.jpg\"},{\"@type\":\"WebSite\",\"@id\":\"https:\\\/\\\/padborgpark.dk\\\/#website\",\"url\":\"https:\\\/\\\/padborgpark.dk\\\/\",\"name\":\"Padborg Park har bilerne og en motorbane p\u00e5 2150 meter\",\"description\":\"\",\"potentialAction\":[{\"@type\":\"SearchAction\",\"target\":{\"@type\":\"EntryPoint\",\"urlTemplate\":\"https:\\\/\\\/padborgpark.dk\\\/?s={search_term_string}\"},\"query-input\":{\"@type\":\"PropertyValueSpecification\",\"valueRequired\":true,\"valueName\":\"search_term_string\"}}],\"inLanguage\":\"de\"}]}<\/script>\n<!-- \/ Yoast SEO plugin. -->","yoast_head_json":{"title":"Motorsport-Event - Ein lustiger Tag auf Hochtouren","description":"Motorsport-Event - Ein lustiger Tag auf Hochtouren ist Ihre Garantie f\u00fcr Spa\u00df ud Geschwindigkeit im Zusammenhang mit einem Motorsport-Event","robots":{"index":"index","follow":"follow","max-snippet":"max-snippet:-1","max-image-preview":"max-image-preview:large","max-video-preview":"max-video-preview:-1"},"canonical":"https:\/\/padborgpark.dk\/de\/motorsport-event-ein-lustiger-tag-auf-hochtouren\/","og_locale":"de_DE","og_type":"article","og_title":"Motorsport-Event - Ein lustiger Tag auf Hochtouren","og_description":"Motorsport-Event - Ein lustiger Tag auf Hochtouren ist Ihre Garantie f\u00fcr Spa\u00df ud Geschwindigkeit im Zusammenhang mit einem Motorsport-Event","og_url":"https:\/\/padborgpark.dk\/de\/motorsport-event-ein-lustiger-tag-auf-hochtouren\/","og_site_name":"Padborg Park har bilerne og en motorbane p\u00e5 2150 meter","article_publisher":"https:\/\/www.facebook.com\/PadborgPark\/","article_modified_time":"2024-02-09T09:42:56+00:00","og_image":[{"url":"https:\/\/padborgpark.dk\/wp-content\/uploads\/2014\/02\/boks-lotus-elise-event.jpg","type":"","width":"","height":""}],"twitter_misc":{"Gesch\u00e4tzte Lesezeit":"3\u00a0Minuten"},"schema":{"@context":"https:\/\/schema.org","@graph":[{"@type":"WebPage","@id":"https:\/\/padborgpark.dk\/de\/motorsport-event-ein-lustiger-tag-auf-hochtouren\/","url":"https:\/\/padborgpark.dk\/de\/motorsport-event-ein-lustiger-tag-auf-hochtouren\/","name":"Motorsport-Event - Ein lustiger Tag auf Hochtouren","isPartOf":{"@id":"https:\/\/padborgpark.dk\/#website"},"primaryImageOfPage":{"@id":"https:\/\/padborgpark.dk\/de\/motorsport-event-ein-lustiger-tag-auf-hochtouren\/#primaryimage"},"image":{"@id":"https:\/\/padborgpark.dk\/de\/motorsport-event-ein-lustiger-tag-auf-hochtouren\/#primaryimage"},"thumbnailUrl":"https:\/\/padborgpark.dk\/wp-content\/uploads\/2014\/02\/boks-lotus-elise-event.jpg","datePublished":"2014-02-19T10:09:36+00:00","dateModified":"2024-02-09T09:42:56+00:00","description":"Motorsport-Event - Ein lustiger Tag auf Hochtouren ist Ihre Garantie f\u00fcr Spa\u00df ud Geschwindigkeit im Zusammenhang mit einem Motorsport-Event","inLanguage":"de","potentialAction":[{"@type":"ReadAction","target":["https:\/\/padborgpark.dk\/de\/motorsport-event-ein-lustiger-tag-auf-hochtouren\/"]}]},{"@type":"ImageObject","inLanguage":"de","@id":"https:\/\/padborgpark.dk\/de\/motorsport-event-ein-lustiger-tag-auf-hochtouren\/#primaryimage","url":"https:\/\/padborgpark.dk\/wp-content\/uploads\/2014\/02\/boks-lotus-elise-event.jpg","contentUrl":"https:\/\/padborgpark.dk\/wp-content\/uploads\/2014\/02\/boks-lotus-elise-event.jpg"},{"@type":"WebSite","@id":"https:\/\/padborgpark.dk\/#website","url":"https:\/\/padborgpark.dk\/","name":"Padborg Park har bilerne og en motorbane p\u00e5 2150 meter","description":"","potentialAction":[{"@type":"SearchAction","target":{"@type":"EntryPoint","urlTemplate":"https:\/\/padborgpark.dk\/?s={search_term_string}"},"query-input":{"@type":"PropertyValueSpecification","valueRequired":true,"valueName":"search_term_string"}}],"inLanguage":"de"}]}},"_links":{"self":[{"href":"https:\/\/padborgpark.dk\/de\/wp-json\/wp\/v2\/pages\/9888","targetHints":{"allow":["GET"]}}],"collection":[{"href":"https:\/\/padborgpark.dk\/de\/wp-json\/wp\/v2\/pages"}],"about":[{"href":"https:\/\/padborgpark.dk\/de\/wp-json\/wp\/v2\/types\/page"}],"author":[{"embeddable":true,"href":"https:\/\/padborgpark.dk\/de\/wp-json\/wp\/v2\/users\/806299"}],"replies":[{"embeddable":true,"href":"https:\/\/padborgpark.dk\/de\/wp-json\/wp\/v2\/comments?post=9888"}],"version-history":[{"count":0,"href":"https:\/\/padborgpark.dk\/de\/wp-json\/wp\/v2\/pages\/9888\/revisions"}],"wp:attachment":[{"href":"https:\/\/padborgpark.dk\/de\/wp-json\/wp\/v2\/media?parent=9888"}],"curies":[{"name":"wp","href":"https:\/\/api.w.org\/{rel}","templated":true}]}}