{"id":9901,"date":"2012-12-07T11:24:03","date_gmt":"2012-12-07T09:24:03","guid":{"rendered":"https:\/\/padborgpark.dk\/motorsport\/legends-cup\/modeller\/"},"modified":"2021-01-19T06:33:40","modified_gmt":"2021-01-19T05:33:40","slug":"modelle","status":"publish","type":"page","link":"https:\/\/padborgpark.dk\/de\/motorsport-rennveranstaltungen\/legends-cup\/modelle\/","title":{"rendered":"Modelle"},"content":{"rendered":"<p>Die Autos f\u00fcr den OK Mobil 1 Legend Car Cup sind in sechs verschiedenen Modellen erh\u00e4ltlich:<\/p>\n<p>&nbsp;<\/p>\n<p><a href=\"https:\/\/padborgpark.dk\/wp-content\/uploads\/2012\/12\/Legend-Karrosseri-34-Chevy-Coup\u00e9-01.jpg\"><img decoding=\"async\" class=\"alignleft size-thumbnail wp-image-1336\" title=\"Chevrolet Coup\u00e9 1934\" src=\"https:\/\/padborgpark.dk\/wp-content\/uploads\/2012\/12\/Legend-Karrosseri-34-Chevy-Coup\u00e9-01-150x150.jpg\" alt=\"\" width=\"150\" height=\"150\" \/><\/a><a href=\"https:\/\/padborgpark.dk\/wp-content\/uploads\/2012\/12\/Legend-Karrosseri-34-Ford-Coup\u00e9-01.jpg\"><img decoding=\"async\" class=\"alignleft size-thumbnail wp-image-1337\" title=\"Ford Coup\u00e9 1934\" src=\"https:\/\/padborgpark.dk\/wp-content\/uploads\/2012\/12\/Legend-Karrosseri-34-Ford-Coup\u00e9-01-150x150.jpg\" alt=\"\" width=\"150\" height=\"150\" \/><\/a><a href=\"https:\/\/padborgpark.dk\/wp-content\/uploads\/2012\/12\/Legend-Karrosseri-34-Ford-Sedan-01.jpg\"><img decoding=\"async\" class=\"alignleft size-thumbnail wp-image-1338\" title=\"Ford Sedan 1934\" src=\"https:\/\/padborgpark.dk\/wp-content\/uploads\/2012\/12\/Legend-Karrosseri-34-Ford-Sedan-01-150x150.jpg\" alt=\"\" width=\"150\" height=\"150\" \/><\/a><a href=\"https:\/\/padborgpark.dk\/wp-content\/uploads\/2012\/12\/Legend-Karrosseri-37-Chevy-Coup\u00e9-01.jpg\"><img decoding=\"async\" class=\"alignleft size-thumbnail wp-image-1339\" title=\"Chevrolet Coup\u00e9 1937\" src=\"https:\/\/padborgpark.dk\/wp-content\/uploads\/2012\/12\/Legend-Karrosseri-37-Chevy-Coup\u00e9-01-150x150.jpg\" alt=\"\" width=\"150\" height=\"150\" \/><\/a><a href=\"https:\/\/padborgpark.dk\/wp-content\/uploads\/2012\/12\/Legend-Karrosseri-37-Chevy-Sedan-01.jpg\"><img decoding=\"async\" class=\"alignleft size-thumbnail wp-image-1340\" title=\"Chevrolet Sedan 1937\" src=\"https:\/\/padborgpark.dk\/wp-content\/uploads\/2012\/12\/Legend-Karrosseri-37-Chevy-Sedan-01-150x150.jpg\" alt=\"\" width=\"150\" height=\"150\" \/><\/a><a href=\"https:\/\/padborgpark.dk\/wp-content\/uploads\/2012\/12\/Legend-Karrosseri-37-Ford-Sedan-01.jpg\"><img decoding=\"async\" class=\"alignleft size-thumbnail wp-image-1341\" title=\"Ford Sedan 1937\" src=\"https:\/\/padborgpark.dk\/wp-content\/uploads\/2012\/12\/Legend-Karrosseri-37-Ford-Sedan-01-150x150.jpg\" alt=\"\" width=\"150\" height=\"150\" \/><\/a><\/p>\n<p>&nbsp;<\/p>\n<p>&nbsp;<\/p>\n<p>&nbsp;<\/p>\n<p>&nbsp;<\/p>\n<p>&nbsp;<\/p>\n<p>Hier k\u00f6nnen Sie Teile f\u00fcr Ihr Legends Car bestellen\u00a0 \u00a0 \u00a0\u00a0<a href=\"http:\/\/legendscupshop.dk\/\">http.\/\/Legendscarsh<\/a><a href=\"http:\/\/legendscupshop.dk\/\">op.dk<\/a><\/p>\n<p>&nbsp;<\/p>\n<p>Hier k\u00f6nnen Sie \u00fcber auf dem Laufenden bleiben. <strong> Ok Mobile 1 Legends Car Cup\u00a0<\/strong> \u00a0\u00a0<a href=\"http:\/\/Legendscup.dk\">http:\/\/Legendscup.dk<\/a><\/p>\n","protected":false},"excerpt":{"rendered":"<p>Die Autos f\u00fcr den OK Mobil 1 Legend Car Cup sind in sechs verschiedenen Modellen erh\u00e4ltlich: &nbsp; &nbsp; &nbsp; &nbsp; &nbsp; &nbsp; Hier k\u00f6nnen Sie Teile f\u00fcr Ihr Legends Car bestellen\u00a0 \u00a0 \u00a0\u00a0http.\/\/Legendscarshop.dk &nbsp; Hier k\u00f6nnen Sie \u00fcber auf dem Laufenden bleiben. Ok Mobile 1 Legends Car Cup\u00a0 \u00a0\u00a0http:\/\/Legendscup.dk<\/p>\n","protected":false},"author":806299,"featured_media":0,"parent":8723,"menu_order":0,"comment_status":"closed","ping_status":"closed","template":"","meta":{"_acf_changed":false,"_monsterinsights_skip_tracking":false,"_monsterinsights_sitenote_active":false,"_monsterinsights_sitenote_note":"","_monsterinsights_sitenote_category":0,"footnotes":""},"class_list":["post-9901","page","type-page","status-publish","hentry"],"acf":[],"yoast_head":"<!-- This site is optimized with the Yoast SEO plugin v27.3 - https:\/\/yoast.com\/product\/yoast-seo-wordpress\/ -->\n<title>Modelle - Padborg Park har bilerne og en motorbane p\u00e5 2150 meter<\/title>\n<meta name=\"robots\" content=\"index, follow, max-snippet:-1, max-image-preview:large, max-video-preview:-1\" \/>\n<link rel=\"canonical\" href=\"https:\/\/padborgpark.dk\/de\/motorsport-rennveranstaltungen\/legends-cup\/modelle\/\" \/>\n<meta property=\"og:locale\" content=\"de_DE\" \/>\n<meta property=\"og:type\" content=\"article\" \/>\n<meta property=\"og:title\" content=\"Modelle - Padborg Park har bilerne og en motorbane p\u00e5 2150 meter\" \/>\n<meta property=\"og:description\" content=\"Die Autos f\u00fcr den OK Mobil 1 Legend Car Cup sind in sechs verschiedenen Modellen erh\u00e4ltlich: &nbsp; &nbsp; &nbsp; &nbsp; &nbsp; &nbsp; Hier k\u00f6nnen Sie Teile f\u00fcr Ihr Legends Car bestellen\u00a0 \u00a0 \u00a0\u00a0http.\/\/Legendscarshop.dk &nbsp; Hier k\u00f6nnen Sie \u00fcber auf dem Laufenden bleiben. Ok Mobile 1 Legends Car Cup\u00a0 \u00a0\u00a0http:\/\/Legendscup.dk\" \/>\n<meta property=\"og:url\" content=\"https:\/\/padborgpark.dk\/de\/motorsport-rennveranstaltungen\/legends-cup\/modelle\/\" \/>\n<meta property=\"og:site_name\" content=\"Padborg Park har bilerne og en motorbane p\u00e5 2150 meter\" \/>\n<meta property=\"article:publisher\" content=\"https:\/\/www.facebook.com\/PadborgPark\/\" \/>\n<meta property=\"article:modified_time\" content=\"2021-01-19T05:33:40+00:00\" \/>\n<meta property=\"og:image\" content=\"https:\/\/padborgpark.dk\/wp-content\/uploads\/2012\/12\/Legend-Karrosseri-34-Chevy-Coup\u00e9-01-150x150.jpg\" \/>\n<script type=\"application\/ld+json\" class=\"yoast-schema-graph\">{\"@context\":\"https:\\\/\\\/schema.org\",\"@graph\":[{\"@type\":\"WebPage\",\"@id\":\"https:\\\/\\\/padborgpark.dk\\\/de\\\/motorsport-rennveranstaltungen\\\/legends-cup\\\/modelle\\\/\",\"url\":\"https:\\\/\\\/padborgpark.dk\\\/de\\\/motorsport-rennveranstaltungen\\\/legends-cup\\\/modelle\\\/\",\"name\":\"Modelle - Padborg Park har bilerne og en motorbane p\u00e5 2150 meter\",\"isPartOf\":{\"@id\":\"https:\\\/\\\/padborgpark.dk\\\/#website\"},\"primaryImageOfPage\":{\"@id\":\"https:\\\/\\\/padborgpark.dk\\\/de\\\/motorsport-rennveranstaltungen\\\/legends-cup\\\/modelle\\\/#primaryimage\"},\"image\":{\"@id\":\"https:\\\/\\\/padborgpark.dk\\\/de\\\/motorsport-rennveranstaltungen\\\/legends-cup\\\/modelle\\\/#primaryimage\"},\"thumbnailUrl\":\"https:\\\/\\\/padborgpark.dk\\\/wp-content\\\/uploads\\\/2012\\\/12\\\/Legend-Karrosseri-34-Ford-Sedan-01-150x150.jpg\",\"datePublished\":\"2012-12-07T09:24:03+00:00\",\"dateModified\":\"2021-01-19T05:33:40+00:00\",\"breadcrumb\":{\"@id\":\"https:\\\/\\\/padborgpark.dk\\\/de\\\/motorsport-rennveranstaltungen\\\/legends-cup\\\/modelle\\\/#breadcrumb\"},\"inLanguage\":\"de\",\"potentialAction\":[{\"@type\":\"ReadAction\",\"target\":[\"https:\\\/\\\/padborgpark.dk\\\/de\\\/motorsport-rennveranstaltungen\\\/legends-cup\\\/modelle\\\/\"]}]},{\"@type\":\"ImageObject\",\"inLanguage\":\"de\",\"@id\":\"https:\\\/\\\/padborgpark.dk\\\/de\\\/motorsport-rennveranstaltungen\\\/legends-cup\\\/modelle\\\/#primaryimage\",\"url\":\"https:\\\/\\\/padborgpark.dk\\\/wp-content\\\/uploads\\\/2012\\\/12\\\/Legend-Karrosseri-34-Ford-Sedan-01-150x150.jpg\",\"contentUrl\":\"https:\\\/\\\/padborgpark.dk\\\/wp-content\\\/uploads\\\/2012\\\/12\\\/Legend-Karrosseri-34-Ford-Sedan-01-150x150.jpg\"},{\"@type\":\"BreadcrumbList\",\"@id\":\"https:\\\/\\\/padborgpark.dk\\\/de\\\/motorsport-rennveranstaltungen\\\/legends-cup\\\/modelle\\\/#breadcrumb\",\"itemListElement\":[{\"@type\":\"ListItem\",\"position\":1,\"name\":\"Motorsport Rennveranstaltungen\",\"item\":\"https:\\\/\\\/padborgpark.dk\\\/de\\\/motorsport-rennveranstaltungen\\\/\"},{\"@type\":\"ListItem\",\"position\":2,\"name\":\"OK Mobile 1 Legends Car Cup\",\"item\":\"https:\\\/\\\/padborgpark.dk\\\/de\\\/motorsport-rennveranstaltungen\\\/legends-cup\\\/\"},{\"@type\":\"ListItem\",\"position\":3,\"name\":\"Modelle\"}]},{\"@type\":\"WebSite\",\"@id\":\"https:\\\/\\\/padborgpark.dk\\\/#website\",\"url\":\"https:\\\/\\\/padborgpark.dk\\\/\",\"name\":\"Padborg Park har bilerne og en motorbane p\u00e5 2150 meter\",\"description\":\"\",\"potentialAction\":[{\"@type\":\"SearchAction\",\"target\":{\"@type\":\"EntryPoint\",\"urlTemplate\":\"https:\\\/\\\/padborgpark.dk\\\/?s={search_term_string}\"},\"query-input\":{\"@type\":\"PropertyValueSpecification\",\"valueRequired\":true,\"valueName\":\"search_term_string\"}}],\"inLanguage\":\"de\"}]}<\/script>\n<!-- \/ Yoast SEO plugin. -->","yoast_head_json":{"title":"Modelle - Padborg Park har bilerne og en motorbane p\u00e5 2150 meter","robots":{"index":"index","follow":"follow","max-snippet":"max-snippet:-1","max-image-preview":"max-image-preview:large","max-video-preview":"max-video-preview:-1"},"canonical":"https:\/\/padborgpark.dk\/de\/motorsport-rennveranstaltungen\/legends-cup\/modelle\/","og_locale":"de_DE","og_type":"article","og_title":"Modelle - Padborg Park har bilerne og en motorbane p\u00e5 2150 meter","og_description":"Die Autos f\u00fcr den OK Mobil 1 Legend Car Cup sind in sechs verschiedenen Modellen erh\u00e4ltlich: &nbsp; &nbsp; &nbsp; &nbsp; &nbsp; &nbsp; Hier k\u00f6nnen Sie Teile f\u00fcr Ihr Legends Car bestellen\u00a0 \u00a0 \u00a0\u00a0http.\/\/Legendscarshop.dk &nbsp; Hier k\u00f6nnen Sie \u00fcber auf dem Laufenden bleiben. Ok Mobile 1 Legends Car Cup\u00a0 \u00a0\u00a0http:\/\/Legendscup.dk","og_url":"https:\/\/padborgpark.dk\/de\/motorsport-rennveranstaltungen\/legends-cup\/modelle\/","og_site_name":"Padborg Park har bilerne og en motorbane p\u00e5 2150 meter","article_publisher":"https:\/\/www.facebook.com\/PadborgPark\/","article_modified_time":"2021-01-19T05:33:40+00:00","og_image":[{"url":"https:\/\/padborgpark.dk\/wp-content\/uploads\/2012\/12\/Legend-Karrosseri-34-Chevy-Coup\u00e9-01-150x150.jpg","type":"","width":"","height":""}],"schema":{"@context":"https:\/\/schema.org","@graph":[{"@type":"WebPage","@id":"https:\/\/padborgpark.dk\/de\/motorsport-rennveranstaltungen\/legends-cup\/modelle\/","url":"https:\/\/padborgpark.dk\/de\/motorsport-rennveranstaltungen\/legends-cup\/modelle\/","name":"Modelle - Padborg Park har bilerne og en motorbane p\u00e5 2150 meter","isPartOf":{"@id":"https:\/\/padborgpark.dk\/#website"},"primaryImageOfPage":{"@id":"https:\/\/padborgpark.dk\/de\/motorsport-rennveranstaltungen\/legends-cup\/modelle\/#primaryimage"},"image":{"@id":"https:\/\/padborgpark.dk\/de\/motorsport-rennveranstaltungen\/legends-cup\/modelle\/#primaryimage"},"thumbnailUrl":"https:\/\/padborgpark.dk\/wp-content\/uploads\/2012\/12\/Legend-Karrosseri-34-Ford-Sedan-01-150x150.jpg","datePublished":"2012-12-07T09:24:03+00:00","dateModified":"2021-01-19T05:33:40+00:00","breadcrumb":{"@id":"https:\/\/padborgpark.dk\/de\/motorsport-rennveranstaltungen\/legends-cup\/modelle\/#breadcrumb"},"inLanguage":"de","potentialAction":[{"@type":"ReadAction","target":["https:\/\/padborgpark.dk\/de\/motorsport-rennveranstaltungen\/legends-cup\/modelle\/"]}]},{"@type":"ImageObject","inLanguage":"de","@id":"https:\/\/padborgpark.dk\/de\/motorsport-rennveranstaltungen\/legends-cup\/modelle\/#primaryimage","url":"https:\/\/padborgpark.dk\/wp-content\/uploads\/2012\/12\/Legend-Karrosseri-34-Ford-Sedan-01-150x150.jpg","contentUrl":"https:\/\/padborgpark.dk\/wp-content\/uploads\/2012\/12\/Legend-Karrosseri-34-Ford-Sedan-01-150x150.jpg"},{"@type":"BreadcrumbList","@id":"https:\/\/padborgpark.dk\/de\/motorsport-rennveranstaltungen\/legends-cup\/modelle\/#breadcrumb","itemListElement":[{"@type":"ListItem","position":1,"name":"Motorsport Rennveranstaltungen","item":"https:\/\/padborgpark.dk\/de\/motorsport-rennveranstaltungen\/"},{"@type":"ListItem","position":2,"name":"OK Mobile 1 Legends Car Cup","item":"https:\/\/padborgpark.dk\/de\/motorsport-rennveranstaltungen\/legends-cup\/"},{"@type":"ListItem","position":3,"name":"Modelle"}]},{"@type":"WebSite","@id":"https:\/\/padborgpark.dk\/#website","url":"https:\/\/padborgpark.dk\/","name":"Padborg Park har bilerne og en motorbane p\u00e5 2150 meter","description":"","potentialAction":[{"@type":"SearchAction","target":{"@type":"EntryPoint","urlTemplate":"https:\/\/padborgpark.dk\/?s={search_term_string}"},"query-input":{"@type":"PropertyValueSpecification","valueRequired":true,"valueName":"search_term_string"}}],"inLanguage":"de"}]}},"_links":{"self":[{"href":"https:\/\/padborgpark.dk\/de\/wp-json\/wp\/v2\/pages\/9901","targetHints":{"allow":["GET"]}}],"collection":[{"href":"https:\/\/padborgpark.dk\/de\/wp-json\/wp\/v2\/pages"}],"about":[{"href":"https:\/\/padborgpark.dk\/de\/wp-json\/wp\/v2\/types\/page"}],"author":[{"embeddable":true,"href":"https:\/\/padborgpark.dk\/de\/wp-json\/wp\/v2\/users\/806299"}],"replies":[{"embeddable":true,"href":"https:\/\/padborgpark.dk\/de\/wp-json\/wp\/v2\/comments?post=9901"}],"version-history":[{"count":0,"href":"https:\/\/padborgpark.dk\/de\/wp-json\/wp\/v2\/pages\/9901\/revisions"}],"up":[{"embeddable":true,"href":"https:\/\/padborgpark.dk\/de\/wp-json\/wp\/v2\/pages\/8723"}],"wp:attachment":[{"href":"https:\/\/padborgpark.dk\/de\/wp-json\/wp\/v2\/media?parent=9901"}],"curies":[{"name":"wp","href":"https:\/\/api.w.org\/{rel}","templated":true}]}}