{"id":9951,"date":"2012-04-22T18:01:10","date_gmt":"2012-04-22T16:01:10","guid":{"rendered":"https:\/\/padborgpark.dk\/motorsport\/dec\/deltagerinformation\/"},"modified":"2026-02-02T06:37:58","modified_gmt":"2026-02-02T05:37:58","slug":"teilnehmerinformationen","status":"publish","type":"page","link":"https:\/\/padborgpark.dk\/de\/motorsport-rennveranstaltungen\/teilnehmerinformationen\/","title":{"rendered":"Teilnehmerinformationen"},"content":{"rendered":"<h3>Kontaktpersonen<\/h3>\n<table style=\"width: 800px;\" border=\"0\" cellspacing=\"1\" cellpadding=\"1\">\n<tbody>\n<tr>\n<td><img decoding=\"async\" class=\"alignnone size-full wp-image-9105\" src=\"https:\/\/padborgpark.dk\/wp-content\/uploads\/2012\/04\/2011-Portraet-KarinNiebuhr-01.jpg\" alt=\"\" width=\"200\" height=\"227\" srcset=\"https:\/\/padborgpark.dk\/wp-content\/uploads\/2012\/04\/2011-Portraet-KarinNiebuhr-01.jpg 200w, https:\/\/padborgpark.dk\/wp-content\/uploads\/2012\/04\/2011-Portraet-KarinNiebuhr-01-130x148.jpg 130w, https:\/\/padborgpark.dk\/wp-content\/uploads\/2012\/04\/2011-Portraet-KarinNiebuhr-01-27x31.jpg 27w, https:\/\/padborgpark.dk\/wp-content\/uploads\/2012\/04\/2011-Portraet-KarinNiebuhr-01-33x38.jpg 33w, https:\/\/padborgpark.dk\/wp-content\/uploads\/2012\/04\/2011-Portraet-KarinNiebuhr-01-189x215.jpg 189w\" sizes=\"(max-width: 200px) 100vw, 200px\" \/><\/td>\n<td><\/td>\n<td><\/td>\n<td><\/td>\n<\/tr>\n<tr>\n<td>Karin Niebuhr<\/td>\n<td>Kirsten J\u00f8rgensen<\/td>\n<td><\/td>\n<td><\/td>\n<\/tr>\n<tr>\n<td>Sportmanager<\/td>\n<td>Administrator<\/td>\n<td>Technische Kontrolle<\/td>\n<td><\/td>\n<\/tr>\n<tr>\n<td>monique96@webspeed.dk<\/td>\n<td>Kirsten@padborgpark.dk<\/td>\n<td><\/td>\n<td><\/td>\n<\/tr>\n<tr>\n<td>40153885<\/td>\n<td>74 60 80 93<\/td>\n<td><\/td>\n<td><\/td>\n<\/tr>\n<\/tbody>\n<\/table>\n<h3>Dokumente zur d\u00e4nischen Langstreckenmeisterschaft<\/h3>\n","protected":false},"excerpt":{"rendered":"<p>Kontaktpersonen Karin Niebuhr Kirsten J\u00f8rgensen Sportmanager Administrator Technische Kontrolle monique96@webspeed.dk Kirsten@padborgpark.dk 40153885 74 60 80 93 Dokumente zur d\u00e4nischen Langstreckenmeisterschaft<\/p>\n","protected":false},"author":806299,"featured_media":0,"parent":8814,"menu_order":0,"comment_status":"open","ping_status":"closed","template":"","meta":{"_acf_changed":false,"_monsterinsights_skip_tracking":false,"_monsterinsights_sitenote_active":false,"_monsterinsights_sitenote_note":"","_monsterinsights_sitenote_category":0,"footnotes":""},"class_list":["post-9951","page","type-page","status-publish","hentry"],"acf":[],"yoast_head":"<!-- This site is optimized with the Yoast SEO plugin v27.3 - https:\/\/yoast.com\/product\/yoast-seo-wordpress\/ -->\n<title>Teilnehmerinformationen - Padborg Park har bilerne og en motorbane p\u00e5 2150 meter<\/title>\n<meta name=\"description\" content=\"Hier finden Sie alle relevanten Informationen f\u00fcr Teilnehmer von Padborg Park. Wenn Sie spezielle Fragen haben oder weitere Informationen ben\u00f6tigen, finden Sie hier weitere Informationen oder kontaktieren Sie uns.\" \/>\n<meta name=\"robots\" content=\"index, follow, max-snippet:-1, max-image-preview:large, max-video-preview:-1\" \/>\n<link rel=\"canonical\" href=\"https:\/\/padborgpark.dk\/de\/motorsport-rennveranstaltungen\/teilnehmerinformationen\/\" \/>\n<meta property=\"og:locale\" content=\"de_DE\" \/>\n<meta property=\"og:type\" content=\"article\" \/>\n<meta property=\"og:title\" content=\"Teilnehmerinformationen - Padborg Park har bilerne og en motorbane p\u00e5 2150 meter\" \/>\n<meta property=\"og:description\" content=\"Hier finden Sie alle relevanten Informationen f\u00fcr Teilnehmer von Padborg Park. Wenn Sie spezielle Fragen haben oder weitere Informationen ben\u00f6tigen, finden Sie hier weitere Informationen oder kontaktieren Sie uns.\" \/>\n<meta property=\"og:url\" content=\"https:\/\/padborgpark.dk\/de\/motorsport-rennveranstaltungen\/teilnehmerinformationen\/\" \/>\n<meta property=\"og:site_name\" content=\"Padborg Park har bilerne og en motorbane p\u00e5 2150 meter\" \/>\n<meta property=\"article:publisher\" content=\"https:\/\/www.facebook.com\/PadborgPark\/\" \/>\n<meta property=\"article:modified_time\" content=\"2026-02-02T05:37:58+00:00\" \/>\n<meta property=\"og:image\" content=\"https:\/\/padborgpark.dk\/wp-content\/uploads\/2012\/04\/2011-Portraet-KarinNiebuhr-01.jpg\" \/>\n\t<meta property=\"og:image:width\" content=\"200\" \/>\n\t<meta property=\"og:image:height\" content=\"227\" \/>\n\t<meta property=\"og:image:type\" content=\"image\/jpeg\" \/>\n<meta name=\"twitter:label1\" content=\"Gesch\u00e4tzte Lesezeit\" \/>\n\t<meta name=\"twitter:data1\" content=\"1\u00a0Minute\" \/>\n<script type=\"application\/ld+json\" class=\"yoast-schema-graph\">{\"@context\":\"https:\\\/\\\/schema.org\",\"@graph\":[{\"@type\":\"WebPage\",\"@id\":\"https:\\\/\\\/padborgpark.dk\\\/de\\\/motorsport-rennveranstaltungen\\\/teilnehmerinformationen\\\/\",\"url\":\"https:\\\/\\\/padborgpark.dk\\\/de\\\/motorsport-rennveranstaltungen\\\/teilnehmerinformationen\\\/\",\"name\":\"Teilnehmerinformationen - Padborg Park har bilerne og en motorbane p\u00e5 2150 meter\",\"isPartOf\":{\"@id\":\"https:\\\/\\\/padborgpark.dk\\\/#website\"},\"primaryImageOfPage\":{\"@id\":\"https:\\\/\\\/padborgpark.dk\\\/de\\\/motorsport-rennveranstaltungen\\\/teilnehmerinformationen\\\/#primaryimage\"},\"image\":{\"@id\":\"https:\\\/\\\/padborgpark.dk\\\/de\\\/motorsport-rennveranstaltungen\\\/teilnehmerinformationen\\\/#primaryimage\"},\"thumbnailUrl\":\"https:\\\/\\\/padborgpark.dk\\\/wp-content\\\/uploads\\\/2012\\\/04\\\/2011-Portraet-KarinNiebuhr-01.jpg\",\"datePublished\":\"2012-04-22T16:01:10+00:00\",\"dateModified\":\"2026-02-02T05:37:58+00:00\",\"description\":\"Hier finden Sie alle relevanten Informationen f\u00fcr Teilnehmer von Padborg Park. Wenn Sie spezielle Fragen haben oder weitere Informationen ben\u00f6tigen, finden Sie hier weitere Informationen oder kontaktieren Sie uns.\",\"breadcrumb\":{\"@id\":\"https:\\\/\\\/padborgpark.dk\\\/de\\\/motorsport-rennveranstaltungen\\\/teilnehmerinformationen\\\/#breadcrumb\"},\"inLanguage\":\"de\",\"potentialAction\":[{\"@type\":\"ReadAction\",\"target\":[\"https:\\\/\\\/padborgpark.dk\\\/de\\\/motorsport-rennveranstaltungen\\\/teilnehmerinformationen\\\/\"]}]},{\"@type\":\"ImageObject\",\"inLanguage\":\"de\",\"@id\":\"https:\\\/\\\/padborgpark.dk\\\/de\\\/motorsport-rennveranstaltungen\\\/teilnehmerinformationen\\\/#primaryimage\",\"url\":\"https:\\\/\\\/padborgpark.dk\\\/wp-content\\\/uploads\\\/2012\\\/04\\\/2011-Portraet-KarinNiebuhr-01.jpg\",\"contentUrl\":\"https:\\\/\\\/padborgpark.dk\\\/wp-content\\\/uploads\\\/2012\\\/04\\\/2011-Portraet-KarinNiebuhr-01.jpg\"},{\"@type\":\"BreadcrumbList\",\"@id\":\"https:\\\/\\\/padborgpark.dk\\\/de\\\/motorsport-rennveranstaltungen\\\/teilnehmerinformationen\\\/#breadcrumb\",\"itemListElement\":[{\"@type\":\"ListItem\",\"position\":1,\"name\":\"Motorsport Rennveranstaltungen\",\"item\":\"https:\\\/\\\/padborgpark.dk\\\/de\\\/motorsport-rennveranstaltungen\\\/\"},{\"@type\":\"ListItem\",\"position\":2,\"name\":\"Teilnehmerinformationen\"}]},{\"@type\":\"WebSite\",\"@id\":\"https:\\\/\\\/padborgpark.dk\\\/#website\",\"url\":\"https:\\\/\\\/padborgpark.dk\\\/\",\"name\":\"Padborg Park har bilerne og en motorbane p\u00e5 2150 meter\",\"description\":\"\",\"potentialAction\":[{\"@type\":\"SearchAction\",\"target\":{\"@type\":\"EntryPoint\",\"urlTemplate\":\"https:\\\/\\\/padborgpark.dk\\\/?s={search_term_string}\"},\"query-input\":{\"@type\":\"PropertyValueSpecification\",\"valueRequired\":true,\"valueName\":\"search_term_string\"}}],\"inLanguage\":\"de\"}]}<\/script>\n<!-- \/ Yoast SEO plugin. -->","yoast_head_json":{"title":"Teilnehmerinformationen - Padborg Park har bilerne og en motorbane p\u00e5 2150 meter","description":"Hier finden Sie alle relevanten Informationen f\u00fcr Teilnehmer von Padborg Park. Wenn Sie spezielle Fragen haben oder weitere Informationen ben\u00f6tigen, finden Sie hier weitere Informationen oder kontaktieren Sie uns.","robots":{"index":"index","follow":"follow","max-snippet":"max-snippet:-1","max-image-preview":"max-image-preview:large","max-video-preview":"max-video-preview:-1"},"canonical":"https:\/\/padborgpark.dk\/de\/motorsport-rennveranstaltungen\/teilnehmerinformationen\/","og_locale":"de_DE","og_type":"article","og_title":"Teilnehmerinformationen - Padborg Park har bilerne og en motorbane p\u00e5 2150 meter","og_description":"Hier finden Sie alle relevanten Informationen f\u00fcr Teilnehmer von Padborg Park. Wenn Sie spezielle Fragen haben oder weitere Informationen ben\u00f6tigen, finden Sie hier weitere Informationen oder kontaktieren Sie uns.","og_url":"https:\/\/padborgpark.dk\/de\/motorsport-rennveranstaltungen\/teilnehmerinformationen\/","og_site_name":"Padborg Park har bilerne og en motorbane p\u00e5 2150 meter","article_publisher":"https:\/\/www.facebook.com\/PadborgPark\/","article_modified_time":"2026-02-02T05:37:58+00:00","og_image":[{"width":200,"height":227,"url":"https:\/\/padborgpark.dk\/wp-content\/uploads\/2012\/04\/2011-Portraet-KarinNiebuhr-01.jpg","type":"image\/jpeg"}],"twitter_misc":{"Gesch\u00e4tzte Lesezeit":"1\u00a0Minute"},"schema":{"@context":"https:\/\/schema.org","@graph":[{"@type":"WebPage","@id":"https:\/\/padborgpark.dk\/de\/motorsport-rennveranstaltungen\/teilnehmerinformationen\/","url":"https:\/\/padborgpark.dk\/de\/motorsport-rennveranstaltungen\/teilnehmerinformationen\/","name":"Teilnehmerinformationen - Padborg Park har bilerne og en motorbane p\u00e5 2150 meter","isPartOf":{"@id":"https:\/\/padborgpark.dk\/#website"},"primaryImageOfPage":{"@id":"https:\/\/padborgpark.dk\/de\/motorsport-rennveranstaltungen\/teilnehmerinformationen\/#primaryimage"},"image":{"@id":"https:\/\/padborgpark.dk\/de\/motorsport-rennveranstaltungen\/teilnehmerinformationen\/#primaryimage"},"thumbnailUrl":"https:\/\/padborgpark.dk\/wp-content\/uploads\/2012\/04\/2011-Portraet-KarinNiebuhr-01.jpg","datePublished":"2012-04-22T16:01:10+00:00","dateModified":"2026-02-02T05:37:58+00:00","description":"Hier finden Sie alle relevanten Informationen f\u00fcr Teilnehmer von Padborg Park. Wenn Sie spezielle Fragen haben oder weitere Informationen ben\u00f6tigen, finden Sie hier weitere Informationen oder kontaktieren Sie uns.","breadcrumb":{"@id":"https:\/\/padborgpark.dk\/de\/motorsport-rennveranstaltungen\/teilnehmerinformationen\/#breadcrumb"},"inLanguage":"de","potentialAction":[{"@type":"ReadAction","target":["https:\/\/padborgpark.dk\/de\/motorsport-rennveranstaltungen\/teilnehmerinformationen\/"]}]},{"@type":"ImageObject","inLanguage":"de","@id":"https:\/\/padborgpark.dk\/de\/motorsport-rennveranstaltungen\/teilnehmerinformationen\/#primaryimage","url":"https:\/\/padborgpark.dk\/wp-content\/uploads\/2012\/04\/2011-Portraet-KarinNiebuhr-01.jpg","contentUrl":"https:\/\/padborgpark.dk\/wp-content\/uploads\/2012\/04\/2011-Portraet-KarinNiebuhr-01.jpg"},{"@type":"BreadcrumbList","@id":"https:\/\/padborgpark.dk\/de\/motorsport-rennveranstaltungen\/teilnehmerinformationen\/#breadcrumb","itemListElement":[{"@type":"ListItem","position":1,"name":"Motorsport Rennveranstaltungen","item":"https:\/\/padborgpark.dk\/de\/motorsport-rennveranstaltungen\/"},{"@type":"ListItem","position":2,"name":"Teilnehmerinformationen"}]},{"@type":"WebSite","@id":"https:\/\/padborgpark.dk\/#website","url":"https:\/\/padborgpark.dk\/","name":"Padborg Park har bilerne og en motorbane p\u00e5 2150 meter","description":"","potentialAction":[{"@type":"SearchAction","target":{"@type":"EntryPoint","urlTemplate":"https:\/\/padborgpark.dk\/?s={search_term_string}"},"query-input":{"@type":"PropertyValueSpecification","valueRequired":true,"valueName":"search_term_string"}}],"inLanguage":"de"}]}},"_links":{"self":[{"href":"https:\/\/padborgpark.dk\/de\/wp-json\/wp\/v2\/pages\/9951","targetHints":{"allow":["GET"]}}],"collection":[{"href":"https:\/\/padborgpark.dk\/de\/wp-json\/wp\/v2\/pages"}],"about":[{"href":"https:\/\/padborgpark.dk\/de\/wp-json\/wp\/v2\/types\/page"}],"author":[{"embeddable":true,"href":"https:\/\/padborgpark.dk\/de\/wp-json\/wp\/v2\/users\/806299"}],"replies":[{"embeddable":true,"href":"https:\/\/padborgpark.dk\/de\/wp-json\/wp\/v2\/comments?post=9951"}],"version-history":[{"count":1,"href":"https:\/\/padborgpark.dk\/de\/wp-json\/wp\/v2\/pages\/9951\/revisions"}],"predecessor-version":[{"id":9317017500,"href":"https:\/\/padborgpark.dk\/de\/wp-json\/wp\/v2\/pages\/9951\/revisions\/9317017500"}],"up":[{"embeddable":true,"href":"https:\/\/padborgpark.dk\/de\/wp-json\/wp\/v2\/pages\/8814"}],"wp:attachment":[{"href":"https:\/\/padborgpark.dk\/de\/wp-json\/wp\/v2\/media?parent=9951"}],"curies":[{"name":"wp","href":"https:\/\/api.w.org\/{rel}","templated":true}]}}