{"id":9986,"date":"2012-03-27T09:34:44","date_gmt":"2012-03-27T09:34:44","guid":{"rendered":"https:\/\/padborgpark.dk\/legend-salg\/"},"modified":"2021-01-19T08:36:47","modified_gmt":"2021-01-19T07:36:47","slug":"legenden-autoverkauf","status":"publish","type":"page","link":"https:\/\/padborgpark.dk\/de\/legenden-autoverkauf\/","title":{"rendered":"Legenden Autoverkauf"},"content":{"rendered":"<p>Padborg Park I \/ S ist offizieller Importeur und Vertreiber von brandneuen Autos f\u00fcr den OK Legends Car Cup und Ersatzteilen f\u00fcr die Autos. Wir haben ein Lager im Padborg Park, in dem wir das ganze Land mit den notwendigen Ersatzteilen versorgen k\u00f6nnen.<\/p>\n<p>Wir sind Lagerf\u00fchrer bei praktisch allen Arten von Ersatzteilen f\u00fcr Autos, aber es kann nat\u00fcrlich einige Spezialteile geben, die zuerst vom Hersteller in den USA bezogen werden m\u00fcssen.<\/p>\n<p>&nbsp;<\/p>\n<p>Hier k\u00f6nnen Sie Teile f\u00fcr Ihr Legends Car bestellen \u00a0 \u00a0\u00a0<a href=\"http:\/\/legendscupshop.dk\/\">http.\/\/Legendscarsh<\/a><a href=\"http:\/\/legendscupshop.dk\/\">op.dk<\/a><\/p>\n<p>&nbsp;<\/p>\n<p>Hier k\u00f6nnen Sie dem <strong> Ok Mobil 1 Legends Car Cup folgen\u00a0<\/strong> \u00a0\u00a0<a href=\"http:\/\/Legendscup.dk\">http:\/\/Legendscup.dk<\/a><\/p>\n<p><img decoding=\"async\" class=\"alignnone size-full wp-image-9096\" title=\"salgaflegendcars-01\" src=\"https:\/\/padborgpark.dk\/wp-content\/uploads\/2012\/03\/2011-Legend-Madsen-Soerensen-01.jpg\" alt=\"\" width=\"715\" height=\"336\" srcset=\"https:\/\/padborgpark.dk\/wp-content\/uploads\/2012\/03\/2011-Legend-Madsen-Soerensen-01.jpg 715w, https:\/\/padborgpark.dk\/wp-content\/uploads\/2012\/03\/2011-Legend-Madsen-Soerensen-01-600x282.jpg 600w, https:\/\/padborgpark.dk\/wp-content\/uploads\/2012\/03\/2011-Legend-Madsen-Soerensen-01-300x140.jpg 300w, https:\/\/padborgpark.dk\/wp-content\/uploads\/2012\/03\/2011-Legend-Madsen-Soerensen-01-148x69.jpg 148w, https:\/\/padborgpark.dk\/wp-content\/uploads\/2012\/03\/2011-Legend-Madsen-Soerensen-01-31x14.jpg 31w, https:\/\/padborgpark.dk\/wp-content\/uploads\/2012\/03\/2011-Legend-Madsen-Soerensen-01-38x17.jpg 38w, https:\/\/padborgpark.dk\/wp-content\/uploads\/2012\/03\/2011-Legend-Madsen-Soerensen-01-425x199.jpg 425w\" sizes=\"(max-width: 715px) 100vw, 715px\" \/><\/p>\n","protected":false},"excerpt":{"rendered":"<p>Padborg Park I \/ S ist offizieller Importeur und Vertreiber von brandneuen Autos f\u00fcr den OK Legends Car Cup und Ersatzteilen f\u00fcr die Autos. Wir haben ein Lager im Padborg Park, in dem wir das ganze Land mit den notwendigen Ersatzteilen versorgen k\u00f6nnen. Wir sind Lagerf\u00fchrer bei praktisch allen Arten von Ersatzteilen f\u00fcr Autos, aber [&hellip;]<\/p>\n","protected":false},"author":806299,"featured_media":0,"parent":0,"menu_order":2,"comment_status":"open","ping_status":"closed","template":"","meta":{"_acf_changed":false,"_monsterinsights_skip_tracking":false,"_monsterinsights_sitenote_active":false,"_monsterinsights_sitenote_note":"","_monsterinsights_sitenote_category":0,"footnotes":""},"class_list":["post-9986","page","type-page","status-publish","hentry"],"acf":[],"yoast_head":"<!-- This site is optimized with the Yoast SEO plugin v27.3 - https:\/\/yoast.com\/product\/yoast-seo-wordpress\/ -->\n<title>Legenden Autoverkauf - Padborg Park har bilerne og en motorbane p\u00e5 2150 meter<\/title>\n<meta name=\"robots\" content=\"index, follow, max-snippet:-1, max-image-preview:large, max-video-preview:-1\" \/>\n<link rel=\"canonical\" href=\"https:\/\/padborgpark.dk\/de\/legenden-autoverkauf\/\" \/>\n<meta property=\"og:locale\" content=\"de_DE\" \/>\n<meta property=\"og:type\" content=\"article\" \/>\n<meta property=\"og:title\" content=\"Legenden Autoverkauf - Padborg Park har bilerne og en motorbane p\u00e5 2150 meter\" \/>\n<meta property=\"og:description\" content=\"Padborg Park I \/ S ist offizieller Importeur und Vertreiber von brandneuen Autos f\u00fcr den OK Legends Car Cup und Ersatzteilen f\u00fcr die Autos. Wir haben ein Lager im Padborg Park, in dem wir das ganze Land mit den notwendigen Ersatzteilen versorgen k\u00f6nnen. Wir sind Lagerf\u00fchrer bei praktisch allen Arten von Ersatzteilen f\u00fcr Autos, aber [&hellip;]\" \/>\n<meta property=\"og:url\" content=\"https:\/\/padborgpark.dk\/de\/legenden-autoverkauf\/\" \/>\n<meta property=\"og:site_name\" content=\"Padborg Park har bilerne og en motorbane p\u00e5 2150 meter\" \/>\n<meta property=\"article:publisher\" content=\"https:\/\/www.facebook.com\/PadborgPark\/\" \/>\n<meta property=\"article:modified_time\" content=\"2021-01-19T07:36:47+00:00\" \/>\n<meta property=\"og:image\" content=\"https:\/\/padborgpark.dk\/wp-content\/uploads\/2012\/03\/2011-Legend-Madsen-Soerensen-01.jpg\" \/>\n<meta name=\"twitter:label1\" content=\"Gesch\u00e4tzte Lesezeit\" \/>\n\t<meta name=\"twitter:data1\" content=\"1\u00a0Minute\" \/>\n<script type=\"application\/ld+json\" class=\"yoast-schema-graph\">{\"@context\":\"https:\\\/\\\/schema.org\",\"@graph\":[{\"@type\":\"WebPage\",\"@id\":\"https:\\\/\\\/padborgpark.dk\\\/de\\\/legenden-autoverkauf\\\/\",\"url\":\"https:\\\/\\\/padborgpark.dk\\\/de\\\/legenden-autoverkauf\\\/\",\"name\":\"Legenden Autoverkauf - Padborg Park har bilerne og en motorbane p\u00e5 2150 meter\",\"isPartOf\":{\"@id\":\"https:\\\/\\\/padborgpark.dk\\\/#website\"},\"primaryImageOfPage\":{\"@id\":\"https:\\\/\\\/padborgpark.dk\\\/de\\\/legenden-autoverkauf\\\/#primaryimage\"},\"image\":{\"@id\":\"https:\\\/\\\/padborgpark.dk\\\/de\\\/legenden-autoverkauf\\\/#primaryimage\"},\"thumbnailUrl\":\"https:\\\/\\\/padborgpark.dk\\\/wp-content\\\/uploads\\\/2012\\\/03\\\/2011-Legend-Madsen-Soerensen-01.jpg\",\"datePublished\":\"2012-03-27T09:34:44+00:00\",\"dateModified\":\"2021-01-19T07:36:47+00:00\",\"inLanguage\":\"de\",\"potentialAction\":[{\"@type\":\"ReadAction\",\"target\":[\"https:\\\/\\\/padborgpark.dk\\\/de\\\/legenden-autoverkauf\\\/\"]}]},{\"@type\":\"ImageObject\",\"inLanguage\":\"de\",\"@id\":\"https:\\\/\\\/padborgpark.dk\\\/de\\\/legenden-autoverkauf\\\/#primaryimage\",\"url\":\"https:\\\/\\\/padborgpark.dk\\\/wp-content\\\/uploads\\\/2012\\\/03\\\/2011-Legend-Madsen-Soerensen-01.jpg\",\"contentUrl\":\"https:\\\/\\\/padborgpark.dk\\\/wp-content\\\/uploads\\\/2012\\\/03\\\/2011-Legend-Madsen-Soerensen-01.jpg\"},{\"@type\":\"WebSite\",\"@id\":\"https:\\\/\\\/padborgpark.dk\\\/#website\",\"url\":\"https:\\\/\\\/padborgpark.dk\\\/\",\"name\":\"Padborg Park har bilerne og en motorbane p\u00e5 2150 meter\",\"description\":\"\",\"potentialAction\":[{\"@type\":\"SearchAction\",\"target\":{\"@type\":\"EntryPoint\",\"urlTemplate\":\"https:\\\/\\\/padborgpark.dk\\\/?s={search_term_string}\"},\"query-input\":{\"@type\":\"PropertyValueSpecification\",\"valueRequired\":true,\"valueName\":\"search_term_string\"}}],\"inLanguage\":\"de\"}]}<\/script>\n<!-- \/ Yoast SEO plugin. -->","yoast_head_json":{"title":"Legenden Autoverkauf - Padborg Park har bilerne og en motorbane p\u00e5 2150 meter","robots":{"index":"index","follow":"follow","max-snippet":"max-snippet:-1","max-image-preview":"max-image-preview:large","max-video-preview":"max-video-preview:-1"},"canonical":"https:\/\/padborgpark.dk\/de\/legenden-autoverkauf\/","og_locale":"de_DE","og_type":"article","og_title":"Legenden Autoverkauf - Padborg Park har bilerne og en motorbane p\u00e5 2150 meter","og_description":"Padborg Park I \/ S ist offizieller Importeur und Vertreiber von brandneuen Autos f\u00fcr den OK Legends Car Cup und Ersatzteilen f\u00fcr die Autos. Wir haben ein Lager im Padborg Park, in dem wir das ganze Land mit den notwendigen Ersatzteilen versorgen k\u00f6nnen. Wir sind Lagerf\u00fchrer bei praktisch allen Arten von Ersatzteilen f\u00fcr Autos, aber [&hellip;]","og_url":"https:\/\/padborgpark.dk\/de\/legenden-autoverkauf\/","og_site_name":"Padborg Park har bilerne og en motorbane p\u00e5 2150 meter","article_publisher":"https:\/\/www.facebook.com\/PadborgPark\/","article_modified_time":"2021-01-19T07:36:47+00:00","og_image":[{"url":"https:\/\/padborgpark.dk\/wp-content\/uploads\/2012\/03\/2011-Legend-Madsen-Soerensen-01.jpg","type":"","width":"","height":""}],"twitter_misc":{"Gesch\u00e4tzte Lesezeit":"1\u00a0Minute"},"schema":{"@context":"https:\/\/schema.org","@graph":[{"@type":"WebPage","@id":"https:\/\/padborgpark.dk\/de\/legenden-autoverkauf\/","url":"https:\/\/padborgpark.dk\/de\/legenden-autoverkauf\/","name":"Legenden Autoverkauf - Padborg Park har bilerne og en motorbane p\u00e5 2150 meter","isPartOf":{"@id":"https:\/\/padborgpark.dk\/#website"},"primaryImageOfPage":{"@id":"https:\/\/padborgpark.dk\/de\/legenden-autoverkauf\/#primaryimage"},"image":{"@id":"https:\/\/padborgpark.dk\/de\/legenden-autoverkauf\/#primaryimage"},"thumbnailUrl":"https:\/\/padborgpark.dk\/wp-content\/uploads\/2012\/03\/2011-Legend-Madsen-Soerensen-01.jpg","datePublished":"2012-03-27T09:34:44+00:00","dateModified":"2021-01-19T07:36:47+00:00","inLanguage":"de","potentialAction":[{"@type":"ReadAction","target":["https:\/\/padborgpark.dk\/de\/legenden-autoverkauf\/"]}]},{"@type":"ImageObject","inLanguage":"de","@id":"https:\/\/padborgpark.dk\/de\/legenden-autoverkauf\/#primaryimage","url":"https:\/\/padborgpark.dk\/wp-content\/uploads\/2012\/03\/2011-Legend-Madsen-Soerensen-01.jpg","contentUrl":"https:\/\/padborgpark.dk\/wp-content\/uploads\/2012\/03\/2011-Legend-Madsen-Soerensen-01.jpg"},{"@type":"WebSite","@id":"https:\/\/padborgpark.dk\/#website","url":"https:\/\/padborgpark.dk\/","name":"Padborg Park har bilerne og en motorbane p\u00e5 2150 meter","description":"","potentialAction":[{"@type":"SearchAction","target":{"@type":"EntryPoint","urlTemplate":"https:\/\/padborgpark.dk\/?s={search_term_string}"},"query-input":{"@type":"PropertyValueSpecification","valueRequired":true,"valueName":"search_term_string"}}],"inLanguage":"de"}]}},"_links":{"self":[{"href":"https:\/\/padborgpark.dk\/de\/wp-json\/wp\/v2\/pages\/9986","targetHints":{"allow":["GET"]}}],"collection":[{"href":"https:\/\/padborgpark.dk\/de\/wp-json\/wp\/v2\/pages"}],"about":[{"href":"https:\/\/padborgpark.dk\/de\/wp-json\/wp\/v2\/types\/page"}],"author":[{"embeddable":true,"href":"https:\/\/padborgpark.dk\/de\/wp-json\/wp\/v2\/users\/806299"}],"replies":[{"embeddable":true,"href":"https:\/\/padborgpark.dk\/de\/wp-json\/wp\/v2\/comments?post=9986"}],"version-history":[{"count":0,"href":"https:\/\/padborgpark.dk\/de\/wp-json\/wp\/v2\/pages\/9986\/revisions"}],"wp:attachment":[{"href":"https:\/\/padborgpark.dk\/de\/wp-json\/wp\/v2\/media?parent=9986"}],"curies":[{"name":"wp","href":"https:\/\/api.w.org\/{rel}","templated":true}]}}