{"id":10803,"date":"2026-01-08T07:55:37","date_gmt":"2026-01-08T06:55:37","guid":{"rendered":"https:\/\/padborgpark.dk\/shop\/unkategorisiert\/mitjet-abend-eventmitjet-abend-event\/"},"modified":"2026-01-08T16:29:12","modified_gmt":"2026-01-08T15:29:12","slug":"mitjet-abend-event","status":"publish","type":"product","link":"https:\/\/padborgpark.dk\/de\/vare\/mitjet-abend-event\/","title":{"rendered":"MITJET Abendveranstaltung"},"content":{"rendered":"<p><strong>MITJET Abendveranstaltung<\/strong><\/p>\n<p>Bei der Mitjet-Abendveranstaltung im Padborg Park fahren Sie in einem Mitjet, der mit demselben Rahmen, Getriebe, R\u00e4dern usw. gebaut wurde wie die ber\u00fchmten Super-GT-Autos, die von Fahrern wie Ronnie Bremer, Ole Petersen usw. gefahren wurden, mit Vollgas voraus. Mikkel Mac usw., aber mit weniger Leistung.   <\/p>\n<div>\n<p>Dies ist ein reinrassiger Rennwagen mit einem sequenziellen Getriebe, bei dem Sie einfach Vollgas geben und den Schalthebel ziehen.<\/p>\n<p>230 PS 750 KG<\/p>\n<\/div>\n<div><\/div>\n<div>Das MITJET-Event im Padborg Park ist ein ma\u00dfgeschneiderter Abend auf einer Rennstrecke. Es gibt maximal 4 Teilnehmer pro Auto, so dass alle Teilnehmer gen\u00fcgend Zeit zum Fahren haben. <\/div>\n<div><\/div>\n<div>Wenn Sie Fragen zur Teilnehmerakzeptanz haben, z. B. zur Selbstbeteiligung usw., rufen Sie uns bitte an und fragen Sie nach. <\/div>\n<p>Fahranzug, Rennschuhe, Handschuhe und Helm werden gestellt. Es kann sein, dass einige wenige Personen aufgrund ihrer K\u00f6rpergr\u00f6\u00dfe nicht in das Auto passen. <\/p>\n<p>Kaufen Sie die Teilnahme an einem bestimmten Veranstaltungstag oder eine Geschenkkarte f\u00fcr ein beliebiges Datum. Die Geschenkkarten sind 3 Jahre lang g\u00fcltig. Der Preis versteht sich pro Person.  <\/p>\n<p>Der Preis des Artikels betr\u00e4gt pro Person: dkr 3.099,00<\/p>\n","protected":false},"excerpt":{"rendered":"<p>MITJET Abendveranstaltung Bei der Mitjet-Abendveranstaltung im Padborg Park fahren Sie in einem Mitjet, der mit demselben Rahmen, Getriebe, R\u00e4dern usw. gebaut wurde wie die ber\u00fchmten Super-GT-Autos, die von Fahrern wie Ronnie Bremer, Ole Petersen usw. gefahren wurden, mit Vollgas voraus. Mikkel Mac usw., aber mit weniger Leistung. Dies ist ein reinrassiger Rennwagen mit einem sequenziellen [&hellip;]<\/p>\n","protected":false},"featured_media":9317009918,"comment_status":"closed","ping_status":"closed","template":"","meta":{"_acf_changed":false,"_monsterinsights_skip_tracking":false,"_monsterinsights_sitenote_active":false,"_monsterinsights_sitenote_note":"","_monsterinsights_sitenote_category":0},"product_brand":[],"product_cat":[655,650,608],"product_tag":[],"class_list":{"0":"post-10803","1":"product","2":"type-product","3":"status-publish","4":"has-post-thumbnail","6":"product_cat-gutschein-de","7":"product_cat-mitjet-de","8":"product_cat-selber-fahren","9":"pa_aften-event-geschenkgutschein-mitjet-aften-event","10":"pa_aften-event-05-maj-2026-abend-event","11":"pa_aften-event-13-august-2026-abend-event","12":"pa_aften-event-18-juni-2026-abend-event","14":"first","15":"instock","16":"taxable","17":"shipping-taxable","18":"purchasable","19":"product-type-variable"},"acf":[],"yoast_head":"<!-- This site is optimized with the Yoast SEO plugin v27.3 - https:\/\/yoast.com\/product\/yoast-seo-wordpress\/ -->\n<title>MITJET Abendveranstaltung - Padborg Park har bilerne og en motorbane p\u00e5 2150 meter<\/title>\n<meta name=\"description\" content=\"MITJET-Abendveranstaltung, Die MITJET-Veranstaltung im Padborg Park ist ein ma\u00dfgeschneiderter Abend auf einer Rennstrecke. Es gibt maximal 4 Teilnehmer pro Auto.\" \/>\n<meta name=\"robots\" content=\"index, follow, max-snippet:-1, max-image-preview:large, max-video-preview:-1\" \/>\n<link rel=\"canonical\" href=\"https:\/\/padborgpark.dk\/de\/vare\/mitjet-abend-event\/\" \/>\n<meta property=\"og:locale\" content=\"de_DE\" \/>\n<meta property=\"og:type\" content=\"article\" \/>\n<meta property=\"og:title\" content=\"MITJET Abendveranstaltung - Padborg Park har bilerne og en motorbane p\u00e5 2150 meter\" \/>\n<meta property=\"og:description\" content=\"MITJET-Abendveranstaltung, Die MITJET-Veranstaltung im Padborg Park ist ein ma\u00dfgeschneiderter Abend auf einer Rennstrecke. Es gibt maximal 4 Teilnehmer pro Auto.\" \/>\n<meta property=\"og:url\" content=\"https:\/\/padborgpark.dk\/de\/vare\/mitjet-abend-event\/\" \/>\n<meta property=\"og:site_name\" content=\"Padborg Park har bilerne og en motorbane p\u00e5 2150 meter\" \/>\n<meta property=\"article:publisher\" content=\"https:\/\/www.facebook.com\/PadborgPark\/\" \/>\n<meta property=\"article:modified_time\" content=\"2026-01-08T15:29:12+00:00\" \/>\n<meta property=\"og:image\" content=\"https:\/\/padborgpark.dk\/wp-content\/uploads\/2022\/02\/Rene-mitjet-billeder-6.jpg\" \/>\n\t<meta property=\"og:image:width\" content=\"1024\" \/>\n\t<meta property=\"og:image:height\" content=\"678\" \/>\n\t<meta property=\"og:image:type\" content=\"image\/jpeg\" \/>\n<meta name=\"twitter:label1\" content=\"Gesch\u00e4tzte Lesezeit\" \/>\n\t<meta name=\"twitter:data1\" content=\"2\u00a0Minuten\" \/>\n<script type=\"application\/ld+json\" class=\"yoast-schema-graph\">{\"@context\":\"https:\\\/\\\/schema.org\",\"@graph\":[{\"@type\":\"WebPage\",\"@id\":\"https:\\\/\\\/padborgpark.dk\\\/de\\\/vare\\\/mitjet-abend-event\\\/\",\"url\":\"https:\\\/\\\/padborgpark.dk\\\/de\\\/vare\\\/mitjet-abend-event\\\/\",\"name\":\"MITJET Abendveranstaltung - Padborg Park har bilerne og en motorbane p\u00e5 2150 meter\",\"isPartOf\":{\"@id\":\"https:\\\/\\\/padborgpark.dk\\\/#website\"},\"primaryImageOfPage\":{\"@id\":\"https:\\\/\\\/padborgpark.dk\\\/de\\\/vare\\\/mitjet-abend-event\\\/#primaryimage\"},\"image\":{\"@id\":\"https:\\\/\\\/padborgpark.dk\\\/de\\\/vare\\\/mitjet-abend-event\\\/#primaryimage\"},\"thumbnailUrl\":\"https:\\\/\\\/padborgpark.dk\\\/wp-content\\\/uploads\\\/2022\\\/02\\\/Rene-mitjet-billeder-6.jpg\",\"datePublished\":\"2026-01-08T06:55:37+00:00\",\"dateModified\":\"2026-01-08T15:29:12+00:00\",\"description\":\"MITJET-Abendveranstaltung, Die MITJET-Veranstaltung im Padborg Park ist ein ma\u00dfgeschneiderter Abend auf einer Rennstrecke. Es gibt maximal 4 Teilnehmer pro Auto.\",\"breadcrumb\":{\"@id\":\"https:\\\/\\\/padborgpark.dk\\\/de\\\/vare\\\/mitjet-abend-event\\\/#breadcrumb\"},\"inLanguage\":\"de\",\"potentialAction\":[{\"@type\":\"ReadAction\",\"target\":[\"https:\\\/\\\/padborgpark.dk\\\/de\\\/vare\\\/mitjet-abend-event\\\/\"]}]},{\"@type\":\"ImageObject\",\"inLanguage\":\"de\",\"@id\":\"https:\\\/\\\/padborgpark.dk\\\/de\\\/vare\\\/mitjet-abend-event\\\/#primaryimage\",\"url\":\"https:\\\/\\\/padborgpark.dk\\\/wp-content\\\/uploads\\\/2022\\\/02\\\/Rene-mitjet-billeder-6.jpg\",\"contentUrl\":\"https:\\\/\\\/padborgpark.dk\\\/wp-content\\\/uploads\\\/2022\\\/02\\\/Rene-mitjet-billeder-6.jpg\",\"width\":1024,\"height\":678,\"caption\":\"4 stk mitjet i fart\"},{\"@type\":\"BreadcrumbList\",\"@id\":\"https:\\\/\\\/padborgpark.dk\\\/de\\\/vare\\\/mitjet-abend-event\\\/#breadcrumb\",\"itemListElement\":[{\"@type\":\"ListItem\",\"position\":1,\"name\":\"Gesch\u00e4ft-2\",\"item\":\"https:\\\/\\\/padborgpark.dk\\\/de\\\/geschaeft-2\\\/\"},{\"@type\":\"ListItem\",\"position\":2,\"name\":\"MITJET Abendveranstaltung\"}]},{\"@type\":\"WebSite\",\"@id\":\"https:\\\/\\\/padborgpark.dk\\\/#website\",\"url\":\"https:\\\/\\\/padborgpark.dk\\\/\",\"name\":\"Padborg Park har bilerne og en motorbane p\u00e5 2150 meter\",\"description\":\"\",\"potentialAction\":[{\"@type\":\"SearchAction\",\"target\":{\"@type\":\"EntryPoint\",\"urlTemplate\":\"https:\\\/\\\/padborgpark.dk\\\/?s={search_term_string}\"},\"query-input\":{\"@type\":\"PropertyValueSpecification\",\"valueRequired\":true,\"valueName\":\"search_term_string\"}}],\"inLanguage\":\"de\"}]}<\/script>\n<!-- \/ Yoast SEO plugin. -->","yoast_head_json":{"title":"MITJET Abendveranstaltung - Padborg Park har bilerne og en motorbane p\u00e5 2150 meter","description":"MITJET-Abendveranstaltung, Die MITJET-Veranstaltung im Padborg Park ist ein ma\u00dfgeschneiderter Abend auf einer Rennstrecke. Es gibt maximal 4 Teilnehmer pro Auto.","robots":{"index":"index","follow":"follow","max-snippet":"max-snippet:-1","max-image-preview":"max-image-preview:large","max-video-preview":"max-video-preview:-1"},"canonical":"https:\/\/padborgpark.dk\/de\/vare\/mitjet-abend-event\/","og_locale":"de_DE","og_type":"article","og_title":"MITJET Abendveranstaltung - Padborg Park har bilerne og en motorbane p\u00e5 2150 meter","og_description":"MITJET-Abendveranstaltung, Die MITJET-Veranstaltung im Padborg Park ist ein ma\u00dfgeschneiderter Abend auf einer Rennstrecke. Es gibt maximal 4 Teilnehmer pro Auto.","og_url":"https:\/\/padborgpark.dk\/de\/vare\/mitjet-abend-event\/","og_site_name":"Padborg Park har bilerne og en motorbane p\u00e5 2150 meter","article_publisher":"https:\/\/www.facebook.com\/PadborgPark\/","article_modified_time":"2026-01-08T15:29:12+00:00","og_image":[{"width":1024,"height":678,"url":"https:\/\/padborgpark.dk\/wp-content\/uploads\/2022\/02\/Rene-mitjet-billeder-6.jpg","type":"image\/jpeg"}],"twitter_misc":{"Gesch\u00e4tzte Lesezeit":"2\u00a0Minuten"},"schema":{"@context":"https:\/\/schema.org","@graph":[{"@type":"WebPage","@id":"https:\/\/padborgpark.dk\/de\/vare\/mitjet-abend-event\/","url":"https:\/\/padborgpark.dk\/de\/vare\/mitjet-abend-event\/","name":"MITJET Abendveranstaltung - Padborg Park har bilerne og en motorbane p\u00e5 2150 meter","isPartOf":{"@id":"https:\/\/padborgpark.dk\/#website"},"primaryImageOfPage":{"@id":"https:\/\/padborgpark.dk\/de\/vare\/mitjet-abend-event\/#primaryimage"},"image":{"@id":"https:\/\/padborgpark.dk\/de\/vare\/mitjet-abend-event\/#primaryimage"},"thumbnailUrl":"https:\/\/padborgpark.dk\/wp-content\/uploads\/2022\/02\/Rene-mitjet-billeder-6.jpg","datePublished":"2026-01-08T06:55:37+00:00","dateModified":"2026-01-08T15:29:12+00:00","description":"MITJET-Abendveranstaltung, Die MITJET-Veranstaltung im Padborg Park ist ein ma\u00dfgeschneiderter Abend auf einer Rennstrecke. Es gibt maximal 4 Teilnehmer pro Auto.","breadcrumb":{"@id":"https:\/\/padborgpark.dk\/de\/vare\/mitjet-abend-event\/#breadcrumb"},"inLanguage":"de","potentialAction":[{"@type":"ReadAction","target":["https:\/\/padborgpark.dk\/de\/vare\/mitjet-abend-event\/"]}]},{"@type":"ImageObject","inLanguage":"de","@id":"https:\/\/padborgpark.dk\/de\/vare\/mitjet-abend-event\/#primaryimage","url":"https:\/\/padborgpark.dk\/wp-content\/uploads\/2022\/02\/Rene-mitjet-billeder-6.jpg","contentUrl":"https:\/\/padborgpark.dk\/wp-content\/uploads\/2022\/02\/Rene-mitjet-billeder-6.jpg","width":1024,"height":678,"caption":"4 stk mitjet i fart"},{"@type":"BreadcrumbList","@id":"https:\/\/padborgpark.dk\/de\/vare\/mitjet-abend-event\/#breadcrumb","itemListElement":[{"@type":"ListItem","position":1,"name":"Gesch\u00e4ft-2","item":"https:\/\/padborgpark.dk\/de\/geschaeft-2\/"},{"@type":"ListItem","position":2,"name":"MITJET Abendveranstaltung"}]},{"@type":"WebSite","@id":"https:\/\/padborgpark.dk\/#website","url":"https:\/\/padborgpark.dk\/","name":"Padborg Park har bilerne og en motorbane p\u00e5 2150 meter","description":"","potentialAction":[{"@type":"SearchAction","target":{"@type":"EntryPoint","urlTemplate":"https:\/\/padborgpark.dk\/?s={search_term_string}"},"query-input":{"@type":"PropertyValueSpecification","valueRequired":true,"valueName":"search_term_string"}}],"inLanguage":"de"}]}},"_links":{"self":[{"href":"https:\/\/padborgpark.dk\/de\/wp-json\/wp\/v2\/product\/10803","targetHints":{"allow":["GET"]}}],"collection":[{"href":"https:\/\/padborgpark.dk\/de\/wp-json\/wp\/v2\/product"}],"about":[{"href":"https:\/\/padborgpark.dk\/de\/wp-json\/wp\/v2\/types\/product"}],"replies":[{"embeddable":true,"href":"https:\/\/padborgpark.dk\/de\/wp-json\/wp\/v2\/comments?post=10803"}],"wp:featuredmedia":[{"embeddable":true,"href":"https:\/\/padborgpark.dk\/de\/wp-json\/wp\/v2\/media\/9317009918"}],"wp:attachment":[{"href":"https:\/\/padborgpark.dk\/de\/wp-json\/wp\/v2\/media?parent=10803"}],"wp:term":[{"taxonomy":"product_brand","embeddable":true,"href":"https:\/\/padborgpark.dk\/de\/wp-json\/wp\/v2\/product_brand?post=10803"},{"taxonomy":"product_cat","embeddable":true,"href":"https:\/\/padborgpark.dk\/de\/wp-json\/wp\/v2\/product_cat?post=10803"},{"taxonomy":"product_tag","embeddable":true,"href":"https:\/\/padborgpark.dk\/de\/wp-json\/wp\/v2\/product_tag?post=10803"}],"curies":[{"name":"wp","href":"https:\/\/api.w.org\/{rel}","templated":true}]}}