{"id":10915,"date":"2025-12-03T05:55:40","date_gmt":"2025-12-03T04:55:40","guid":{"rendered":"https:\/\/padborgpark.dk\/shop\/unkategorisiert\/geschenk-gutschein\/"},"modified":"2026-02-02T07:50:05","modified_gmt":"2026-02-02T06:50:05","slug":"geschenk-gutschein","status":"publish","type":"product","link":"https:\/\/padborgpark.dk\/de\/vare\/geschenk-gutschein\/","title":{"rendered":"Geschenk Gutschein"},"content":{"rendered":"<p><span style=\"font-size: 9.0pt; font-family: 'Verdana',sans-serif;\">Geschenkkarten f\u00fcr ein Erlebnisevent im Padborg Park &#8211;<\/span><\/p>\n<p><span style=\"font-size: 9.0pt; font-family: 'Verdana',sans-serif;\">Buchen Sie online, wir stellen Ihnen eine Geschenk Gutschein aus, die Ihnen per E-Mail als PDF zugesandt wird.<\/span><\/p>\n<p><span style=\"font-size: 9.0pt; font-family: 'Verdana',sans-serif;\">Au\u00dfer Gutscheine \u00fcber verschiedene Betr\u00e4ge k\u00f6nnen die Gutscheine auch auf die verschiedenen Events und Veranstaltungen ausgestellt werden.<\/span><\/p>\n<p><span style=\"font-size: 9.0pt; font-family: 'Verdana',sans-serif;\">Wenn Sie Gutscheine \u00fcber einen anderen Betrag als angeboten m\u00f6chten, kontaktieren Sie uns bitte unter\u00a0 info@padborgpark.dk<\/span><\/p>\n","protected":false},"excerpt":{"rendered":"<p><span style=\"font-size: 9.0pt; font-family: 'Verdana',sans-serif;\">Geschenkkarten f\u00fcr ein Erlebnisevent im Padborg Park &#8211;<\/span><\/p>\n<p><span style=\"font-size: 9.0pt; font-family: 'Verdana',sans-serif;\">Buchen Sie online, wir stellen Ihnen eine Geschenk Gutschein aus, die Ihnen per E-Mail als PDF zugesandt wird.<\/span><\/p>\n<p><span style=\"font-size: 9.0pt; font-family: 'Verdana',sans-serif;\">Au\u00dfer Gutscheine \u00fcber verschiedene Betr\u00e4ge k\u00f6nnen die Gutscheine auch auf die verschiedenen Events und Veranstaltungen ausgestellt werden.<\/span><\/p>\n<p><span style=\"font-size: 9.0pt; font-family: 'Verdana',sans-serif;\">Wenn Sie Gutscheine \u00fcber einen anderen Betrag als angeboten m\u00f6chten, kontaktieren Sie uns bitte unter\u00a0 info@padborgpark.dk<\/span><\/p>\n","protected":false},"featured_media":9317009518,"comment_status":"closed","ping_status":"closed","template":"","meta":{"_acf_changed":false,"_monsterinsights_skip_tracking":false,"_monsterinsights_sitenote_active":false,"_monsterinsights_sitenote_note":"","_monsterinsights_sitenote_category":0},"product_brand":[],"product_cat":[653,668,608],"product_tag":[],"class_list":{"0":"post-10915","1":"product","2":"type-product","3":"status-publish","4":"has-post-thumbnail","6":"product_cat-gutschein","7":"product_cat-motorradlehrgang-pro","8":"product_cat-selber-fahren","9":"pa_gavekort-paa-beloeb-gutschein-dkk-1000","10":"pa_gavekort-paa-beloeb-gutschein-dkk-1200","11":"pa_gavekort-paa-beloeb-gutschein-dkk-1400","12":"pa_gavekort-paa-beloeb-gutschein-dkk-2200","13":"pa_gavekort-paa-beloeb-gutschein-dkk-2400","14":"pa_gavekort-paa-beloeb-gutschein-dkk-2500","15":"pa_gavekort-paa-beloeb-gutschein-dkk-2800","16":"pa_gavekort-paa-beloeb-gutschein-dkk-3000","17":"pa_gavekort-paa-beloeb-gutschein-dkk-5189","18":"pa_gavekort-paa-beloeb-gutschein-dkk-600","19":"pa_gavekort-paa-beloeb-tgutschein-dkk-200000","21":"first","22":"instock","23":"taxable","24":"shipping-taxable","25":"purchasable","26":"product-type-variable"},"acf":[],"yoast_head":"<!-- This site is optimized with the Yoast SEO plugin v27.3 - https:\/\/yoast.com\/product\/yoast-seo-wordpress\/ -->\n<title>Geschenk Gutschein - Padborg Park har bilerne og en motorbane p\u00e5 2150 meter<\/title>\n<meta name=\"description\" content=\"Geschenkgutscheine im Wert von 200,00 bis 5189,00 DKK f\u00fcr ein Erlebnis im Padborg Park \u2013 ein tolles Geschenk f\u00fcr alle, die schon alles haben und Geschwindigkeit und Spannung lieben.\" \/>\n<meta name=\"robots\" content=\"index, follow, max-snippet:-1, max-image-preview:large, max-video-preview:-1\" \/>\n<link rel=\"canonical\" href=\"https:\/\/padborgpark.dk\/de\/vare\/geschenk-gutschein\/\" \/>\n<meta property=\"og:locale\" content=\"de_DE\" \/>\n<meta property=\"og:type\" content=\"article\" \/>\n<meta property=\"og:title\" content=\"Geschenk Gutschein - Padborg Park har bilerne og en motorbane p\u00e5 2150 meter\" \/>\n<meta property=\"og:description\" content=\"Geschenkgutscheine im Wert von 200,00 bis 5189,00 DKK f\u00fcr ein Erlebnis im Padborg Park \u2013 ein tolles Geschenk f\u00fcr alle, die schon alles haben und Geschwindigkeit und Spannung lieben.\" \/>\n<meta property=\"og:url\" content=\"https:\/\/padborgpark.dk\/de\/vare\/geschenk-gutschein\/\" \/>\n<meta property=\"og:site_name\" content=\"Padborg Park har bilerne og en motorbane p\u00e5 2150 meter\" \/>\n<meta property=\"article:publisher\" content=\"https:\/\/www.facebook.com\/PadborgPark\/\" \/>\n<meta property=\"article:modified_time\" content=\"2026-02-02T06:50:05+00:00\" \/>\n<meta name=\"twitter:label1\" content=\"Gesch\u00e4tzte Lesezeit\" \/>\n\t<meta name=\"twitter:data1\" content=\"1\u00a0Minute\" \/>\n<script type=\"application\/ld+json\" class=\"yoast-schema-graph\">{\"@context\":\"https:\\\/\\\/schema.org\",\"@graph\":[{\"@type\":\"WebPage\",\"@id\":\"https:\\\/\\\/padborgpark.dk\\\/de\\\/vare\\\/geschenk-gutschein\\\/\",\"url\":\"https:\\\/\\\/padborgpark.dk\\\/de\\\/vare\\\/geschenk-gutschein\\\/\",\"name\":\"Geschenk Gutschein - Padborg Park har bilerne og en motorbane p\u00e5 2150 meter\",\"isPartOf\":{\"@id\":\"https:\\\/\\\/padborgpark.dk\\\/#website\"},\"primaryImageOfPage\":{\"@id\":\"https:\\\/\\\/padborgpark.dk\\\/de\\\/vare\\\/geschenk-gutschein\\\/#primaryimage\"},\"image\":{\"@id\":\"https:\\\/\\\/padborgpark.dk\\\/de\\\/vare\\\/geschenk-gutschein\\\/#primaryimage\"},\"thumbnailUrl\":\"https:\\\/\\\/padborgpark.dk\\\/wp-content\\\/uploads\\\/2021\\\/01\\\/GAVEKORT-PAa-BELOeB-BILLEDE.png\",\"datePublished\":\"2025-12-03T04:55:40+00:00\",\"dateModified\":\"2026-02-02T06:50:05+00:00\",\"description\":\"Geschenkgutscheine im Wert von 200,00 bis 5189,00 DKK f\u00fcr ein Erlebnis im Padborg Park \u2013 ein tolles Geschenk f\u00fcr alle, die schon alles haben und Geschwindigkeit und Spannung lieben.\",\"breadcrumb\":{\"@id\":\"https:\\\/\\\/padborgpark.dk\\\/de\\\/vare\\\/geschenk-gutschein\\\/#breadcrumb\"},\"inLanguage\":\"de\",\"potentialAction\":[{\"@type\":\"ReadAction\",\"target\":[\"https:\\\/\\\/padborgpark.dk\\\/de\\\/vare\\\/geschenk-gutschein\\\/\"]}]},{\"@type\":\"ImageObject\",\"inLanguage\":\"de\",\"@id\":\"https:\\\/\\\/padborgpark.dk\\\/de\\\/vare\\\/geschenk-gutschein\\\/#primaryimage\",\"url\":\"https:\\\/\\\/padborgpark.dk\\\/wp-content\\\/uploads\\\/2021\\\/01\\\/GAVEKORT-PAa-BELOeB-BILLEDE.png\",\"contentUrl\":\"https:\\\/\\\/padborgpark.dk\\\/wp-content\\\/uploads\\\/2021\\\/01\\\/GAVEKORT-PAa-BELOeB-BILLEDE.png\",\"width\":755,\"height\":812,\"caption\":\"GAVEKORT P\u00c5 BEL\u00d8B BILLEDE\"},{\"@type\":\"BreadcrumbList\",\"@id\":\"https:\\\/\\\/padborgpark.dk\\\/de\\\/vare\\\/geschenk-gutschein\\\/#breadcrumb\",\"itemListElement\":[{\"@type\":\"ListItem\",\"position\":1,\"name\":\"Gesch\u00e4ft-2\",\"item\":\"https:\\\/\\\/padborgpark.dk\\\/de\\\/geschaeft-2\\\/\"},{\"@type\":\"ListItem\",\"position\":2,\"name\":\"Geschenk Gutschein\"}]},{\"@type\":\"WebSite\",\"@id\":\"https:\\\/\\\/padborgpark.dk\\\/#website\",\"url\":\"https:\\\/\\\/padborgpark.dk\\\/\",\"name\":\"Padborg Park har bilerne og en motorbane p\u00e5 2150 meter\",\"description\":\"\",\"potentialAction\":[{\"@type\":\"SearchAction\",\"target\":{\"@type\":\"EntryPoint\",\"urlTemplate\":\"https:\\\/\\\/padborgpark.dk\\\/?s={search_term_string}\"},\"query-input\":{\"@type\":\"PropertyValueSpecification\",\"valueRequired\":true,\"valueName\":\"search_term_string\"}}],\"inLanguage\":\"de\"}]}<\/script>\n<!-- \/ Yoast SEO plugin. -->","yoast_head_json":{"title":"Geschenk Gutschein - Padborg Park har bilerne og en motorbane p\u00e5 2150 meter","description":"Geschenkgutscheine im Wert von 200,00 bis 5189,00 DKK f\u00fcr ein Erlebnis im Padborg Park \u2013 ein tolles Geschenk f\u00fcr alle, die schon alles haben und Geschwindigkeit und Spannung lieben.","robots":{"index":"index","follow":"follow","max-snippet":"max-snippet:-1","max-image-preview":"max-image-preview:large","max-video-preview":"max-video-preview:-1"},"canonical":"https:\/\/padborgpark.dk\/de\/vare\/geschenk-gutschein\/","og_locale":"de_DE","og_type":"article","og_title":"Geschenk Gutschein - Padborg Park har bilerne og en motorbane p\u00e5 2150 meter","og_description":"Geschenkgutscheine im Wert von 200,00 bis 5189,00 DKK f\u00fcr ein Erlebnis im Padborg Park \u2013 ein tolles Geschenk f\u00fcr alle, die schon alles haben und Geschwindigkeit und Spannung lieben.","og_url":"https:\/\/padborgpark.dk\/de\/vare\/geschenk-gutschein\/","og_site_name":"Padborg Park har bilerne og en motorbane p\u00e5 2150 meter","article_publisher":"https:\/\/www.facebook.com\/PadborgPark\/","article_modified_time":"2026-02-02T06:50:05+00:00","twitter_misc":{"Gesch\u00e4tzte Lesezeit":"1\u00a0Minute"},"schema":{"@context":"https:\/\/schema.org","@graph":[{"@type":"WebPage","@id":"https:\/\/padborgpark.dk\/de\/vare\/geschenk-gutschein\/","url":"https:\/\/padborgpark.dk\/de\/vare\/geschenk-gutschein\/","name":"Geschenk Gutschein - Padborg Park har bilerne og en motorbane p\u00e5 2150 meter","isPartOf":{"@id":"https:\/\/padborgpark.dk\/#website"},"primaryImageOfPage":{"@id":"https:\/\/padborgpark.dk\/de\/vare\/geschenk-gutschein\/#primaryimage"},"image":{"@id":"https:\/\/padborgpark.dk\/de\/vare\/geschenk-gutschein\/#primaryimage"},"thumbnailUrl":"https:\/\/padborgpark.dk\/wp-content\/uploads\/2021\/01\/GAVEKORT-PAa-BELOeB-BILLEDE.png","datePublished":"2025-12-03T04:55:40+00:00","dateModified":"2026-02-02T06:50:05+00:00","description":"Geschenkgutscheine im Wert von 200,00 bis 5189,00 DKK f\u00fcr ein Erlebnis im Padborg Park \u2013 ein tolles Geschenk f\u00fcr alle, die schon alles haben und Geschwindigkeit und Spannung lieben.","breadcrumb":{"@id":"https:\/\/padborgpark.dk\/de\/vare\/geschenk-gutschein\/#breadcrumb"},"inLanguage":"de","potentialAction":[{"@type":"ReadAction","target":["https:\/\/padborgpark.dk\/de\/vare\/geschenk-gutschein\/"]}]},{"@type":"ImageObject","inLanguage":"de","@id":"https:\/\/padborgpark.dk\/de\/vare\/geschenk-gutschein\/#primaryimage","url":"https:\/\/padborgpark.dk\/wp-content\/uploads\/2021\/01\/GAVEKORT-PAa-BELOeB-BILLEDE.png","contentUrl":"https:\/\/padborgpark.dk\/wp-content\/uploads\/2021\/01\/GAVEKORT-PAa-BELOeB-BILLEDE.png","width":755,"height":812,"caption":"GAVEKORT P\u00c5 BEL\u00d8B BILLEDE"},{"@type":"BreadcrumbList","@id":"https:\/\/padborgpark.dk\/de\/vare\/geschenk-gutschein\/#breadcrumb","itemListElement":[{"@type":"ListItem","position":1,"name":"Gesch\u00e4ft-2","item":"https:\/\/padborgpark.dk\/de\/geschaeft-2\/"},{"@type":"ListItem","position":2,"name":"Geschenk Gutschein"}]},{"@type":"WebSite","@id":"https:\/\/padborgpark.dk\/#website","url":"https:\/\/padborgpark.dk\/","name":"Padborg Park har bilerne og en motorbane p\u00e5 2150 meter","description":"","potentialAction":[{"@type":"SearchAction","target":{"@type":"EntryPoint","urlTemplate":"https:\/\/padborgpark.dk\/?s={search_term_string}"},"query-input":{"@type":"PropertyValueSpecification","valueRequired":true,"valueName":"search_term_string"}}],"inLanguage":"de"}]}},"_links":{"self":[{"href":"https:\/\/padborgpark.dk\/de\/wp-json\/wp\/v2\/product\/10915","targetHints":{"allow":["GET"]}}],"collection":[{"href":"https:\/\/padborgpark.dk\/de\/wp-json\/wp\/v2\/product"}],"about":[{"href":"https:\/\/padborgpark.dk\/de\/wp-json\/wp\/v2\/types\/product"}],"replies":[{"embeddable":true,"href":"https:\/\/padborgpark.dk\/de\/wp-json\/wp\/v2\/comments?post=10915"}],"wp:featuredmedia":[{"embeddable":true,"href":"https:\/\/padborgpark.dk\/de\/wp-json\/wp\/v2\/media\/9317009518"}],"wp:attachment":[{"href":"https:\/\/padborgpark.dk\/de\/wp-json\/wp\/v2\/media?parent=10915"}],"wp:term":[{"taxonomy":"product_brand","embeddable":true,"href":"https:\/\/padborgpark.dk\/de\/wp-json\/wp\/v2\/product_brand?post=10915"},{"taxonomy":"product_cat","embeddable":true,"href":"https:\/\/padborgpark.dk\/de\/wp-json\/wp\/v2\/product_cat?post=10915"},{"taxonomy":"product_tag","embeddable":true,"href":"https:\/\/padborgpark.dk\/de\/wp-json\/wp\/v2\/product_tag?post=10915"}],"curies":[{"name":"wp","href":"https:\/\/api.w.org\/{rel}","templated":true}]}}