{"id":10938,"date":"2022-11-22T07:55:37","date_gmt":"2022-11-22T06:55:37","guid":{"rendered":"https:\/\/padborgpark.dk\/shop\/unkategorisiert\/mtjet-3-runden\/"},"modified":"2026-02-02T08:04:07","modified_gmt":"2026-02-02T07:04:07","slug":"mtjet-3-runden","status":"publish","type":"product","link":"https:\/\/padborgpark.dk\/de\/vare\/mtjet-3-runden\/","title":{"rendered":"Mitjet 3 runden"},"content":{"rendered":"<p>Jetzt k\u00f6nnen Sie MITJET im Padborg Park fahren &#8211; Sie fahren mit voller\u00a0\u00a0Geschwindigkeit \u00fcber die Bahn in einem MITJET,\u00a0welcher\u00a0 mit dem gleichen Rahmen, Getriebe, R\u00e4dern, etc. ausgestattet ist,\u00a0 wie er in den\u00a0ber\u00fchmten Super GT Autos verbbaut wird, die unter anderem von Ronnie Bremer, Ole Petersen Mikkel Mac, etc., \u00a0gefahren werden, nur\u00a0mit nicht ganz so vielen\u00a0PS.<\/p>\n<p>Der MITJET ist ein Vollblut-Rennwagen mit sequentiellem Getriebe:\u00a0Sie halten einfach Vollgas und ziehen den Ganghebel.<\/p>\n<p>Bei\u00a0 230 PS wiegt er gerade 750 KG.<\/p>\n<p>Sie bekommen 3 Runden mit\u00a0 einem qualifizierten Fahrer hinter dem Steuer.<\/p>\n<p>Eine absolutes Erlebnis, welches Sie nie wieder vergessen werden!<\/p>\n<p>Wenn Sie Fragen zu den Teilnehmeranforderungen oder Bedenken bez\u00fcglich irgendwelcher Einschr\u00e4nkungen haben, rufen Sie uns an, wir beantworten sie gerne!<\/p>\n<p>Wir statten Sie aus mit\u00a0Rennanz\u00fcgen, Schuhen, Handschuhen und Sturzhelm. Es\u00a0 ist alles\u00a0vorhanden.<\/p>\n<p>F\u00fcr diese Fahrzeuge gibt es Einschr\u00e4nkungen bez\u00fcglich der \u00a0Gr\u00f6\u00dfe und des\u00a0Gewichts des Fahrer.<\/p>\n<p>Wenn Sie Fragen zu den Teilnehmeranforderungen oder Bedenken bez\u00fcglich irgendwelcher Einschr\u00e4nkungen haben, rufen Sie uns an, wir beantworten sie gerne!<\/p>\n<p>Geschenkkarten f\u00fcr ein frei w\u00e4hlbares Datum k\u00f6nnen Sie\u00a0hier erwerben. Geschenkkarten sind 2 Jahre g\u00fcltig.<\/p>\n<p>Der Preis versteht sich pro Person.<\/p>\n","protected":false},"excerpt":{"rendered":"<p>Jetzt k\u00f6nnen Sie MITJET im Padborg Park fahren &#8211; Sie fahren mit voller\u00a0\u00a0Geschwindigkeit \u00fcber die Bahn in einem MITJET,\u00a0welcher\u00a0 mit dem gleichen Rahmen, Getriebe, R\u00e4dern, etc. ausgestattet ist,\u00a0 wie er in den\u00a0ber\u00fchmten Super GT Autos verbbaut wird, die unter anderem von Ronnie Bremer, Ole Petersen Mikkel Mac, etc., \u00a0gefahren werden, nur\u00a0mit nicht ganz so vielen\u00a0PS. [&hellip;]<\/p>\n","protected":false},"featured_media":9317009995,"comment_status":"closed","ping_status":"closed","template":"","meta":{"_acf_changed":false,"_monsterinsights_skip_tracking":false,"_monsterinsights_sitenote_active":false,"_monsterinsights_sitenote_note":"","_monsterinsights_sitenote_category":0},"product_brand":[],"product_cat":[650,608],"product_tag":[],"class_list":{"0":"post-10938","1":"product","2":"type-product","3":"status-publish","4":"has-post-thumbnail","6":"product_cat-mitjet-de","7":"product_cat-selber-fahren","9":"first","10":"instock","11":"taxable","12":"shipping-taxable","13":"purchasable","14":"product-type-simple"},"acf":[],"yoast_head":"<!-- This site is optimized with the Yoast SEO plugin v27.3 - https:\/\/yoast.com\/product\/yoast-seo-wordpress\/ -->\n<title>Mitjet 3 runden - Padborg Park har bilerne og en motorbane p\u00e5 2150 meter<\/title>\n<meta name=\"description\" content=\"Mitjet 3 Runden GUTSCHEIN Padborg Park Hier bekommst du drei Runden High Speed mit einem Instruktor hinterm Steuer.\" \/>\n<meta name=\"robots\" content=\"index, follow, max-snippet:-1, max-image-preview:large, max-video-preview:-1\" \/>\n<link rel=\"canonical\" href=\"https:\/\/padborgpark.dk\/de\/vare\/mtjet-3-runden\/\" \/>\n<meta property=\"og:locale\" content=\"de_DE\" \/>\n<meta property=\"og:type\" content=\"article\" \/>\n<meta property=\"og:title\" content=\"Mitjet 3 runden - Padborg Park har bilerne og en motorbane p\u00e5 2150 meter\" \/>\n<meta property=\"og:description\" content=\"Mitjet 3 Runden GUTSCHEIN Padborg Park Hier bekommst du drei Runden High Speed mit einem Instruktor hinterm Steuer.\" \/>\n<meta property=\"og:url\" content=\"https:\/\/padborgpark.dk\/de\/vare\/mtjet-3-runden\/\" \/>\n<meta property=\"og:site_name\" content=\"Padborg Park har bilerne og en motorbane p\u00e5 2150 meter\" \/>\n<meta property=\"article:publisher\" content=\"https:\/\/www.facebook.com\/PadborgPark\/\" \/>\n<meta property=\"article:modified_time\" content=\"2026-02-02T07:04:07+00:00\" \/>\n<meta name=\"twitter:label1\" content=\"Gesch\u00e4tzte Lesezeit\" \/>\n\t<meta name=\"twitter:data1\" content=\"2\u00a0Minuten\" \/>\n<script type=\"application\/ld+json\" class=\"yoast-schema-graph\">{\"@context\":\"https:\\\/\\\/schema.org\",\"@graph\":[{\"@type\":\"WebPage\",\"@id\":\"https:\\\/\\\/padborgpark.dk\\\/de\\\/vare\\\/mtjet-3-runden\\\/\",\"url\":\"https:\\\/\\\/padborgpark.dk\\\/de\\\/vare\\\/mtjet-3-runden\\\/\",\"name\":\"Mitjet 3 runden - Padborg Park har bilerne og en motorbane p\u00e5 2150 meter\",\"isPartOf\":{\"@id\":\"https:\\\/\\\/padborgpark.dk\\\/#website\"},\"primaryImageOfPage\":{\"@id\":\"https:\\\/\\\/padborgpark.dk\\\/de\\\/vare\\\/mtjet-3-runden\\\/#primaryimage\"},\"image\":{\"@id\":\"https:\\\/\\\/padborgpark.dk\\\/de\\\/vare\\\/mtjet-3-runden\\\/#primaryimage\"},\"thumbnailUrl\":\"https:\\\/\\\/padborgpark.dk\\\/wp-content\\\/uploads\\\/2021\\\/01\\\/Rene-mitjet-billeder-5.jpg\",\"datePublished\":\"2022-11-22T06:55:37+00:00\",\"dateModified\":\"2026-02-02T07:04:07+00:00\",\"description\":\"Mitjet 3 Runden GUTSCHEIN Padborg Park Hier bekommst du drei Runden High Speed mit einem Instruktor hinterm Steuer.\",\"breadcrumb\":{\"@id\":\"https:\\\/\\\/padborgpark.dk\\\/de\\\/vare\\\/mtjet-3-runden\\\/#breadcrumb\"},\"inLanguage\":\"de\",\"potentialAction\":[{\"@type\":\"ReadAction\",\"target\":[\"https:\\\/\\\/padborgpark.dk\\\/de\\\/vare\\\/mtjet-3-runden\\\/\"]}]},{\"@type\":\"ImageObject\",\"inLanguage\":\"de\",\"@id\":\"https:\\\/\\\/padborgpark.dk\\\/de\\\/vare\\\/mtjet-3-runden\\\/#primaryimage\",\"url\":\"https:\\\/\\\/padborgpark.dk\\\/wp-content\\\/uploads\\\/2021\\\/01\\\/Rene-mitjet-billeder-5.jpg\",\"contentUrl\":\"https:\\\/\\\/padborgpark.dk\\\/wp-content\\\/uploads\\\/2021\\\/01\\\/Rene-mitjet-billeder-5.jpg\",\"width\":1024,\"height\":678},{\"@type\":\"BreadcrumbList\",\"@id\":\"https:\\\/\\\/padborgpark.dk\\\/de\\\/vare\\\/mtjet-3-runden\\\/#breadcrumb\",\"itemListElement\":[{\"@type\":\"ListItem\",\"position\":1,\"name\":\"Gesch\u00e4ft-2\",\"item\":\"https:\\\/\\\/padborgpark.dk\\\/de\\\/geschaeft-2\\\/\"},{\"@type\":\"ListItem\",\"position\":2,\"name\":\"Mitjet 3 runden\"}]},{\"@type\":\"WebSite\",\"@id\":\"https:\\\/\\\/padborgpark.dk\\\/#website\",\"url\":\"https:\\\/\\\/padborgpark.dk\\\/\",\"name\":\"Padborg Park har bilerne og en motorbane p\u00e5 2150 meter\",\"description\":\"\",\"potentialAction\":[{\"@type\":\"SearchAction\",\"target\":{\"@type\":\"EntryPoint\",\"urlTemplate\":\"https:\\\/\\\/padborgpark.dk\\\/?s={search_term_string}\"},\"query-input\":{\"@type\":\"PropertyValueSpecification\",\"valueRequired\":true,\"valueName\":\"search_term_string\"}}],\"inLanguage\":\"de\"}]}<\/script>\n<!-- \/ Yoast SEO plugin. -->","yoast_head_json":{"title":"Mitjet 3 runden - Padborg Park har bilerne og en motorbane p\u00e5 2150 meter","description":"Mitjet 3 Runden GUTSCHEIN Padborg Park Hier bekommst du drei Runden High Speed mit einem Instruktor hinterm Steuer.","robots":{"index":"index","follow":"follow","max-snippet":"max-snippet:-1","max-image-preview":"max-image-preview:large","max-video-preview":"max-video-preview:-1"},"canonical":"https:\/\/padborgpark.dk\/de\/vare\/mtjet-3-runden\/","og_locale":"de_DE","og_type":"article","og_title":"Mitjet 3 runden - Padborg Park har bilerne og en motorbane p\u00e5 2150 meter","og_description":"Mitjet 3 Runden GUTSCHEIN Padborg Park Hier bekommst du drei Runden High Speed mit einem Instruktor hinterm Steuer.","og_url":"https:\/\/padborgpark.dk\/de\/vare\/mtjet-3-runden\/","og_site_name":"Padborg Park har bilerne og en motorbane p\u00e5 2150 meter","article_publisher":"https:\/\/www.facebook.com\/PadborgPark\/","article_modified_time":"2026-02-02T07:04:07+00:00","twitter_misc":{"Gesch\u00e4tzte Lesezeit":"2\u00a0Minuten"},"schema":{"@context":"https:\/\/schema.org","@graph":[{"@type":"WebPage","@id":"https:\/\/padborgpark.dk\/de\/vare\/mtjet-3-runden\/","url":"https:\/\/padborgpark.dk\/de\/vare\/mtjet-3-runden\/","name":"Mitjet 3 runden - Padborg Park har bilerne og en motorbane p\u00e5 2150 meter","isPartOf":{"@id":"https:\/\/padborgpark.dk\/#website"},"primaryImageOfPage":{"@id":"https:\/\/padborgpark.dk\/de\/vare\/mtjet-3-runden\/#primaryimage"},"image":{"@id":"https:\/\/padborgpark.dk\/de\/vare\/mtjet-3-runden\/#primaryimage"},"thumbnailUrl":"https:\/\/padborgpark.dk\/wp-content\/uploads\/2021\/01\/Rene-mitjet-billeder-5.jpg","datePublished":"2022-11-22T06:55:37+00:00","dateModified":"2026-02-02T07:04:07+00:00","description":"Mitjet 3 Runden GUTSCHEIN Padborg Park Hier bekommst du drei Runden High Speed mit einem Instruktor hinterm Steuer.","breadcrumb":{"@id":"https:\/\/padborgpark.dk\/de\/vare\/mtjet-3-runden\/#breadcrumb"},"inLanguage":"de","potentialAction":[{"@type":"ReadAction","target":["https:\/\/padborgpark.dk\/de\/vare\/mtjet-3-runden\/"]}]},{"@type":"ImageObject","inLanguage":"de","@id":"https:\/\/padborgpark.dk\/de\/vare\/mtjet-3-runden\/#primaryimage","url":"https:\/\/padborgpark.dk\/wp-content\/uploads\/2021\/01\/Rene-mitjet-billeder-5.jpg","contentUrl":"https:\/\/padborgpark.dk\/wp-content\/uploads\/2021\/01\/Rene-mitjet-billeder-5.jpg","width":1024,"height":678},{"@type":"BreadcrumbList","@id":"https:\/\/padborgpark.dk\/de\/vare\/mtjet-3-runden\/#breadcrumb","itemListElement":[{"@type":"ListItem","position":1,"name":"Gesch\u00e4ft-2","item":"https:\/\/padborgpark.dk\/de\/geschaeft-2\/"},{"@type":"ListItem","position":2,"name":"Mitjet 3 runden"}]},{"@type":"WebSite","@id":"https:\/\/padborgpark.dk\/#website","url":"https:\/\/padborgpark.dk\/","name":"Padborg Park har bilerne og en motorbane p\u00e5 2150 meter","description":"","potentialAction":[{"@type":"SearchAction","target":{"@type":"EntryPoint","urlTemplate":"https:\/\/padborgpark.dk\/?s={search_term_string}"},"query-input":{"@type":"PropertyValueSpecification","valueRequired":true,"valueName":"search_term_string"}}],"inLanguage":"de"}]}},"_links":{"self":[{"href":"https:\/\/padborgpark.dk\/de\/wp-json\/wp\/v2\/product\/10938","targetHints":{"allow":["GET"]}}],"collection":[{"href":"https:\/\/padborgpark.dk\/de\/wp-json\/wp\/v2\/product"}],"about":[{"href":"https:\/\/padborgpark.dk\/de\/wp-json\/wp\/v2\/types\/product"}],"replies":[{"embeddable":true,"href":"https:\/\/padborgpark.dk\/de\/wp-json\/wp\/v2\/comments?post=10938"}],"wp:featuredmedia":[{"embeddable":true,"href":"https:\/\/padborgpark.dk\/de\/wp-json\/wp\/v2\/media\/9317009995"}],"wp:attachment":[{"href":"https:\/\/padborgpark.dk\/de\/wp-json\/wp\/v2\/media?parent=10938"}],"wp:term":[{"taxonomy":"product_brand","embeddable":true,"href":"https:\/\/padborgpark.dk\/de\/wp-json\/wp\/v2\/product_brand?post=10938"},{"taxonomy":"product_cat","embeddable":true,"href":"https:\/\/padborgpark.dk\/de\/wp-json\/wp\/v2\/product_cat?post=10938"},{"taxonomy":"product_tag","embeddable":true,"href":"https:\/\/padborgpark.dk\/de\/wp-json\/wp\/v2\/product_tag?post=10938"}],"curies":[{"name":"wp","href":"https:\/\/api.w.org\/{rel}","templated":true}]}}