{"id":11031,"date":"2026-01-07T04:55:37","date_gmt":"2026-01-07T03:55:37","guid":{"rendered":"https:\/\/padborgpark.dk\/shop\/unkategorisiert\/porsche-33-runden\/"},"modified":"2026-03-08T07:42:23","modified_gmt":"2026-03-08T06:42:23","slug":"motorrad-lehrgang-mittelstufe-padborg-park","status":"publish","type":"product","link":"https:\/\/padborgpark.dk\/de\/vare\/motorrad-lehrgang-mittelstufe-padborg-park\/","title":{"rendered":"Motorradkurs &#8211; Fortgeschrittene"},"content":{"rendered":"<h3>Motorradkurs &#8211; Fortgeschrittene<\/h3>\n<p>Die erfahreneren und geschickteren Motorradfahrer. Kurs mit Geschicklichkeitstraining f\u00fcr Motorr\u00e4der. Die Teilnehmer \u00fcben Kurvenfahren, Bremsen und Beschleunigen.  Zum Abendessen wird ein leichtes Mittagessen serviert. Kraftstoff muss mitgebracht werden, da im Padborg Park kein Kraftstoff verkauft wird<\/p>\n<p>Die Teilnehmer m\u00fcssen einen Leder- oder Goretex-anzug mit Knie-, H\u00fcft-, Ellbogen- und R\u00fcckenschutz, Sturzhel, Handschuhe und Stiefel tragen. die Motorr\u00e4der m\u00fcssen in gutem zustand sein Vorderlicht, R\u00fccklicht und Spiegel des Motorrads m\u00fcssen mit Klebeband abgedeckt werden. Das Motorrad muss eine Ger\u00e4uschgrenze von 99dB einhalten, da eine selbst\u00fcberschreitung ausschluss bedeutet. Vorraussetzung ist, dass das Motorrad mit einem Serienaufpuff oder einem am Auspuff montierten dB-Killer ausgestattet ist . Det er et krav at motorcyklen er udstyret med en standard udst\u00f8dning, eller har en dB-killer monteret p\u00e5 udst\u00f8dningen. Wenn eine Kamera am Motorrad montiert ist, MUSS sie zus\u00e4tzlich mit einem Draht gesichert werden.<\/p>\n<p>Eine technische Abnahme vord durchgef\u00fchrt von 0800 \u2013 0900 uhr. Von 12-1300 Uhr sind Mittagessen und Getr\u00e4nke im Preis inbegriffen. Der Tag endet um 1600.<\/p>\n<p>Ein Krankenwagen wird vor Ort sein.<\/p>\n<p>Denken Sie daran, dass Sie auch einen Geschenkgutschein f\u00fcr den Motorradkurs von Padborg Park kaufen k\u00f6nnen &#8211; f\u00fcr Fortgeschrittene \ud83d\ude42 <a href=\"https:\/\/padborgpark.dk\/de\/vare\/mc-lehrgang-geschenkgutschein\/\">GIFTKARTE<\/a><\/p>\n<p>Motorradkurs &#8211; Fortgeschrittene: Produktpreis: dkr 1500,00<\/p>\n<p>EURO 205,00 bei Barzahlung am Tag in Euro.<\/p>\n<p>R\u00fcckerstattungen k\u00f6nnen bis zu 5 Tage vor der Veranstaltung mit einem Abzug von 10% des Kaufpreises vorgenommen werden.<\/p>\n","protected":false},"excerpt":{"rendered":"<h2>Motorrad Lehrgang &#8211; Mittelstufe<\/h2>\n<p>Am Kurstag werden die Teilnehmer in den Fertigkeiten Kurventechnik, Bremstechnik und Beschleunigung geschult.<\/p>\n","protected":false},"featured_media":8635,"comment_status":"closed","ping_status":"closed","template":"","meta":{"_acf_changed":false,"_monsterinsights_skip_tracking":false,"_monsterinsights_sitenote_active":false,"_monsterinsights_sitenote_note":"","_monsterinsights_sitenote_category":0},"product_brand":[],"product_cat":[668,608],"product_tag":[],"class_list":{"0":"post-11031","1":"product","2":"type-product","3":"status-publish","4":"has-post-thumbnail","6":"product_cat-motorradlehrgang-pro","7":"product_cat-selber-fahren","8":"pa_mc-kursus-03-august-2026-mc-kursus-padborg-park","9":"pa_mc-kursus-11-maj-2026-mc-kursus-padborg-park","10":"pa_mc-kursus-13-april-2026-mc-kursus-padborg-park","11":"pa_mc-kursus-13-juli-2026-mc-kursus-padborg-park","12":"pa_mc-kursus-14-september-2026-mc-kursus-padborg-park","13":"pa_mc-kursus-15-juni-2026-mc-kursus-padborg-park","14":"pa_mc-kursus-24-august-2026-mc-kursus-padborg-park","15":"pa_mc-kursus-29-juni-2026-mc-kursus-padborg-park","16":"pa_mc-kursus-geschenk-gutschein-mc-trackday","18":"first","19":"instock","20":"taxable","21":"shipping-taxable","22":"purchasable","23":"product-type-variable"},"acf":[],"yoast_head":"<!-- This site is optimized with the Yoast SEO plugin v27.3 - https:\/\/yoast.com\/product\/yoast-seo-wordpress\/ -->\n<title>Motorradkurs - Fortgeschrittene - Padborg Park har bilerne og en motorbane p\u00e5 2150 meter<\/title>\n<meta name=\"description\" content=\"Motorradkurs - Fortgeschrittenes Training von Kurvenfahren, Bremsen und Beschleunigen. Anziehen eines Leder- oder Goretex-Anzugs\" \/>\n<meta name=\"robots\" content=\"index, follow, max-snippet:-1, max-image-preview:large, max-video-preview:-1\" \/>\n<link rel=\"canonical\" href=\"https:\/\/padborgpark.dk\/de\/vare\/motorrad-lehrgang-mittelstufe-padborg-park\/\" \/>\n<meta property=\"og:locale\" content=\"de_DE\" \/>\n<meta property=\"og:type\" content=\"article\" \/>\n<meta property=\"og:title\" content=\"Motorradkurs - Fortgeschrittene - Padborg Park har bilerne og en motorbane p\u00e5 2150 meter\" \/>\n<meta property=\"og:description\" content=\"Motorradkurs - Fortgeschrittenes Training von Kurvenfahren, Bremsen und Beschleunigen. Anziehen eines Leder- oder Goretex-Anzugs\" \/>\n<meta property=\"og:url\" content=\"https:\/\/padborgpark.dk\/de\/vare\/motorrad-lehrgang-mittelstufe-padborg-park\/\" \/>\n<meta property=\"og:site_name\" content=\"Padborg Park har bilerne og en motorbane p\u00e5 2150 meter\" \/>\n<meta property=\"article:publisher\" content=\"https:\/\/www.facebook.com\/PadborgPark\/\" \/>\n<meta property=\"article:modified_time\" content=\"2026-03-08T06:42:23+00:00\" \/>\n<meta name=\"twitter:label1\" content=\"Gesch\u00e4tzte Lesezeit\" \/>\n\t<meta name=\"twitter:data1\" content=\"2\u00a0Minuten\" \/>\n<script type=\"application\/ld+json\" class=\"yoast-schema-graph\">{\"@context\":\"https:\\\/\\\/schema.org\",\"@graph\":[{\"@type\":\"WebPage\",\"@id\":\"https:\\\/\\\/padborgpark.dk\\\/de\\\/vare\\\/motorrad-lehrgang-mittelstufe-padborg-park\\\/\",\"url\":\"https:\\\/\\\/padborgpark.dk\\\/de\\\/vare\\\/motorrad-lehrgang-mittelstufe-padborg-park\\\/\",\"name\":\"Motorradkurs - Fortgeschrittene - Padborg Park har bilerne og en motorbane p\u00e5 2150 meter\",\"isPartOf\":{\"@id\":\"https:\\\/\\\/padborgpark.dk\\\/#website\"},\"primaryImageOfPage\":{\"@id\":\"https:\\\/\\\/padborgpark.dk\\\/de\\\/vare\\\/motorrad-lehrgang-mittelstufe-padborg-park\\\/#primaryimage\"},\"image\":{\"@id\":\"https:\\\/\\\/padborgpark.dk\\\/de\\\/vare\\\/motorrad-lehrgang-mittelstufe-padborg-park\\\/#primaryimage\"},\"thumbnailUrl\":\"https:\\\/\\\/padborgpark.dk\\\/wp-content\\\/uploads\\\/2021\\\/01\\\/Motorcykel-kursus-\u2013-oevede.jpg\",\"datePublished\":\"2026-01-07T03:55:37+00:00\",\"dateModified\":\"2026-03-08T06:42:23+00:00\",\"description\":\"Motorradkurs - Fortgeschrittenes Training von Kurvenfahren, Bremsen und Beschleunigen. Anziehen eines Leder- oder Goretex-Anzugs\",\"breadcrumb\":{\"@id\":\"https:\\\/\\\/padborgpark.dk\\\/de\\\/vare\\\/motorrad-lehrgang-mittelstufe-padborg-park\\\/#breadcrumb\"},\"inLanguage\":\"de\",\"potentialAction\":[{\"@type\":\"ReadAction\",\"target\":[\"https:\\\/\\\/padborgpark.dk\\\/de\\\/vare\\\/motorrad-lehrgang-mittelstufe-padborg-park\\\/\"]}]},{\"@type\":\"ImageObject\",\"inLanguage\":\"de\",\"@id\":\"https:\\\/\\\/padborgpark.dk\\\/de\\\/vare\\\/motorrad-lehrgang-mittelstufe-padborg-park\\\/#primaryimage\",\"url\":\"https:\\\/\\\/padborgpark.dk\\\/wp-content\\\/uploads\\\/2021\\\/01\\\/Motorcykel-kursus-\u2013-oevede.jpg\",\"contentUrl\":\"https:\\\/\\\/padborgpark.dk\\\/wp-content\\\/uploads\\\/2021\\\/01\\\/Motorcykel-kursus-\u2013-oevede.jpg\",\"width\":730,\"height\":487,\"caption\":\"Motorcykel kursus - \u00f8vede\"},{\"@type\":\"BreadcrumbList\",\"@id\":\"https:\\\/\\\/padborgpark.dk\\\/de\\\/vare\\\/motorrad-lehrgang-mittelstufe-padborg-park\\\/#breadcrumb\",\"itemListElement\":[{\"@type\":\"ListItem\",\"position\":1,\"name\":\"Gesch\u00e4ft-2\",\"item\":\"https:\\\/\\\/padborgpark.dk\\\/de\\\/geschaeft-2\\\/\"},{\"@type\":\"ListItem\",\"position\":2,\"name\":\"Motorradkurs &#8211; Fortgeschrittene\"}]},{\"@type\":\"WebSite\",\"@id\":\"https:\\\/\\\/padborgpark.dk\\\/#website\",\"url\":\"https:\\\/\\\/padborgpark.dk\\\/\",\"name\":\"Padborg Park har bilerne og en motorbane p\u00e5 2150 meter\",\"description\":\"\",\"potentialAction\":[{\"@type\":\"SearchAction\",\"target\":{\"@type\":\"EntryPoint\",\"urlTemplate\":\"https:\\\/\\\/padborgpark.dk\\\/?s={search_term_string}\"},\"query-input\":{\"@type\":\"PropertyValueSpecification\",\"valueRequired\":true,\"valueName\":\"search_term_string\"}}],\"inLanguage\":\"de\"}]}<\/script>\n<!-- \/ Yoast SEO plugin. -->","yoast_head_json":{"title":"Motorradkurs - Fortgeschrittene - Padborg Park har bilerne og en motorbane p\u00e5 2150 meter","description":"Motorradkurs - Fortgeschrittenes Training von Kurvenfahren, Bremsen und Beschleunigen. Anziehen eines Leder- oder Goretex-Anzugs","robots":{"index":"index","follow":"follow","max-snippet":"max-snippet:-1","max-image-preview":"max-image-preview:large","max-video-preview":"max-video-preview:-1"},"canonical":"https:\/\/padborgpark.dk\/de\/vare\/motorrad-lehrgang-mittelstufe-padborg-park\/","og_locale":"de_DE","og_type":"article","og_title":"Motorradkurs - Fortgeschrittene - Padborg Park har bilerne og en motorbane p\u00e5 2150 meter","og_description":"Motorradkurs - Fortgeschrittenes Training von Kurvenfahren, Bremsen und Beschleunigen. Anziehen eines Leder- oder Goretex-Anzugs","og_url":"https:\/\/padborgpark.dk\/de\/vare\/motorrad-lehrgang-mittelstufe-padborg-park\/","og_site_name":"Padborg Park har bilerne og en motorbane p\u00e5 2150 meter","article_publisher":"https:\/\/www.facebook.com\/PadborgPark\/","article_modified_time":"2026-03-08T06:42:23+00:00","twitter_misc":{"Gesch\u00e4tzte Lesezeit":"2\u00a0Minuten"},"schema":{"@context":"https:\/\/schema.org","@graph":[{"@type":"WebPage","@id":"https:\/\/padborgpark.dk\/de\/vare\/motorrad-lehrgang-mittelstufe-padborg-park\/","url":"https:\/\/padborgpark.dk\/de\/vare\/motorrad-lehrgang-mittelstufe-padborg-park\/","name":"Motorradkurs - Fortgeschrittene - Padborg Park har bilerne og en motorbane p\u00e5 2150 meter","isPartOf":{"@id":"https:\/\/padborgpark.dk\/#website"},"primaryImageOfPage":{"@id":"https:\/\/padborgpark.dk\/de\/vare\/motorrad-lehrgang-mittelstufe-padborg-park\/#primaryimage"},"image":{"@id":"https:\/\/padborgpark.dk\/de\/vare\/motorrad-lehrgang-mittelstufe-padborg-park\/#primaryimage"},"thumbnailUrl":"https:\/\/padborgpark.dk\/wp-content\/uploads\/2021\/01\/Motorcykel-kursus-\u2013-oevede.jpg","datePublished":"2026-01-07T03:55:37+00:00","dateModified":"2026-03-08T06:42:23+00:00","description":"Motorradkurs - Fortgeschrittenes Training von Kurvenfahren, Bremsen und Beschleunigen. Anziehen eines Leder- oder Goretex-Anzugs","breadcrumb":{"@id":"https:\/\/padborgpark.dk\/de\/vare\/motorrad-lehrgang-mittelstufe-padborg-park\/#breadcrumb"},"inLanguage":"de","potentialAction":[{"@type":"ReadAction","target":["https:\/\/padborgpark.dk\/de\/vare\/motorrad-lehrgang-mittelstufe-padborg-park\/"]}]},{"@type":"ImageObject","inLanguage":"de","@id":"https:\/\/padborgpark.dk\/de\/vare\/motorrad-lehrgang-mittelstufe-padborg-park\/#primaryimage","url":"https:\/\/padborgpark.dk\/wp-content\/uploads\/2021\/01\/Motorcykel-kursus-\u2013-oevede.jpg","contentUrl":"https:\/\/padborgpark.dk\/wp-content\/uploads\/2021\/01\/Motorcykel-kursus-\u2013-oevede.jpg","width":730,"height":487,"caption":"Motorcykel kursus - \u00f8vede"},{"@type":"BreadcrumbList","@id":"https:\/\/padborgpark.dk\/de\/vare\/motorrad-lehrgang-mittelstufe-padborg-park\/#breadcrumb","itemListElement":[{"@type":"ListItem","position":1,"name":"Gesch\u00e4ft-2","item":"https:\/\/padborgpark.dk\/de\/geschaeft-2\/"},{"@type":"ListItem","position":2,"name":"Motorradkurs &#8211; Fortgeschrittene"}]},{"@type":"WebSite","@id":"https:\/\/padborgpark.dk\/#website","url":"https:\/\/padborgpark.dk\/","name":"Padborg Park har bilerne og en motorbane p\u00e5 2150 meter","description":"","potentialAction":[{"@type":"SearchAction","target":{"@type":"EntryPoint","urlTemplate":"https:\/\/padborgpark.dk\/?s={search_term_string}"},"query-input":{"@type":"PropertyValueSpecification","valueRequired":true,"valueName":"search_term_string"}}],"inLanguage":"de"}]}},"_links":{"self":[{"href":"https:\/\/padborgpark.dk\/de\/wp-json\/wp\/v2\/product\/11031","targetHints":{"allow":["GET"]}}],"collection":[{"href":"https:\/\/padborgpark.dk\/de\/wp-json\/wp\/v2\/product"}],"about":[{"href":"https:\/\/padborgpark.dk\/de\/wp-json\/wp\/v2\/types\/product"}],"replies":[{"embeddable":true,"href":"https:\/\/padborgpark.dk\/de\/wp-json\/wp\/v2\/comments?post=11031"}],"wp:featuredmedia":[{"embeddable":true,"href":"https:\/\/padborgpark.dk\/de\/wp-json\/wp\/v2\/media\/8635"}],"wp:attachment":[{"href":"https:\/\/padborgpark.dk\/de\/wp-json\/wp\/v2\/media?parent=11031"}],"wp:term":[{"taxonomy":"product_brand","embeddable":true,"href":"https:\/\/padborgpark.dk\/de\/wp-json\/wp\/v2\/product_brand?post=11031"},{"taxonomy":"product_cat","embeddable":true,"href":"https:\/\/padborgpark.dk\/de\/wp-json\/wp\/v2\/product_cat?post=11031"},{"taxonomy":"product_tag","embeddable":true,"href":"https:\/\/padborgpark.dk\/de\/wp-json\/wp\/v2\/product_tag?post=11031"}],"curies":[{"name":"wp","href":"https:\/\/api.w.org\/{rel}","templated":true}]}}