{"id":11143,"date":"2026-03-23T07:55:34","date_gmt":"2026-03-23T06:55:34","guid":{"rendered":"https:\/\/padborgpark.dk\/shop\/unkategorisiert\/ktm-x-bow-33-runden\/"},"modified":"2026-03-30T13:38:54","modified_gmt":"2026-03-30T12:38:54","slug":"ktm-x-bow-33-runden","status":"publish","type":"product","link":"https:\/\/padborgpark.dk\/de\/vare\/ktm-x-bow-33-runden\/","title":{"rendered":"KTM X-Bow 3+3 Runden Hochgeschwindigkeit GIFTKARTE"},"content":{"rendered":"<p>KTM X-Bow 3+3 Runden Hochgeschwindigkeit GIFTKARTE<\/p>\n<p>KTM ist vor allem f\u00fcr seine Motorr\u00e4der bekannt, aber das Unternehmen stellt auch leistungsstarke 4-Rad-Maschinen her. Das Gewicht wurde auf schlappe 847 Kilo reduziert. <\/p>\n<p>Der 285-PS-Motor von Audi bringt das Kraftpaket in beeindruckenden 4,1 Sekunden von 0-100 km\/h.<\/p>\n<p>Jetzt k\u00f6nnen Sie eine Fahrt im Star Racer machen &#8211; Sie fahren selbst drei Runden auf der Strecke hinter dem Steuer der KTM, gefolgt von einer dreirundigen High-Speed-Fahrt mit einem Instrukteur am Steuer. Ein Erlebnis, das Sie nie vergessen werden. <\/p>\n<p>Bitte beachten Sie, dass der KTM X-Bow nur auf einer trockenen Strecke gefahren wird. Im Falle von Regen muss ein anderer Zeitpunkt f\u00fcr die Einl\u00f6sung des Gutscheins vereinbart werden. <\/p>\n<p>Der Geschenkgutschein ist 3 Jahre lang g\u00fcltig.<\/p>\n<p>Geschenkgutscheine k\u00f6nnen nicht ausbezahlt werden<\/p>\n<p>KTM X-Bow 3+3 Runden Hochgeschwindigkeit GIFT CARD &#8211; Artikelpreis: dkr 2.399,00<\/p>\n","protected":false},"excerpt":{"rendered":"<p>KTM X-Bow 3+3 Runden Hochgeschwindigkeit GIFTKARTE<\/p>\n<p>KTM ist vor allem f\u00fcr seine Motorr\u00e4der bekannt, aber das Unternehmen stellt auch leistungsstarke 4-Rad-Motorr\u00e4der her. Das Gewicht wurde auf nur 847 Kilo reduziert, so dass der 285-PS-Motor von Audi das Kraftpaket in beeindruckenden 4,1 Sekunden von 0-100 km\/h beschleunigen kann. Jetzt k\u00f6nnen Sie in dem Star-Racer mitfahren &#8211; Sie fahren selbst drei Runden auf der Strecke am Steuer der KTM, gefolgt von drei Runden High Speed mit einem Instruktor am Steuer. Ein Erlebnis, das Sie nie vergessen werden.   <\/p>\n<p>Bitte beachten Sie, dass der KTM X-Bow nur auf einer trockenen Strecke gefahren wird. Bei Regen muss ein anderer Zeitpunkt zum Einl\u00f6sen des Gutscheins vereinbart werden.<\/p>\n<p>Der Geschenkgutschein ist 3 Jahre lang g\u00fcltig.<\/p>\n<p>Geschenkgutscheine k\u00f6nnen nicht ausbezahlt werden<\/p>\n<p>KTM X-Bow 3+3 Runden Hochgeschwindigkeit GIFT CARD &#8211; Artikelpreis: dkr 2.399,00<\/p>\n","protected":false},"featured_media":9317009990,"comment_status":"closed","ping_status":"closed","template":"","meta":{"_acf_changed":false,"_monsterinsights_skip_tracking":false,"_monsterinsights_sitenote_active":false,"_monsterinsights_sitenote_note":"","_monsterinsights_sitenote_category":0},"product_brand":[],"product_cat":[685,608],"product_tag":[],"class_list":{"0":"post-11143","1":"product","2":"type-product","3":"status-publish","4":"has-post-thumbnail","6":"product_cat-ktm-x-bow-de","7":"product_cat-selber-fahren","9":"first","10":"instock","11":"taxable","12":"shipping-taxable","13":"purchasable","14":"product-type-simple"},"acf":[],"yoast_head":"<!-- This site is optimized with the Yoast SEO plugin v27.3 - https:\/\/yoast.com\/product\/yoast-seo-wordpress\/ -->\n<title>KTM X-Bow 3+3 Runden Hochgeschwindigkeit GIFTKARTE - Padborg Park har bilerne og en motorbane p\u00e5 2150 meter<\/title>\n<meta name=\"description\" content=\"KTM X-Bow 3+3 Runden High Speed GIFT CARD Sie fahren selbst drei Runden auf der Strecke, dann erhalten Sie eine High Speed Fahrt \u00fcber drei Runden mit einem Instruktor am Steuer.\" \/>\n<meta name=\"robots\" content=\"index, follow, max-snippet:-1, max-image-preview:large, max-video-preview:-1\" \/>\n<link rel=\"canonical\" href=\"https:\/\/padborgpark.dk\/de\/vare\/ktm-x-bow-33-runden\/\" \/>\n<meta property=\"og:locale\" content=\"de_DE\" \/>\n<meta property=\"og:type\" content=\"article\" \/>\n<meta property=\"og:title\" content=\"KTM X-Bow 3+3 Runden Hochgeschwindigkeit GIFTKARTE - Padborg Park har bilerne og en motorbane p\u00e5 2150 meter\" \/>\n<meta property=\"og:description\" content=\"KTM X-Bow 3+3 Runden High Speed GIFT CARD Sie fahren selbst drei Runden auf der Strecke, dann erhalten Sie eine High Speed Fahrt \u00fcber drei Runden mit einem Instruktor am Steuer.\" \/>\n<meta property=\"og:url\" content=\"https:\/\/padborgpark.dk\/de\/vare\/ktm-x-bow-33-runden\/\" \/>\n<meta property=\"og:site_name\" content=\"Padborg Park har bilerne og en motorbane p\u00e5 2150 meter\" \/>\n<meta property=\"article:publisher\" content=\"https:\/\/www.facebook.com\/PadborgPark\/\" \/>\n<meta property=\"article:modified_time\" content=\"2026-03-30T12:38:54+00:00\" \/>\n<meta property=\"og:image\" content=\"https:\/\/padborgpark.dk\/wp-content\/uploads\/2021\/01\/Rene-KTM-billeder-6.jpg\" \/>\n\t<meta property=\"og:image:width\" content=\"1024\" \/>\n\t<meta property=\"og:image:height\" content=\"678\" \/>\n\t<meta property=\"og:image:type\" content=\"image\/jpeg\" \/>\n<meta name=\"twitter:label1\" content=\"Gesch\u00e4tzte Lesezeit\" \/>\n\t<meta name=\"twitter:data1\" content=\"1\u00a0Minute\" \/>\n<script type=\"application\/ld+json\" class=\"yoast-schema-graph\">{\"@context\":\"https:\\\/\\\/schema.org\",\"@graph\":[{\"@type\":\"WebPage\",\"@id\":\"https:\\\/\\\/padborgpark.dk\\\/de\\\/vare\\\/ktm-x-bow-33-runden\\\/\",\"url\":\"https:\\\/\\\/padborgpark.dk\\\/de\\\/vare\\\/ktm-x-bow-33-runden\\\/\",\"name\":\"KTM X-Bow 3+3 Runden Hochgeschwindigkeit GIFTKARTE - Padborg Park har bilerne og en motorbane p\u00e5 2150 meter\",\"isPartOf\":{\"@id\":\"https:\\\/\\\/padborgpark.dk\\\/#website\"},\"primaryImageOfPage\":{\"@id\":\"https:\\\/\\\/padborgpark.dk\\\/de\\\/vare\\\/ktm-x-bow-33-runden\\\/#primaryimage\"},\"image\":{\"@id\":\"https:\\\/\\\/padborgpark.dk\\\/de\\\/vare\\\/ktm-x-bow-33-runden\\\/#primaryimage\"},\"thumbnailUrl\":\"https:\\\/\\\/padborgpark.dk\\\/wp-content\\\/uploads\\\/2021\\\/01\\\/Rene-KTM-billeder-6.jpg\",\"datePublished\":\"2026-03-23T06:55:34+00:00\",\"dateModified\":\"2026-03-30T12:38:54+00:00\",\"description\":\"KTM X-Bow 3+3 Runden High Speed GIFT CARD Sie fahren selbst drei Runden auf der Strecke, dann erhalten Sie eine High Speed Fahrt \u00fcber drei Runden mit einem Instruktor am Steuer.\",\"breadcrumb\":{\"@id\":\"https:\\\/\\\/padborgpark.dk\\\/de\\\/vare\\\/ktm-x-bow-33-runden\\\/#breadcrumb\"},\"inLanguage\":\"de\",\"potentialAction\":[{\"@type\":\"ReadAction\",\"target\":[\"https:\\\/\\\/padborgpark.dk\\\/de\\\/vare\\\/ktm-x-bow-33-runden\\\/\"]}]},{\"@type\":\"ImageObject\",\"inLanguage\":\"de\",\"@id\":\"https:\\\/\\\/padborgpark.dk\\\/de\\\/vare\\\/ktm-x-bow-33-runden\\\/#primaryimage\",\"url\":\"https:\\\/\\\/padborgpark.dk\\\/wp-content\\\/uploads\\\/2021\\\/01\\\/Rene-KTM-billeder-6.jpg\",\"contentUrl\":\"https:\\\/\\\/padborgpark.dk\\\/wp-content\\\/uploads\\\/2021\\\/01\\\/Rene-KTM-billeder-6.jpg\",\"width\":1024,\"height\":678},{\"@type\":\"BreadcrumbList\",\"@id\":\"https:\\\/\\\/padborgpark.dk\\\/de\\\/vare\\\/ktm-x-bow-33-runden\\\/#breadcrumb\",\"itemListElement\":[{\"@type\":\"ListItem\",\"position\":1,\"name\":\"Gesch\u00e4ft-2\",\"item\":\"https:\\\/\\\/padborgpark.dk\\\/de\\\/geschaeft-2\\\/\"},{\"@type\":\"ListItem\",\"position\":2,\"name\":\"KTM X-Bow 3+3 Runden Hochgeschwindigkeit GIFTKARTE\"}]},{\"@type\":\"WebSite\",\"@id\":\"https:\\\/\\\/padborgpark.dk\\\/#website\",\"url\":\"https:\\\/\\\/padborgpark.dk\\\/\",\"name\":\"Padborg Park har bilerne og en motorbane p\u00e5 2150 meter\",\"description\":\"\",\"potentialAction\":[{\"@type\":\"SearchAction\",\"target\":{\"@type\":\"EntryPoint\",\"urlTemplate\":\"https:\\\/\\\/padborgpark.dk\\\/?s={search_term_string}\"},\"query-input\":{\"@type\":\"PropertyValueSpecification\",\"valueRequired\":true,\"valueName\":\"search_term_string\"}}],\"inLanguage\":\"de\"}]}<\/script>\n<!-- \/ Yoast SEO plugin. -->","yoast_head_json":{"title":"KTM X-Bow 3+3 Runden Hochgeschwindigkeit GIFTKARTE - Padborg Park har bilerne og en motorbane p\u00e5 2150 meter","description":"KTM X-Bow 3+3 Runden High Speed GIFT CARD Sie fahren selbst drei Runden auf der Strecke, dann erhalten Sie eine High Speed Fahrt \u00fcber drei Runden mit einem Instruktor am Steuer.","robots":{"index":"index","follow":"follow","max-snippet":"max-snippet:-1","max-image-preview":"max-image-preview:large","max-video-preview":"max-video-preview:-1"},"canonical":"https:\/\/padborgpark.dk\/de\/vare\/ktm-x-bow-33-runden\/","og_locale":"de_DE","og_type":"article","og_title":"KTM X-Bow 3+3 Runden Hochgeschwindigkeit GIFTKARTE - Padborg Park har bilerne og en motorbane p\u00e5 2150 meter","og_description":"KTM X-Bow 3+3 Runden High Speed GIFT CARD Sie fahren selbst drei Runden auf der Strecke, dann erhalten Sie eine High Speed Fahrt \u00fcber drei Runden mit einem Instruktor am Steuer.","og_url":"https:\/\/padborgpark.dk\/de\/vare\/ktm-x-bow-33-runden\/","og_site_name":"Padborg Park har bilerne og en motorbane p\u00e5 2150 meter","article_publisher":"https:\/\/www.facebook.com\/PadborgPark\/","article_modified_time":"2026-03-30T12:38:54+00:00","og_image":[{"width":1024,"height":678,"url":"https:\/\/padborgpark.dk\/wp-content\/uploads\/2021\/01\/Rene-KTM-billeder-6.jpg","type":"image\/jpeg"}],"twitter_misc":{"Gesch\u00e4tzte Lesezeit":"1\u00a0Minute"},"schema":{"@context":"https:\/\/schema.org","@graph":[{"@type":"WebPage","@id":"https:\/\/padborgpark.dk\/de\/vare\/ktm-x-bow-33-runden\/","url":"https:\/\/padborgpark.dk\/de\/vare\/ktm-x-bow-33-runden\/","name":"KTM X-Bow 3+3 Runden Hochgeschwindigkeit GIFTKARTE - Padborg Park har bilerne og en motorbane p\u00e5 2150 meter","isPartOf":{"@id":"https:\/\/padborgpark.dk\/#website"},"primaryImageOfPage":{"@id":"https:\/\/padborgpark.dk\/de\/vare\/ktm-x-bow-33-runden\/#primaryimage"},"image":{"@id":"https:\/\/padborgpark.dk\/de\/vare\/ktm-x-bow-33-runden\/#primaryimage"},"thumbnailUrl":"https:\/\/padborgpark.dk\/wp-content\/uploads\/2021\/01\/Rene-KTM-billeder-6.jpg","datePublished":"2026-03-23T06:55:34+00:00","dateModified":"2026-03-30T12:38:54+00:00","description":"KTM X-Bow 3+3 Runden High Speed GIFT CARD Sie fahren selbst drei Runden auf der Strecke, dann erhalten Sie eine High Speed Fahrt \u00fcber drei Runden mit einem Instruktor am Steuer.","breadcrumb":{"@id":"https:\/\/padborgpark.dk\/de\/vare\/ktm-x-bow-33-runden\/#breadcrumb"},"inLanguage":"de","potentialAction":[{"@type":"ReadAction","target":["https:\/\/padborgpark.dk\/de\/vare\/ktm-x-bow-33-runden\/"]}]},{"@type":"ImageObject","inLanguage":"de","@id":"https:\/\/padborgpark.dk\/de\/vare\/ktm-x-bow-33-runden\/#primaryimage","url":"https:\/\/padborgpark.dk\/wp-content\/uploads\/2021\/01\/Rene-KTM-billeder-6.jpg","contentUrl":"https:\/\/padborgpark.dk\/wp-content\/uploads\/2021\/01\/Rene-KTM-billeder-6.jpg","width":1024,"height":678},{"@type":"BreadcrumbList","@id":"https:\/\/padborgpark.dk\/de\/vare\/ktm-x-bow-33-runden\/#breadcrumb","itemListElement":[{"@type":"ListItem","position":1,"name":"Gesch\u00e4ft-2","item":"https:\/\/padborgpark.dk\/de\/geschaeft-2\/"},{"@type":"ListItem","position":2,"name":"KTM X-Bow 3+3 Runden Hochgeschwindigkeit GIFTKARTE"}]},{"@type":"WebSite","@id":"https:\/\/padborgpark.dk\/#website","url":"https:\/\/padborgpark.dk\/","name":"Padborg Park har bilerne og en motorbane p\u00e5 2150 meter","description":"","potentialAction":[{"@type":"SearchAction","target":{"@type":"EntryPoint","urlTemplate":"https:\/\/padborgpark.dk\/?s={search_term_string}"},"query-input":{"@type":"PropertyValueSpecification","valueRequired":true,"valueName":"search_term_string"}}],"inLanguage":"de"}]}},"_links":{"self":[{"href":"https:\/\/padborgpark.dk\/de\/wp-json\/wp\/v2\/product\/11143","targetHints":{"allow":["GET"]}}],"collection":[{"href":"https:\/\/padborgpark.dk\/de\/wp-json\/wp\/v2\/product"}],"about":[{"href":"https:\/\/padborgpark.dk\/de\/wp-json\/wp\/v2\/types\/product"}],"replies":[{"embeddable":true,"href":"https:\/\/padborgpark.dk\/de\/wp-json\/wp\/v2\/comments?post=11143"}],"wp:featuredmedia":[{"embeddable":true,"href":"https:\/\/padborgpark.dk\/de\/wp-json\/wp\/v2\/media\/9317009990"}],"wp:attachment":[{"href":"https:\/\/padborgpark.dk\/de\/wp-json\/wp\/v2\/media?parent=11143"}],"wp:term":[{"taxonomy":"product_brand","embeddable":true,"href":"https:\/\/padborgpark.dk\/de\/wp-json\/wp\/v2\/product_brand?post=11143"},{"taxonomy":"product_cat","embeddable":true,"href":"https:\/\/padborgpark.dk\/de\/wp-json\/wp\/v2\/product_cat?post=11143"},{"taxonomy":"product_tag","embeddable":true,"href":"https:\/\/padborgpark.dk\/de\/wp-json\/wp\/v2\/product_tag?post=11143"}],"curies":[{"name":"wp","href":"https:\/\/api.w.org\/{rel}","templated":true}]}}