{"id":11157,"date":"2025-03-14T05:55:37","date_gmt":"2025-03-14T04:55:37","guid":{"rendered":"https:\/\/padborgpark.dk\/shop\/unkategorisiert\/tribune-ticket\/"},"modified":"2026-02-02T08:01:04","modified_gmt":"2026-02-02T07:01:04","slug":"tribune-ticket","status":"publish","type":"product","link":"https:\/\/padborgpark.dk\/de\/vare\/tribune-ticket\/","title":{"rendered":"Tribune ticket"},"content":{"rendered":"<p>Das Trib\u00fcnen-Ticket gilt f\u00fcr einen Tag.<\/p>\n<p>Es gibt keine festen Sitzpl\u00e4tze auf der Trib\u00fcne,<\/p>\n<p>Das Trib\u00fcnen-Ticket gilt f\u00fcr einen Tag.<\/p>\n<p>&nbsp;<\/p>\n<p>Es gibt keine festen Sitzpl\u00e4tze auf der Trib\u00fcne,<\/p>\n<p>hierf\u00fcr k\u00f6nnen Sie optional ein Sitzplatz-Ticket erwerben.<\/p>\n<p>&nbsp;<\/p>\n<p>Auch f\u00fcr Kinder ist ein Trib\u00fcnenticket erforderlich.<\/p>\n<p>&nbsp;<\/p>\n","protected":false},"excerpt":{"rendered":"<p>Das Trib\u00fcnen-Ticket gilt f\u00fcr einen Tag. Es gibt keine festen Sitzpl\u00e4tze auf der Trib\u00fcne, Das Trib\u00fcnen-Ticket gilt f\u00fcr einen Tag. &nbsp; Es gibt keine festen Sitzpl\u00e4tze auf der Trib\u00fcne, hierf\u00fcr k\u00f6nnen Sie optional ein Sitzplatz-Ticket erwerben. &nbsp; Auch f\u00fcr Kinder ist ein Trib\u00fcnenticket erforderlich. &nbsp;<\/p>\n","protected":false},"featured_media":0,"comment_status":"closed","ping_status":"closed","template":"","meta":{"_acf_changed":false,"_monsterinsights_skip_tracking":false,"_monsterinsights_sitenote_active":false,"_monsterinsights_sitenote_note":"","_monsterinsights_sitenote_category":0},"product_brand":[],"product_cat":[687],"product_tag":[],"class_list":{"0":"post-11157","1":"product","2":"type-product","3":"status-publish","5":"product_cat-tickets-fuer-rennen","7":"first","8":"outofstock","9":"taxable","10":"shipping-taxable","11":"purchasable","12":"product-type-variable"},"acf":[],"yoast_head":"<!-- This site is optimized with the Yoast SEO plugin v27.3 - https:\/\/yoast.com\/product\/yoast-seo-wordpress\/ -->\n<title>Tribune ticket - Padborg Park har bilerne og en motorbane p\u00e5 2150 meter<\/title>\n<meta name=\"description\" content=\"Trib\u00fcnenkarte Padborg Park \u2013 Kinder unter 12 Jahren ben\u00f6tigen ebenfalls eine Eintrittskarte, wenn sie auf die Trib\u00fcne m\u00f6chten. \u2013 Es muss auch eine Eintrittskarte gekauft werden.\" \/>\n<meta name=\"robots\" content=\"index, follow, max-snippet:-1, max-image-preview:large, max-video-preview:-1\" \/>\n<link rel=\"canonical\" href=\"https:\/\/padborgpark.dk\/de\/vare\/tribune-ticket\/\" \/>\n<meta property=\"og:locale\" content=\"de_DE\" \/>\n<meta property=\"og:type\" content=\"article\" \/>\n<meta property=\"og:title\" content=\"Tribune ticket - Padborg Park har bilerne og en motorbane p\u00e5 2150 meter\" \/>\n<meta property=\"og:description\" content=\"Trib\u00fcnenkarte Padborg Park \u2013 Kinder unter 12 Jahren ben\u00f6tigen ebenfalls eine Eintrittskarte, wenn sie auf die Trib\u00fcne m\u00f6chten. \u2013 Es muss auch eine Eintrittskarte gekauft werden.\" \/>\n<meta property=\"og:url\" content=\"https:\/\/padborgpark.dk\/de\/vare\/tribune-ticket\/\" \/>\n<meta property=\"og:site_name\" content=\"Padborg Park har bilerne og en motorbane p\u00e5 2150 meter\" \/>\n<meta property=\"article:publisher\" content=\"https:\/\/www.facebook.com\/PadborgPark\/\" \/>\n<meta property=\"article:modified_time\" content=\"2026-02-02T07:01:04+00:00\" \/>\n<meta name=\"twitter:label1\" content=\"Gesch\u00e4tzte Lesezeit\" \/>\n\t<meta name=\"twitter:data1\" content=\"1\u00a0Minute\" \/>\n<script type=\"application\/ld+json\" class=\"yoast-schema-graph\">{\"@context\":\"https:\\\/\\\/schema.org\",\"@graph\":[{\"@type\":\"WebPage\",\"@id\":\"https:\\\/\\\/padborgpark.dk\\\/de\\\/vare\\\/tribune-ticket\\\/\",\"url\":\"https:\\\/\\\/padborgpark.dk\\\/de\\\/vare\\\/tribune-ticket\\\/\",\"name\":\"Tribune ticket - Padborg Park har bilerne og en motorbane p\u00e5 2150 meter\",\"isPartOf\":{\"@id\":\"https:\\\/\\\/padborgpark.dk\\\/#website\"},\"datePublished\":\"2025-03-14T04:55:37+00:00\",\"dateModified\":\"2026-02-02T07:01:04+00:00\",\"description\":\"Trib\u00fcnenkarte Padborg Park \u2013 Kinder unter 12 Jahren ben\u00f6tigen ebenfalls eine Eintrittskarte, wenn sie auf die Trib\u00fcne m\u00f6chten. \u2013 Es muss auch eine Eintrittskarte gekauft werden.\",\"breadcrumb\":{\"@id\":\"https:\\\/\\\/padborgpark.dk\\\/de\\\/vare\\\/tribune-ticket\\\/#breadcrumb\"},\"inLanguage\":\"de\",\"potentialAction\":[{\"@type\":\"ReadAction\",\"target\":[\"https:\\\/\\\/padborgpark.dk\\\/de\\\/vare\\\/tribune-ticket\\\/\"]}]},{\"@type\":\"BreadcrumbList\",\"@id\":\"https:\\\/\\\/padborgpark.dk\\\/de\\\/vare\\\/tribune-ticket\\\/#breadcrumb\",\"itemListElement\":[{\"@type\":\"ListItem\",\"position\":1,\"name\":\"Gesch\u00e4ft-2\",\"item\":\"https:\\\/\\\/padborgpark.dk\\\/de\\\/geschaeft-2\\\/\"},{\"@type\":\"ListItem\",\"position\":2,\"name\":\"Tribune ticket\"}]},{\"@type\":\"WebSite\",\"@id\":\"https:\\\/\\\/padborgpark.dk\\\/#website\",\"url\":\"https:\\\/\\\/padborgpark.dk\\\/\",\"name\":\"Padborg Park har bilerne og en motorbane p\u00e5 2150 meter\",\"description\":\"\",\"potentialAction\":[{\"@type\":\"SearchAction\",\"target\":{\"@type\":\"EntryPoint\",\"urlTemplate\":\"https:\\\/\\\/padborgpark.dk\\\/?s={search_term_string}\"},\"query-input\":{\"@type\":\"PropertyValueSpecification\",\"valueRequired\":true,\"valueName\":\"search_term_string\"}}],\"inLanguage\":\"de\"}]}<\/script>\n<!-- \/ Yoast SEO plugin. -->","yoast_head_json":{"title":"Tribune ticket - Padborg Park har bilerne og en motorbane p\u00e5 2150 meter","description":"Trib\u00fcnenkarte Padborg Park \u2013 Kinder unter 12 Jahren ben\u00f6tigen ebenfalls eine Eintrittskarte, wenn sie auf die Trib\u00fcne m\u00f6chten. \u2013 Es muss auch eine Eintrittskarte gekauft werden.","robots":{"index":"index","follow":"follow","max-snippet":"max-snippet:-1","max-image-preview":"max-image-preview:large","max-video-preview":"max-video-preview:-1"},"canonical":"https:\/\/padborgpark.dk\/de\/vare\/tribune-ticket\/","og_locale":"de_DE","og_type":"article","og_title":"Tribune ticket - Padborg Park har bilerne og en motorbane p\u00e5 2150 meter","og_description":"Trib\u00fcnenkarte Padborg Park \u2013 Kinder unter 12 Jahren ben\u00f6tigen ebenfalls eine Eintrittskarte, wenn sie auf die Trib\u00fcne m\u00f6chten. \u2013 Es muss auch eine Eintrittskarte gekauft werden.","og_url":"https:\/\/padborgpark.dk\/de\/vare\/tribune-ticket\/","og_site_name":"Padborg Park har bilerne og en motorbane p\u00e5 2150 meter","article_publisher":"https:\/\/www.facebook.com\/PadborgPark\/","article_modified_time":"2026-02-02T07:01:04+00:00","twitter_misc":{"Gesch\u00e4tzte Lesezeit":"1\u00a0Minute"},"schema":{"@context":"https:\/\/schema.org","@graph":[{"@type":"WebPage","@id":"https:\/\/padborgpark.dk\/de\/vare\/tribune-ticket\/","url":"https:\/\/padborgpark.dk\/de\/vare\/tribune-ticket\/","name":"Tribune ticket - Padborg Park har bilerne og en motorbane p\u00e5 2150 meter","isPartOf":{"@id":"https:\/\/padborgpark.dk\/#website"},"datePublished":"2025-03-14T04:55:37+00:00","dateModified":"2026-02-02T07:01:04+00:00","description":"Trib\u00fcnenkarte Padborg Park \u2013 Kinder unter 12 Jahren ben\u00f6tigen ebenfalls eine Eintrittskarte, wenn sie auf die Trib\u00fcne m\u00f6chten. \u2013 Es muss auch eine Eintrittskarte gekauft werden.","breadcrumb":{"@id":"https:\/\/padborgpark.dk\/de\/vare\/tribune-ticket\/#breadcrumb"},"inLanguage":"de","potentialAction":[{"@type":"ReadAction","target":["https:\/\/padborgpark.dk\/de\/vare\/tribune-ticket\/"]}]},{"@type":"BreadcrumbList","@id":"https:\/\/padborgpark.dk\/de\/vare\/tribune-ticket\/#breadcrumb","itemListElement":[{"@type":"ListItem","position":1,"name":"Gesch\u00e4ft-2","item":"https:\/\/padborgpark.dk\/de\/geschaeft-2\/"},{"@type":"ListItem","position":2,"name":"Tribune ticket"}]},{"@type":"WebSite","@id":"https:\/\/padborgpark.dk\/#website","url":"https:\/\/padborgpark.dk\/","name":"Padborg Park har bilerne og en motorbane p\u00e5 2150 meter","description":"","potentialAction":[{"@type":"SearchAction","target":{"@type":"EntryPoint","urlTemplate":"https:\/\/padborgpark.dk\/?s={search_term_string}"},"query-input":{"@type":"PropertyValueSpecification","valueRequired":true,"valueName":"search_term_string"}}],"inLanguage":"de"}]}},"_links":{"self":[{"href":"https:\/\/padborgpark.dk\/de\/wp-json\/wp\/v2\/product\/11157","targetHints":{"allow":["GET"]}}],"collection":[{"href":"https:\/\/padborgpark.dk\/de\/wp-json\/wp\/v2\/product"}],"about":[{"href":"https:\/\/padborgpark.dk\/de\/wp-json\/wp\/v2\/types\/product"}],"replies":[{"embeddable":true,"href":"https:\/\/padborgpark.dk\/de\/wp-json\/wp\/v2\/comments?post=11157"}],"wp:attachment":[{"href":"https:\/\/padborgpark.dk\/de\/wp-json\/wp\/v2\/media?parent=11157"}],"wp:term":[{"taxonomy":"product_brand","embeddable":true,"href":"https:\/\/padborgpark.dk\/de\/wp-json\/wp\/v2\/product_brand?post=11157"},{"taxonomy":"product_cat","embeddable":true,"href":"https:\/\/padborgpark.dk\/de\/wp-json\/wp\/v2\/product_cat?post=11157"},{"taxonomy":"product_tag","embeddable":true,"href":"https:\/\/padborgpark.dk\/de\/wp-json\/wp\/v2\/product_tag?post=11157"}],"curies":[{"name":"wp","href":"https:\/\/api.w.org\/{rel}","templated":true}]}}