{"id":11242,"date":"2026-04-23T06:06:44","date_gmt":"2026-04-23T05:06:44","guid":{"rendered":"https:\/\/padborgpark.dk\/?post_type=product&#038;p=11242"},"modified":"2026-04-11T16:41:44","modified_gmt":"2026-04-11T15:41:44","slug":"tickets-fuer-die-rennwochenenden-2026-padborg-park","status":"publish","type":"product","link":"https:\/\/padborgpark.dk\/de\/vare\/tickets-fuer-die-rennwochenenden-2026-padborg-park\/","title":{"rendered":"Tickets f\u00fcr die Rennwochenenden 2026 Padborg Park"},"content":{"rendered":"<p>Tickets f\u00fcr die Rennwochenenden 2026 Padborg Park<\/p>\n<p>Zahlreiche Eintrittskarten sind an der Kasse erh\u00e4ltlich<\/p>\n<p>Kinder unter 12 Jahren in Begleitung eines Erwachsenen frei, bitte weisen Sie Ihr Geburtsdatum nach<\/p>\n<p>Trib\u00fcnentickets m\u00fcssen nur f\u00fcr den Finaltag gekauft werden, am Qualifikationstag ist die Trib\u00fcne frei.<\/p>\n<p>Trib\u00fcnenkarten m\u00fcssen auch f\u00fcr Kinder unter 12 Jahren gekauft werden.<\/p>\n<p><strong>Wenn Sie Tickets kaufen, m\u00fcssen Sie die Bestellung, die Sie hier im Webshop erhalten haben, an der Kasse vorzeigen und Sie erhalten ein Armband. <\/strong><\/p>\n<p>\u00d6ffnungszeiten des Ticketb\u00fcros:<\/p>\n<p><strong>Opening Race<\/strong><\/p>\n<p>Samstag 25 April von 07:00 bis 18:00<\/p>\n<p>Sonntag 26 April von 08:30 bis 1600<\/p>\n<p>Zeitplan (vorl\u00e4ufig) <a href=\"https:\/\/padborgpark.dk\/tidsplan-foraarsloebet-2025\/\" target=\"_blank\" rel=\"noopener\">folgt in K\u00fcrze<\/a><\/p>\n<p>&nbsp;<\/p>\n<p><strong>Nightrace<\/strong><\/p>\n<p>Freitag d. 04. september 04. September von 07:00 bis 18:00<\/p>\n<p>Samstag d. 05. september 2026 05. September von 11:00 bis 21:30<\/p>\n<p><strong>Final Race<\/strong><\/p>\n<p>Samstag d. 03. oktober 226 03. Oktober von 07:00 bis 18:00<\/p>\n<p>Sonntag d. 04. oktober 2026 04. Oktober von 08:30 bis 16:00<\/p>\n<p>&nbsp;<\/p>\n<p>Tickets f\u00fcr die Rennwochenenden 2026 Padborg Park sind auch eine tolle Geschenkidee f\u00fcr den Freund, der alles hat.<\/p>\n<p>Lesen Sie mehr \u00fcber Legend Car hier:<a href=\"https:\/\/padborgpark.dk\/motorsport\/legends-cup\/\">https:\/\/padborgpark.dk\/motorsport\/legends-cup\/<\/a><\/p>\n<p>Lesen Sie mehr \u00fcber die neue Klasse im d\u00e4nischen Motorsport <a href=\"https:\/\/www.danishsupercarleague.dk\/\" target=\"_blank\" rel=\"noopener\">D\u00e4nische Supercar-Liga<\/a><\/p>\n<p>&nbsp;<\/p>\n<div id=\"magic-how-screen-capture-overlay\"><\/div>\n<p>&nbsp;<\/p>\n<div id=\"magic-how-screen-capture-overlay\"><\/div>\n<p>&nbsp;<\/p>\n<div id=\"magic-how-screen-capture-overlay\"><\/div>\n","protected":false},"excerpt":{"rendered":"<p>Tickets f\u00fcr die Rennwochenenden 2026 Padborg Park Zahlreiche Eintrittskarten sind an der Kasse erh\u00e4ltlich Kinder unter 12 Jahren in Begleitung eines Erwachsenen frei, bitte weisen Sie Ihr Geburtsdatum nach Trib\u00fcnentickets m\u00fcssen nur f\u00fcr den Finaltag gekauft werden, am Qualifikationstag ist die Trib\u00fcne frei. Trib\u00fcnenkarten m\u00fcssen auch f\u00fcr Kinder unter 12 Jahren gekauft werden. Wenn Sie [&hellip;]<\/p>\n","protected":false},"featured_media":9317008715,"comment_status":"closed","ping_status":"closed","template":"","meta":{"_acf_changed":false,"_monsterinsights_skip_tracking":false,"_monsterinsights_sitenote_active":false,"_monsterinsights_sitenote_note":"","_monsterinsights_sitenote_category":0},"product_brand":[],"product_cat":[687],"product_tag":[901],"class_list":{"0":"post-11242","1":"product","2":"type-product","3":"status-publish","4":"has-post-thumbnail","6":"product_cat-tickets-fuer-rennen","7":"product_tag-eintrittskarten","8":"pa_billet-eintrittskarte-fuer-die-tribune-04-oktober-2026-finaleloebet","9":"pa_billet-eintrittskarte-zur-tribune-05-september-2026-nightrace","10":"pa_billet-finaleloeb-03-og-04-oktober-2026-eintrittskarte-wochenende","11":"pa_billet-finaleloeb-04-oktober-2026-eintrittskarte-fuer-der-finale-tag","12":"pa_billet-finaleloebet-03-oktober-2026-eintrittskarte-fuer-der-qualifiktions-tag","13":"pa_billet-night-race-04-og-05-september-2026-eintrittskarte-wochenende","14":"pa_billet-night-race-04-september-2026-eintrittskarte-fuer-der-qualifikations-tag","15":"pa_billet-night-race-05-september-2026-eintrittskarte-fuer-der-finale-tag","17":"first","18":"instock","19":"taxable","20":"shipping-taxable","21":"purchasable","22":"product-type-variable"},"acf":[],"yoast_head":"<!-- This site is optimized with the Yoast SEO plugin v27.3 - https:\/\/yoast.com\/product\/yoast-seo-wordpress\/ -->\n<title>Tickets f\u00fcr die Rennwochenenden 2026 Padborg Park - Padborg Park har bilerne og en motorbane p\u00e5 2150 meter<\/title>\n<meta name=\"description\" content=\"Tickets f\u00fcr die Rennwochenenden 2026 Padborg Park Kinder unter 12 Jahren in Begleitung eines Erwachsenen frei. Trib\u00fcnenkarte nur f\u00fcr die letzten Tage\" \/>\n<meta name=\"robots\" content=\"index, follow, max-snippet:-1, max-image-preview:large, max-video-preview:-1\" \/>\n<link rel=\"canonical\" href=\"https:\/\/padborgpark.dk\/de\/vare\/tickets-fuer-die-rennwochenenden-2026-padborg-park\/\" \/>\n<meta property=\"og:locale\" content=\"de_DE\" \/>\n<meta property=\"og:type\" content=\"article\" \/>\n<meta property=\"og:title\" content=\"Tickets f\u00fcr die Rennwochenenden 2026 Padborg Park - Padborg Park har bilerne og en motorbane p\u00e5 2150 meter\" \/>\n<meta property=\"og:description\" content=\"Tickets f\u00fcr die Rennwochenenden 2026 Padborg Park Kinder unter 12 Jahren in Begleitung eines Erwachsenen frei. Trib\u00fcnenkarte nur f\u00fcr die letzten Tage\" \/>\n<meta property=\"og:url\" content=\"https:\/\/padborgpark.dk\/de\/vare\/tickets-fuer-die-rennwochenenden-2026-padborg-park\/\" \/>\n<meta property=\"og:site_name\" content=\"Padborg Park har bilerne og en motorbane p\u00e5 2150 meter\" \/>\n<meta property=\"article:publisher\" content=\"https:\/\/www.facebook.com\/PadborgPark\/\" \/>\n<meta name=\"twitter:label1\" content=\"Gesch\u00e4tzte Lesezeit\" \/>\n\t<meta name=\"twitter:data1\" content=\"2\u00a0Minuten\" \/>\n<script type=\"application\/ld+json\" class=\"yoast-schema-graph\">{\"@context\":\"https:\\\/\\\/schema.org\",\"@graph\":[{\"@type\":\"WebPage\",\"@id\":\"https:\\\/\\\/padborgpark.dk\\\/de\\\/vare\\\/tickets-fuer-die-rennwochenenden-2026-padborg-park\\\/\",\"url\":\"https:\\\/\\\/padborgpark.dk\\\/de\\\/vare\\\/tickets-fuer-die-rennwochenenden-2026-padborg-park\\\/\",\"name\":\"Tickets f\u00fcr die Rennwochenenden 2026 Padborg Park - Padborg Park har bilerne og en motorbane p\u00e5 2150 meter\",\"isPartOf\":{\"@id\":\"https:\\\/\\\/padborgpark.dk\\\/#website\"},\"primaryImageOfPage\":{\"@id\":\"https:\\\/\\\/padborgpark.dk\\\/de\\\/vare\\\/tickets-fuer-die-rennwochenenden-2026-padborg-park\\\/#primaryimage\"},\"image\":{\"@id\":\"https:\\\/\\\/padborgpark.dk\\\/de\\\/vare\\\/tickets-fuer-die-rennwochenenden-2026-padborg-park\\\/#primaryimage\"},\"thumbnailUrl\":\"https:\\\/\\\/padborgpark.dk\\\/wp-content\\\/uploads\\\/2021\\\/08\\\/20210827094955128-pdf.jpg\",\"datePublished\":\"2026-04-23T05:06:44+00:00\",\"description\":\"Tickets f\u00fcr die Rennwochenenden 2026 Padborg Park Kinder unter 12 Jahren in Begleitung eines Erwachsenen frei. Trib\u00fcnenkarte nur f\u00fcr die letzten Tage\",\"breadcrumb\":{\"@id\":\"https:\\\/\\\/padborgpark.dk\\\/de\\\/vare\\\/tickets-fuer-die-rennwochenenden-2026-padborg-park\\\/#breadcrumb\"},\"inLanguage\":\"de\",\"potentialAction\":[{\"@type\":\"ReadAction\",\"target\":[\"https:\\\/\\\/padborgpark.dk\\\/de\\\/vare\\\/tickets-fuer-die-rennwochenenden-2026-padborg-park\\\/\"]}]},{\"@type\":\"ImageObject\",\"inLanguage\":\"de\",\"@id\":\"https:\\\/\\\/padborgpark.dk\\\/de\\\/vare\\\/tickets-fuer-die-rennwochenenden-2026-padborg-park\\\/#primaryimage\",\"url\":\"https:\\\/\\\/padborgpark.dk\\\/wp-content\\\/uploads\\\/2021\\\/08\\\/20210827094955128-pdf.jpg\",\"contentUrl\":\"https:\\\/\\\/padborgpark.dk\\\/wp-content\\\/uploads\\\/2021\\\/08\\\/20210827094955128-pdf.jpg\",\"caption\":\"Billetter til l\u00f8b Padborg Park\"},{\"@type\":\"BreadcrumbList\",\"@id\":\"https:\\\/\\\/padborgpark.dk\\\/de\\\/vare\\\/tickets-fuer-die-rennwochenenden-2026-padborg-park\\\/#breadcrumb\",\"itemListElement\":[{\"@type\":\"ListItem\",\"position\":1,\"name\":\"Gesch\u00e4ft-2\",\"item\":\"https:\\\/\\\/padborgpark.dk\\\/de\\\/geschaeft-2\\\/\"},{\"@type\":\"ListItem\",\"position\":2,\"name\":\"Tickets f\u00fcr die Rennwochenenden 2026 Padborg Park\"}]},{\"@type\":\"WebSite\",\"@id\":\"https:\\\/\\\/padborgpark.dk\\\/#website\",\"url\":\"https:\\\/\\\/padborgpark.dk\\\/\",\"name\":\"Padborg Park har bilerne og en motorbane p\u00e5 2150 meter\",\"description\":\"\",\"potentialAction\":[{\"@type\":\"SearchAction\",\"target\":{\"@type\":\"EntryPoint\",\"urlTemplate\":\"https:\\\/\\\/padborgpark.dk\\\/?s={search_term_string}\"},\"query-input\":{\"@type\":\"PropertyValueSpecification\",\"valueRequired\":true,\"valueName\":\"search_term_string\"}}],\"inLanguage\":\"de\"}]}<\/script>\n<!-- \/ Yoast SEO plugin. -->","yoast_head_json":{"title":"Tickets f\u00fcr die Rennwochenenden 2026 Padborg Park - Padborg Park har bilerne og en motorbane p\u00e5 2150 meter","description":"Tickets f\u00fcr die Rennwochenenden 2026 Padborg Park Kinder unter 12 Jahren in Begleitung eines Erwachsenen frei. Trib\u00fcnenkarte nur f\u00fcr die letzten Tage","robots":{"index":"index","follow":"follow","max-snippet":"max-snippet:-1","max-image-preview":"max-image-preview:large","max-video-preview":"max-video-preview:-1"},"canonical":"https:\/\/padborgpark.dk\/de\/vare\/tickets-fuer-die-rennwochenenden-2026-padborg-park\/","og_locale":"de_DE","og_type":"article","og_title":"Tickets f\u00fcr die Rennwochenenden 2026 Padborg Park - Padborg Park har bilerne og en motorbane p\u00e5 2150 meter","og_description":"Tickets f\u00fcr die Rennwochenenden 2026 Padborg Park Kinder unter 12 Jahren in Begleitung eines Erwachsenen frei. Trib\u00fcnenkarte nur f\u00fcr die letzten Tage","og_url":"https:\/\/padborgpark.dk\/de\/vare\/tickets-fuer-die-rennwochenenden-2026-padborg-park\/","og_site_name":"Padborg Park har bilerne og en motorbane p\u00e5 2150 meter","article_publisher":"https:\/\/www.facebook.com\/PadborgPark\/","twitter_misc":{"Gesch\u00e4tzte Lesezeit":"2\u00a0Minuten"},"schema":{"@context":"https:\/\/schema.org","@graph":[{"@type":"WebPage","@id":"https:\/\/padborgpark.dk\/de\/vare\/tickets-fuer-die-rennwochenenden-2026-padborg-park\/","url":"https:\/\/padborgpark.dk\/de\/vare\/tickets-fuer-die-rennwochenenden-2026-padborg-park\/","name":"Tickets f\u00fcr die Rennwochenenden 2026 Padborg Park - Padborg Park har bilerne og en motorbane p\u00e5 2150 meter","isPartOf":{"@id":"https:\/\/padborgpark.dk\/#website"},"primaryImageOfPage":{"@id":"https:\/\/padborgpark.dk\/de\/vare\/tickets-fuer-die-rennwochenenden-2026-padborg-park\/#primaryimage"},"image":{"@id":"https:\/\/padborgpark.dk\/de\/vare\/tickets-fuer-die-rennwochenenden-2026-padborg-park\/#primaryimage"},"thumbnailUrl":"https:\/\/padborgpark.dk\/wp-content\/uploads\/2021\/08\/20210827094955128-pdf.jpg","datePublished":"2026-04-23T05:06:44+00:00","description":"Tickets f\u00fcr die Rennwochenenden 2026 Padborg Park Kinder unter 12 Jahren in Begleitung eines Erwachsenen frei. Trib\u00fcnenkarte nur f\u00fcr die letzten Tage","breadcrumb":{"@id":"https:\/\/padborgpark.dk\/de\/vare\/tickets-fuer-die-rennwochenenden-2026-padborg-park\/#breadcrumb"},"inLanguage":"de","potentialAction":[{"@type":"ReadAction","target":["https:\/\/padborgpark.dk\/de\/vare\/tickets-fuer-die-rennwochenenden-2026-padborg-park\/"]}]},{"@type":"ImageObject","inLanguage":"de","@id":"https:\/\/padborgpark.dk\/de\/vare\/tickets-fuer-die-rennwochenenden-2026-padborg-park\/#primaryimage","url":"https:\/\/padborgpark.dk\/wp-content\/uploads\/2021\/08\/20210827094955128-pdf.jpg","contentUrl":"https:\/\/padborgpark.dk\/wp-content\/uploads\/2021\/08\/20210827094955128-pdf.jpg","caption":"Billetter til l\u00f8b Padborg Park"},{"@type":"BreadcrumbList","@id":"https:\/\/padborgpark.dk\/de\/vare\/tickets-fuer-die-rennwochenenden-2026-padborg-park\/#breadcrumb","itemListElement":[{"@type":"ListItem","position":1,"name":"Gesch\u00e4ft-2","item":"https:\/\/padborgpark.dk\/de\/geschaeft-2\/"},{"@type":"ListItem","position":2,"name":"Tickets f\u00fcr die Rennwochenenden 2026 Padborg Park"}]},{"@type":"WebSite","@id":"https:\/\/padborgpark.dk\/#website","url":"https:\/\/padborgpark.dk\/","name":"Padborg Park har bilerne og en motorbane p\u00e5 2150 meter","description":"","potentialAction":[{"@type":"SearchAction","target":{"@type":"EntryPoint","urlTemplate":"https:\/\/padborgpark.dk\/?s={search_term_string}"},"query-input":{"@type":"PropertyValueSpecification","valueRequired":true,"valueName":"search_term_string"}}],"inLanguage":"de"}]}},"_links":{"self":[{"href":"https:\/\/padborgpark.dk\/de\/wp-json\/wp\/v2\/product\/11242","targetHints":{"allow":["GET"]}}],"collection":[{"href":"https:\/\/padborgpark.dk\/de\/wp-json\/wp\/v2\/product"}],"about":[{"href":"https:\/\/padborgpark.dk\/de\/wp-json\/wp\/v2\/types\/product"}],"replies":[{"embeddable":true,"href":"https:\/\/padborgpark.dk\/de\/wp-json\/wp\/v2\/comments?post=11242"}],"wp:featuredmedia":[{"embeddable":true,"href":"https:\/\/padborgpark.dk\/de\/wp-json\/wp\/v2\/media\/9317008715"}],"wp:attachment":[{"href":"https:\/\/padborgpark.dk\/de\/wp-json\/wp\/v2\/media?parent=11242"}],"wp:term":[{"taxonomy":"product_brand","embeddable":true,"href":"https:\/\/padborgpark.dk\/de\/wp-json\/wp\/v2\/product_brand?post=11242"},{"taxonomy":"product_cat","embeddable":true,"href":"https:\/\/padborgpark.dk\/de\/wp-json\/wp\/v2\/product_cat?post=11242"},{"taxonomy":"product_tag","embeddable":true,"href":"https:\/\/padborgpark.dk\/de\/wp-json\/wp\/v2\/product_tag?post=11242"}],"curies":[{"name":"wp","href":"https:\/\/api.w.org\/{rel}","templated":true}]}}