{"id":8556,"date":"2023-02-01T09:55:40","date_gmt":"2023-02-01T08:55:40","guid":{"rendered":"https:\/\/padborgpark.dk\/vare\/fart-med-fornuft-kursus-for-de-17-24-aarige\/"},"modified":"2023-02-02T09:05:08","modified_gmt":"2023-02-02T08:05:08","slug":"fart-fornuft-kursus-18-24-aarige","status":"publish","type":"product","link":"https:\/\/padborgpark.dk\/de\/vare\/fart-fornuft-kursus-18-24-aarige\/","title":{"rendered":"Fart med Fornuft &#8211; kursus for de 17 &#8211; 24 \u00e5rige"},"content":{"rendered":"<h2>Fart med Fornuft &#8211; kursus for de 17 &#8211; 24 \u00e5rige.<\/h2>\n<p>Et avanceret kursus som tilbydes af Motor Sport S\u00f8nderjylland.<\/p>\n<p>&nbsp;<\/p>\n<p><strong>Ved k\u00f8b: Oplys venligst f\u00f8dselsdato i kommentarfeltet<\/strong><\/p>\n<p>Uheld kan forhindres. Det viser en udarbejdet rapport, som Motor Sport S\u00f8nderjylland offentligg\u00f8r om projektet Fart med Fornuft.<\/p>\n<p>P\u00e5 kurset vil du m\u00f8de et trafikoffer, en falckredder, politiet og en p\u00e5r\u00f8rende der har mistet et n\u00e6rt familiemedlem.<br \/>\nDu vil blive konfronteret med barske informationer, hvilket giver stof til eftertanke i trafikken.<\/p>\n<p>Ved at gennemf\u00f8re kurset, kan du b\u00e5de blive en bedre bilist, og samtidig spare penge p\u00e5 din bilforsikring.<\/p>\n<p>Husk du skal k\u00f8re i egen bil p\u00e5 kurset, eller en du har fast r\u00e5dighed over. S\u00f8rg for at bilen lever op til f\u00e6rdselslovens krav!<\/p>\n<p>Undervisning og forplejning er inkluderet i prisen.<br \/>\nEvt. v\u00e6rge skal tilk\u00f8be mad. Kontakt os for bestilling.<\/p>\n<p><strong>Oplys venligst f\u00f8dselsdato i kommentarfeltet<\/strong><\/p>\n<p><a href=\"http:\/\/www.fartmedfornuft.dk\/find-vej-til-padborg-park.html\" target=\"_blank\" rel=\"noopener\">Klik her for at l\u00e6se mere<\/a><\/p>\n","protected":false},"excerpt":{"rendered":"<p>Fart med Fornuft &#8211; kursus for de 17 &#8211; 24 \u00e5rige. Et avanceret kursus som tilbydes af Motor Sport S\u00f8nderjylland. &nbsp; Ved k\u00f8b: Oplys venligst f\u00f8dselsdato i kommentarfeltet Uheld kan forhindres. Det viser en udarbejdet rapport, som Motor Sport S\u00f8nderjylland offentligg\u00f8r om projektet Fart med Fornuft. P\u00e5 kurset vil du m\u00f8de et trafikoffer, en falckredder, [&hellip;]<\/p>\n","protected":false},"featured_media":0,"comment_status":"closed","ping_status":"closed","template":"","meta":{"_acf_changed":false,"_monsterinsights_skip_tracking":false,"_monsterinsights_sitenote_active":false,"_monsterinsights_sitenote_note":"","_monsterinsights_sitenote_category":0},"product_brand":[],"product_cat":[370],"product_tag":[],"class_list":{"0":"post-8556","1":"product","2":"type-product","3":"status-publish","5":"product_cat-koer-selv","6":"pa_fart-med-fornuft-09-13-august-2023-fart-med-fornuft","7":"pa_fart-med-fornuft-10-og-14-maj-2023-fart-med-fornuft","8":"pa_fart-med-fornuft-14-og-18-juni-2023-fart-med-fornuft","9":"pa_fart-med-fornuft-19-og-24-april-2023-fart-med-fornuft","10":"pa_fart-med-fornuft-20-og-24-september-2023-fart-med-fornuft","11":"pa_fart-med-fornuft-29-03-02-04-2023-fart-med-fornuft","13":"first","14":"instock","15":"taxable","16":"shipping-taxable","17":"purchasable","18":"product-type-variable"},"acf":[],"yoast_head":"<!-- This site is optimized with the Yoast SEO plugin v27.3 - https:\/\/yoast.com\/product\/yoast-seo-wordpress\/ -->\n<title>Fart med Fornuft - kursus for de 17 - 24 \u00e5rige - Padborg Park har bilerne og en motorbane p\u00e5 2150 meter<\/title>\n<meta name=\"description\" content=\"Fart med Fornuft - kursus for de 17 - 24 \u00e5rige Et avanceret kursus som tilbydes af Motor Sport S\u00f8nderjylland.\" \/>\n<meta name=\"robots\" content=\"index, follow, max-snippet:-1, max-image-preview:large, max-video-preview:-1\" \/>\n<link rel=\"canonical\" href=\"https:\/\/padborgpark.dk\/shop\/koer-selv\/fart-fornuft-kursus-18-24-aarige\/\" \/>\n<meta property=\"og:locale\" content=\"de_DE\" \/>\n<meta property=\"og:type\" content=\"article\" \/>\n<meta property=\"og:title\" content=\"Fart med Fornuft - kursus for de 17 - 24 \u00e5rige - Padborg Park har bilerne og en motorbane p\u00e5 2150 meter\" \/>\n<meta property=\"og:description\" content=\"Fart med Fornuft - kursus for de 17 - 24 \u00e5rige Et avanceret kursus som tilbydes af Motor Sport S\u00f8nderjylland.\" \/>\n<meta property=\"og:url\" content=\"https:\/\/padborgpark.dk\/shop\/koer-selv\/fart-fornuft-kursus-18-24-aarige\/\" \/>\n<meta property=\"og:site_name\" content=\"Padborg Park har bilerne og en motorbane p\u00e5 2150 meter\" \/>\n<meta property=\"article:publisher\" content=\"https:\/\/www.facebook.com\/PadborgPark\/\" \/>\n<meta property=\"article:modified_time\" content=\"2023-02-02T08:05:08+00:00\" \/>\n<meta name=\"twitter:label1\" content=\"Gesch\u00e4tzte Lesezeit\" \/>\n\t<meta name=\"twitter:data1\" content=\"1\u00a0Minute\" \/>\n<script type=\"application\/ld+json\" class=\"yoast-schema-graph\">{\"@context\":\"https:\\\/\\\/schema.org\",\"@graph\":[{\"@type\":\"WebPage\",\"@id\":\"https:\\\/\\\/padborgpark.dk\\\/vare\\\/fart-fornuft-kursus-18-24-aarige\\\/\",\"url\":\"https:\\\/\\\/padborgpark.dk\\\/shop\\\/koer-selv\\\/fart-fornuft-kursus-18-24-aarige\\\/\",\"name\":\"Fart med Fornuft - kursus for de 17 - 24 \u00e5rige - Padborg Park har bilerne og en motorbane p\u00e5 2150 meter\",\"isPartOf\":{\"@id\":\"https:\\\/\\\/padborgpark.dk\\\/#website\"},\"datePublished\":\"2023-02-01T08:55:40+00:00\",\"dateModified\":\"2023-02-02T08:05:08+00:00\",\"description\":\"Fart med Fornuft - kursus for de 17 - 24 \u00e5rige Et avanceret kursus som tilbydes af Motor Sport S\u00f8nderjylland.\",\"breadcrumb\":{\"@id\":\"https:\\\/\\\/padborgpark.dk\\\/shop\\\/koer-selv\\\/fart-fornuft-kursus-18-24-aarige\\\/#breadcrumb\"},\"inLanguage\":\"de\",\"potentialAction\":[{\"@type\":\"ReadAction\",\"target\":[\"https:\\\/\\\/padborgpark.dk\\\/shop\\\/koer-selv\\\/fart-fornuft-kursus-18-24-aarige\\\/\"]}]},{\"@type\":\"BreadcrumbList\",\"@id\":\"https:\\\/\\\/padborgpark.dk\\\/shop\\\/koer-selv\\\/fart-fornuft-kursus-18-24-aarige\\\/#breadcrumb\",\"itemListElement\":[{\"@type\":\"ListItem\",\"position\":1,\"name\":\"Gesch\u00e4ft-2\",\"item\":\"https:\\\/\\\/padborgpark.dk\\\/de\\\/geschaeft-2\\\/\"},{\"@type\":\"ListItem\",\"position\":2,\"name\":\"Fart med Fornuft &#8211; kursus for de 17 &#8211; 24 \u00e5rige\"}]},{\"@type\":\"WebSite\",\"@id\":\"https:\\\/\\\/padborgpark.dk\\\/#website\",\"url\":\"https:\\\/\\\/padborgpark.dk\\\/\",\"name\":\"Padborg Park har bilerne og en motorbane p\u00e5 2150 meter\",\"description\":\"\",\"potentialAction\":[{\"@type\":\"SearchAction\",\"target\":{\"@type\":\"EntryPoint\",\"urlTemplate\":\"https:\\\/\\\/padborgpark.dk\\\/?s={search_term_string}\"},\"query-input\":{\"@type\":\"PropertyValueSpecification\",\"valueRequired\":true,\"valueName\":\"search_term_string\"}}],\"inLanguage\":\"de\"}]}<\/script>\n<!-- \/ Yoast SEO plugin. -->","yoast_head_json":{"title":"Fart med Fornuft - kursus for de 17 - 24 \u00e5rige - Padborg Park har bilerne og en motorbane p\u00e5 2150 meter","description":"Fart med Fornuft - kursus for de 17 - 24 \u00e5rige Et avanceret kursus som tilbydes af Motor Sport S\u00f8nderjylland.","robots":{"index":"index","follow":"follow","max-snippet":"max-snippet:-1","max-image-preview":"max-image-preview:large","max-video-preview":"max-video-preview:-1"},"canonical":"https:\/\/padborgpark.dk\/shop\/koer-selv\/fart-fornuft-kursus-18-24-aarige\/","og_locale":"de_DE","og_type":"article","og_title":"Fart med Fornuft - kursus for de 17 - 24 \u00e5rige - Padborg Park har bilerne og en motorbane p\u00e5 2150 meter","og_description":"Fart med Fornuft - kursus for de 17 - 24 \u00e5rige Et avanceret kursus som tilbydes af Motor Sport S\u00f8nderjylland.","og_url":"https:\/\/padborgpark.dk\/shop\/koer-selv\/fart-fornuft-kursus-18-24-aarige\/","og_site_name":"Padborg Park har bilerne og en motorbane p\u00e5 2150 meter","article_publisher":"https:\/\/www.facebook.com\/PadborgPark\/","article_modified_time":"2023-02-02T08:05:08+00:00","twitter_misc":{"Gesch\u00e4tzte Lesezeit":"1\u00a0Minute"},"schema":{"@context":"https:\/\/schema.org","@graph":[{"@type":"WebPage","@id":"https:\/\/padborgpark.dk\/vare\/fart-fornuft-kursus-18-24-aarige\/","url":"https:\/\/padborgpark.dk\/shop\/koer-selv\/fart-fornuft-kursus-18-24-aarige\/","name":"Fart med Fornuft - kursus for de 17 - 24 \u00e5rige - Padborg Park har bilerne og en motorbane p\u00e5 2150 meter","isPartOf":{"@id":"https:\/\/padborgpark.dk\/#website"},"datePublished":"2023-02-01T08:55:40+00:00","dateModified":"2023-02-02T08:05:08+00:00","description":"Fart med Fornuft - kursus for de 17 - 24 \u00e5rige Et avanceret kursus som tilbydes af Motor Sport S\u00f8nderjylland.","breadcrumb":{"@id":"https:\/\/padborgpark.dk\/shop\/koer-selv\/fart-fornuft-kursus-18-24-aarige\/#breadcrumb"},"inLanguage":"de","potentialAction":[{"@type":"ReadAction","target":["https:\/\/padborgpark.dk\/shop\/koer-selv\/fart-fornuft-kursus-18-24-aarige\/"]}]},{"@type":"BreadcrumbList","@id":"https:\/\/padborgpark.dk\/shop\/koer-selv\/fart-fornuft-kursus-18-24-aarige\/#breadcrumb","itemListElement":[{"@type":"ListItem","position":1,"name":"Gesch\u00e4ft-2","item":"https:\/\/padborgpark.dk\/de\/geschaeft-2\/"},{"@type":"ListItem","position":2,"name":"Fart med Fornuft &#8211; kursus for de 17 &#8211; 24 \u00e5rige"}]},{"@type":"WebSite","@id":"https:\/\/padborgpark.dk\/#website","url":"https:\/\/padborgpark.dk\/","name":"Padborg Park har bilerne og en motorbane p\u00e5 2150 meter","description":"","potentialAction":[{"@type":"SearchAction","target":{"@type":"EntryPoint","urlTemplate":"https:\/\/padborgpark.dk\/?s={search_term_string}"},"query-input":{"@type":"PropertyValueSpecification","valueRequired":true,"valueName":"search_term_string"}}],"inLanguage":"de"}]}},"_links":{"self":[{"href":"https:\/\/padborgpark.dk\/de\/wp-json\/wp\/v2\/product\/8556","targetHints":{"allow":["GET"]}}],"collection":[{"href":"https:\/\/padborgpark.dk\/de\/wp-json\/wp\/v2\/product"}],"about":[{"href":"https:\/\/padborgpark.dk\/de\/wp-json\/wp\/v2\/types\/product"}],"replies":[{"embeddable":true,"href":"https:\/\/padborgpark.dk\/de\/wp-json\/wp\/v2\/comments?post=8556"}],"wp:attachment":[{"href":"https:\/\/padborgpark.dk\/de\/wp-json\/wp\/v2\/media?parent=8556"}],"wp:term":[{"taxonomy":"product_brand","embeddable":true,"href":"https:\/\/padborgpark.dk\/de\/wp-json\/wp\/v2\/product_brand?post=8556"},{"taxonomy":"product_cat","embeddable":true,"href":"https:\/\/padborgpark.dk\/de\/wp-json\/wp\/v2\/product_cat?post=8556"},{"taxonomy":"product_tag","embeddable":true,"href":"https:\/\/padborgpark.dk\/de\/wp-json\/wp\/v2\/product_tag?post=8556"}],"curies":[{"name":"wp","href":"https:\/\/api.w.org\/{rel}","templated":true}]}}