{"id":9317010771,"date":"2026-03-30T06:55:40","date_gmt":"2026-03-30T05:55:40","guid":{"rendered":"https:\/\/padborgpark.dk\/vare\/leje-af-padborg-park-hverdag-1600-2000\/"},"modified":"2026-03-30T13:42:27","modified_gmt":"2026-03-30T12:42:27","slug":"hverdag-1600-2000","status":"publish","type":"product","link":"https:\/\/padborgpark.dk\/de\/vare\/hverdag-1600-2000\/","title":{"rendered":"Vermietung von Padborg Park<\/h2><h2>  werktags 16:00 &#8211; 20:00<\/h2>"},"content":{"rendered":"<p>Vermietung von Padborg Park t\u00e4glich von 1600 bis 2000<\/p>\n<p>Je nach Anzahl der Fahrzeuge auf der Strecke kann der maximale L\u00e4rmpegel beim \u00dcberholen bis zu 99 dB betragen. Beim \u00dcberholen nach 18.00 Uhr jedoch nur 89 dB.<\/p>\n<p>&nbsp;<\/p>\n<p>Um die Strecke zu mieten kontaktieren Sie uns bitte pr. E-mail<\/p>\n<p>&nbsp;<\/p>\n<p>info@padborgpark.dk<\/p>\n<p>&nbsp;<\/p>\n","protected":false},"excerpt":{"rendered":"<p>Vermietung von Padborg Park t\u00e4glich von 1600 bis 2000 Je nach Anzahl der Fahrzeuge auf der Strecke kann der maximale L\u00e4rmpegel beim \u00dcberholen bis zu 99 dB betragen. Beim \u00dcberholen nach 18.00 Uhr jedoch nur 89 dB. &nbsp; Um die Strecke zu mieten kontaktieren Sie uns bitte pr. E-mail &nbsp; info@padborgpark.dk &nbsp;<\/p>\n","protected":false},"featured_media":8594,"comment_status":"closed","ping_status":"closed","template":"","meta":{"_acf_changed":false,"_monsterinsights_skip_tracking":false,"_monsterinsights_sitenote_active":false,"_monsterinsights_sitenote_note":"","_monsterinsights_sitenote_category":0},"product_brand":[],"product_cat":[686],"product_tag":[],"class_list":{"0":"post-9317010771","1":"product","2":"type-product","3":"status-publish","4":"has-post-thumbnail","6":"product_cat-vermietung-vom-padborg-park","8":"first","9":"instock","10":"taxable","11":"shipping-taxable","12":"purchasable","13":"product-type-simple"},"acf":[],"yoast_head":"<!-- This site is optimized with the Yoast SEO plugin v27.3 - https:\/\/yoast.com\/product\/yoast-seo-wordpress\/ -->\n<title>Vermietung von Padborg Park werktags 16:00 - 20:00 - test<\/title>\n<meta name=\"description\" content=\"Vermietung von Padborg Park werktags von 1600 bis 2000 Abh\u00e4ngig von der Anzahl der Fahrzeuge auf der Strecke kann der maximale L\u00e4rmpegel bei der Vorbeifahrt bis zu 99 dB betragen.\" \/>\n<meta name=\"robots\" content=\"index, follow, max-snippet:-1, max-image-preview:large, max-video-preview:-1\" \/>\n<link rel=\"canonical\" href=\"https:\/\/padborgpark.dk\/de\/vare\/hverdag-1600-2000\/\" \/>\n<meta property=\"og:locale\" content=\"de_DE\" \/>\n<meta property=\"og:type\" content=\"article\" \/>\n<meta property=\"og:title\" content=\"Vermietung von Padborg Park werktags 16:00 - 20:00 - test\" \/>\n<meta property=\"og:description\" content=\"Vermietung von Padborg Park werktags von 1600 bis 2000 Abh\u00e4ngig von der Anzahl der Fahrzeuge auf der Strecke kann der maximale L\u00e4rmpegel bei der Vorbeifahrt bis zu 99 dB betragen.\" \/>\n<meta property=\"og:url\" content=\"https:\/\/padborgpark.dk\/de\/vare\/hverdag-1600-2000\/\" \/>\n<meta property=\"og:site_name\" content=\"Padborg Park har bilerne og en motorbane p\u00e5 2150 meter\" \/>\n<meta property=\"article:publisher\" content=\"https:\/\/www.facebook.com\/PadborgPark\/\" \/>\n<meta property=\"article:modified_time\" content=\"2026-03-30T12:42:27+00:00\" \/>\n<meta name=\"twitter:label1\" content=\"Gesch\u00e4tzte Lesezeit\" \/>\n\t<meta name=\"twitter:data1\" content=\"1\u00a0Minute\" \/>\n<script type=\"application\/ld+json\" class=\"yoast-schema-graph\">{\"@context\":\"https:\\\/\\\/schema.org\",\"@graph\":[{\"@type\":\"WebPage\",\"@id\":\"https:\\\/\\\/padborgpark.dk\\\/de\\\/vare\\\/hverdag-1600-2000\\\/\",\"url\":\"https:\\\/\\\/padborgpark.dk\\\/de\\\/vare\\\/hverdag-1600-2000\\\/\",\"name\":\"Vermietung von Padborg Park werktags 16:00 - 20:00 - test\",\"isPartOf\":{\"@id\":\"https:\\\/\\\/padborgpark.dk\\\/#website\"},\"primaryImageOfPage\":{\"@id\":\"https:\\\/\\\/padborgpark.dk\\\/de\\\/vare\\\/hverdag-1600-2000\\\/#primaryimage\"},\"image\":{\"@id\":\"https:\\\/\\\/padborgpark.dk\\\/de\\\/vare\\\/hverdag-1600-2000\\\/#primaryimage\"},\"thumbnailUrl\":\"https:\\\/\\\/padborgpark.dk\\\/wp-content\\\/uploads\\\/2021\\\/01\\\/BanenPadborgPark3.jpg\",\"datePublished\":\"2026-03-30T05:55:40+00:00\",\"dateModified\":\"2026-03-30T12:42:27+00:00\",\"description\":\"Vermietung von Padborg Park werktags von 1600 bis 2000 Abh\u00e4ngig von der Anzahl der Fahrzeuge auf der Strecke kann der maximale L\u00e4rmpegel bei der Vorbeifahrt bis zu 99 dB betragen.\",\"breadcrumb\":{\"@id\":\"https:\\\/\\\/padborgpark.dk\\\/de\\\/vare\\\/hverdag-1600-2000\\\/#breadcrumb\"},\"inLanguage\":\"de\",\"potentialAction\":[{\"@type\":\"ReadAction\",\"target\":[\"https:\\\/\\\/padborgpark.dk\\\/de\\\/vare\\\/hverdag-1600-2000\\\/\"]}]},{\"@type\":\"ImageObject\",\"inLanguage\":\"de\",\"@id\":\"https:\\\/\\\/padborgpark.dk\\\/de\\\/vare\\\/hverdag-1600-2000\\\/#primaryimage\",\"url\":\"https:\\\/\\\/padborgpark.dk\\\/wp-content\\\/uploads\\\/2021\\\/01\\\/BanenPadborgPark3.jpg\",\"contentUrl\":\"https:\\\/\\\/padborgpark.dk\\\/wp-content\\\/uploads\\\/2021\\\/01\\\/BanenPadborgPark3.jpg\",\"width\":715,\"height\":395,\"caption\":\"Baneskitse\"},{\"@type\":\"BreadcrumbList\",\"@id\":\"https:\\\/\\\/padborgpark.dk\\\/de\\\/vare\\\/hverdag-1600-2000\\\/#breadcrumb\",\"itemListElement\":[{\"@type\":\"ListItem\",\"position\":1,\"name\":\"Gesch\u00e4ft-2\",\"item\":\"https:\\\/\\\/padborgpark.dk\\\/de\\\/geschaeft-2\\\/\"},{\"@type\":\"ListItem\",\"position\":2,\"name\":\"Vermietung von Padborg Park werktags 16:00 &#8211; 20:00\"}]},{\"@type\":\"WebSite\",\"@id\":\"https:\\\/\\\/padborgpark.dk\\\/#website\",\"url\":\"https:\\\/\\\/padborgpark.dk\\\/\",\"name\":\"Padborg Park har bilerne og en motorbane p\u00e5 2150 meter\",\"description\":\"\",\"potentialAction\":[{\"@type\":\"SearchAction\",\"target\":{\"@type\":\"EntryPoint\",\"urlTemplate\":\"https:\\\/\\\/padborgpark.dk\\\/?s={search_term_string}\"},\"query-input\":{\"@type\":\"PropertyValueSpecification\",\"valueRequired\":true,\"valueName\":\"search_term_string\"}}],\"inLanguage\":\"de\"}]}<\/script>\n<!-- \/ Yoast SEO plugin. -->","yoast_head_json":{"title":"Vermietung von Padborg Park werktags 16:00 - 20:00 - test","description":"Vermietung von Padborg Park werktags von 1600 bis 2000 Abh\u00e4ngig von der Anzahl der Fahrzeuge auf der Strecke kann der maximale L\u00e4rmpegel bei der Vorbeifahrt bis zu 99 dB betragen.","robots":{"index":"index","follow":"follow","max-snippet":"max-snippet:-1","max-image-preview":"max-image-preview:large","max-video-preview":"max-video-preview:-1"},"canonical":"https:\/\/padborgpark.dk\/de\/vare\/hverdag-1600-2000\/","og_locale":"de_DE","og_type":"article","og_title":"Vermietung von Padborg Park werktags 16:00 - 20:00 - test","og_description":"Vermietung von Padborg Park werktags von 1600 bis 2000 Abh\u00e4ngig von der Anzahl der Fahrzeuge auf der Strecke kann der maximale L\u00e4rmpegel bei der Vorbeifahrt bis zu 99 dB betragen.","og_url":"https:\/\/padborgpark.dk\/de\/vare\/hverdag-1600-2000\/","og_site_name":"Padborg Park har bilerne og en motorbane p\u00e5 2150 meter","article_publisher":"https:\/\/www.facebook.com\/PadborgPark\/","article_modified_time":"2026-03-30T12:42:27+00:00","twitter_misc":{"Gesch\u00e4tzte Lesezeit":"1\u00a0Minute"},"schema":{"@context":"https:\/\/schema.org","@graph":[{"@type":"WebPage","@id":"https:\/\/padborgpark.dk\/de\/vare\/hverdag-1600-2000\/","url":"https:\/\/padborgpark.dk\/de\/vare\/hverdag-1600-2000\/","name":"Vermietung von Padborg Park werktags 16:00 - 20:00 - test","isPartOf":{"@id":"https:\/\/padborgpark.dk\/#website"},"primaryImageOfPage":{"@id":"https:\/\/padborgpark.dk\/de\/vare\/hverdag-1600-2000\/#primaryimage"},"image":{"@id":"https:\/\/padborgpark.dk\/de\/vare\/hverdag-1600-2000\/#primaryimage"},"thumbnailUrl":"https:\/\/padborgpark.dk\/wp-content\/uploads\/2021\/01\/BanenPadborgPark3.jpg","datePublished":"2026-03-30T05:55:40+00:00","dateModified":"2026-03-30T12:42:27+00:00","description":"Vermietung von Padborg Park werktags von 1600 bis 2000 Abh\u00e4ngig von der Anzahl der Fahrzeuge auf der Strecke kann der maximale L\u00e4rmpegel bei der Vorbeifahrt bis zu 99 dB betragen.","breadcrumb":{"@id":"https:\/\/padborgpark.dk\/de\/vare\/hverdag-1600-2000\/#breadcrumb"},"inLanguage":"de","potentialAction":[{"@type":"ReadAction","target":["https:\/\/padborgpark.dk\/de\/vare\/hverdag-1600-2000\/"]}]},{"@type":"ImageObject","inLanguage":"de","@id":"https:\/\/padborgpark.dk\/de\/vare\/hverdag-1600-2000\/#primaryimage","url":"https:\/\/padborgpark.dk\/wp-content\/uploads\/2021\/01\/BanenPadborgPark3.jpg","contentUrl":"https:\/\/padborgpark.dk\/wp-content\/uploads\/2021\/01\/BanenPadborgPark3.jpg","width":715,"height":395,"caption":"Baneskitse"},{"@type":"BreadcrumbList","@id":"https:\/\/padborgpark.dk\/de\/vare\/hverdag-1600-2000\/#breadcrumb","itemListElement":[{"@type":"ListItem","position":1,"name":"Gesch\u00e4ft-2","item":"https:\/\/padborgpark.dk\/de\/geschaeft-2\/"},{"@type":"ListItem","position":2,"name":"Vermietung von Padborg Park werktags 16:00 &#8211; 20:00"}]},{"@type":"WebSite","@id":"https:\/\/padborgpark.dk\/#website","url":"https:\/\/padborgpark.dk\/","name":"Padborg Park har bilerne og en motorbane p\u00e5 2150 meter","description":"","potentialAction":[{"@type":"SearchAction","target":{"@type":"EntryPoint","urlTemplate":"https:\/\/padborgpark.dk\/?s={search_term_string}"},"query-input":{"@type":"PropertyValueSpecification","valueRequired":true,"valueName":"search_term_string"}}],"inLanguage":"de"}]}},"_links":{"self":[{"href":"https:\/\/padborgpark.dk\/de\/wp-json\/wp\/v2\/product\/9317010771","targetHints":{"allow":["GET"]}}],"collection":[{"href":"https:\/\/padborgpark.dk\/de\/wp-json\/wp\/v2\/product"}],"about":[{"href":"https:\/\/padborgpark.dk\/de\/wp-json\/wp\/v2\/types\/product"}],"replies":[{"embeddable":true,"href":"https:\/\/padborgpark.dk\/de\/wp-json\/wp\/v2\/comments?post=9317010771"}],"wp:featuredmedia":[{"embeddable":true,"href":"https:\/\/padborgpark.dk\/de\/wp-json\/wp\/v2\/media\/8594"}],"wp:attachment":[{"href":"https:\/\/padborgpark.dk\/de\/wp-json\/wp\/v2\/media?parent=9317010771"}],"wp:term":[{"taxonomy":"product_brand","embeddable":true,"href":"https:\/\/padborgpark.dk\/de\/wp-json\/wp\/v2\/product_brand?post=9317010771"},{"taxonomy":"product_cat","embeddable":true,"href":"https:\/\/padborgpark.dk\/de\/wp-json\/wp\/v2\/product_cat?post=9317010771"},{"taxonomy":"product_tag","embeddable":true,"href":"https:\/\/padborgpark.dk\/de\/wp-json\/wp\/v2\/product_tag?post=9317010771"}],"curies":[{"name":"wp","href":"https:\/\/api.w.org\/{rel}","templated":true}]}}