{"id":9317010772,"date":"2026-02-02T08:55:40","date_gmt":"2026-02-02T07:55:40","guid":{"rendered":"https:\/\/padborgpark.dk\/vare\/leje-af-padborg-park-hverdag-0800-1600\/"},"modified":"2026-03-30T13:50:13","modified_gmt":"2026-03-30T12:50:13","slug":"hverdag-0800-1600-2","status":"publish","type":"product","link":"https:\/\/padborgpark.dk\/de\/vare\/hverdag-0800-1600-2\/","title":{"rendered":"Vermietung von Padborg Park <\/h2><h2> werktags 08:00 &#8211; 16:00<\/h2>"},"content":{"rendered":"<p>Vermietung von Padborg Park werktags 0800 &#8211; 1600<\/p>\n<p>Je nach Anzahl der Fahrzeuge auf der Strecke kann der maximale L\u00e4rmpegel beim \u00dcberholen bis zu 99 dB betragen.<\/p>\n<p>&nbsp;<\/p>\n<p>Wenn Sie die Strecke mieten m\u00f6chten, kontaktieren Sie uns bitte unter Tel. 74 60 8093 oder per E-Mail an info@padborgpark.dk.<\/p>\n<p>&nbsp;<\/p>\n<p>Miete der Rennstrecke f\u00fcr einen Motorsporttag &#8211; kann Dienstag\/Mittwoch\/Samstag durchgef\u00fchrt werden und kostet DKK 35.000,00 exkl. MwSt. <\/p>\n<p>&nbsp;<\/p>\n","protected":false},"excerpt":{"rendered":"<p>Vermietung von Padborg Park werktags 0800 &#8211; 1600 Je nach Anzahl der Fahrzeuge auf der Strecke kann der maximale L\u00e4rmpegel beim \u00dcberholen bis zu 99 dB betragen. &nbsp; Wenn Sie die Strecke mieten m\u00f6chten, kontaktieren Sie uns bitte unter Tel. 74 60 8093 oder per E-Mail an info@padborgpark.dk. &nbsp; Miete der Rennstrecke f\u00fcr einen Motorsporttag [&hellip;]<\/p>\n","protected":false},"featured_media":8591,"comment_status":"closed","ping_status":"closed","template":"","meta":{"_acf_changed":false,"_monsterinsights_skip_tracking":false,"_monsterinsights_sitenote_active":false,"_monsterinsights_sitenote_note":"","_monsterinsights_sitenote_category":0},"product_brand":[],"product_cat":[686],"product_tag":[],"class_list":{"0":"post-9317010772","1":"product","2":"type-product","3":"status-publish","4":"has-post-thumbnail","6":"product_cat-vermietung-vom-padborg-park","8":"first","9":"instock","10":"taxable","11":"shipping-taxable","12":"purchasable","13":"product-type-simple"},"acf":[],"yoast_head":"<!-- This site is optimized with the Yoast SEO plugin v27.3 - https:\/\/yoast.com\/product\/yoast-seo-wordpress\/ -->\n<title>Vermietung von Padborg Park werktags 0800 - 1600<\/title>\n<meta name=\"description\" content=\"Padborg Parkvermietung wochentags 0800 - 1600 Je nach Anzahl der Fahrzeuge auf der Strecke kann der maximale L\u00e4rmpegel beim \u00dcberholen bis zu 99 dB betragen.\" \/>\n<meta name=\"robots\" content=\"index, follow, max-snippet:-1, max-image-preview:large, max-video-preview:-1\" \/>\n<link rel=\"canonical\" href=\"https:\/\/padborgpark.dk\/de\/vare\/hverdag-0800-1600-2\/\" \/>\n<meta property=\"og:locale\" content=\"de_DE\" \/>\n<meta property=\"og:type\" content=\"article\" \/>\n<meta property=\"og:title\" content=\"Vermietung von Padborg Park werktags 0800 - 1600\" \/>\n<meta property=\"og:description\" content=\"Padborg Parkvermietung wochentags 0800 - 1600 Je nach Anzahl der Fahrzeuge auf der Strecke kann der maximale L\u00e4rmpegel beim \u00dcberholen bis zu 99 dB betragen.\" \/>\n<meta property=\"og:url\" content=\"https:\/\/padborgpark.dk\/de\/vare\/hverdag-0800-1600-2\/\" \/>\n<meta property=\"og:site_name\" content=\"Padborg Park har bilerne og en motorbane p\u00e5 2150 meter\" \/>\n<meta property=\"article:publisher\" content=\"https:\/\/www.facebook.com\/PadborgPark\/\" \/>\n<meta property=\"article:modified_time\" content=\"2026-03-30T12:50:13+00:00\" \/>\n<script type=\"application\/ld+json\" class=\"yoast-schema-graph\">{\"@context\":\"https:\\\/\\\/schema.org\",\"@graph\":[{\"@type\":\"WebPage\",\"@id\":\"https:\\\/\\\/padborgpark.dk\\\/de\\\/vare\\\/hverdag-0800-1600-2\\\/\",\"url\":\"https:\\\/\\\/padborgpark.dk\\\/de\\\/vare\\\/hverdag-0800-1600-2\\\/\",\"name\":\"Vermietung von Padborg Park werktags 0800 - 1600\",\"isPartOf\":{\"@id\":\"https:\\\/\\\/padborgpark.dk\\\/#website\"},\"primaryImageOfPage\":{\"@id\":\"https:\\\/\\\/padborgpark.dk\\\/de\\\/vare\\\/hverdag-0800-1600-2\\\/#primaryimage\"},\"image\":{\"@id\":\"https:\\\/\\\/padborgpark.dk\\\/de\\\/vare\\\/hverdag-0800-1600-2\\\/#primaryimage\"},\"thumbnailUrl\":\"https:\\\/\\\/padborgpark.dk\\\/wp-content\\\/uploads\\\/2021\\\/01\\\/BanenPadborgParkLuftfoto1.jpg\",\"datePublished\":\"2026-02-02T07:55:40+00:00\",\"dateModified\":\"2026-03-30T12:50:13+00:00\",\"description\":\"Padborg Parkvermietung wochentags 0800 - 1600 Je nach Anzahl der Fahrzeuge auf der Strecke kann der maximale L\u00e4rmpegel beim \u00dcberholen bis zu 99 dB betragen.\",\"breadcrumb\":{\"@id\":\"https:\\\/\\\/padborgpark.dk\\\/de\\\/vare\\\/hverdag-0800-1600-2\\\/#breadcrumb\"},\"inLanguage\":\"de\",\"potentialAction\":[{\"@type\":\"ReadAction\",\"target\":[\"https:\\\/\\\/padborgpark.dk\\\/de\\\/vare\\\/hverdag-0800-1600-2\\\/\"]}]},{\"@type\":\"ImageObject\",\"inLanguage\":\"de\",\"@id\":\"https:\\\/\\\/padborgpark.dk\\\/de\\\/vare\\\/hverdag-0800-1600-2\\\/#primaryimage\",\"url\":\"https:\\\/\\\/padborgpark.dk\\\/wp-content\\\/uploads\\\/2021\\\/01\\\/BanenPadborgParkLuftfoto1.jpg\",\"contentUrl\":\"https:\\\/\\\/padborgpark.dk\\\/wp-content\\\/uploads\\\/2021\\\/01\\\/BanenPadborgParkLuftfoto1.jpg\",\"width\":715,\"height\":328,\"caption\":\"BanenPadborgParkLuftfoto1\"},{\"@type\":\"BreadcrumbList\",\"@id\":\"https:\\\/\\\/padborgpark.dk\\\/de\\\/vare\\\/hverdag-0800-1600-2\\\/#breadcrumb\",\"itemListElement\":[{\"@type\":\"ListItem\",\"position\":1,\"name\":\"Gesch\u00e4ft-2\",\"item\":\"https:\\\/\\\/padborgpark.dk\\\/de\\\/geschaeft-2\\\/\"},{\"@type\":\"ListItem\",\"position\":2,\"name\":\"Vermietung von Padborg Park werktags 08:00 &#8211; 16:00\"}]},{\"@type\":\"WebSite\",\"@id\":\"https:\\\/\\\/padborgpark.dk\\\/#website\",\"url\":\"https:\\\/\\\/padborgpark.dk\\\/\",\"name\":\"Padborg Park har bilerne og en motorbane p\u00e5 2150 meter\",\"description\":\"\",\"potentialAction\":[{\"@type\":\"SearchAction\",\"target\":{\"@type\":\"EntryPoint\",\"urlTemplate\":\"https:\\\/\\\/padborgpark.dk\\\/?s={search_term_string}\"},\"query-input\":{\"@type\":\"PropertyValueSpecification\",\"valueRequired\":true,\"valueName\":\"search_term_string\"}}],\"inLanguage\":\"de\"}]}<\/script>\n<!-- \/ Yoast SEO plugin. -->","yoast_head_json":{"title":"Vermietung von Padborg Park werktags 0800 - 1600","description":"Padborg Parkvermietung wochentags 0800 - 1600 Je nach Anzahl der Fahrzeuge auf der Strecke kann der maximale L\u00e4rmpegel beim \u00dcberholen bis zu 99 dB betragen.","robots":{"index":"index","follow":"follow","max-snippet":"max-snippet:-1","max-image-preview":"max-image-preview:large","max-video-preview":"max-video-preview:-1"},"canonical":"https:\/\/padborgpark.dk\/de\/vare\/hverdag-0800-1600-2\/","og_locale":"de_DE","og_type":"article","og_title":"Vermietung von Padborg Park werktags 0800 - 1600","og_description":"Padborg Parkvermietung wochentags 0800 - 1600 Je nach Anzahl der Fahrzeuge auf der Strecke kann der maximale L\u00e4rmpegel beim \u00dcberholen bis zu 99 dB betragen.","og_url":"https:\/\/padborgpark.dk\/de\/vare\/hverdag-0800-1600-2\/","og_site_name":"Padborg Park har bilerne og en motorbane p\u00e5 2150 meter","article_publisher":"https:\/\/www.facebook.com\/PadborgPark\/","article_modified_time":"2026-03-30T12:50:13+00:00","schema":{"@context":"https:\/\/schema.org","@graph":[{"@type":"WebPage","@id":"https:\/\/padborgpark.dk\/de\/vare\/hverdag-0800-1600-2\/","url":"https:\/\/padborgpark.dk\/de\/vare\/hverdag-0800-1600-2\/","name":"Vermietung von Padborg Park werktags 0800 - 1600","isPartOf":{"@id":"https:\/\/padborgpark.dk\/#website"},"primaryImageOfPage":{"@id":"https:\/\/padborgpark.dk\/de\/vare\/hverdag-0800-1600-2\/#primaryimage"},"image":{"@id":"https:\/\/padborgpark.dk\/de\/vare\/hverdag-0800-1600-2\/#primaryimage"},"thumbnailUrl":"https:\/\/padborgpark.dk\/wp-content\/uploads\/2021\/01\/BanenPadborgParkLuftfoto1.jpg","datePublished":"2026-02-02T07:55:40+00:00","dateModified":"2026-03-30T12:50:13+00:00","description":"Padborg Parkvermietung wochentags 0800 - 1600 Je nach Anzahl der Fahrzeuge auf der Strecke kann der maximale L\u00e4rmpegel beim \u00dcberholen bis zu 99 dB betragen.","breadcrumb":{"@id":"https:\/\/padborgpark.dk\/de\/vare\/hverdag-0800-1600-2\/#breadcrumb"},"inLanguage":"de","potentialAction":[{"@type":"ReadAction","target":["https:\/\/padborgpark.dk\/de\/vare\/hverdag-0800-1600-2\/"]}]},{"@type":"ImageObject","inLanguage":"de","@id":"https:\/\/padborgpark.dk\/de\/vare\/hverdag-0800-1600-2\/#primaryimage","url":"https:\/\/padborgpark.dk\/wp-content\/uploads\/2021\/01\/BanenPadborgParkLuftfoto1.jpg","contentUrl":"https:\/\/padborgpark.dk\/wp-content\/uploads\/2021\/01\/BanenPadborgParkLuftfoto1.jpg","width":715,"height":328,"caption":"BanenPadborgParkLuftfoto1"},{"@type":"BreadcrumbList","@id":"https:\/\/padborgpark.dk\/de\/vare\/hverdag-0800-1600-2\/#breadcrumb","itemListElement":[{"@type":"ListItem","position":1,"name":"Gesch\u00e4ft-2","item":"https:\/\/padborgpark.dk\/de\/geschaeft-2\/"},{"@type":"ListItem","position":2,"name":"Vermietung von Padborg Park werktags 08:00 &#8211; 16:00"}]},{"@type":"WebSite","@id":"https:\/\/padborgpark.dk\/#website","url":"https:\/\/padborgpark.dk\/","name":"Padborg Park har bilerne og en motorbane p\u00e5 2150 meter","description":"","potentialAction":[{"@type":"SearchAction","target":{"@type":"EntryPoint","urlTemplate":"https:\/\/padborgpark.dk\/?s={search_term_string}"},"query-input":{"@type":"PropertyValueSpecification","valueRequired":true,"valueName":"search_term_string"}}],"inLanguage":"de"}]}},"_links":{"self":[{"href":"https:\/\/padborgpark.dk\/de\/wp-json\/wp\/v2\/product\/9317010772","targetHints":{"allow":["GET"]}}],"collection":[{"href":"https:\/\/padborgpark.dk\/de\/wp-json\/wp\/v2\/product"}],"about":[{"href":"https:\/\/padborgpark.dk\/de\/wp-json\/wp\/v2\/types\/product"}],"replies":[{"embeddable":true,"href":"https:\/\/padborgpark.dk\/de\/wp-json\/wp\/v2\/comments?post=9317010772"}],"wp:featuredmedia":[{"embeddable":true,"href":"https:\/\/padborgpark.dk\/de\/wp-json\/wp\/v2\/media\/8591"}],"wp:attachment":[{"href":"https:\/\/padborgpark.dk\/de\/wp-json\/wp\/v2\/media?parent=9317010772"}],"wp:term":[{"taxonomy":"product_brand","embeddable":true,"href":"https:\/\/padborgpark.dk\/de\/wp-json\/wp\/v2\/product_brand?post=9317010772"},{"taxonomy":"product_cat","embeddable":true,"href":"https:\/\/padborgpark.dk\/de\/wp-json\/wp\/v2\/product_cat?post=9317010772"},{"taxonomy":"product_tag","embeddable":true,"href":"https:\/\/padborgpark.dk\/de\/wp-json\/wp\/v2\/product_tag?post=9317010772"}],"curies":[{"name":"wp","href":"https:\/\/api.w.org\/{rel}","templated":true}]}}