{"id":9317011210,"date":"2026-03-23T05:55:37","date_gmt":"2026-03-23T04:55:37","guid":{"rendered":"https:\/\/padborgpark.dk\/vare\/trackday-den-ganzen-tag-8-16\/"},"modified":"2026-02-09T13:31:03","modified_gmt":"2026-02-09T12:31:03","slug":"padborg-park-trackday-den-ganzen-tag-8-16","status":"publish","type":"product","link":"https:\/\/padborgpark.dk\/de\/vare\/padborg-park-trackday-den-ganzen-tag-8-16\/","title":{"rendered":"Trackday den ganzen Tag 8-16"},"content":{"rendered":"<p>Trackday den ganzen Tag 8-16 im Padborg Park ist f\u00fcr diejenigen, die ihre eigenen Grenzen sowie die Grenzen ihres Autos kennen lernen wollen.<\/p>\n<p>Wer kann mitmachen? Alle, die ein besserer Fahrer werden und spielerisch und sicher die M\u00f6glichkeiten des eigenen Autos erkunden m\u00f6chten.<\/p>\n<p>F\u00fchrerschein und Sturzhelm sind erforderlich Rennwagen d\u00fcrfen nicht teilnehmen<\/p>\n<p>Dauer von 0800 &#8211; 1600<\/p>\n<p>Die Teilnahme kostet 1400,- ( EURO 190,00 ) f\u00fcr Autos mit und ohne Nummernschilder<\/p>\n<p>&nbsp;<\/p>\n<p>Es kostet DKK 450 pro zus\u00e4tzlicher Fahrer\/Beifahrer im Auto<\/p>\n<p>Die Preise sind inkl 1 Mittagsessen<\/p>\n<p>W\u00e4hlen Sie den untenstehenden Link, um die Teilnahme f\u00fcr zus\u00e4tzliche Fahrer\/Passagiere zu buchen<\/p>\n<p><a href=\"https:\/\/padborgpark.dk\/vare\/ekstra-chauffoer-trackday\/\">https:\/\/padborgpark.dk\/shop\/trackday-kurser\/ekstra-chauffoer-trackday\/<\/a><\/p>\n<p>&nbsp;<\/p>\n<p>Trackday ganzt\u00e4gig 8-16, Artikelpreis dkr 1400.00<\/p>\n<p>Bei Barzahlung in Euro betr\u00e4gt der Preis Euro 190,00<\/p>\n<p>Stornierungen k\u00f6nnen bis zu 5 Tage vor der Veranstaltung vorgenommen werden.<\/p>\n<p>Wenn Sie einfach nur Motorsport lieben, besuchen Sie unsere neue Promoterklasse<a href=\"https:\/\/www.danishsupercarleague.dk\/\" target=\"_blank\" rel=\"noopener\">: Danish Supercar League<\/a><\/p>\n","protected":false},"excerpt":{"rendered":"<p>Trackday den ganzen Tag 8-16 im Padborg Park ist f\u00fcr diejenigen, die ihre eigenen Grenzen sowie die Grenzen ihres Autos kennen lernen wollen. Wer kann mitmachen? Alle, die ein besserer Fahrer werden und spielerisch und sicher die M\u00f6glichkeiten des eigenen Autos erkunden m\u00f6chten. F\u00fchrerschein und Sturzhelm sind erforderlich Rennwagen d\u00fcrfen nicht teilnehmen Dauer von 0800 [&hellip;]<\/p>\n","protected":false},"featured_media":9317012798,"comment_status":"closed","ping_status":"closed","template":"","meta":{"_acf_changed":false,"_monsterinsights_skip_tracking":false,"_monsterinsights_sitenote_active":false,"_monsterinsights_sitenote_note":"","_monsterinsights_sitenote_category":0},"product_brand":[],"product_cat":[669,678],"product_tag":[],"class_list":{"0":"post-9317011210","1":"product","2":"type-product","3":"status-publish","4":"has-post-thumbnail","6":"product_cat-trackdag","7":"product_cat-trackday-ganztag-8-16","8":"pa_pp-trackdag-01-juni-2026-trackday-autos-padborg-park","9":"pa_pp-trackdag-04-maj-2026-trackday-autos-padborg-park","10":"pa_pp-trackdag-17-august-2026-trackday-autos-padborg-park","11":"pa_pp-trackdag-24-oktober-2026-samstag-trackday-autos-padborg-park","12":"pa_pp-trackdag-28-september-2026-trackday-autos-padborg-park","13":"pa_pp-trackdag-ekstra-fahrer","14":"pa_pp-trackdag-geschenk-gutschein-padborg-park-trackdag","15":"pa_pp-trackdag-geschenkgutschein-ekstra-fahrer","17":"first","18":"instock","19":"taxable","20":"shipping-taxable","21":"purchasable","22":"product-type-variable"},"acf":[],"yoast_head":"<!-- This site is optimized with the Yoast SEO plugin v27.3 - https:\/\/yoast.com\/product\/yoast-seo-wordpress\/ -->\n<title>Trackday den ganzen Tag 8-16 - Padborg Park har bilerne og en motorbane p\u00e5 2150 meter<\/title>\n<meta name=\"description\" content=\"Trackday ganzt\u00e4gig 8-16 ist f\u00fcr diejenigen, die die Grenzen von sich und ihrem Auto auf spielerische und sichere Weise kennenlernen m\u00f6chten.\" \/>\n<meta name=\"robots\" content=\"index, follow, max-snippet:-1, max-image-preview:large, max-video-preview:-1\" \/>\n<link rel=\"canonical\" href=\"https:\/\/padborgpark.dk\/de\/vare\/padborg-park-trackday-den-ganzen-tag-8-16\/\" \/>\n<meta property=\"og:locale\" content=\"de_DE\" \/>\n<meta property=\"og:type\" content=\"article\" \/>\n<meta property=\"og:title\" content=\"Trackday den ganzen Tag 8-16 - Padborg Park har bilerne og en motorbane p\u00e5 2150 meter\" \/>\n<meta property=\"og:description\" content=\"Trackday ganzt\u00e4gig 8-16 ist f\u00fcr diejenigen, die die Grenzen von sich und ihrem Auto auf spielerische und sichere Weise kennenlernen m\u00f6chten.\" \/>\n<meta property=\"og:url\" content=\"https:\/\/padborgpark.dk\/de\/vare\/padborg-park-trackday-den-ganzen-tag-8-16\/\" \/>\n<meta property=\"og:site_name\" content=\"Padborg Park har bilerne og en motorbane p\u00e5 2150 meter\" \/>\n<meta property=\"article:publisher\" content=\"https:\/\/www.facebook.com\/PadborgPark\/\" \/>\n<meta name=\"twitter:label1\" content=\"Gesch\u00e4tzte Lesezeit\" \/>\n\t<meta name=\"twitter:data1\" content=\"1\u00a0Minute\" \/>\n<script type=\"application\/ld+json\" class=\"yoast-schema-graph\">{\"@context\":\"https:\\\/\\\/schema.org\",\"@graph\":[{\"@type\":\"WebPage\",\"@id\":\"https:\\\/\\\/padborgpark.dk\\\/de\\\/vare\\\/padborg-park-trackday-den-ganzen-tag-8-16\\\/\",\"url\":\"https:\\\/\\\/padborgpark.dk\\\/de\\\/vare\\\/padborg-park-trackday-den-ganzen-tag-8-16\\\/\",\"name\":\"Trackday den ganzen Tag 8-16 - Padborg Park har bilerne og en motorbane p\u00e5 2150 meter\",\"isPartOf\":{\"@id\":\"https:\\\/\\\/padborgpark.dk\\\/#website\"},\"primaryImageOfPage\":{\"@id\":\"https:\\\/\\\/padborgpark.dk\\\/de\\\/vare\\\/padborg-park-trackday-den-ganzen-tag-8-16\\\/#primaryimage\"},\"image\":{\"@id\":\"https:\\\/\\\/padborgpark.dk\\\/de\\\/vare\\\/padborg-park-trackday-den-ganzen-tag-8-16\\\/#primaryimage\"},\"thumbnailUrl\":\"https:\\\/\\\/padborgpark.dk\\\/wp-content\\\/uploads\\\/2022\\\/12\\\/Trackdag-Padborg-Park.jpg\",\"datePublished\":\"2026-03-23T04:55:37+00:00\",\"description\":\"Trackday ganzt\u00e4gig 8-16 ist f\u00fcr diejenigen, die die Grenzen von sich und ihrem Auto auf spielerische und sichere Weise kennenlernen m\u00f6chten.\",\"breadcrumb\":{\"@id\":\"https:\\\/\\\/padborgpark.dk\\\/de\\\/vare\\\/padborg-park-trackday-den-ganzen-tag-8-16\\\/#breadcrumb\"},\"inLanguage\":\"de\",\"potentialAction\":[{\"@type\":\"ReadAction\",\"target\":[\"https:\\\/\\\/padborgpark.dk\\\/de\\\/vare\\\/padborg-park-trackday-den-ganzen-tag-8-16\\\/\"]}]},{\"@type\":\"ImageObject\",\"inLanguage\":\"de\",\"@id\":\"https:\\\/\\\/padborgpark.dk\\\/de\\\/vare\\\/padborg-park-trackday-den-ganzen-tag-8-16\\\/#primaryimage\",\"url\":\"https:\\\/\\\/padborgpark.dk\\\/wp-content\\\/uploads\\\/2022\\\/12\\\/Trackdag-Padborg-Park.jpg\",\"contentUrl\":\"https:\\\/\\\/padborgpark.dk\\\/wp-content\\\/uploads\\\/2022\\\/12\\\/Trackdag-Padborg-Park.jpg\",\"width\":320,\"height\":240,\"caption\":\"Trackday Padborg Park\"},{\"@type\":\"BreadcrumbList\",\"@id\":\"https:\\\/\\\/padborgpark.dk\\\/de\\\/vare\\\/padborg-park-trackday-den-ganzen-tag-8-16\\\/#breadcrumb\",\"itemListElement\":[{\"@type\":\"ListItem\",\"position\":1,\"name\":\"Gesch\u00e4ft-2\",\"item\":\"https:\\\/\\\/padborgpark.dk\\\/de\\\/geschaeft-2\\\/\"},{\"@type\":\"ListItem\",\"position\":2,\"name\":\"Trackday den ganzen Tag 8-16\"}]},{\"@type\":\"WebSite\",\"@id\":\"https:\\\/\\\/padborgpark.dk\\\/#website\",\"url\":\"https:\\\/\\\/padborgpark.dk\\\/\",\"name\":\"Padborg Park har bilerne og en motorbane p\u00e5 2150 meter\",\"description\":\"\",\"potentialAction\":[{\"@type\":\"SearchAction\",\"target\":{\"@type\":\"EntryPoint\",\"urlTemplate\":\"https:\\\/\\\/padborgpark.dk\\\/?s={search_term_string}\"},\"query-input\":{\"@type\":\"PropertyValueSpecification\",\"valueRequired\":true,\"valueName\":\"search_term_string\"}}],\"inLanguage\":\"de\"}]}<\/script>\n<!-- \/ Yoast SEO plugin. -->","yoast_head_json":{"title":"Trackday den ganzen Tag 8-16 - Padborg Park har bilerne og en motorbane p\u00e5 2150 meter","description":"Trackday ganzt\u00e4gig 8-16 ist f\u00fcr diejenigen, die die Grenzen von sich und ihrem Auto auf spielerische und sichere Weise kennenlernen m\u00f6chten.","robots":{"index":"index","follow":"follow","max-snippet":"max-snippet:-1","max-image-preview":"max-image-preview:large","max-video-preview":"max-video-preview:-1"},"canonical":"https:\/\/padborgpark.dk\/de\/vare\/padborg-park-trackday-den-ganzen-tag-8-16\/","og_locale":"de_DE","og_type":"article","og_title":"Trackday den ganzen Tag 8-16 - Padborg Park har bilerne og en motorbane p\u00e5 2150 meter","og_description":"Trackday ganzt\u00e4gig 8-16 ist f\u00fcr diejenigen, die die Grenzen von sich und ihrem Auto auf spielerische und sichere Weise kennenlernen m\u00f6chten.","og_url":"https:\/\/padborgpark.dk\/de\/vare\/padborg-park-trackday-den-ganzen-tag-8-16\/","og_site_name":"Padborg Park har bilerne og en motorbane p\u00e5 2150 meter","article_publisher":"https:\/\/www.facebook.com\/PadborgPark\/","twitter_misc":{"Gesch\u00e4tzte Lesezeit":"1\u00a0Minute"},"schema":{"@context":"https:\/\/schema.org","@graph":[{"@type":"WebPage","@id":"https:\/\/padborgpark.dk\/de\/vare\/padborg-park-trackday-den-ganzen-tag-8-16\/","url":"https:\/\/padborgpark.dk\/de\/vare\/padborg-park-trackday-den-ganzen-tag-8-16\/","name":"Trackday den ganzen Tag 8-16 - Padborg Park har bilerne og en motorbane p\u00e5 2150 meter","isPartOf":{"@id":"https:\/\/padborgpark.dk\/#website"},"primaryImageOfPage":{"@id":"https:\/\/padborgpark.dk\/de\/vare\/padborg-park-trackday-den-ganzen-tag-8-16\/#primaryimage"},"image":{"@id":"https:\/\/padborgpark.dk\/de\/vare\/padborg-park-trackday-den-ganzen-tag-8-16\/#primaryimage"},"thumbnailUrl":"https:\/\/padborgpark.dk\/wp-content\/uploads\/2022\/12\/Trackdag-Padborg-Park.jpg","datePublished":"2026-03-23T04:55:37+00:00","description":"Trackday ganzt\u00e4gig 8-16 ist f\u00fcr diejenigen, die die Grenzen von sich und ihrem Auto auf spielerische und sichere Weise kennenlernen m\u00f6chten.","breadcrumb":{"@id":"https:\/\/padborgpark.dk\/de\/vare\/padborg-park-trackday-den-ganzen-tag-8-16\/#breadcrumb"},"inLanguage":"de","potentialAction":[{"@type":"ReadAction","target":["https:\/\/padborgpark.dk\/de\/vare\/padborg-park-trackday-den-ganzen-tag-8-16\/"]}]},{"@type":"ImageObject","inLanguage":"de","@id":"https:\/\/padborgpark.dk\/de\/vare\/padborg-park-trackday-den-ganzen-tag-8-16\/#primaryimage","url":"https:\/\/padborgpark.dk\/wp-content\/uploads\/2022\/12\/Trackdag-Padborg-Park.jpg","contentUrl":"https:\/\/padborgpark.dk\/wp-content\/uploads\/2022\/12\/Trackdag-Padborg-Park.jpg","width":320,"height":240,"caption":"Trackday Padborg Park"},{"@type":"BreadcrumbList","@id":"https:\/\/padborgpark.dk\/de\/vare\/padborg-park-trackday-den-ganzen-tag-8-16\/#breadcrumb","itemListElement":[{"@type":"ListItem","position":1,"name":"Gesch\u00e4ft-2","item":"https:\/\/padborgpark.dk\/de\/geschaeft-2\/"},{"@type":"ListItem","position":2,"name":"Trackday den ganzen Tag 8-16"}]},{"@type":"WebSite","@id":"https:\/\/padborgpark.dk\/#website","url":"https:\/\/padborgpark.dk\/","name":"Padborg Park har bilerne og en motorbane p\u00e5 2150 meter","description":"","potentialAction":[{"@type":"SearchAction","target":{"@type":"EntryPoint","urlTemplate":"https:\/\/padborgpark.dk\/?s={search_term_string}"},"query-input":{"@type":"PropertyValueSpecification","valueRequired":true,"valueName":"search_term_string"}}],"inLanguage":"de"}]}},"_links":{"self":[{"href":"https:\/\/padborgpark.dk\/de\/wp-json\/wp\/v2\/product\/9317011210","targetHints":{"allow":["GET"]}}],"collection":[{"href":"https:\/\/padborgpark.dk\/de\/wp-json\/wp\/v2\/product"}],"about":[{"href":"https:\/\/padborgpark.dk\/de\/wp-json\/wp\/v2\/types\/product"}],"replies":[{"embeddable":true,"href":"https:\/\/padborgpark.dk\/de\/wp-json\/wp\/v2\/comments?post=9317011210"}],"wp:featuredmedia":[{"embeddable":true,"href":"https:\/\/padborgpark.dk\/de\/wp-json\/wp\/v2\/media\/9317012798"}],"wp:attachment":[{"href":"https:\/\/padborgpark.dk\/de\/wp-json\/wp\/v2\/media?parent=9317011210"}],"wp:term":[{"taxonomy":"product_brand","embeddable":true,"href":"https:\/\/padborgpark.dk\/de\/wp-json\/wp\/v2\/product_brand?post=9317011210"},{"taxonomy":"product_cat","embeddable":true,"href":"https:\/\/padborgpark.dk\/de\/wp-json\/wp\/v2\/product_cat?post=9317011210"},{"taxonomy":"product_tag","embeddable":true,"href":"https:\/\/padborgpark.dk\/de\/wp-json\/wp\/v2\/product_tag?post=9317011210"}],"curies":[{"name":"wp","href":"https:\/\/api.w.org\/{rel}","templated":true}]}}