{"id":9317014076,"date":"2025-11-13T08:17:12","date_gmt":"2025-11-13T07:17:12","guid":{"rendered":"https:\/\/padborgpark.dk\/vare\/mc-lehrgang-geschenkgutschein\/"},"modified":"2026-01-07T16:42:59","modified_gmt":"2026-01-07T15:42:59","slug":"mc-lehrgang-geschenkgutschein","status":"publish","type":"product","link":"https:\/\/padborgpark.dk\/de\/vare\/mc-lehrgang-geschenkgutschein\/","title":{"rendered":"MC Lehrgang Geschenkgutschein"},"content":{"rendered":"<h3>MC Lehrgang Geschenkgutschein<\/h3>\n<p>&nbsp;<\/p>\n<p>Kursustag mit Training der F\u00e4higkeiten auf eigenem Motorrad. Es wird um 12 uhr ein leichtes Mittagsessen serviert.<\/p>\n<p>Geschenkkarten f\u00fcr ein frei w\u00e4hlbares Datum k\u00f6nnen Sie hier erwerben. Geschenkkarten sind 3 Jahre g\u00fcltig.<\/p>\n<p>Geschenkgutscheine serden als PDF\/mail zugeschickt Auf Padborg Park gibt es Geschenkgutscheine f\u00fcr alle unsere Events<\/p>\n<p>gutscheine werden als PDf zugeschickt Geschenkgutscheine k\u00f6nnen auch als Betrag gekauft werden.<\/p>\n<p>&nbsp;<\/p>\n<p>Preis des Artikels: dkr 1500.00<\/p>\n","protected":false},"excerpt":{"rendered":"<p>MC Lehrgang Geschenkgutschein<\/p>\n","protected":false},"featured_media":9317007120,"comment_status":"closed","ping_status":"closed","template":"","meta":{"_acf_changed":false,"_monsterinsights_skip_tracking":false,"_monsterinsights_sitenote_active":false,"_monsterinsights_sitenote_note":"","_monsterinsights_sitenote_category":0},"product_brand":[],"product_cat":[668],"product_tag":[],"class_list":{"0":"post-9317014076","1":"product","2":"type-product","3":"status-publish","4":"has-post-thumbnail","6":"product_cat-motorradlehrgang-pro","8":"first","9":"instock","10":"taxable","11":"shipping-taxable","12":"purchasable","13":"product-type-simple"},"acf":[],"yoast_head":"<!-- This site is optimized with the Yoast SEO plugin v27.3 - https:\/\/yoast.com\/product\/yoast-seo-wordpress\/ -->\n<title>MC Lehrgang Geschenkgutschein - Padborg Park har bilerne og en motorbane p\u00e5 2150 meter<\/title>\n<meta name=\"description\" content=\"MC-Kurs GeschenkgutscheinEin Tag im Padborg Park - bringen Sie Ihr eigenes Fahrrad mit. Es wird um 12 uhr ein leichtes Mittagsessen serviert. siehe Termine auf unserer Website unter Motorradkurse\" \/>\n<meta name=\"robots\" content=\"index, follow, max-snippet:-1, max-image-preview:large, max-video-preview:-1\" \/>\n<link rel=\"canonical\" href=\"https:\/\/padborgpark.dk\/de\/vare\/mc-lehrgang-geschenkgutschein\/\" \/>\n<meta property=\"og:locale\" content=\"de_DE\" \/>\n<meta property=\"og:type\" content=\"article\" \/>\n<meta property=\"og:title\" content=\"MC Lehrgang Geschenkgutschein - Padborg Park har bilerne og en motorbane p\u00e5 2150 meter\" \/>\n<meta property=\"og:description\" content=\"MC-Kurs GeschenkgutscheinEin Tag im Padborg Park - bringen Sie Ihr eigenes Fahrrad mit. Es wird um 12 uhr ein leichtes Mittagsessen serviert. siehe Termine auf unserer Website unter Motorradkurse\" \/>\n<meta property=\"og:url\" content=\"https:\/\/padborgpark.dk\/de\/vare\/mc-lehrgang-geschenkgutschein\/\" \/>\n<meta property=\"og:site_name\" content=\"Padborg Park har bilerne og en motorbane p\u00e5 2150 meter\" \/>\n<meta property=\"article:publisher\" content=\"https:\/\/www.facebook.com\/PadborgPark\/\" \/>\n<meta property=\"article:modified_time\" content=\"2026-01-07T15:42:59+00:00\" \/>\n<meta property=\"og:image\" content=\"https:\/\/padborgpark.dk\/wp-content\/uploads\/2021\/03\/unnamed.png\" \/>\n\t<meta property=\"og:image:width\" content=\"512\" \/>\n\t<meta property=\"og:image:height\" content=\"393\" \/>\n\t<meta property=\"og:image:type\" content=\"image\/png\" \/>\n<script type=\"application\/ld+json\" class=\"yoast-schema-graph\">{\"@context\":\"https:\\\/\\\/schema.org\",\"@graph\":[{\"@type\":\"WebPage\",\"@id\":\"https:\\\/\\\/padborgpark.dk\\\/de\\\/vare\\\/mc-lehrgang-geschenkgutschein\\\/\",\"url\":\"https:\\\/\\\/padborgpark.dk\\\/de\\\/vare\\\/mc-lehrgang-geschenkgutschein\\\/\",\"name\":\"MC Lehrgang Geschenkgutschein - Padborg Park har bilerne og en motorbane p\u00e5 2150 meter\",\"isPartOf\":{\"@id\":\"https:\\\/\\\/padborgpark.dk\\\/#website\"},\"primaryImageOfPage\":{\"@id\":\"https:\\\/\\\/padborgpark.dk\\\/de\\\/vare\\\/mc-lehrgang-geschenkgutschein\\\/#primaryimage\"},\"image\":{\"@id\":\"https:\\\/\\\/padborgpark.dk\\\/de\\\/vare\\\/mc-lehrgang-geschenkgutschein\\\/#primaryimage\"},\"thumbnailUrl\":\"https:\\\/\\\/padborgpark.dk\\\/wp-content\\\/uploads\\\/2021\\\/03\\\/unnamed.png\",\"datePublished\":\"2025-11-13T07:17:12+00:00\",\"dateModified\":\"2026-01-07T15:42:59+00:00\",\"description\":\"MC-Kurs GeschenkgutscheinEin Tag im Padborg Park - bringen Sie Ihr eigenes Fahrrad mit. Es wird um 12 uhr ein leichtes Mittagsessen serviert. siehe Termine auf unserer Website unter Motorradkurse\",\"breadcrumb\":{\"@id\":\"https:\\\/\\\/padborgpark.dk\\\/de\\\/vare\\\/mc-lehrgang-geschenkgutschein\\\/#breadcrumb\"},\"inLanguage\":\"de\",\"potentialAction\":[{\"@type\":\"ReadAction\",\"target\":[\"https:\\\/\\\/padborgpark.dk\\\/de\\\/vare\\\/mc-lehrgang-geschenkgutschein\\\/\"]}]},{\"@type\":\"ImageObject\",\"inLanguage\":\"de\",\"@id\":\"https:\\\/\\\/padborgpark.dk\\\/de\\\/vare\\\/mc-lehrgang-geschenkgutschein\\\/#primaryimage\",\"url\":\"https:\\\/\\\/padborgpark.dk\\\/wp-content\\\/uploads\\\/2021\\\/03\\\/unnamed.png\",\"contentUrl\":\"https:\\\/\\\/padborgpark.dk\\\/wp-content\\\/uploads\\\/2021\\\/03\\\/unnamed.png\",\"width\":512,\"height\":393,\"caption\":\"Padborg Park Logo\"},{\"@type\":\"BreadcrumbList\",\"@id\":\"https:\\\/\\\/padborgpark.dk\\\/de\\\/vare\\\/mc-lehrgang-geschenkgutschein\\\/#breadcrumb\",\"itemListElement\":[{\"@type\":\"ListItem\",\"position\":1,\"name\":\"Gesch\u00e4ft-2\",\"item\":\"https:\\\/\\\/padborgpark.dk\\\/de\\\/geschaeft-2\\\/\"},{\"@type\":\"ListItem\",\"position\":2,\"name\":\"MC Lehrgang Geschenkgutschein\"}]},{\"@type\":\"WebSite\",\"@id\":\"https:\\\/\\\/padborgpark.dk\\\/#website\",\"url\":\"https:\\\/\\\/padborgpark.dk\\\/\",\"name\":\"Padborg Park har bilerne og en motorbane p\u00e5 2150 meter\",\"description\":\"\",\"potentialAction\":[{\"@type\":\"SearchAction\",\"target\":{\"@type\":\"EntryPoint\",\"urlTemplate\":\"https:\\\/\\\/padborgpark.dk\\\/?s={search_term_string}\"},\"query-input\":{\"@type\":\"PropertyValueSpecification\",\"valueRequired\":true,\"valueName\":\"search_term_string\"}}],\"inLanguage\":\"de\"}]}<\/script>\n<!-- \/ Yoast SEO plugin. -->","yoast_head_json":{"title":"MC Lehrgang Geschenkgutschein - Padborg Park har bilerne og en motorbane p\u00e5 2150 meter","description":"MC-Kurs GeschenkgutscheinEin Tag im Padborg Park - bringen Sie Ihr eigenes Fahrrad mit. Es wird um 12 uhr ein leichtes Mittagsessen serviert. siehe Termine auf unserer Website unter Motorradkurse","robots":{"index":"index","follow":"follow","max-snippet":"max-snippet:-1","max-image-preview":"max-image-preview:large","max-video-preview":"max-video-preview:-1"},"canonical":"https:\/\/padborgpark.dk\/de\/vare\/mc-lehrgang-geschenkgutschein\/","og_locale":"de_DE","og_type":"article","og_title":"MC Lehrgang Geschenkgutschein - Padborg Park har bilerne og en motorbane p\u00e5 2150 meter","og_description":"MC-Kurs GeschenkgutscheinEin Tag im Padborg Park - bringen Sie Ihr eigenes Fahrrad mit. Es wird um 12 uhr ein leichtes Mittagsessen serviert. siehe Termine auf unserer Website unter Motorradkurse","og_url":"https:\/\/padborgpark.dk\/de\/vare\/mc-lehrgang-geschenkgutschein\/","og_site_name":"Padborg Park har bilerne og en motorbane p\u00e5 2150 meter","article_publisher":"https:\/\/www.facebook.com\/PadborgPark\/","article_modified_time":"2026-01-07T15:42:59+00:00","og_image":[{"width":512,"height":393,"url":"https:\/\/padborgpark.dk\/wp-content\/uploads\/2021\/03\/unnamed.png","type":"image\/png"}],"schema":{"@context":"https:\/\/schema.org","@graph":[{"@type":"WebPage","@id":"https:\/\/padborgpark.dk\/de\/vare\/mc-lehrgang-geschenkgutschein\/","url":"https:\/\/padborgpark.dk\/de\/vare\/mc-lehrgang-geschenkgutschein\/","name":"MC Lehrgang Geschenkgutschein - Padborg Park har bilerne og en motorbane p\u00e5 2150 meter","isPartOf":{"@id":"https:\/\/padborgpark.dk\/#website"},"primaryImageOfPage":{"@id":"https:\/\/padborgpark.dk\/de\/vare\/mc-lehrgang-geschenkgutschein\/#primaryimage"},"image":{"@id":"https:\/\/padborgpark.dk\/de\/vare\/mc-lehrgang-geschenkgutschein\/#primaryimage"},"thumbnailUrl":"https:\/\/padborgpark.dk\/wp-content\/uploads\/2021\/03\/unnamed.png","datePublished":"2025-11-13T07:17:12+00:00","dateModified":"2026-01-07T15:42:59+00:00","description":"MC-Kurs GeschenkgutscheinEin Tag im Padborg Park - bringen Sie Ihr eigenes Fahrrad mit. Es wird um 12 uhr ein leichtes Mittagsessen serviert. siehe Termine auf unserer Website unter Motorradkurse","breadcrumb":{"@id":"https:\/\/padborgpark.dk\/de\/vare\/mc-lehrgang-geschenkgutschein\/#breadcrumb"},"inLanguage":"de","potentialAction":[{"@type":"ReadAction","target":["https:\/\/padborgpark.dk\/de\/vare\/mc-lehrgang-geschenkgutschein\/"]}]},{"@type":"ImageObject","inLanguage":"de","@id":"https:\/\/padborgpark.dk\/de\/vare\/mc-lehrgang-geschenkgutschein\/#primaryimage","url":"https:\/\/padborgpark.dk\/wp-content\/uploads\/2021\/03\/unnamed.png","contentUrl":"https:\/\/padborgpark.dk\/wp-content\/uploads\/2021\/03\/unnamed.png","width":512,"height":393,"caption":"Padborg Park Logo"},{"@type":"BreadcrumbList","@id":"https:\/\/padborgpark.dk\/de\/vare\/mc-lehrgang-geschenkgutschein\/#breadcrumb","itemListElement":[{"@type":"ListItem","position":1,"name":"Gesch\u00e4ft-2","item":"https:\/\/padborgpark.dk\/de\/geschaeft-2\/"},{"@type":"ListItem","position":2,"name":"MC Lehrgang Geschenkgutschein"}]},{"@type":"WebSite","@id":"https:\/\/padborgpark.dk\/#website","url":"https:\/\/padborgpark.dk\/","name":"Padborg Park har bilerne og en motorbane p\u00e5 2150 meter","description":"","potentialAction":[{"@type":"SearchAction","target":{"@type":"EntryPoint","urlTemplate":"https:\/\/padborgpark.dk\/?s={search_term_string}"},"query-input":{"@type":"PropertyValueSpecification","valueRequired":true,"valueName":"search_term_string"}}],"inLanguage":"de"}]}},"_links":{"self":[{"href":"https:\/\/padborgpark.dk\/de\/wp-json\/wp\/v2\/product\/9317014076","targetHints":{"allow":["GET"]}}],"collection":[{"href":"https:\/\/padborgpark.dk\/de\/wp-json\/wp\/v2\/product"}],"about":[{"href":"https:\/\/padborgpark.dk\/de\/wp-json\/wp\/v2\/types\/product"}],"replies":[{"embeddable":true,"href":"https:\/\/padborgpark.dk\/de\/wp-json\/wp\/v2\/comments?post=9317014076"}],"wp:featuredmedia":[{"embeddable":true,"href":"https:\/\/padborgpark.dk\/de\/wp-json\/wp\/v2\/media\/9317007120"}],"wp:attachment":[{"href":"https:\/\/padborgpark.dk\/de\/wp-json\/wp\/v2\/media?parent=9317014076"}],"wp:term":[{"taxonomy":"product_brand","embeddable":true,"href":"https:\/\/padborgpark.dk\/de\/wp-json\/wp\/v2\/product_brand?post=9317014076"},{"taxonomy":"product_cat","embeddable":true,"href":"https:\/\/padborgpark.dk\/de\/wp-json\/wp\/v2\/product_cat?post=9317014076"},{"taxonomy":"product_tag","embeddable":true,"href":"https:\/\/padborgpark.dk\/de\/wp-json\/wp\/v2\/product_tag?post=9317014076"}],"curies":[{"name":"wp","href":"https:\/\/api.w.org\/{rel}","templated":true}]}}