{"id":9317017116,"date":"2026-01-19T05:55:34","date_gmt":"2026-01-19T04:55:34","guid":{"rendered":"https:\/\/padborgpark.dk\/vare\/zusaetzlicher-fahrer-beifahrer-trackday\/"},"modified":"2026-01-19T14:01:02","modified_gmt":"2026-01-19T13:01:02","slug":"zusaetzlicher-fahrer-beifahrer-trackday","status":"publish","type":"product","link":"https:\/\/padborgpark.dk\/de\/vare\/zusaetzlicher-fahrer-beifahrer-trackday\/","title":{"rendered":"Zus\u00e4tzlicher Fahrer\/Beifahrer &#8211; Trackday"},"content":{"rendered":"<p>Zus\u00e4tzlicher Fahrer\/Beifahrer &#8211; Trackday<\/p>\n<p>Preis pro Extra &#8211; Wenn sich mehrere Fahrer ein Auto teilen. Oder Sie m\u00f6chten einen Passagier mitnehmen.<\/p>\n<p>Der Preis ist inkl. Eine Karte f\u00fcr ein Mittagsessen<\/p>\n<p>Der Preis des Artikels betr\u00e4gt 450,00 dkr (60,00 Euro bei Barzahlung am Tag, Anmeldung per E-Mail erforderlich).<\/p>\n","protected":false},"excerpt":{"rendered":"<p>Zus\u00e4tzlicher Fahrer\/Beifahrer &#8211; Trackday Preis pro Extra &#8211; Wenn sich mehrere Fahrer ein Auto teilen. Oder Sie m\u00f6chten einen Passagier mitnehmen. Der Preis ist inkl. Eine Karte f\u00fcr ein Mittagsessen Der Preis des Artikels betr\u00e4gt 450,00 dkr (60,00 Euro bei Barzahlung am Tag, Anmeldung per E-Mail erforderlich).<\/p>\n","protected":false},"featured_media":8634,"comment_status":"closed","ping_status":"closed","template":"","meta":{"_acf_changed":false,"_monsterinsights_skip_tracking":false,"_monsterinsights_sitenote_active":false,"_monsterinsights_sitenote_note":"","_monsterinsights_sitenote_category":0},"product_brand":[],"product_cat":[669,678],"product_tag":[],"class_list":{"0":"post-9317017116","1":"product","2":"type-product","3":"status-publish","4":"has-post-thumbnail","6":"product_cat-trackdag","7":"product_cat-trackday-ganztag-8-16","8":"pa_ekstra-chauffoer-passager-extra-fahrer-beifahrer-regulaerer-track-day","9":"pa_ekstra-chauffoer-passager-geschenkgutschein-extra-fahrer-beifahrer-fuer-alle-streckentage","11":"first","12":"instock","13":"taxable","14":"shipping-taxable","15":"purchasable","16":"product-type-variable"},"acf":[],"yoast_head":"<!-- This site is optimized with the Yoast SEO plugin v27.3 - https:\/\/yoast.com\/product\/yoast-seo-wordpress\/ -->\n<title>Zus\u00e4tzlicher Fahrer - Trackday - Padborg Park<\/title>\n<meta name=\"description\" content=\"Extra Fahrer - Trackday - Padborg Park Wenn Sie mehrere Fahrer sind, die sich ein Auto teilen. Der Preis ist inkl. Eine Karte f\u00fcr ein Abendessen.\" \/>\n<meta name=\"robots\" content=\"index, follow, max-snippet:-1, max-image-preview:large, max-video-preview:-1\" \/>\n<link rel=\"canonical\" href=\"https:\/\/padborgpark.dk\/de\/vare\/zusaetzlicher-fahrer-beifahrer-trackday\/\" \/>\n<meta property=\"og:locale\" content=\"de_DE\" \/>\n<meta property=\"og:type\" content=\"article\" \/>\n<meta property=\"og:title\" content=\"Zus\u00e4tzlicher Fahrer - Trackday - Padborg Park\" \/>\n<meta property=\"og:description\" content=\"Extra Fahrer - Trackday - Padborg Park Wenn Sie mehrere Fahrer sind, die sich ein Auto teilen. Der Preis ist inkl. Eine Karte f\u00fcr ein Abendessen.\" \/>\n<meta property=\"og:url\" content=\"https:\/\/padborgpark.dk\/de\/vare\/zusaetzlicher-fahrer-beifahrer-trackday\/\" \/>\n<meta property=\"og:site_name\" content=\"Padborg Park har bilerne og en motorbane p\u00e5 2150 meter\" \/>\n<meta property=\"article:publisher\" content=\"https:\/\/www.facebook.com\/PadborgPark\/\" \/>\n<meta property=\"article:modified_time\" content=\"2026-01-19T13:01:02+00:00\" \/>\n<script type=\"application\/ld+json\" class=\"yoast-schema-graph\">{\"@context\":\"https:\\\/\\\/schema.org\",\"@graph\":[{\"@type\":\"WebPage\",\"@id\":\"https:\\\/\\\/padborgpark.dk\\\/de\\\/vare\\\/zusaetzlicher-fahrer-beifahrer-trackday\\\/\",\"url\":\"https:\\\/\\\/padborgpark.dk\\\/de\\\/vare\\\/zusaetzlicher-fahrer-beifahrer-trackday\\\/\",\"name\":\"Zus\u00e4tzlicher Fahrer - Trackday - Padborg Park\",\"isPartOf\":{\"@id\":\"https:\\\/\\\/padborgpark.dk\\\/#website\"},\"primaryImageOfPage\":{\"@id\":\"https:\\\/\\\/padborgpark.dk\\\/de\\\/vare\\\/zusaetzlicher-fahrer-beifahrer-trackday\\\/#primaryimage\"},\"image\":{\"@id\":\"https:\\\/\\\/padborgpark.dk\\\/de\\\/vare\\\/zusaetzlicher-fahrer-beifahrer-trackday\\\/#primaryimage\"},\"thumbnailUrl\":\"https:\\\/\\\/padborgpark.dk\\\/wp-content\\\/uploads\\\/2021\\\/01\\\/Ekstra-chauffoer-\u2013-Trackday-1.jpg\",\"datePublished\":\"2026-01-19T04:55:34+00:00\",\"dateModified\":\"2026-01-19T13:01:02+00:00\",\"description\":\"Extra Fahrer - Trackday - Padborg Park Wenn Sie mehrere Fahrer sind, die sich ein Auto teilen. Der Preis ist inkl. Eine Karte f\u00fcr ein Abendessen.\",\"breadcrumb\":{\"@id\":\"https:\\\/\\\/padborgpark.dk\\\/de\\\/vare\\\/zusaetzlicher-fahrer-beifahrer-trackday\\\/#breadcrumb\"},\"inLanguage\":\"de\",\"potentialAction\":[{\"@type\":\"ReadAction\",\"target\":[\"https:\\\/\\\/padborgpark.dk\\\/de\\\/vare\\\/zusaetzlicher-fahrer-beifahrer-trackday\\\/\"]}]},{\"@type\":\"ImageObject\",\"inLanguage\":\"de\",\"@id\":\"https:\\\/\\\/padborgpark.dk\\\/de\\\/vare\\\/zusaetzlicher-fahrer-beifahrer-trackday\\\/#primaryimage\",\"url\":\"https:\\\/\\\/padborgpark.dk\\\/wp-content\\\/uploads\\\/2021\\\/01\\\/Ekstra-chauffoer-\u2013-Trackday-1.jpg\",\"contentUrl\":\"https:\\\/\\\/padborgpark.dk\\\/wp-content\\\/uploads\\\/2021\\\/01\\\/Ekstra-chauffoer-\u2013-Trackday-1.jpg\",\"width\":900,\"height\":600},{\"@type\":\"BreadcrumbList\",\"@id\":\"https:\\\/\\\/padborgpark.dk\\\/de\\\/vare\\\/zusaetzlicher-fahrer-beifahrer-trackday\\\/#breadcrumb\",\"itemListElement\":[{\"@type\":\"ListItem\",\"position\":1,\"name\":\"Gesch\u00e4ft-2\",\"item\":\"https:\\\/\\\/padborgpark.dk\\\/de\\\/geschaeft-2\\\/\"},{\"@type\":\"ListItem\",\"position\":2,\"name\":\"Zus\u00e4tzlicher Fahrer\\\/Beifahrer &#8211; Trackday\"}]},{\"@type\":\"WebSite\",\"@id\":\"https:\\\/\\\/padborgpark.dk\\\/#website\",\"url\":\"https:\\\/\\\/padborgpark.dk\\\/\",\"name\":\"Padborg Park har bilerne og en motorbane p\u00e5 2150 meter\",\"description\":\"\",\"potentialAction\":[{\"@type\":\"SearchAction\",\"target\":{\"@type\":\"EntryPoint\",\"urlTemplate\":\"https:\\\/\\\/padborgpark.dk\\\/?s={search_term_string}\"},\"query-input\":{\"@type\":\"PropertyValueSpecification\",\"valueRequired\":true,\"valueName\":\"search_term_string\"}}],\"inLanguage\":\"de\"}]}<\/script>\n<!-- \/ Yoast SEO plugin. -->","yoast_head_json":{"title":"Zus\u00e4tzlicher Fahrer - Trackday - Padborg Park","description":"Extra Fahrer - Trackday - Padborg Park Wenn Sie mehrere Fahrer sind, die sich ein Auto teilen. Der Preis ist inkl. Eine Karte f\u00fcr ein Abendessen.","robots":{"index":"index","follow":"follow","max-snippet":"max-snippet:-1","max-image-preview":"max-image-preview:large","max-video-preview":"max-video-preview:-1"},"canonical":"https:\/\/padborgpark.dk\/de\/vare\/zusaetzlicher-fahrer-beifahrer-trackday\/","og_locale":"de_DE","og_type":"article","og_title":"Zus\u00e4tzlicher Fahrer - Trackday - Padborg Park","og_description":"Extra Fahrer - Trackday - Padborg Park Wenn Sie mehrere Fahrer sind, die sich ein Auto teilen. Der Preis ist inkl. Eine Karte f\u00fcr ein Abendessen.","og_url":"https:\/\/padborgpark.dk\/de\/vare\/zusaetzlicher-fahrer-beifahrer-trackday\/","og_site_name":"Padborg Park har bilerne og en motorbane p\u00e5 2150 meter","article_publisher":"https:\/\/www.facebook.com\/PadborgPark\/","article_modified_time":"2026-01-19T13:01:02+00:00","schema":{"@context":"https:\/\/schema.org","@graph":[{"@type":"WebPage","@id":"https:\/\/padborgpark.dk\/de\/vare\/zusaetzlicher-fahrer-beifahrer-trackday\/","url":"https:\/\/padborgpark.dk\/de\/vare\/zusaetzlicher-fahrer-beifahrer-trackday\/","name":"Zus\u00e4tzlicher Fahrer - Trackday - Padborg Park","isPartOf":{"@id":"https:\/\/padborgpark.dk\/#website"},"primaryImageOfPage":{"@id":"https:\/\/padborgpark.dk\/de\/vare\/zusaetzlicher-fahrer-beifahrer-trackday\/#primaryimage"},"image":{"@id":"https:\/\/padborgpark.dk\/de\/vare\/zusaetzlicher-fahrer-beifahrer-trackday\/#primaryimage"},"thumbnailUrl":"https:\/\/padborgpark.dk\/wp-content\/uploads\/2021\/01\/Ekstra-chauffoer-\u2013-Trackday-1.jpg","datePublished":"2026-01-19T04:55:34+00:00","dateModified":"2026-01-19T13:01:02+00:00","description":"Extra Fahrer - Trackday - Padborg Park Wenn Sie mehrere Fahrer sind, die sich ein Auto teilen. Der Preis ist inkl. Eine Karte f\u00fcr ein Abendessen.","breadcrumb":{"@id":"https:\/\/padborgpark.dk\/de\/vare\/zusaetzlicher-fahrer-beifahrer-trackday\/#breadcrumb"},"inLanguage":"de","potentialAction":[{"@type":"ReadAction","target":["https:\/\/padborgpark.dk\/de\/vare\/zusaetzlicher-fahrer-beifahrer-trackday\/"]}]},{"@type":"ImageObject","inLanguage":"de","@id":"https:\/\/padborgpark.dk\/de\/vare\/zusaetzlicher-fahrer-beifahrer-trackday\/#primaryimage","url":"https:\/\/padborgpark.dk\/wp-content\/uploads\/2021\/01\/Ekstra-chauffoer-\u2013-Trackday-1.jpg","contentUrl":"https:\/\/padborgpark.dk\/wp-content\/uploads\/2021\/01\/Ekstra-chauffoer-\u2013-Trackday-1.jpg","width":900,"height":600},{"@type":"BreadcrumbList","@id":"https:\/\/padborgpark.dk\/de\/vare\/zusaetzlicher-fahrer-beifahrer-trackday\/#breadcrumb","itemListElement":[{"@type":"ListItem","position":1,"name":"Gesch\u00e4ft-2","item":"https:\/\/padborgpark.dk\/de\/geschaeft-2\/"},{"@type":"ListItem","position":2,"name":"Zus\u00e4tzlicher Fahrer\/Beifahrer &#8211; Trackday"}]},{"@type":"WebSite","@id":"https:\/\/padborgpark.dk\/#website","url":"https:\/\/padborgpark.dk\/","name":"Padborg Park har bilerne og en motorbane p\u00e5 2150 meter","description":"","potentialAction":[{"@type":"SearchAction","target":{"@type":"EntryPoint","urlTemplate":"https:\/\/padborgpark.dk\/?s={search_term_string}"},"query-input":{"@type":"PropertyValueSpecification","valueRequired":true,"valueName":"search_term_string"}}],"inLanguage":"de"}]}},"_links":{"self":[{"href":"https:\/\/padborgpark.dk\/de\/wp-json\/wp\/v2\/product\/9317017116","targetHints":{"allow":["GET"]}}],"collection":[{"href":"https:\/\/padborgpark.dk\/de\/wp-json\/wp\/v2\/product"}],"about":[{"href":"https:\/\/padborgpark.dk\/de\/wp-json\/wp\/v2\/types\/product"}],"replies":[{"embeddable":true,"href":"https:\/\/padborgpark.dk\/de\/wp-json\/wp\/v2\/comments?post=9317017116"}],"wp:featuredmedia":[{"embeddable":true,"href":"https:\/\/padborgpark.dk\/de\/wp-json\/wp\/v2\/media\/8634"}],"wp:attachment":[{"href":"https:\/\/padborgpark.dk\/de\/wp-json\/wp\/v2\/media?parent=9317017116"}],"wp:term":[{"taxonomy":"product_brand","embeddable":true,"href":"https:\/\/padborgpark.dk\/de\/wp-json\/wp\/v2\/product_brand?post=9317017116"},{"taxonomy":"product_cat","embeddable":true,"href":"https:\/\/padborgpark.dk\/de\/wp-json\/wp\/v2\/product_cat?post=9317017116"},{"taxonomy":"product_tag","embeddable":true,"href":"https:\/\/padborgpark.dk\/de\/wp-json\/wp\/v2\/product_tag?post=9317017116"}],"curies":[{"name":"wp","href":"https:\/\/api.w.org\/{rel}","templated":true}]}}