{"id":9317017279,"date":"2026-04-13T06:55:40","date_gmt":"2026-04-13T05:55:40","guid":{"rendered":"https:\/\/padborgpark.dk\/vare\/einschreibung-am-testtag-wenig-laerm\/"},"modified":"2026-01-15T12:20:59","modified_gmt":"2026-01-15T11:20:59","slug":"testtag-wenig-laerm","status":"publish","type":"product","link":"https:\/\/padborgpark.dk\/de\/vare\/testtag-wenig-laerm\/","title":{"rendered":"Testtag &#8211; wenig L\u00e4rm"},"content":{"rendered":"<p><strong>Testtag &#8211; wenig L\u00e4rm<\/strong><\/p>\n<p>Zulassungstesttag mittwochs und einige Dienstage. Dieses Produkt ist f\u00fcr Fahrzeuge gedacht, die den L\u00e4rmgrenzwert von 99db beim \u00dcberholen einhalten.<\/p>\n<p>Ab 0730 Uhr findet ein Check-in statt, bei dem Sie einen Aufkleber erhalten, den Sie am Auto anbringen M\u00dcSSEN, damit die Mitarbeiter sehen k\u00f6nnen, dass Sie eingecheckt und f\u00fcr den Tag bezahlt haben.<\/p>\n<p>Bei der Anmeldung M\u00dcSSEN die Startnummer und die Klasse des Fahrzeugs angegeben werden.<\/p>\n<h5><em>Wenn Sie zu unseren Testtagen kommen m\u00f6chten, OHNE im Voraus eine Teilnahme erworben zu haben, wird eine zus\u00e4tzliche Geb\u00fchr von DKK 300,00 inkl. MwSt. erhoben. <\/em><\/h5>\n<p><strong>Wenn Sie auf den Platz fahren, ohne einen Testtag gekauft zu haben und ohne Ihre Ankunft im B\u00fcro zu melden, werden Sie von der Schule verwiesen.<\/strong><\/p>\n<p>Sie k\u00f6nnen nicht sicher sein, dass Sie fahren k\u00f6nnen, wenn Sie nicht im Voraus angemeldet sind!<\/p>\n<p>Es gibt eine neue Messmethode an Testtagen.<\/p>\n<p>Alle Fahrzeuge M\u00dcSSEN mit einem Transponder fahren und ein Testauspuff MUSS montiert sein.<\/p>\n<p>Auch die Ger\u00e4uschvorschriften wurden versch\u00e4rft. Stellen Sie also sicher, dass Sie Ihre Autos richtig d\u00e4mpfen.<\/p>\n<p>&nbsp;<\/p>\n<p>BITTE GEBEN SIE DIE STARTNUMMER DES FAHRZEUGS EIN UND TIPPEN SIE IN DAS KOMMENTARFELD<\/p>\n<p><em><strong>Die Fahrzeugnummer muss sichtbar sein.<\/strong><\/em><\/p>\n<p>Fahrzeuge wie Porsche, Ferrari, DTC-Autos und dergleichen fallen unter lauten L\u00e4rm.<\/p>\n<p>Fahrzeuge sollten diesen Link w\u00e4hlen : <a title=\"Anmeldung zum Testtag db\" href=\"https:\/\/padborgpark.dk\/shop\/testdag\/testdag-tilmelding-hoej\/\" target=\"_blank\" rel=\"noopener\">Hohe L\u00e4rmbelastung<\/a><\/p>\n<p>Einschreibung f\u00fcr den Testtag &#8211; geringes Rauschen: Artikelpreis dkr 5.000,00<\/p>\n<p>Das Essen kann unter <a href=\"https:\/\/stenbideren.dk\/\" target=\"_blank\" rel=\"noopener\">Stenbideren.dk<\/a> bestellt werden &#8211; oder per E-Mail: Mad@padborgpark.dk<\/p>\n","protected":false},"excerpt":{"rendered":"<p>Testtag &#8211; wenig L\u00e4rm Zulassungstesttag mittwochs und einige Dienstage. Dieses Produkt ist f\u00fcr Fahrzeuge gedacht, die den L\u00e4rmgrenzwert von 99db beim \u00dcberholen einhalten. Ab 0730 Uhr findet ein Check-in statt, bei dem Sie einen Aufkleber erhalten, den Sie am Auto anbringen M\u00dcSSEN, damit die Mitarbeiter sehen k\u00f6nnen, dass Sie eingecheckt und f\u00fcr den Tag bezahlt [&hellip;]<\/p>\n","protected":false},"featured_media":9317013444,"comment_status":"closed","ping_status":"closed","template":"","meta":{"_acf_changed":false,"_monsterinsights_skip_tracking":false,"_monsterinsights_sitenote_active":false,"_monsterinsights_sitenote_note":"","_monsterinsights_sitenote_category":0},"product_brand":[],"product_cat":[910],"product_tag":[],"class_list":{"0":"post-9317017279","1":"product","2":"type-product","3":"status-publish","4":"has-post-thumbnail","6":"product_cat-test-tage","7":"pa_testdage-01-april-2026-testtag-fuer-rennwagen-im-padborg-park","8":"pa_testdage-08-april-2026-test-fuer-rennwagen-in-padborg-park","9":"pa_testdage-13-mai-2026-testtag-fuer-rennwagen-im-padborg-park","10":"pa_testdage-14-april-2026-testtag-fuer-rennwagen-im-padborg-park","11":"pa_testdage-15-april-2026-testtag-fuer-rennwagen-im-padborg-park","12":"pa_testdage-18-marts-2026-testtag-fuer-rennwagen-im-padborg-park","13":"pa_testdage-20-mai-2026-testtag-fuer-rennwagen-im-padborg-park","14":"pa_testdage-21-april-2026-dienstag-testtag-fuer-rennwagen","15":"pa_testdage-22-april-2026-testtag-fuer-rennwagen-im-padborg-park","17":"first","18":"instock","19":"taxable","20":"shipping-taxable","21":"purchasable","22":"product-type-variable"},"acf":[],"yoast_head":"<!-- This site is optimized with the Yoast SEO plugin v27.3 - https:\/\/yoast.com\/product\/yoast-seo-wordpress\/ -->\n<title>Testtag - wenig L\u00e4rm - Padborg Park har bilerne og en motorbane p\u00e5 2150 meter<\/title>\n<meta name=\"description\" content=\"Testtag - wenig L\u00e4rm Padborg Park - Dieses Produkt ist f\u00fcr Fahrzeuge gedacht, die beim \u00dcberholen die L\u00e4rmgrenze von 99db einhalten.\" \/>\n<meta name=\"robots\" content=\"index, follow, max-snippet:-1, max-image-preview:large, max-video-preview:-1\" \/>\n<link rel=\"canonical\" href=\"https:\/\/padborgpark.dk\/de\/vare\/testtag-wenig-laerm\/\" \/>\n<meta property=\"og:locale\" content=\"de_DE\" \/>\n<meta property=\"og:type\" content=\"article\" \/>\n<meta property=\"og:title\" content=\"Testtag - wenig L\u00e4rm - Padborg Park har bilerne og en motorbane p\u00e5 2150 meter\" \/>\n<meta property=\"og:description\" content=\"Testtag - wenig L\u00e4rm Padborg Park - Dieses Produkt ist f\u00fcr Fahrzeuge gedacht, die beim \u00dcberholen die L\u00e4rmgrenze von 99db einhalten.\" \/>\n<meta property=\"og:url\" content=\"https:\/\/padborgpark.dk\/de\/vare\/testtag-wenig-laerm\/\" \/>\n<meta property=\"og:site_name\" content=\"Padborg Park har bilerne og en motorbane p\u00e5 2150 meter\" \/>\n<meta property=\"article:publisher\" content=\"https:\/\/www.facebook.com\/PadborgPark\/\" \/>\n<meta name=\"twitter:label1\" content=\"Gesch\u00e4tzte Lesezeit\" \/>\n\t<meta name=\"twitter:data1\" content=\"2\u00a0Minuten\" \/>\n<script type=\"application\/ld+json\" class=\"yoast-schema-graph\">{\"@context\":\"https:\\\/\\\/schema.org\",\"@graph\":[{\"@type\":\"WebPage\",\"@id\":\"https:\\\/\\\/padborgpark.dk\\\/de\\\/vare\\\/testtag-wenig-laerm\\\/\",\"url\":\"https:\\\/\\\/padborgpark.dk\\\/de\\\/vare\\\/testtag-wenig-laerm\\\/\",\"name\":\"Testtag - wenig L\u00e4rm - Padborg Park har bilerne og en motorbane p\u00e5 2150 meter\",\"isPartOf\":{\"@id\":\"https:\\\/\\\/padborgpark.dk\\\/#website\"},\"primaryImageOfPage\":{\"@id\":\"https:\\\/\\\/padborgpark.dk\\\/de\\\/vare\\\/testtag-wenig-laerm\\\/#primaryimage\"},\"image\":{\"@id\":\"https:\\\/\\\/padborgpark.dk\\\/de\\\/vare\\\/testtag-wenig-laerm\\\/#primaryimage\"},\"thumbnailUrl\":\"https:\\\/\\\/padborgpark.dk\\\/wp-content\\\/uploads\\\/2023\\\/11\\\/legend-cars-2023.webp\",\"datePublished\":\"2026-04-13T05:55:40+00:00\",\"description\":\"Testtag - wenig L\u00e4rm Padborg Park - Dieses Produkt ist f\u00fcr Fahrzeuge gedacht, die beim \u00dcberholen die L\u00e4rmgrenze von 99db einhalten.\",\"breadcrumb\":{\"@id\":\"https:\\\/\\\/padborgpark.dk\\\/de\\\/vare\\\/testtag-wenig-laerm\\\/#breadcrumb\"},\"inLanguage\":\"de\",\"potentialAction\":[{\"@type\":\"ReadAction\",\"target\":[\"https:\\\/\\\/padborgpark.dk\\\/de\\\/vare\\\/testtag-wenig-laerm\\\/\"]}]},{\"@type\":\"ImageObject\",\"inLanguage\":\"de\",\"@id\":\"https:\\\/\\\/padborgpark.dk\\\/de\\\/vare\\\/testtag-wenig-laerm\\\/#primaryimage\",\"url\":\"https:\\\/\\\/padborgpark.dk\\\/wp-content\\\/uploads\\\/2023\\\/11\\\/legend-cars-2023.webp\",\"contentUrl\":\"https:\\\/\\\/padborgpark.dk\\\/wp-content\\\/uploads\\\/2023\\\/11\\\/legend-cars-2023.webp\",\"width\":450,\"height\":338,\"caption\":\"legend cars 2023\"},{\"@type\":\"BreadcrumbList\",\"@id\":\"https:\\\/\\\/padborgpark.dk\\\/de\\\/vare\\\/testtag-wenig-laerm\\\/#breadcrumb\",\"itemListElement\":[{\"@type\":\"ListItem\",\"position\":1,\"name\":\"Gesch\u00e4ft-2\",\"item\":\"https:\\\/\\\/padborgpark.dk\\\/de\\\/geschaeft-2\\\/\"},{\"@type\":\"ListItem\",\"position\":2,\"name\":\"Testtag &#8211; wenig L\u00e4rm\"}]},{\"@type\":\"WebSite\",\"@id\":\"https:\\\/\\\/padborgpark.dk\\\/#website\",\"url\":\"https:\\\/\\\/padborgpark.dk\\\/\",\"name\":\"Padborg Park har bilerne og en motorbane p\u00e5 2150 meter\",\"description\":\"\",\"potentialAction\":[{\"@type\":\"SearchAction\",\"target\":{\"@type\":\"EntryPoint\",\"urlTemplate\":\"https:\\\/\\\/padborgpark.dk\\\/?s={search_term_string}\"},\"query-input\":{\"@type\":\"PropertyValueSpecification\",\"valueRequired\":true,\"valueName\":\"search_term_string\"}}],\"inLanguage\":\"de\"}]}<\/script>\n<!-- \/ Yoast SEO plugin. -->","yoast_head_json":{"title":"Testtag - wenig L\u00e4rm - Padborg Park har bilerne og en motorbane p\u00e5 2150 meter","description":"Testtag - wenig L\u00e4rm Padborg Park - Dieses Produkt ist f\u00fcr Fahrzeuge gedacht, die beim \u00dcberholen die L\u00e4rmgrenze von 99db einhalten.","robots":{"index":"index","follow":"follow","max-snippet":"max-snippet:-1","max-image-preview":"max-image-preview:large","max-video-preview":"max-video-preview:-1"},"canonical":"https:\/\/padborgpark.dk\/de\/vare\/testtag-wenig-laerm\/","og_locale":"de_DE","og_type":"article","og_title":"Testtag - wenig L\u00e4rm - Padborg Park har bilerne og en motorbane p\u00e5 2150 meter","og_description":"Testtag - wenig L\u00e4rm Padborg Park - Dieses Produkt ist f\u00fcr Fahrzeuge gedacht, die beim \u00dcberholen die L\u00e4rmgrenze von 99db einhalten.","og_url":"https:\/\/padborgpark.dk\/de\/vare\/testtag-wenig-laerm\/","og_site_name":"Padborg Park har bilerne og en motorbane p\u00e5 2150 meter","article_publisher":"https:\/\/www.facebook.com\/PadborgPark\/","twitter_misc":{"Gesch\u00e4tzte Lesezeit":"2\u00a0Minuten"},"schema":{"@context":"https:\/\/schema.org","@graph":[{"@type":"WebPage","@id":"https:\/\/padborgpark.dk\/de\/vare\/testtag-wenig-laerm\/","url":"https:\/\/padborgpark.dk\/de\/vare\/testtag-wenig-laerm\/","name":"Testtag - wenig L\u00e4rm - Padborg Park har bilerne og en motorbane p\u00e5 2150 meter","isPartOf":{"@id":"https:\/\/padborgpark.dk\/#website"},"primaryImageOfPage":{"@id":"https:\/\/padborgpark.dk\/de\/vare\/testtag-wenig-laerm\/#primaryimage"},"image":{"@id":"https:\/\/padborgpark.dk\/de\/vare\/testtag-wenig-laerm\/#primaryimage"},"thumbnailUrl":"https:\/\/padborgpark.dk\/wp-content\/uploads\/2023\/11\/legend-cars-2023.webp","datePublished":"2026-04-13T05:55:40+00:00","description":"Testtag - wenig L\u00e4rm Padborg Park - Dieses Produkt ist f\u00fcr Fahrzeuge gedacht, die beim \u00dcberholen die L\u00e4rmgrenze von 99db einhalten.","breadcrumb":{"@id":"https:\/\/padborgpark.dk\/de\/vare\/testtag-wenig-laerm\/#breadcrumb"},"inLanguage":"de","potentialAction":[{"@type":"ReadAction","target":["https:\/\/padborgpark.dk\/de\/vare\/testtag-wenig-laerm\/"]}]},{"@type":"ImageObject","inLanguage":"de","@id":"https:\/\/padborgpark.dk\/de\/vare\/testtag-wenig-laerm\/#primaryimage","url":"https:\/\/padborgpark.dk\/wp-content\/uploads\/2023\/11\/legend-cars-2023.webp","contentUrl":"https:\/\/padborgpark.dk\/wp-content\/uploads\/2023\/11\/legend-cars-2023.webp","width":450,"height":338,"caption":"legend cars 2023"},{"@type":"BreadcrumbList","@id":"https:\/\/padborgpark.dk\/de\/vare\/testtag-wenig-laerm\/#breadcrumb","itemListElement":[{"@type":"ListItem","position":1,"name":"Gesch\u00e4ft-2","item":"https:\/\/padborgpark.dk\/de\/geschaeft-2\/"},{"@type":"ListItem","position":2,"name":"Testtag &#8211; wenig L\u00e4rm"}]},{"@type":"WebSite","@id":"https:\/\/padborgpark.dk\/#website","url":"https:\/\/padborgpark.dk\/","name":"Padborg Park har bilerne og en motorbane p\u00e5 2150 meter","description":"","potentialAction":[{"@type":"SearchAction","target":{"@type":"EntryPoint","urlTemplate":"https:\/\/padborgpark.dk\/?s={search_term_string}"},"query-input":{"@type":"PropertyValueSpecification","valueRequired":true,"valueName":"search_term_string"}}],"inLanguage":"de"}]}},"_links":{"self":[{"href":"https:\/\/padborgpark.dk\/de\/wp-json\/wp\/v2\/product\/9317017279","targetHints":{"allow":["GET"]}}],"collection":[{"href":"https:\/\/padborgpark.dk\/de\/wp-json\/wp\/v2\/product"}],"about":[{"href":"https:\/\/padborgpark.dk\/de\/wp-json\/wp\/v2\/types\/product"}],"replies":[{"embeddable":true,"href":"https:\/\/padborgpark.dk\/de\/wp-json\/wp\/v2\/comments?post=9317017279"}],"wp:featuredmedia":[{"embeddable":true,"href":"https:\/\/padborgpark.dk\/de\/wp-json\/wp\/v2\/media\/9317013444"}],"wp:attachment":[{"href":"https:\/\/padborgpark.dk\/de\/wp-json\/wp\/v2\/media?parent=9317017279"}],"wp:term":[{"taxonomy":"product_brand","embeddable":true,"href":"https:\/\/padborgpark.dk\/de\/wp-json\/wp\/v2\/product_brand?post=9317017279"},{"taxonomy":"product_cat","embeddable":true,"href":"https:\/\/padborgpark.dk\/de\/wp-json\/wp\/v2\/product_cat?post=9317017279"},{"taxonomy":"product_tag","embeddable":true,"href":"https:\/\/padborgpark.dk\/de\/wp-json\/wp\/v2\/product_tag?post=9317017279"}],"curies":[{"name":"wp","href":"https:\/\/api.w.org\/{rel}","templated":true}]}}