{"id":9317017280,"date":"2026-04-13T06:55:37","date_gmt":"2026-04-13T05:55:37","guid":{"rendered":"https:\/\/padborgpark.dk\/vare\/einschreibung-am-testtag-lauter-laerm\/"},"modified":"2026-01-15T12:17:23","modified_gmt":"2026-01-15T11:17:23","slug":"testtag-hohe-laermbelastung","status":"publish","type":"product","link":"https:\/\/padborgpark.dk\/de\/vare\/testtag-hohe-laermbelastung\/","title":{"rendered":"Testtag &#8211; hohe L\u00e4rmbelastung"},"content":{"rendered":"<p>Testtag &#8211; hohe L\u00e4rmbelastung<\/p>\n<p>Der Testtag dauert von 08:00 bis 16:00 Uhr.<\/p>\n<p>BITTE GEBEN SIE DIE STARTNUMMER UND DEN TYP DES FAHRZEUGS IM KOMMENTARFELD AUF DER ZAHLUNGSSEITE AN.<\/p>\n<p><em><strong>Die Fahrzeugnummer muss sichtbar sein.<\/strong><\/em><\/p>\n<h5><em>Wenn Sie zu unseren Testtagen kommen m\u00f6chten, OHNE im Voraus eine Teilnahme erworben zu haben, wird eine zus\u00e4tzliche Geb\u00fchr von DKK 300,00 inkl. MwSt. erhoben. <\/em><\/h5>\n<p><strong>Wenn Sie auf den Platz fahren, ohne einen Testtag gekauft zu haben und ohne Ihre Ankunft im B\u00fcro zu melden, werden Sie von der Schule verwiesen.<\/strong><\/p>\n<p>Dieses Produkt ist f\u00fcr Fahrzeuge gedacht, die beim \u00dcberholen 99db \u00fcberschreiten.<\/p>\n<p>Es gibt eine neue Messmethode an Testtagen.<\/p>\n<p>Alle Fahrzeuge M\u00dcSSEN mit einem Transponder fahren und ein Testauspuff MUSS montiert sein.<\/p>\n<p>Auch die Ger\u00e4uschvorschriften wurden versch\u00e4rft. Stellen Sie also sicher, dass Sie Ihre Autos richtig d\u00e4mpfen.<\/p>\n<p>&nbsp;<\/p>\n<p>Fahrzeuge wie Porsche, Ferrari, DTC-Autos und dergleichen fallen unter lauten L\u00e4rm.<\/p>\n<p>Test day low noise k\u00f6nnen Sie hier kaufen<a href=\"https:\/\/padborgpark.dk\/de\/?post_type=product&amp;p=9317017279\" target=\"_blank\" rel=\"noopener\">:Test day low noise<\/a><\/p>\n<p><strong>Einschreibung f\u00fcr den Testtag &#8211; lauter L\u00e4rm: Artikelpreis dkr. 6.875,00<\/strong><\/p>\n<p>&nbsp;<\/p>\n<p>Lebensmittel k\u00f6nnen bei <a href=\"https:\/\/stenbideren.dk\/\" target=\"_blank\" rel=\"noopener\">Stenbideren.dk<\/a> oder per E-Mail <strong>mad@padborgpark.dk<\/strong> bestellt werden.<\/p>\n","protected":false},"excerpt":{"rendered":"<p>Einschreibung am Testtag &#8211; lauter L\u00e4rm<\/p>\n<p>Der Testtag dauert von 08:00 bis 16:00 Uhr.<\/p>\n<h5><em>Wenn Sie zu unseren Testtagen kommen m\u00f6chten, OHNE im Voraus eine Teilnahme erworben zu haben, wird eine zus\u00e4tzliche Geb\u00fchr von DKK 300,00 inkl. MwSt. erhoben. <\/em><\/h5>\n<p><strong>Wenn Sie auf den Platz fahren, ohne einen Testtag gekauft zu haben und ohne Ihre Ankunft im B\u00fcro zu melden, werden Sie von der Schule verwiesen.<\/strong><\/p>\n<p>Wenn Sie die Teilnahme nicht gekauft haben, k\u00f6nnen Sie nicht sicher sein, dass Sie auch fahren d\u00fcrfen.<\/p>\n<p>Dieses Produkt ist f\u00fcr Fahrzeuge gedacht, die beim \u00dcberholen 99db \u00fcberschreiten.<\/p>\n<p>Es gibt eine neue Messmethode an Testtagen.<\/p>\n<p>Alle Fahrzeuge M\u00dcSSEN mit einem Transponder fahren und ein Testauspuff MUSS montiert sein.<\/p>\n<p>Auch die Ger\u00e4uschvorschriften wurden versch\u00e4rft. Stellen Sie also sicher, dass Sie Ihre Autos richtig d\u00e4mpfen.<\/p>\n<p>GEBEN SIE BITTE DIE STARTNUMMER DES FAHRZEUGS UND DEN TYP IN DAS KOMMENTARFELD AUF DER ZAHLUNGSSEITE EIN<\/p>\n<p><em><strong>Die Fahrzeugnummer muss sichtbar sein.<\/strong><\/em><\/p>\n<p>Fahrzeuge wie Porsche, Ferrari, DTC-Autos und dergleichen fallen unter lauten L\u00e4rm.<\/p>\n<p>Test day low noise k\u00f6nnen Sie hier kaufen<a href=\"https:\/\/padborgpark.dk\/de\/?post_type=product&amp;p=9317017279\" target=\"_blank\" rel=\"noopener\">:Test day low noise<\/a><\/p>\n<p>Einschreibung f\u00fcr den Testtag &#8211; lauter L\u00e4rm: Artikelpreis dkr. 6.875,00<\/p>\n<p>Das Essen kann unter <a href=\"https:\/\/stenbideren.dk\/\" target=\"_blank\" rel=\"noopener\">Stenbideren.dk<\/a> oder per E-Mail <strong>mad@padborgpark.dk<\/strong> bestellt werden.<\/p>\n","protected":false},"featured_media":8616,"comment_status":"closed","ping_status":"closed","template":"","meta":{"_acf_changed":false,"_monsterinsights_skip_tracking":false,"_monsterinsights_sitenote_active":false,"_monsterinsights_sitenote_note":"","_monsterinsights_sitenote_category":0},"product_brand":[],"product_cat":[910],"product_tag":[],"class_list":{"0":"post-9317017280","1":"product","2":"type-product","3":"status-publish","4":"has-post-thumbnail","6":"product_cat-test-tage","7":"pa_testdage-01-april-2026-testtag-fuer-rennwagen-im-padborg-park","8":"pa_testdage-08-april-2026-test-fuer-rennwagen-in-padborg-park","9":"pa_testdage-13-mai-2026-testtag-fuer-rennwagen-im-padborg-park","10":"pa_testdage-14-april-2026-testtag-fuer-rennwagen-im-padborg-park","11":"pa_testdage-15-april-2026-testtag-fuer-rennwagen-im-padborg-park","12":"pa_testdage-18-marts-2026-testtag-fuer-rennwagen-im-padborg-park","13":"pa_testdage-20-mai-2026-testtag-fuer-rennwagen-im-padborg-park","14":"pa_testdage-21-april-2026-dienstag-testtag-fuer-rennwagen","15":"pa_testdage-22-april-2026-testtag-fuer-rennwagen-im-padborg-park","17":"first","18":"instock","19":"taxable","20":"shipping-taxable","21":"purchasable","22":"product-type-variable"},"acf":[],"yoast_head":"<!-- This site is optimized with the Yoast SEO plugin v27.3 - https:\/\/yoast.com\/product\/yoast-seo-wordpress\/ -->\n<title>Testtag - hohe L\u00e4rmbelastung - Padborg Park har bilerne og en motorbane p\u00e5 2150 meter<\/title>\n<meta name=\"description\" content=\"Anmeldung f\u00fcr den Testtag - hohe L\u00e4rmbelastung - Padborg Park f\u00fcr Rennwagen, Fahrzeuge wie Porsche, Ferrari, DTC-Autos und \u00e4hnliche, die 99db \u00fcberschreiten\" \/>\n<meta name=\"robots\" content=\"index, follow, max-snippet:-1, max-image-preview:large, max-video-preview:-1\" \/>\n<link rel=\"canonical\" href=\"https:\/\/padborgpark.dk\/de\/vare\/testtag-hohe-laermbelastung\/\" \/>\n<meta property=\"og:locale\" content=\"de_DE\" \/>\n<meta property=\"og:type\" content=\"article\" \/>\n<meta property=\"og:title\" content=\"Testtag - hohe L\u00e4rmbelastung - Padborg Park har bilerne og en motorbane p\u00e5 2150 meter\" \/>\n<meta property=\"og:description\" content=\"Anmeldung f\u00fcr den Testtag - hohe L\u00e4rmbelastung - Padborg Park f\u00fcr Rennwagen, Fahrzeuge wie Porsche, Ferrari, DTC-Autos und \u00e4hnliche, die 99db \u00fcberschreiten\" \/>\n<meta property=\"og:url\" content=\"https:\/\/padborgpark.dk\/de\/vare\/testtag-hohe-laermbelastung\/\" \/>\n<meta property=\"og:site_name\" content=\"Padborg Park har bilerne og en motorbane p\u00e5 2150 meter\" \/>\n<meta property=\"article:publisher\" content=\"https:\/\/www.facebook.com\/PadborgPark\/\" \/>\n<meta name=\"twitter:label1\" content=\"Gesch\u00e4tzte Lesezeit\" \/>\n\t<meta name=\"twitter:data1\" content=\"1\u00a0Minute\" \/>\n<script type=\"application\/ld+json\" class=\"yoast-schema-graph\">{\"@context\":\"https:\\\/\\\/schema.org\",\"@graph\":[{\"@type\":\"WebPage\",\"@id\":\"https:\\\/\\\/padborgpark.dk\\\/de\\\/vare\\\/testtag-hohe-laermbelastung\\\/\",\"url\":\"https:\\\/\\\/padborgpark.dk\\\/de\\\/vare\\\/testtag-hohe-laermbelastung\\\/\",\"name\":\"Testtag - hohe L\u00e4rmbelastung - Padborg Park har bilerne og en motorbane p\u00e5 2150 meter\",\"isPartOf\":{\"@id\":\"https:\\\/\\\/padborgpark.dk\\\/#website\"},\"primaryImageOfPage\":{\"@id\":\"https:\\\/\\\/padborgpark.dk\\\/de\\\/vare\\\/testtag-hohe-laermbelastung\\\/#primaryimage\"},\"image\":{\"@id\":\"https:\\\/\\\/padborgpark.dk\\\/de\\\/vare\\\/testtag-hohe-laermbelastung\\\/#primaryimage\"},\"thumbnailUrl\":\"https:\\\/\\\/padborgpark.dk\\\/wp-content\\\/uploads\\\/2021\\\/01\\\/Testdag-tilmelding-\u2013-hoej.jpg\",\"datePublished\":\"2026-04-13T05:55:37+00:00\",\"description\":\"Anmeldung f\u00fcr den Testtag - hohe L\u00e4rmbelastung - Padborg Park f\u00fcr Rennwagen, Fahrzeuge wie Porsche, Ferrari, DTC-Autos und \u00e4hnliche, die 99db \u00fcberschreiten\",\"breadcrumb\":{\"@id\":\"https:\\\/\\\/padborgpark.dk\\\/de\\\/vare\\\/testtag-hohe-laermbelastung\\\/#breadcrumb\"},\"inLanguage\":\"de\",\"potentialAction\":[{\"@type\":\"ReadAction\",\"target\":[\"https:\\\/\\\/padborgpark.dk\\\/de\\\/vare\\\/testtag-hohe-laermbelastung\\\/\"]}]},{\"@type\":\"ImageObject\",\"inLanguage\":\"de\",\"@id\":\"https:\\\/\\\/padborgpark.dk\\\/de\\\/vare\\\/testtag-hohe-laermbelastung\\\/#primaryimage\",\"url\":\"https:\\\/\\\/padborgpark.dk\\\/wp-content\\\/uploads\\\/2021\\\/01\\\/Testdag-tilmelding-\u2013-hoej.jpg\",\"contentUrl\":\"https:\\\/\\\/padborgpark.dk\\\/wp-content\\\/uploads\\\/2021\\\/01\\\/Testdag-tilmelding-\u2013-hoej.jpg\",\"width\":1024,\"height\":683,\"caption\":\"Testdag tilmelding \u2013 h\u00f8j\"},{\"@type\":\"BreadcrumbList\",\"@id\":\"https:\\\/\\\/padborgpark.dk\\\/de\\\/vare\\\/testtag-hohe-laermbelastung\\\/#breadcrumb\",\"itemListElement\":[{\"@type\":\"ListItem\",\"position\":1,\"name\":\"Gesch\u00e4ft-2\",\"item\":\"https:\\\/\\\/padborgpark.dk\\\/de\\\/geschaeft-2\\\/\"},{\"@type\":\"ListItem\",\"position\":2,\"name\":\"Testtag &#8211; hohe L\u00e4rmbelastung\"}]},{\"@type\":\"WebSite\",\"@id\":\"https:\\\/\\\/padborgpark.dk\\\/#website\",\"url\":\"https:\\\/\\\/padborgpark.dk\\\/\",\"name\":\"Padborg Park har bilerne og en motorbane p\u00e5 2150 meter\",\"description\":\"\",\"potentialAction\":[{\"@type\":\"SearchAction\",\"target\":{\"@type\":\"EntryPoint\",\"urlTemplate\":\"https:\\\/\\\/padborgpark.dk\\\/?s={search_term_string}\"},\"query-input\":{\"@type\":\"PropertyValueSpecification\",\"valueRequired\":true,\"valueName\":\"search_term_string\"}}],\"inLanguage\":\"de\"}]}<\/script>\n<!-- \/ Yoast SEO plugin. -->","yoast_head_json":{"title":"Testtag - hohe L\u00e4rmbelastung - Padborg Park har bilerne og en motorbane p\u00e5 2150 meter","description":"Anmeldung f\u00fcr den Testtag - hohe L\u00e4rmbelastung - Padborg Park f\u00fcr Rennwagen, Fahrzeuge wie Porsche, Ferrari, DTC-Autos und \u00e4hnliche, die 99db \u00fcberschreiten","robots":{"index":"index","follow":"follow","max-snippet":"max-snippet:-1","max-image-preview":"max-image-preview:large","max-video-preview":"max-video-preview:-1"},"canonical":"https:\/\/padborgpark.dk\/de\/vare\/testtag-hohe-laermbelastung\/","og_locale":"de_DE","og_type":"article","og_title":"Testtag - hohe L\u00e4rmbelastung - Padborg Park har bilerne og en motorbane p\u00e5 2150 meter","og_description":"Anmeldung f\u00fcr den Testtag - hohe L\u00e4rmbelastung - Padborg Park f\u00fcr Rennwagen, Fahrzeuge wie Porsche, Ferrari, DTC-Autos und \u00e4hnliche, die 99db \u00fcberschreiten","og_url":"https:\/\/padborgpark.dk\/de\/vare\/testtag-hohe-laermbelastung\/","og_site_name":"Padborg Park har bilerne og en motorbane p\u00e5 2150 meter","article_publisher":"https:\/\/www.facebook.com\/PadborgPark\/","twitter_misc":{"Gesch\u00e4tzte Lesezeit":"1\u00a0Minute"},"schema":{"@context":"https:\/\/schema.org","@graph":[{"@type":"WebPage","@id":"https:\/\/padborgpark.dk\/de\/vare\/testtag-hohe-laermbelastung\/","url":"https:\/\/padborgpark.dk\/de\/vare\/testtag-hohe-laermbelastung\/","name":"Testtag - hohe L\u00e4rmbelastung - Padborg Park har bilerne og en motorbane p\u00e5 2150 meter","isPartOf":{"@id":"https:\/\/padborgpark.dk\/#website"},"primaryImageOfPage":{"@id":"https:\/\/padborgpark.dk\/de\/vare\/testtag-hohe-laermbelastung\/#primaryimage"},"image":{"@id":"https:\/\/padborgpark.dk\/de\/vare\/testtag-hohe-laermbelastung\/#primaryimage"},"thumbnailUrl":"https:\/\/padborgpark.dk\/wp-content\/uploads\/2021\/01\/Testdag-tilmelding-\u2013-hoej.jpg","datePublished":"2026-04-13T05:55:37+00:00","description":"Anmeldung f\u00fcr den Testtag - hohe L\u00e4rmbelastung - Padborg Park f\u00fcr Rennwagen, Fahrzeuge wie Porsche, Ferrari, DTC-Autos und \u00e4hnliche, die 99db \u00fcberschreiten","breadcrumb":{"@id":"https:\/\/padborgpark.dk\/de\/vare\/testtag-hohe-laermbelastung\/#breadcrumb"},"inLanguage":"de","potentialAction":[{"@type":"ReadAction","target":["https:\/\/padborgpark.dk\/de\/vare\/testtag-hohe-laermbelastung\/"]}]},{"@type":"ImageObject","inLanguage":"de","@id":"https:\/\/padborgpark.dk\/de\/vare\/testtag-hohe-laermbelastung\/#primaryimage","url":"https:\/\/padborgpark.dk\/wp-content\/uploads\/2021\/01\/Testdag-tilmelding-\u2013-hoej.jpg","contentUrl":"https:\/\/padborgpark.dk\/wp-content\/uploads\/2021\/01\/Testdag-tilmelding-\u2013-hoej.jpg","width":1024,"height":683,"caption":"Testdag tilmelding \u2013 h\u00f8j"},{"@type":"BreadcrumbList","@id":"https:\/\/padborgpark.dk\/de\/vare\/testtag-hohe-laermbelastung\/#breadcrumb","itemListElement":[{"@type":"ListItem","position":1,"name":"Gesch\u00e4ft-2","item":"https:\/\/padborgpark.dk\/de\/geschaeft-2\/"},{"@type":"ListItem","position":2,"name":"Testtag &#8211; hohe L\u00e4rmbelastung"}]},{"@type":"WebSite","@id":"https:\/\/padborgpark.dk\/#website","url":"https:\/\/padborgpark.dk\/","name":"Padborg Park har bilerne og en motorbane p\u00e5 2150 meter","description":"","potentialAction":[{"@type":"SearchAction","target":{"@type":"EntryPoint","urlTemplate":"https:\/\/padborgpark.dk\/?s={search_term_string}"},"query-input":{"@type":"PropertyValueSpecification","valueRequired":true,"valueName":"search_term_string"}}],"inLanguage":"de"}]}},"_links":{"self":[{"href":"https:\/\/padborgpark.dk\/de\/wp-json\/wp\/v2\/product\/9317017280","targetHints":{"allow":["GET"]}}],"collection":[{"href":"https:\/\/padborgpark.dk\/de\/wp-json\/wp\/v2\/product"}],"about":[{"href":"https:\/\/padborgpark.dk\/de\/wp-json\/wp\/v2\/types\/product"}],"replies":[{"embeddable":true,"href":"https:\/\/padborgpark.dk\/de\/wp-json\/wp\/v2\/comments?post=9317017280"}],"wp:featuredmedia":[{"embeddable":true,"href":"https:\/\/padborgpark.dk\/de\/wp-json\/wp\/v2\/media\/8616"}],"wp:attachment":[{"href":"https:\/\/padborgpark.dk\/de\/wp-json\/wp\/v2\/media?parent=9317017280"}],"wp:term":[{"taxonomy":"product_brand","embeddable":true,"href":"https:\/\/padborgpark.dk\/de\/wp-json\/wp\/v2\/product_brand?post=9317017280"},{"taxonomy":"product_cat","embeddable":true,"href":"https:\/\/padborgpark.dk\/de\/wp-json\/wp\/v2\/product_cat?post=9317017280"},{"taxonomy":"product_tag","embeddable":true,"href":"https:\/\/padborgpark.dk\/de\/wp-json\/wp\/v2\/product_tag?post=9317017280"}],"curies":[{"name":"wp","href":"https:\/\/api.w.org\/{rel}","templated":true}]}}