{"id":9317024855,"date":"2026-03-30T13:27:29","date_gmt":"2026-03-30T12:27:29","guid":{"rendered":"https:\/\/padborgpark.dk\/vare\/motorsporttag-vermietung-von-padborg-park-von-0800-1600\/"},"modified":"2026-03-30T14:03:24","modified_gmt":"2026-03-30T13:03:24","slug":"motorsporttag-vermietung-von-padborg-park-von-0800-1600","status":"publish","type":"product","link":"https:\/\/padborgpark.dk\/de\/vare\/motorsporttag-vermietung-von-padborg-park-von-0800-1600\/","title":{"rendered":"Motorsporttag Vermietung von Padborg Park von 0800 &#8211; 1600"},"content":{"rendered":"<p>Motorsporttag Vermietung von Padborg Park von 0800 &#8211; 1600<\/p>\n<p>Wenn Sie mit Rennwagen auf der Strecke fahren m\u00f6chten, kann die Strecke f\u00fcr einen Motorsporttag gemietet werden, an dem mehr L\u00e4rm erlaubt ist.<\/p>\n<p>Dies kann dienstags, mittwochs und samstags sein. Preis pro Tag dkr 35.000,00 exkl. MwSt.  <\/p>\n<p>&nbsp;<\/p>\n<p>Wenn sie die Strecke mieten m\u00f6chten, kontaktieren Sie uns bitte unter Tel. 74 60 80 93<\/p>\n<p>oder per E-Mail an info@padborgpark.dk<\/p>\n","protected":false},"excerpt":{"rendered":"<p>Motorsporttag Vermietung von Padborg Park von 0800 &#8211; 1600 Wenn Sie mit Rennwagen auf der Strecke fahren m\u00f6chten, kann die Strecke f\u00fcr einen Motorsporttag gemietet werden, an dem mehr L\u00e4rm erlaubt ist. Dies kann dienstags, mittwochs und samstags sein. Preis pro Tag dkr 35.000,00 exkl. MwSt. &nbsp; Wenn sie die Strecke mieten m\u00f6chten, kontaktieren Sie [&hellip;]<\/p>\n","protected":false},"featured_media":9079,"comment_status":"closed","ping_status":"closed","template":"","meta":{"_acf_changed":false,"_monsterinsights_skip_tracking":false,"_monsterinsights_sitenote_active":false,"_monsterinsights_sitenote_note":"","_monsterinsights_sitenote_category":0},"product_brand":[],"product_cat":[589,686],"product_tag":[],"class_list":{"0":"post-9317024855","1":"product","2":"type-product","3":"status-publish","4":"has-post-thumbnail","6":"product_cat-ukategoriseret-de","7":"product_cat-vermietung-vom-padborg-park","9":"first","10":"instock","11":"taxable","12":"shipping-taxable","13":"product-type-simple"},"acf":[],"yoast_head":"<!-- This site is optimized with the Yoast SEO plugin v27.3 - https:\/\/yoast.com\/product\/yoast-seo-wordpress\/ -->\n<title>Motorsporttag Vermietung von Padborg Park von 0800 - 1600 - Padborg Park har bilerne og en motorbane p\u00e5 2150 meter<\/title>\n<meta name=\"description\" content=\"Motorsports Day Rental of Padborg Park von 0800 - 1600 f\u00fcr dievermietung von der Strecken kontaktieren Sie uns bitte unter Tel. 74 60 80 93 oder info@padborgpark.dk\" \/>\n<meta name=\"robots\" content=\"index, follow, max-snippet:-1, max-image-preview:large, max-video-preview:-1\" \/>\n<link rel=\"canonical\" href=\"https:\/\/padborgpark.dk\/de\/?post_type=product&p=9317024855\" \/>\n<meta property=\"og:locale\" content=\"de_DE\" \/>\n<meta property=\"og:type\" content=\"article\" \/>\n<meta property=\"og:title\" content=\"Motorsporttag Vermietung von Padborg Park von 0800 - 1600 - Padborg Park har bilerne og en motorbane p\u00e5 2150 meter\" \/>\n<meta property=\"og:description\" content=\"Motorsports Day Rental of Padborg Park von 0800 - 1600 f\u00fcr dievermietung von der Strecken kontaktieren Sie uns bitte unter Tel. 74 60 80 93 oder info@padborgpark.dk\" \/>\n<meta property=\"og:url\" content=\"https:\/\/padborgpark.dk\/de\/?post_type=product&amp;p=9317024855\" \/>\n<meta property=\"og:site_name\" content=\"Padborg Park har bilerne og en motorbane p\u00e5 2150 meter\" \/>\n<meta property=\"article:publisher\" content=\"https:\/\/www.facebook.com\/PadborgPark\/\" \/>\n<meta property=\"article:modified_time\" content=\"2026-03-30T13:03:24+00:00\" \/>\n<meta property=\"og:image\" content=\"https:\/\/padborgpark.dk\/wp-content\/uploads\/2012\/03\/BanenPadborgPark.jpg\" \/>\n\t<meta property=\"og:image:width\" content=\"715\" \/>\n\t<meta property=\"og:image:height\" content=\"395\" \/>\n\t<meta property=\"og:image:type\" content=\"image\/jpeg\" \/>\n<script type=\"application\/ld+json\" class=\"yoast-schema-graph\">{\"@context\":\"https:\\\/\\\/schema.org\",\"@graph\":[{\"@type\":\"WebPage\",\"@id\":\"https:\\\/\\\/padborgpark.dk\\\/de\\\/?post_type=product&p=9317024855\",\"url\":\"https:\\\/\\\/padborgpark.dk\\\/de\\\/?post_type=product&p=9317024855\",\"name\":\"Motorsporttag Vermietung von Padborg Park von 0800 - 1600 - Padborg Park har bilerne og en motorbane p\u00e5 2150 meter\",\"isPartOf\":{\"@id\":\"https:\\\/\\\/padborgpark.dk\\\/#website\"},\"primaryImageOfPage\":{\"@id\":\"https:\\\/\\\/padborgpark.dk\\\/de\\\/?post_type=product&p=9317024855#primaryimage\"},\"image\":{\"@id\":\"https:\\\/\\\/padborgpark.dk\\\/de\\\/?post_type=product&p=9317024855#primaryimage\"},\"thumbnailUrl\":\"https:\\\/\\\/padborgpark.dk\\\/wp-content\\\/uploads\\\/2012\\\/03\\\/BanenPadborgPark.jpg\",\"datePublished\":\"2026-03-30T12:27:29+00:00\",\"dateModified\":\"2026-03-30T13:03:24+00:00\",\"description\":\"Motorsports Day Rental of Padborg Park von 0800 - 1600 f\u00fcr dievermietung von der Strecken kontaktieren Sie uns bitte unter Tel. 74 60 80 93 oder info@padborgpark.dk\",\"breadcrumb\":{\"@id\":\"https:\\\/\\\/padborgpark.dk\\\/de\\\/?post_type=product&p=9317024855#breadcrumb\"},\"inLanguage\":\"de\",\"potentialAction\":[{\"@type\":\"ReadAction\",\"target\":[\"https:\\\/\\\/padborgpark.dk\\\/de\\\/?post_type=product&p=9317024855\"]}]},{\"@type\":\"ImageObject\",\"inLanguage\":\"de\",\"@id\":\"https:\\\/\\\/padborgpark.dk\\\/de\\\/?post_type=product&p=9317024855#primaryimage\",\"url\":\"https:\\\/\\\/padborgpark.dk\\\/wp-content\\\/uploads\\\/2012\\\/03\\\/BanenPadborgPark.jpg\",\"contentUrl\":\"https:\\\/\\\/padborgpark.dk\\\/wp-content\\\/uploads\\\/2012\\\/03\\\/BanenPadborgPark.jpg\",\"width\":715,\"height\":395,\"caption\":\"Banen Padborg Park\"},{\"@type\":\"BreadcrumbList\",\"@id\":\"https:\\\/\\\/padborgpark.dk\\\/de\\\/?post_type=product&p=9317024855#breadcrumb\",\"itemListElement\":[{\"@type\":\"ListItem\",\"position\":1,\"name\":\"Gesch\u00e4ft-2\",\"item\":\"https:\\\/\\\/padborgpark.dk\\\/de\\\/geschaeft-2\\\/\"},{\"@type\":\"ListItem\",\"position\":2,\"name\":\"Motorsporttag Vermietung von Padborg Park von 0800 &#8211; 1600\"}]},{\"@type\":\"WebSite\",\"@id\":\"https:\\\/\\\/padborgpark.dk\\\/#website\",\"url\":\"https:\\\/\\\/padborgpark.dk\\\/\",\"name\":\"Padborg Park har bilerne og en motorbane p\u00e5 2150 meter\",\"description\":\"\",\"potentialAction\":[{\"@type\":\"SearchAction\",\"target\":{\"@type\":\"EntryPoint\",\"urlTemplate\":\"https:\\\/\\\/padborgpark.dk\\\/?s={search_term_string}\"},\"query-input\":{\"@type\":\"PropertyValueSpecification\",\"valueRequired\":true,\"valueName\":\"search_term_string\"}}],\"inLanguage\":\"de\"}]}<\/script>\n<!-- \/ Yoast SEO plugin. -->","yoast_head_json":{"title":"Motorsporttag Vermietung von Padborg Park von 0800 - 1600 - Padborg Park har bilerne og en motorbane p\u00e5 2150 meter","description":"Motorsports Day Rental of Padborg Park von 0800 - 1600 f\u00fcr dievermietung von der Strecken kontaktieren Sie uns bitte unter Tel. 74 60 80 93 oder info@padborgpark.dk","robots":{"index":"index","follow":"follow","max-snippet":"max-snippet:-1","max-image-preview":"max-image-preview:large","max-video-preview":"max-video-preview:-1"},"canonical":"https:\/\/padborgpark.dk\/de\/?post_type=product&p=9317024855","og_locale":"de_DE","og_type":"article","og_title":"Motorsporttag Vermietung von Padborg Park von 0800 - 1600 - Padborg Park har bilerne og en motorbane p\u00e5 2150 meter","og_description":"Motorsports Day Rental of Padborg Park von 0800 - 1600 f\u00fcr dievermietung von der Strecken kontaktieren Sie uns bitte unter Tel. 74 60 80 93 oder info@padborgpark.dk","og_url":"https:\/\/padborgpark.dk\/de\/?post_type=product&p=9317024855","og_site_name":"Padborg Park har bilerne og en motorbane p\u00e5 2150 meter","article_publisher":"https:\/\/www.facebook.com\/PadborgPark\/","article_modified_time":"2026-03-30T13:03:24+00:00","og_image":[{"width":715,"height":395,"url":"https:\/\/padborgpark.dk\/wp-content\/uploads\/2012\/03\/BanenPadborgPark.jpg","type":"image\/jpeg"}],"schema":{"@context":"https:\/\/schema.org","@graph":[{"@type":"WebPage","@id":"https:\/\/padborgpark.dk\/de\/?post_type=product&p=9317024855","url":"https:\/\/padborgpark.dk\/de\/?post_type=product&p=9317024855","name":"Motorsporttag Vermietung von Padborg Park von 0800 - 1600 - Padborg Park har bilerne og en motorbane p\u00e5 2150 meter","isPartOf":{"@id":"https:\/\/padborgpark.dk\/#website"},"primaryImageOfPage":{"@id":"https:\/\/padborgpark.dk\/de\/?post_type=product&p=9317024855#primaryimage"},"image":{"@id":"https:\/\/padborgpark.dk\/de\/?post_type=product&p=9317024855#primaryimage"},"thumbnailUrl":"https:\/\/padborgpark.dk\/wp-content\/uploads\/2012\/03\/BanenPadborgPark.jpg","datePublished":"2026-03-30T12:27:29+00:00","dateModified":"2026-03-30T13:03:24+00:00","description":"Motorsports Day Rental of Padborg Park von 0800 - 1600 f\u00fcr dievermietung von der Strecken kontaktieren Sie uns bitte unter Tel. 74 60 80 93 oder info@padborgpark.dk","breadcrumb":{"@id":"https:\/\/padborgpark.dk\/de\/?post_type=product&p=9317024855#breadcrumb"},"inLanguage":"de","potentialAction":[{"@type":"ReadAction","target":["https:\/\/padborgpark.dk\/de\/?post_type=product&p=9317024855"]}]},{"@type":"ImageObject","inLanguage":"de","@id":"https:\/\/padborgpark.dk\/de\/?post_type=product&p=9317024855#primaryimage","url":"https:\/\/padborgpark.dk\/wp-content\/uploads\/2012\/03\/BanenPadborgPark.jpg","contentUrl":"https:\/\/padborgpark.dk\/wp-content\/uploads\/2012\/03\/BanenPadborgPark.jpg","width":715,"height":395,"caption":"Banen Padborg Park"},{"@type":"BreadcrumbList","@id":"https:\/\/padborgpark.dk\/de\/?post_type=product&p=9317024855#breadcrumb","itemListElement":[{"@type":"ListItem","position":1,"name":"Gesch\u00e4ft-2","item":"https:\/\/padborgpark.dk\/de\/geschaeft-2\/"},{"@type":"ListItem","position":2,"name":"Motorsporttag Vermietung von Padborg Park von 0800 &#8211; 1600"}]},{"@type":"WebSite","@id":"https:\/\/padborgpark.dk\/#website","url":"https:\/\/padborgpark.dk\/","name":"Padborg Park har bilerne og en motorbane p\u00e5 2150 meter","description":"","potentialAction":[{"@type":"SearchAction","target":{"@type":"EntryPoint","urlTemplate":"https:\/\/padborgpark.dk\/?s={search_term_string}"},"query-input":{"@type":"PropertyValueSpecification","valueRequired":true,"valueName":"search_term_string"}}],"inLanguage":"de"}]}},"_links":{"self":[{"href":"https:\/\/padborgpark.dk\/de\/wp-json\/wp\/v2\/product\/9317024855","targetHints":{"allow":["GET"]}}],"collection":[{"href":"https:\/\/padborgpark.dk\/de\/wp-json\/wp\/v2\/product"}],"about":[{"href":"https:\/\/padborgpark.dk\/de\/wp-json\/wp\/v2\/types\/product"}],"replies":[{"embeddable":true,"href":"https:\/\/padborgpark.dk\/de\/wp-json\/wp\/v2\/comments?post=9317024855"}],"wp:featuredmedia":[{"embeddable":true,"href":"https:\/\/padborgpark.dk\/de\/wp-json\/wp\/v2\/media\/9079"}],"wp:attachment":[{"href":"https:\/\/padborgpark.dk\/de\/wp-json\/wp\/v2\/media?parent=9317024855"}],"wp:term":[{"taxonomy":"product_brand","embeddable":true,"href":"https:\/\/padborgpark.dk\/de\/wp-json\/wp\/v2\/product_brand?post=9317024855"},{"taxonomy":"product_cat","embeddable":true,"href":"https:\/\/padborgpark.dk\/de\/wp-json\/wp\/v2\/product_cat?post=9317024855"},{"taxonomy":"product_tag","embeddable":true,"href":"https:\/\/padborgpark.dk\/de\/wp-json\/wp\/v2\/product_tag?post=9317024855"}],"curies":[{"name":"wp","href":"https:\/\/api.w.org\/{rel}","templated":true}]}}